{"id":26152,"date":"2023-11-12T09:40:23","date_gmt":"2023-11-12T09:40:23","guid":{"rendered":"https:\/\/cienmilhijos.es\/?post_type=product&#038;p=26152"},"modified":"2023-11-12T09:40:23","modified_gmt":"2023-11-12T09:40:23","slug":"botas","status":"publish","type":"product","link":"https:\/\/cienmilhijos.es\/en\/product\/botas\/","title":{"rendered":"Botas"},"content":{"rendered":"<div class=\"container product-detail js-product-detail product-wrapper\" data-pid=\"MRK000206440\">\n<div class=\"description-and-detail mt-3\">\n<div class=\"row details collapsible-xs active\">\n<div id=\"collapsible-details-1\" class=\"col-sm-12 value content\">Botas para perros Ib\u00e1\u00f1ez Rainout de color negro. Estas botas est\u00e1n fabricadas con un tejido especial anti desgarro, lo que las hace especialmente resistentes y duraderas.<\/div>\n<div class=\"col-sm-12 value content\">Las botas Ib\u00e1\u00f1ez Rainout son perfectas para proteger las sensibles almohadillas de nuestros perros. Esta necesidad de protegerlas puede surgir por varias circunstancias: porque se ha producido alguna herida que debe permanecer seca, porque no queremos que se lama, o se quite el vendaje; o porque tiene que caminar por un terreno en mal estado, o con nieve.<\/div>\n<div class=\"col-sm-12 value content\">Las botas Rainout son impermeables y tienen una base en piel natural muy resistente.<\/div>\n<div><\/div>\n<div class=\"col-sm-12 value content\">El interior es suave y agradable, al igual que la manga el\u00e1stica, que gracias a su longitud tambi\u00e9n proporciona protecci\u00f3n a parte de la pata. La abertura es el\u00e1stica, facilitando la entrada de la pata y proporcionando un mejor ajuste a \u00e9sta. Una vez puesta, la bota se ajusta con una cinta de Velcro. Disponen de una tira reflectante para una mejor visibilidad con poca luz.<\/div>\n<div><\/div>\n<div class=\"col-sm-12 value content\">Se pueden lavar a m\u00e1quina, en fr\u00edo. El pack incluye dos unidades. Disponible en siete tallas diferentes. Las razas son orientativas, tenga en cuenta que dentro de una misma raza hay grandes diferencias de tama\u00f1o, por lo que siempre ser\u00e1 m\u00e1s segura la medici\u00f3n.<\/div>\n<div><\/div>\n<div class=\"col-sm-12 value content\">VENTAJAS: Son perfectas para proteger las sensibles almohadillas de nuestros perros. Fabricadas con un tejido especial anti desgarro. USOS Y ESPECIFICACIONES: Disponen de una tira reflectante para una mejor visibilidad con poca luz. Se pueden lavar a m\u00e1quina, en fr\u00edo.<\/div>\n<div class=\"col-sm-12 value content\">\u00a0Talla* Contorno Raza (orientativa)<\/div>\n<div class=\"col-sm-12 value content\">Talla XXS 13 cm. Pekin\u00e9s<\/div>\n<div class=\"col-sm-12 value content\">Talla XS 14 cm. Jack Russell<\/div>\n<div class=\"col-sm-12 value content\">Talla S 15 cm. Mini Schnauzer<\/div>\n<div class=\"col-sm-12 value content\">Talla M 16 cm. Beagle<\/div>\n<div class=\"col-sm-12 value content\">Talla L 17 cm. Setter<\/div>\n<div class=\"col-sm-12 value content\">Talla XL 18 cm. Golden Retriever<\/div>\n<div class=\"col-sm-12 value content\">Talla XXL 20 cm. San Bernardo<\/div>\n<div><\/div>\n<div class=\"col-sm-12 value content\">*Este producto est\u00e1 fabricado a mano, por lo que estas medidas son aproximadas y podr\u00edan variar ligeramente.<\/div>\n<\/div>\n<\/div>\n<div class=\"NETREVIEWS_PRODUCT_REVIEWS\" data-product-id=\"MRK000206436_M\"><\/div>\n<\/div>\n<div class=\"home-email-signup mt-5\">\n<div class=\"container\">\n<form role=\"form\" action=\"\">\n<div class=\"row align-items-center\">\n<div class=\"col-12 col-md-6 d-none d-md-block\">\n<div class=\"content-asset\"><\/div>\n<\/div>\n<\/div>\n<input type=\"hidden\" name=\"trp-form-language\" value=\"en\"\/><\/form>\n<\/div>\n<\/div>","protected":false},"excerpt":{"rendered":"<p>Botas para perros Ib\u00e1\u00f1ez Rainout de color negro. Estas botas est\u00e1n fabricadas con un tejido especial anti desgarro, lo que las hace especialmente resistentes y duraderas. Las botas Ib\u00e1\u00f1ez Rainout&hellip;<\/p>","protected":false},"featured_media":26153,"comment_status":"open","ping_status":"closed","template":"","meta":[],"product_cat":[272],"product_tag":[],"class_list":["post-26152","product","type-product","status-publish","has-post-thumbnail","hentry","product_cat-articulos-perros"],"yoast_head":"<!-- This site is optimized with the Yoast SEO plugin v21.6 - https:\/\/yoast.com\/wordpress\/plugins\/seo\/ -->\n<title>Botas - Cien Mil Hijos<\/title>\n<meta name=\"robots\" content=\"index, follow, max-snippet:-1, max-image-preview:large, max-video-preview:-1\" \/>\n<link rel=\"canonical\" href=\"https:\/\/cienmilhijos.es\/en\/product\/botas\/\" \/>\n<meta property=\"og:locale\" content=\"en_GB\" \/>\n<meta property=\"og:type\" content=\"article\" \/>\n<meta property=\"og:title\" content=\"Botas - Cien Mil Hijos\" \/>\n<meta property=\"og:description\" content=\"Botas para perros Ib\u00e1\u00f1ez Rainout de color negro. Estas botas est\u00e1n fabricadas con un tejido especial anti desgarro, lo que las hace especialmente resistentes y duraderas. Las botas Ib\u00e1\u00f1ez Rainout&hellip;\" \/>\n<meta property=\"og:url\" content=\"https:\/\/cienmilhijos.es\/en\/product\/botas\/\" \/>\n<meta property=\"og:site_name\" content=\"Cien Mil Hijos\" \/>\n<meta property=\"article:publisher\" content=\"https:\/\/www.facebook.com\/cienmilhijosanimales\/?locale=es_ES\" \/>\n<meta property=\"og:image\" content=\"https:\/\/cienmilhijos.es\/wp-content\/uploads\/2023\/11\/ac57a4b6a5f34b4abfead796b4f51daa.jpg\" \/>\n\t<meta property=\"og:image:width\" content=\"780\" \/>\n\t<meta property=\"og:image:height\" content=\"780\" \/>\n\t<meta property=\"og:image:type\" content=\"image\/jpeg\" \/>\n<meta name=\"twitter:card\" content=\"summary_large_image\" \/>\n<meta name=\"twitter:label1\" content=\"Estimated reading time\" \/>\n\t<meta name=\"twitter:data1\" content=\"2 minutes\" \/>\n<script type=\"application\/ld+json\" class=\"yoast-schema-graph\">{\"@context\":\"https:\/\/schema.org\",\"@graph\":[{\"@type\":\"WebPage\",\"@id\":\"https:\/\/cienmilhijos.es\/product\/botas\/\",\"url\":\"https:\/\/cienmilhijos.es\/product\/botas\/\",\"name\":\"Botas - Cien Mil Hijos\",\"isPartOf\":{\"@id\":\"https:\/\/cienmilhijos.es\/#website\"},\"datePublished\":\"2023-11-12T09:40:23+00:00\",\"dateModified\":\"2023-11-12T09:40:23+00:00\",\"breadcrumb\":{\"@id\":\"https:\/\/cienmilhijos.es\/product\/botas\/#breadcrumb\"},\"inLanguage\":\"en-GB\",\"potentialAction\":[{\"@type\":\"ReadAction\",\"target\":[\"https:\/\/cienmilhijos.es\/product\/botas\/\"]}]},{\"@type\":\"BreadcrumbList\",\"@id\":\"https:\/\/cienmilhijos.es\/product\/botas\/#breadcrumb\",\"itemListElement\":[{\"@type\":\"ListItem\",\"position\":1,\"name\":\"Portada\",\"item\":\"https:\/\/cienmilhijos.es\/\"},{\"@type\":\"ListItem\",\"position\":2,\"name\":\"Tienda\",\"item\":\"https:\/\/cienmilhijos.es\/tienda\/\"},{\"@type\":\"ListItem\",\"position\":3,\"name\":\"Botas\"}]},{\"@type\":\"WebSite\",\"@id\":\"https:\/\/cienmilhijos.es\/#website\",\"url\":\"https:\/\/cienmilhijos.es\/\",\"name\":\"Cien Mil Hijos\",\"description\":\"Cuidado de animales &amp; tienda de mascotas\",\"publisher\":{\"@id\":\"https:\/\/cienmilhijos.es\/#organization\"},\"potentialAction\":[{\"@type\":\"SearchAction\",\"target\":{\"@type\":\"EntryPoint\",\"urlTemplate\":\"https:\/\/cienmilhijos.es\/?s={search_term_string}\"},\"query-input\":\"required name=search_term_string\"}],\"inLanguage\":\"en-GB\"},{\"@type\":\"Organization\",\"@id\":\"https:\/\/cienmilhijos.es\/#organization\",\"name\":\"Cien Mil Hijos\",\"url\":\"https:\/\/cienmilhijos.es\/\",\"logo\":{\"@type\":\"ImageObject\",\"inLanguage\":\"en-GB\",\"@id\":\"https:\/\/cienmilhijos.es\/#\/schema\/logo\/image\/\",\"url\":\"https:\/\/cienmilhijos.es\/wp-content\/uploads\/2023\/12\/logo2.png\",\"contentUrl\":\"https:\/\/cienmilhijos.es\/wp-content\/uploads\/2023\/12\/logo2.png\",\"width\":1150,\"height\":127,\"caption\":\"Cien Mil Hijos\"},\"image\":{\"@id\":\"https:\/\/cienmilhijos.es\/#\/schema\/logo\/image\/\"},\"sameAs\":[\"https:\/\/www.facebook.com\/cienmilhijosanimales\/?locale=es_ES\"]}]}<\/script>\n<!-- \/ Yoast SEO plugin. -->","yoast_head_json":{"title":"Botas - Cien Mil Hijos","robots":{"index":"index","follow":"follow","max-snippet":"max-snippet:-1","max-image-preview":"max-image-preview:large","max-video-preview":"max-video-preview:-1"},"canonical":"https:\/\/cienmilhijos.es\/en\/product\/botas\/","og_locale":"en_GB","og_type":"article","og_title":"Botas - Cien Mil Hijos","og_description":"Botas para perros Ib\u00e1\u00f1ez Rainout de color negro. Estas botas est\u00e1n fabricadas con un tejido especial anti desgarro, lo que las hace especialmente resistentes y duraderas. Las botas Ib\u00e1\u00f1ez Rainout&hellip;","og_url":"https:\/\/cienmilhijos.es\/en\/product\/botas\/","og_site_name":"Cien Mil Hijos","article_publisher":"https:\/\/www.facebook.com\/cienmilhijosanimales\/?locale=es_ES","og_image":[{"width":780,"height":780,"url":"https:\/\/cienmilhijos.es\/wp-content\/uploads\/2023\/11\/ac57a4b6a5f34b4abfead796b4f51daa.jpg","type":"image\/jpeg"}],"twitter_card":"summary_large_image","twitter_misc":{"Estimated reading time":"2 minutes"},"schema":{"@context":"https:\/\/schema.org","@graph":[{"@type":"WebPage","@id":"https:\/\/cienmilhijos.es\/product\/botas\/","url":"https:\/\/cienmilhijos.es\/product\/botas\/","name":"Botas - Cien Mil Hijos","isPartOf":{"@id":"https:\/\/cienmilhijos.es\/#website"},"datePublished":"2023-11-12T09:40:23+00:00","dateModified":"2023-11-12T09:40:23+00:00","breadcrumb":{"@id":"https:\/\/cienmilhijos.es\/product\/botas\/#breadcrumb"},"inLanguage":"en-GB","potentialAction":[{"@type":"ReadAction","target":["https:\/\/cienmilhijos.es\/product\/botas\/"]}]},{"@type":"BreadcrumbList","@id":"https:\/\/cienmilhijos.es\/product\/botas\/#breadcrumb","itemListElement":[{"@type":"ListItem","position":1,"name":"Portada","item":"https:\/\/cienmilhijos.es\/"},{"@type":"ListItem","position":2,"name":"Tienda","item":"https:\/\/cienmilhijos.es\/tienda\/"},{"@type":"ListItem","position":3,"name":"Botas"}]},{"@type":"WebSite","@id":"https:\/\/cienmilhijos.es\/#website","url":"https:\/\/cienmilhijos.es\/","name":"Cien Mil Hijos","description":"Cuidado de animales &amp; tienda de mascotas","publisher":{"@id":"https:\/\/cienmilhijos.es\/#organization"},"potentialAction":[{"@type":"SearchAction","target":{"@type":"EntryPoint","urlTemplate":"https:\/\/cienmilhijos.es\/?s={search_term_string}"},"query-input":"required name=search_term_string"}],"inLanguage":"en-GB"},{"@type":"Organization","@id":"https:\/\/cienmilhijos.es\/#organization","name":"Cien Mil Hijos","url":"https:\/\/cienmilhijos.es\/","logo":{"@type":"ImageObject","inLanguage":"en-GB","@id":"https:\/\/cienmilhijos.es\/#\/schema\/logo\/image\/","url":"https:\/\/cienmilhijos.es\/wp-content\/uploads\/2023\/12\/logo2.png","contentUrl":"https:\/\/cienmilhijos.es\/wp-content\/uploads\/2023\/12\/logo2.png","width":1150,"height":127,"caption":"Cien Mil Hijos"},"image":{"@id":"https:\/\/cienmilhijos.es\/#\/schema\/logo\/image\/"},"sameAs":["https:\/\/www.facebook.com\/cienmilhijosanimales\/?locale=es_ES"]}]}},"_links":{"self":[{"href":"https:\/\/cienmilhijos.es\/en\/wp-json\/wp\/v2\/product\/26152","targetHints":{"allow":["GET"]}}],"collection":[{"href":"https:\/\/cienmilhijos.es\/en\/wp-json\/wp\/v2\/product"}],"about":[{"href":"https:\/\/cienmilhijos.es\/en\/wp-json\/wp\/v2\/types\/product"}],"replies":[{"embeddable":true,"href":"https:\/\/cienmilhijos.es\/en\/wp-json\/wp\/v2\/comments?post=26152"}],"wp:featuredmedia":[{"embeddable":true,"href":"https:\/\/cienmilhijos.es\/en\/wp-json\/wp\/v2\/media\/26153"}],"wp:attachment":[{"href":"https:\/\/cienmilhijos.es\/en\/wp-json\/wp\/v2\/media?parent=26152"}],"wp:term":[{"taxonomy":"product_cat","embeddable":true,"href":"https:\/\/cienmilhijos.es\/en\/wp-json\/wp\/v2\/product_cat?post=26152"},{"taxonomy":"product_tag","embeddable":true,"href":"https:\/\/cienmilhijos.es\/en\/wp-json\/wp\/v2\/product_tag?post=26152"}],"curies":[{"name":"wp","href":"https:\/\/api.w.org\/{rel}","templated":true}]}}