{"id":26103,"date":"2023-11-09T10:10:44","date_gmt":"2023-11-09T10:10:44","guid":{"rendered":"https:\/\/cienmilhijos.es\/?post_type=product&#038;p=26103"},"modified":"2023-12-20T12:17:01","modified_gmt":"2023-12-20T12:17:01","slug":"coat-ideal-para-el-deslanado-y-corte-de-nudo","status":"publish","type":"product","link":"https:\/\/cienmilhijos.es\/en\/product\/coat-ideal-para-el-deslanado-y-corte-de-nudo\/","title":{"rendered":"Coat Ideal para el Deslanado y Corte de Nudo"},"content":{"rendered":"<p>Los\u00a0<strong>coats Ib\u00e1\u00f1ez<\/strong>\u00a0sirven para\u00a0<strong>retirar el subpelo<\/strong>\u00a0limpiando las capas en razas de pelo duro y rebajando volumen en razas de doble capa.<\/p>\n<p>Adem\u00e1s, abren el pelo muy denso, cortan peque\u00f1os nudos y preparan r\u00e1pidamente el manto para el arreglo.<\/p>\n<p>Hojas de acero inoxidable curvadas con una terminaci\u00f3n redondeada y suave para m\u00e1xima protecci\u00f3n de la piel del perro o gato.<\/p>\n<p>Mango ergon\u00f3mico suave antideslizante. Reduce la fatiga. 26<\/p>\n<p>T S: 8\u00a0 Hojas<\/p>\n<p><strong>8 Hojas<\/strong>\u00a0<strong>(Ref. BT0160):<\/strong><br \/>\n&#8211; Para rebajar volumen en mantos extremadamente densos.<br \/>\n&#8211; Para el inicio del arreglo en razas de mantos dobles y muy largos como el Gos d&#8217;Atura o el Bearder Collie.<br \/>\n&#8211; Para abrir nudos.<\/p>\n<p>T M: 10 Hojas<\/p>\n<p><strong>10 Hojas<\/strong>\u00a0<strong>(Ref. BT0161):<\/strong><br \/>\n&#8211; Para preparar el manto, abriendo nudos, e iniciar el arreglo en razas de pelo semilargo denso.<br \/>\n&#8211; Extrae el pelo viejo y subpelo en razas de mantos dobles largos con mudas intensas como el Samoyedo, Bobtail,&#8230;<\/p>\n<p>T L: 12 Hojas<\/p>\n<p><strong>12 Hojas\u00a0<\/strong><strong>(Ref. BT0162):<\/strong><br \/>\n&#8211; Para subpelo denso en capas no muy largas. Prepara la capa para el comienzo de un trimming intenso.<br \/>\n&#8211; Extrae el pelo viejo y subpelo en razas de mantos dobles con mudas intensas como el Pastor Alem\u00e1n, Golden, Husky.<\/p>\n<p>T XL:\u00a0 26 Hojas<\/p>\n<p>26 Hojas ( Ref BT0165)<\/p>\n<p>Para extraer el subpelo en mantos poco densos y cortos o mantenido con frecuencia.<br \/>\n&#8211; Para razas de pelo duro y para las de pelo fino (Setter, Cocker, Springer, distintos Teckels&#8230;).<br \/>\n&#8211; En razas de pelo corto para extraer el pelo muerto.<\/p>","protected":false},"excerpt":{"rendered":"<p>Los\u00a0coats Ib\u00e1\u00f1ez\u00a0sirven para\u00a0retirar el subpelo\u00a0limpiando las capas en razas de pelo duro y rebajando volumen en razas de doble capa. Adem\u00e1s, abren el pelo muy denso, cortan peque\u00f1os nudos y&hellip;<\/p>","protected":false},"featured_media":26104,"comment_status":"open","ping_status":"closed","template":"","meta":[],"product_cat":[319,320],"product_tag":[],"class_list":["post-26103","product","type-product","status-publish","has-post-thumbnail","hentry","product_cat-gatos-champu-e-higiene","product_cat-perros-champu-e-higiene"],"yoast_head":"<!-- This site is optimized with the Yoast SEO plugin v21.6 - https:\/\/yoast.com\/wordpress\/plugins\/seo\/ -->\n<title>Coat Ideal para el Deslanado y Corte de Nudo - Cien Mil Hijos<\/title>\n<meta name=\"robots\" content=\"index, follow, max-snippet:-1, max-image-preview:large, max-video-preview:-1\" \/>\n<link rel=\"canonical\" href=\"https:\/\/cienmilhijos.es\/en\/product\/coat-ideal-para-el-deslanado-y-corte-de-nudo\/\" \/>\n<meta property=\"og:locale\" content=\"en_GB\" \/>\n<meta property=\"og:type\" content=\"article\" \/>\n<meta property=\"og:title\" content=\"Coat Ideal para el Deslanado y Corte de Nudo - Cien Mil Hijos\" \/>\n<meta property=\"og:description\" content=\"Los\u00a0coats Ib\u00e1\u00f1ez\u00a0sirven para\u00a0retirar el subpelo\u00a0limpiando las capas en razas de pelo duro y rebajando volumen en razas de doble capa. Adem\u00e1s, abren el pelo muy denso, cortan peque\u00f1os nudos y&hellip;\" \/>\n<meta property=\"og:url\" content=\"https:\/\/cienmilhijos.es\/en\/product\/coat-ideal-para-el-deslanado-y-corte-de-nudo\/\" \/>\n<meta property=\"og:site_name\" content=\"Cien Mil Hijos\" \/>\n<meta property=\"article:publisher\" content=\"https:\/\/www.facebook.com\/cienmilhijosanimales\/?locale=es_ES\" \/>\n<meta property=\"article:modified_time\" content=\"2023-12-20T12:17:01+00:00\" \/>\n<meta property=\"og:image\" content=\"https:\/\/cienmilhijos.es\/wp-content\/uploads\/2023\/11\/shopping-15.webp\" \/>\n\t<meta property=\"og:image:width\" content=\"166\" \/>\n\t<meta property=\"og:image:height\" content=\"170\" \/>\n\t<meta property=\"og:image:type\" content=\"image\/webp\" \/>\n<meta name=\"twitter:card\" content=\"summary_large_image\" \/>\n<meta name=\"twitter:label1\" content=\"Estimated reading time\" \/>\n\t<meta name=\"twitter:data1\" content=\"1 minute\" \/>\n<script type=\"application\/ld+json\" class=\"yoast-schema-graph\">{\"@context\":\"https:\/\/schema.org\",\"@graph\":[{\"@type\":\"WebPage\",\"@id\":\"https:\/\/cienmilhijos.es\/product\/coat-ideal-para-el-deslanado-y-corte-de-nudo\/\",\"url\":\"https:\/\/cienmilhijos.es\/product\/coat-ideal-para-el-deslanado-y-corte-de-nudo\/\",\"name\":\"Coat Ideal para el Deslanado y Corte de Nudo - Cien Mil Hijos\",\"isPartOf\":{\"@id\":\"https:\/\/cienmilhijos.es\/#website\"},\"datePublished\":\"2023-11-09T10:10:44+00:00\",\"dateModified\":\"2023-12-20T12:17:01+00:00\",\"breadcrumb\":{\"@id\":\"https:\/\/cienmilhijos.es\/product\/coat-ideal-para-el-deslanado-y-corte-de-nudo\/#breadcrumb\"},\"inLanguage\":\"en-GB\",\"potentialAction\":[{\"@type\":\"ReadAction\",\"target\":[\"https:\/\/cienmilhijos.es\/product\/coat-ideal-para-el-deslanado-y-corte-de-nudo\/\"]}]},{\"@type\":\"BreadcrumbList\",\"@id\":\"https:\/\/cienmilhijos.es\/product\/coat-ideal-para-el-deslanado-y-corte-de-nudo\/#breadcrumb\",\"itemListElement\":[{\"@type\":\"ListItem\",\"position\":1,\"name\":\"Portada\",\"item\":\"https:\/\/cienmilhijos.es\/\"},{\"@type\":\"ListItem\",\"position\":2,\"name\":\"Tienda\",\"item\":\"https:\/\/cienmilhijos.es\/tienda\/\"},{\"@type\":\"ListItem\",\"position\":3,\"name\":\"Coat Ideal para el Deslanado y Corte de Nudo\"}]},{\"@type\":\"WebSite\",\"@id\":\"https:\/\/cienmilhijos.es\/#website\",\"url\":\"https:\/\/cienmilhijos.es\/\",\"name\":\"Cien Mil Hijos\",\"description\":\"Cuidado de animales &amp; tienda de mascotas\",\"publisher\":{\"@id\":\"https:\/\/cienmilhijos.es\/#organization\"},\"potentialAction\":[{\"@type\":\"SearchAction\",\"target\":{\"@type\":\"EntryPoint\",\"urlTemplate\":\"https:\/\/cienmilhijos.es\/?s={search_term_string}\"},\"query-input\":\"required name=search_term_string\"}],\"inLanguage\":\"en-GB\"},{\"@type\":\"Organization\",\"@id\":\"https:\/\/cienmilhijos.es\/#organization\",\"name\":\"Cien Mil Hijos\",\"url\":\"https:\/\/cienmilhijos.es\/\",\"logo\":{\"@type\":\"ImageObject\",\"inLanguage\":\"en-GB\",\"@id\":\"https:\/\/cienmilhijos.es\/#\/schema\/logo\/image\/\",\"url\":\"https:\/\/cienmilhijos.es\/wp-content\/uploads\/2023\/12\/logo2.png\",\"contentUrl\":\"https:\/\/cienmilhijos.es\/wp-content\/uploads\/2023\/12\/logo2.png\",\"width\":1150,\"height\":127,\"caption\":\"Cien Mil Hijos\"},\"image\":{\"@id\":\"https:\/\/cienmilhijos.es\/#\/schema\/logo\/image\/\"},\"sameAs\":[\"https:\/\/www.facebook.com\/cienmilhijosanimales\/?locale=es_ES\"]}]}<\/script>\n<!-- \/ Yoast SEO plugin. -->","yoast_head_json":{"title":"Coat Ideal para el Deslanado y Corte de Nudo - Cien Mil Hijos","robots":{"index":"index","follow":"follow","max-snippet":"max-snippet:-1","max-image-preview":"max-image-preview:large","max-video-preview":"max-video-preview:-1"},"canonical":"https:\/\/cienmilhijos.es\/en\/product\/coat-ideal-para-el-deslanado-y-corte-de-nudo\/","og_locale":"en_GB","og_type":"article","og_title":"Coat Ideal para el Deslanado y Corte de Nudo - Cien Mil Hijos","og_description":"Los\u00a0coats Ib\u00e1\u00f1ez\u00a0sirven para\u00a0retirar el subpelo\u00a0limpiando las capas en razas de pelo duro y rebajando volumen en razas de doble capa. Adem\u00e1s, abren el pelo muy denso, cortan peque\u00f1os nudos y&hellip;","og_url":"https:\/\/cienmilhijos.es\/en\/product\/coat-ideal-para-el-deslanado-y-corte-de-nudo\/","og_site_name":"Cien Mil Hijos","article_publisher":"https:\/\/www.facebook.com\/cienmilhijosanimales\/?locale=es_ES","article_modified_time":"2023-12-20T12:17:01+00:00","og_image":[{"width":166,"height":170,"url":"https:\/\/cienmilhijos.es\/wp-content\/uploads\/2023\/11\/shopping-15.webp","type":"image\/webp"}],"twitter_card":"summary_large_image","twitter_misc":{"Estimated reading time":"1 minute"},"schema":{"@context":"https:\/\/schema.org","@graph":[{"@type":"WebPage","@id":"https:\/\/cienmilhijos.es\/product\/coat-ideal-para-el-deslanado-y-corte-de-nudo\/","url":"https:\/\/cienmilhijos.es\/product\/coat-ideal-para-el-deslanado-y-corte-de-nudo\/","name":"Coat Ideal para el Deslanado y Corte de Nudo - Cien Mil Hijos","isPartOf":{"@id":"https:\/\/cienmilhijos.es\/#website"},"datePublished":"2023-11-09T10:10:44+00:00","dateModified":"2023-12-20T12:17:01+00:00","breadcrumb":{"@id":"https:\/\/cienmilhijos.es\/product\/coat-ideal-para-el-deslanado-y-corte-de-nudo\/#breadcrumb"},"inLanguage":"en-GB","potentialAction":[{"@type":"ReadAction","target":["https:\/\/cienmilhijos.es\/product\/coat-ideal-para-el-deslanado-y-corte-de-nudo\/"]}]},{"@type":"BreadcrumbList","@id":"https:\/\/cienmilhijos.es\/product\/coat-ideal-para-el-deslanado-y-corte-de-nudo\/#breadcrumb","itemListElement":[{"@type":"ListItem","position":1,"name":"Portada","item":"https:\/\/cienmilhijos.es\/"},{"@type":"ListItem","position":2,"name":"Tienda","item":"https:\/\/cienmilhijos.es\/tienda\/"},{"@type":"ListItem","position":3,"name":"Coat Ideal para el Deslanado y Corte de Nudo"}]},{"@type":"WebSite","@id":"https:\/\/cienmilhijos.es\/#website","url":"https:\/\/cienmilhijos.es\/","name":"Cien Mil Hijos","description":"Cuidado de animales &amp; tienda de mascotas","publisher":{"@id":"https:\/\/cienmilhijos.es\/#organization"},"potentialAction":[{"@type":"SearchAction","target":{"@type":"EntryPoint","urlTemplate":"https:\/\/cienmilhijos.es\/?s={search_term_string}"},"query-input":"required name=search_term_string"}],"inLanguage":"en-GB"},{"@type":"Organization","@id":"https:\/\/cienmilhijos.es\/#organization","name":"Cien Mil Hijos","url":"https:\/\/cienmilhijos.es\/","logo":{"@type":"ImageObject","inLanguage":"en-GB","@id":"https:\/\/cienmilhijos.es\/#\/schema\/logo\/image\/","url":"https:\/\/cienmilhijos.es\/wp-content\/uploads\/2023\/12\/logo2.png","contentUrl":"https:\/\/cienmilhijos.es\/wp-content\/uploads\/2023\/12\/logo2.png","width":1150,"height":127,"caption":"Cien Mil Hijos"},"image":{"@id":"https:\/\/cienmilhijos.es\/#\/schema\/logo\/image\/"},"sameAs":["https:\/\/www.facebook.com\/cienmilhijosanimales\/?locale=es_ES"]}]}},"_links":{"self":[{"href":"https:\/\/cienmilhijos.es\/en\/wp-json\/wp\/v2\/product\/26103","targetHints":{"allow":["GET"]}}],"collection":[{"href":"https:\/\/cienmilhijos.es\/en\/wp-json\/wp\/v2\/product"}],"about":[{"href":"https:\/\/cienmilhijos.es\/en\/wp-json\/wp\/v2\/types\/product"}],"replies":[{"embeddable":true,"href":"https:\/\/cienmilhijos.es\/en\/wp-json\/wp\/v2\/comments?post=26103"}],"wp:featuredmedia":[{"embeddable":true,"href":"https:\/\/cienmilhijos.es\/en\/wp-json\/wp\/v2\/media\/26104"}],"wp:attachment":[{"href":"https:\/\/cienmilhijos.es\/en\/wp-json\/wp\/v2\/media?parent=26103"}],"wp:term":[{"taxonomy":"product_cat","embeddable":true,"href":"https:\/\/cienmilhijos.es\/en\/wp-json\/wp\/v2\/product_cat?post=26103"},{"taxonomy":"product_tag","embeddable":true,"href":"https:\/\/cienmilhijos.es\/en\/wp-json\/wp\/v2\/product_tag?post=26103"}],"curies":[{"name":"wp","href":"https:\/\/api.w.org\/{rel}","templated":true}]}}