{"id":26092,"date":"2023-11-09T09:22:57","date_gmt":"2023-11-09T09:22:57","guid":{"rendered":"https:\/\/cienmilhijos.es\/?post_type=product&#038;p=26092"},"modified":"2023-11-09T09:22:57","modified_gmt":"2023-11-09T09:22:57","slug":"leche-de-gatos-san-dimas","status":"publish","type":"product","link":"https:\/\/cienmilhijos.es\/en\/product\/leche-de-gatos-san-dimas\/","title":{"rendered":"Leche de Gatos San Dimas"},"content":{"rendered":"<div class=\"col-12\">\n<h3 id=\"details-title\" class=\"title heading-title section-heading mt-3\" aria-expanded=\"false\" aria-controls=\"collapsible-details-1\">Descripci\u00f3n<\/h3>\n<\/div>\n<div id=\"collapsible-details-1\" class=\"col-sm-12 value content\">\n<h2>Suplemento nutricional de leche en polvo maternizada para gatos<\/h2>\n<p>La\u00a0<strong>leche en polvo maternizada<\/strong>\u00a0es un alimento necesario para gatos reci\u00e9n nacidos que no pueden ser amamantados por diferentes motivos. Es recomendable para la alimentaci\u00f3n de camadas muy numerosas,\u00a0<strong>gatos hu\u00e9rfanos<\/strong>, gatos d\u00e9biles, rechazo de la madre, ausencia de leche, leche inadecuada, medicamentos que se eliminan por la leche, problemas mamarios o calidad de la leche insuficiente (leche t\u00f3xica). A partir del d\u00eda 20, puedes darle alimento s\u00f3lido.<\/p>\n<p><strong>VENTAJAS<\/strong>:<\/p>\n<ul>\n<li>Suplemento diet\u00e9tico para gatos reci\u00e9n nacidos.<\/li>\n<li>Leche maternizada en polvo.<\/li>\n<li>Para alimentar camadas.<\/li>\n<li>Para gatos hu\u00e9rfanos o d\u00e9biles.<\/li>\n<\/ul>\n<p><strong>USO Y ESPECIFICACIONES<\/strong>:<\/p>\n<ul>\n<li>Leche en polvo maternizada para la nutrici\u00f3n de gatos reci\u00e9n nacidos que no pueden ser amamantados por diversos motivos.<\/li>\n<li>Debido a su f\u00e1cil diluci\u00f3n, incluso a temperatura ambiente, se diluye la cantidad apropiada del producto en agua caliente (aproximadamente a 40 \u00baC) y se agita hasta que no queden grumos.<\/li>\n<\/ul>\n<p><strong>Composici\u00f3n<\/strong>:<\/p>\n<ul>\n<li>Leche y productos l\u00e1cteos, aceites y grasas, extractos de prote\u00ednas vegetales y sustancias minerales.<\/li>\n<li>Constituyentes anal\u00edticos: prote\u00edna (30%), grasa (26%), fibra (0.10%), cenizas (7%).<\/li>\n<li>Aditivos nutricionales: vitamina A (acetato) (25 000 UI\/kg), vitamina D3 (2000 UI\/kg), vitamina E (acetato alfa-tocoferol) (100 mg\/kg).<\/li>\n<\/ul>\n<p><strong>Dosificaci\u00f3n<\/strong>:<\/p>\n<ul>\n<li>La cantidad de leche en polvo depender\u00e1 de la edad y tama\u00f1o del gato seg\u00fan la siguiente tabla. Esta dosificaci\u00f3n es orientativa y est\u00e1 expresada en medidas de leche en polvo por toma, debi\u00e9ndose emplear 15 cm3 de agua por medida.<br \/>\n<table class=\"TAtable\" border=\"1\" cellspacing=\"1\" cellpadding=\"1\">\n<thead>\n<tr>\n<th scope=\"row\">Edad de lactaci\u00f3n<\/th>\n<th colspan=\"3\" rowspan=\"1\" scope=\"col\">Medidas de leche en polvo (por toma)<\/th>\n<th scope=\"col\">N\u00famero de tomas por d\u00eda<\/th>\n<\/tr>\n<tr>\n<th scope=\"row\"><\/th>\n<th rowspan=\"1\" scope=\"col\">Raza peque\u00f1a<\/th>\n<th rowspan=\"1\" scope=\"col\">Raza mediana<\/th>\n<th scope=\"col\">Raza grande<\/th>\n<th scope=\"col\"><\/th>\n<\/tr>\n<\/thead>\n<tbody>\n<tr>\n<th scope=\"row\">1\u00aa Semana<\/th>\n<td>0.5<\/td>\n<td>0.5<\/td>\n<td>1<\/td>\n<td>8<\/td>\n<\/tr>\n<tr>\n<th scope=\"row\">2\u00aa Semana<\/th>\n<td>1<\/td>\n<td>1.5<\/td>\n<td>2<\/td>\n<td>6<\/td>\n<\/tr>\n<tr>\n<th scope=\"row\">3\u00aa Semana<\/th>\n<td>1.5<\/td>\n<td>2<\/td>\n<td>3<\/td>\n<td>5<\/td>\n<\/tr>\n<tr>\n<th scope=\"row\">4\u00aa Semana<\/th>\n<td>2<\/td>\n<td>2.5<\/td>\n<td>4<\/td>\n<td>4<\/td>\n<\/tr>\n<tr>\n<th scope=\"row\">5\u00aa Semana<\/th>\n<td>3<\/td>\n<td>3.5<\/td>\n<td>6<\/td>\n<td>3<\/td>\n<\/tr>\n<tr>\n<th scope=\"row\">6\u00aa Semana<\/th>\n<td>1.5<\/td>\n<td>2<\/td>\n<td>3<\/td>\n<td>3<\/td>\n<\/tr>\n<\/tbody>\n<\/table>\n<\/li>\n<li>Disponible en envase de\u00a0 \u00a0 250ml<\/li>\n<\/ul>\n<\/div>","protected":false},"excerpt":{"rendered":"<p>Descripci\u00f3n Suplemento nutricional de leche en polvo maternizada para gatos La\u00a0leche en polvo maternizada\u00a0es un alimento necesario para gatos reci\u00e9n nacidos que no pueden ser amamantados por diferentes motivos. Es&hellip;<\/p>","protected":false},"featured_media":26093,"comment_status":"open","ping_status":"closed","template":"","meta":[],"product_cat":[270],"product_tag":[],"class_list":["post-26092","product","type-product","status-publish","has-post-thumbnail","hentry","product_cat-alimetacion-gatos"],"yoast_head":"<!-- This site is optimized with the Yoast SEO plugin v21.6 - https:\/\/yoast.com\/wordpress\/plugins\/seo\/ -->\n<title>Leche de Gatos San Dimas - Cien Mil Hijos<\/title>\n<meta name=\"robots\" content=\"index, follow, max-snippet:-1, max-image-preview:large, max-video-preview:-1\" \/>\n<link rel=\"canonical\" href=\"https:\/\/cienmilhijos.es\/en\/product\/leche-de-gatos-san-dimas\/\" \/>\n<meta property=\"og:locale\" content=\"en_GB\" \/>\n<meta property=\"og:type\" content=\"article\" \/>\n<meta property=\"og:title\" content=\"Leche de Gatos San Dimas - Cien Mil Hijos\" \/>\n<meta property=\"og:description\" content=\"Descripci\u00f3n Suplemento nutricional de leche en polvo maternizada para gatos La\u00a0leche en polvo maternizada\u00a0es un alimento necesario para gatos reci\u00e9n nacidos que no pueden ser amamantados por diferentes motivos. Es&hellip;\" \/>\n<meta property=\"og:url\" content=\"https:\/\/cienmilhijos.es\/en\/product\/leche-de-gatos-san-dimas\/\" \/>\n<meta property=\"og:site_name\" content=\"Cien Mil Hijos\" \/>\n<meta property=\"article:publisher\" content=\"https:\/\/www.facebook.com\/cienmilhijosanimales\/?locale=es_ES\" \/>\n<meta property=\"og:image\" content=\"https:\/\/cienmilhijos.es\/wp-content\/uploads\/2023\/11\/shopping-13.webp\" \/>\n\t<meta property=\"og:image:width\" content=\"173\" \/>\n\t<meta property=\"og:image:height\" content=\"318\" \/>\n\t<meta property=\"og:image:type\" content=\"image\/webp\" \/>\n<meta name=\"twitter:card\" content=\"summary_large_image\" \/>\n<meta name=\"twitter:label1\" content=\"Estimated reading time\" \/>\n\t<meta name=\"twitter:data1\" content=\"1 minute\" \/>\n<script type=\"application\/ld+json\" class=\"yoast-schema-graph\">{\"@context\":\"https:\/\/schema.org\",\"@graph\":[{\"@type\":\"WebPage\",\"@id\":\"https:\/\/cienmilhijos.es\/product\/leche-de-gatos-san-dimas\/\",\"url\":\"https:\/\/cienmilhijos.es\/product\/leche-de-gatos-san-dimas\/\",\"name\":\"Leche de Gatos San Dimas - Cien Mil Hijos\",\"isPartOf\":{\"@id\":\"https:\/\/cienmilhijos.es\/#website\"},\"datePublished\":\"2023-11-09T09:22:57+00:00\",\"dateModified\":\"2023-11-09T09:22:57+00:00\",\"breadcrumb\":{\"@id\":\"https:\/\/cienmilhijos.es\/product\/leche-de-gatos-san-dimas\/#breadcrumb\"},\"inLanguage\":\"en-GB\",\"potentialAction\":[{\"@type\":\"ReadAction\",\"target\":[\"https:\/\/cienmilhijos.es\/product\/leche-de-gatos-san-dimas\/\"]}]},{\"@type\":\"BreadcrumbList\",\"@id\":\"https:\/\/cienmilhijos.es\/product\/leche-de-gatos-san-dimas\/#breadcrumb\",\"itemListElement\":[{\"@type\":\"ListItem\",\"position\":1,\"name\":\"Portada\",\"item\":\"https:\/\/cienmilhijos.es\/\"},{\"@type\":\"ListItem\",\"position\":2,\"name\":\"Tienda\",\"item\":\"https:\/\/cienmilhijos.es\/tienda\/\"},{\"@type\":\"ListItem\",\"position\":3,\"name\":\"Leche de Gatos San Dimas\"}]},{\"@type\":\"WebSite\",\"@id\":\"https:\/\/cienmilhijos.es\/#website\",\"url\":\"https:\/\/cienmilhijos.es\/\",\"name\":\"Cien Mil Hijos\",\"description\":\"Cuidado de animales &amp; tienda de mascotas\",\"publisher\":{\"@id\":\"https:\/\/cienmilhijos.es\/#organization\"},\"potentialAction\":[{\"@type\":\"SearchAction\",\"target\":{\"@type\":\"EntryPoint\",\"urlTemplate\":\"https:\/\/cienmilhijos.es\/?s={search_term_string}\"},\"query-input\":\"required name=search_term_string\"}],\"inLanguage\":\"en-GB\"},{\"@type\":\"Organization\",\"@id\":\"https:\/\/cienmilhijos.es\/#organization\",\"name\":\"Cien Mil Hijos\",\"url\":\"https:\/\/cienmilhijos.es\/\",\"logo\":{\"@type\":\"ImageObject\",\"inLanguage\":\"en-GB\",\"@id\":\"https:\/\/cienmilhijos.es\/#\/schema\/logo\/image\/\",\"url\":\"https:\/\/cienmilhijos.es\/wp-content\/uploads\/2023\/12\/logo2.png\",\"contentUrl\":\"https:\/\/cienmilhijos.es\/wp-content\/uploads\/2023\/12\/logo2.png\",\"width\":1150,\"height\":127,\"caption\":\"Cien Mil Hijos\"},\"image\":{\"@id\":\"https:\/\/cienmilhijos.es\/#\/schema\/logo\/image\/\"},\"sameAs\":[\"https:\/\/www.facebook.com\/cienmilhijosanimales\/?locale=es_ES\"]}]}<\/script>\n<!-- \/ Yoast SEO plugin. -->","yoast_head_json":{"title":"Leche de Gatos San Dimas - Cien Mil Hijos","robots":{"index":"index","follow":"follow","max-snippet":"max-snippet:-1","max-image-preview":"max-image-preview:large","max-video-preview":"max-video-preview:-1"},"canonical":"https:\/\/cienmilhijos.es\/en\/product\/leche-de-gatos-san-dimas\/","og_locale":"en_GB","og_type":"article","og_title":"Leche de Gatos San Dimas - Cien Mil Hijos","og_description":"Descripci\u00f3n Suplemento nutricional de leche en polvo maternizada para gatos La\u00a0leche en polvo maternizada\u00a0es un alimento necesario para gatos reci\u00e9n nacidos que no pueden ser amamantados por diferentes motivos. Es&hellip;","og_url":"https:\/\/cienmilhijos.es\/en\/product\/leche-de-gatos-san-dimas\/","og_site_name":"Cien Mil Hijos","article_publisher":"https:\/\/www.facebook.com\/cienmilhijosanimales\/?locale=es_ES","og_image":[{"width":173,"height":318,"url":"https:\/\/cienmilhijos.es\/wp-content\/uploads\/2023\/11\/shopping-13.webp","type":"image\/webp"}],"twitter_card":"summary_large_image","twitter_misc":{"Estimated reading time":"1 minute"},"schema":{"@context":"https:\/\/schema.org","@graph":[{"@type":"WebPage","@id":"https:\/\/cienmilhijos.es\/product\/leche-de-gatos-san-dimas\/","url":"https:\/\/cienmilhijos.es\/product\/leche-de-gatos-san-dimas\/","name":"Leche de Gatos San Dimas - Cien Mil Hijos","isPartOf":{"@id":"https:\/\/cienmilhijos.es\/#website"},"datePublished":"2023-11-09T09:22:57+00:00","dateModified":"2023-11-09T09:22:57+00:00","breadcrumb":{"@id":"https:\/\/cienmilhijos.es\/product\/leche-de-gatos-san-dimas\/#breadcrumb"},"inLanguage":"en-GB","potentialAction":[{"@type":"ReadAction","target":["https:\/\/cienmilhijos.es\/product\/leche-de-gatos-san-dimas\/"]}]},{"@type":"BreadcrumbList","@id":"https:\/\/cienmilhijos.es\/product\/leche-de-gatos-san-dimas\/#breadcrumb","itemListElement":[{"@type":"ListItem","position":1,"name":"Portada","item":"https:\/\/cienmilhijos.es\/"},{"@type":"ListItem","position":2,"name":"Tienda","item":"https:\/\/cienmilhijos.es\/tienda\/"},{"@type":"ListItem","position":3,"name":"Leche de Gatos San Dimas"}]},{"@type":"WebSite","@id":"https:\/\/cienmilhijos.es\/#website","url":"https:\/\/cienmilhijos.es\/","name":"Cien Mil Hijos","description":"Cuidado de animales &amp; tienda de mascotas","publisher":{"@id":"https:\/\/cienmilhijos.es\/#organization"},"potentialAction":[{"@type":"SearchAction","target":{"@type":"EntryPoint","urlTemplate":"https:\/\/cienmilhijos.es\/?s={search_term_string}"},"query-input":"required name=search_term_string"}],"inLanguage":"en-GB"},{"@type":"Organization","@id":"https:\/\/cienmilhijos.es\/#organization","name":"Cien Mil Hijos","url":"https:\/\/cienmilhijos.es\/","logo":{"@type":"ImageObject","inLanguage":"en-GB","@id":"https:\/\/cienmilhijos.es\/#\/schema\/logo\/image\/","url":"https:\/\/cienmilhijos.es\/wp-content\/uploads\/2023\/12\/logo2.png","contentUrl":"https:\/\/cienmilhijos.es\/wp-content\/uploads\/2023\/12\/logo2.png","width":1150,"height":127,"caption":"Cien Mil Hijos"},"image":{"@id":"https:\/\/cienmilhijos.es\/#\/schema\/logo\/image\/"},"sameAs":["https:\/\/www.facebook.com\/cienmilhijosanimales\/?locale=es_ES"]}]}},"_links":{"self":[{"href":"https:\/\/cienmilhijos.es\/en\/wp-json\/wp\/v2\/product\/26092","targetHints":{"allow":["GET"]}}],"collection":[{"href":"https:\/\/cienmilhijos.es\/en\/wp-json\/wp\/v2\/product"}],"about":[{"href":"https:\/\/cienmilhijos.es\/en\/wp-json\/wp\/v2\/types\/product"}],"replies":[{"embeddable":true,"href":"https:\/\/cienmilhijos.es\/en\/wp-json\/wp\/v2\/comments?post=26092"}],"wp:featuredmedia":[{"embeddable":true,"href":"https:\/\/cienmilhijos.es\/en\/wp-json\/wp\/v2\/media\/26093"}],"wp:attachment":[{"href":"https:\/\/cienmilhijos.es\/en\/wp-json\/wp\/v2\/media?parent=26092"}],"wp:term":[{"taxonomy":"product_cat","embeddable":true,"href":"https:\/\/cienmilhijos.es\/en\/wp-json\/wp\/v2\/product_cat?post=26092"},{"taxonomy":"product_tag","embeddable":true,"href":"https:\/\/cienmilhijos.es\/en\/wp-json\/wp\/v2\/product_tag?post=26092"}],"curies":[{"name":"wp","href":"https:\/\/api.w.org\/{rel}","templated":true}]}}