{"id":26070,"date":"2023-11-08T17:22:21","date_gmt":"2023-11-08T17:22:21","guid":{"rendered":"https:\/\/cienmilhijos.es\/?post_type=product&#038;p=26070"},"modified":"2023-11-08T17:22:21","modified_gmt":"2023-11-08T17:22:21","slug":"mixtura-canario-kiki","status":"publish","type":"product","link":"https:\/\/cienmilhijos.es\/en\/product\/mixtura-canario-kiki\/","title":{"rendered":"Mixtura Canario Kiki"},"content":{"rendered":"<h2>KIKI Alimento completo para Canarios<\/h2>\n<p>Alimento completo de semillas especialmente pensada para los canarios.<\/p>\n<p>Equilibrada formulaci\u00f3n para garantizar el aporte necesario para los canarios durante todo el a\u00f1o. Destaca su limpieza realizada con los procesos m\u00e1s modernos para garantizar la ausencia de cualquier microorganismo pat\u00f3geno.<\/p>\n<p>La comen por igual no dejando desperdicios en el comedero y los canarios mantienen un buen estado de salud evitando trastornos gastrointestinales. F\u00f3rmula Holandesa tradicional.<\/p>\n<p><strong>Ingredientes:<\/strong>Alpsite, nabina, avena pelada, colza, linaza menuda, ca\u00f1amones, negrillo, semilla de r\u00e1bano y gr\u00e1nulos vitam\u00ednico-minerales<\/p>\n<p><strong>An\u00e1lisis:<\/strong><\/p>\n<ul>\n<li>Proteina bruta 19,95%<\/li>\n<li>Humedad 9,36%<\/li>\n<li>Grasa bruta 17,50%<\/li>\n<li>Fibra bruta 14,09%<\/li>\n<li>Cenizas 3,6%<\/li>\n<li>Calcio 0,11%<\/li>\n<li>F\u00f3sforo 0,29%<\/li>\n<li>Sodio 0,06%<\/li>\n<li>Vitamina A 1.063 UI\/100 gr<\/li>\n<li>Vitamina D3 606 UI\/100gr<\/li>\n<\/ul>","protected":false},"excerpt":{"rendered":"<p>KIKI Alimento completo para Canarios Alimento completo de semillas especialmente pensada para los canarios. Equilibrada formulaci\u00f3n para garantizar el aporte necesario para los canarios durante todo el a\u00f1o. Destaca su&hellip;<\/p>","protected":false},"featured_media":26071,"comment_status":"open","ping_status":"closed","template":"","meta":[],"product_cat":[253],"product_tag":[],"class_list":["post-26070","product","type-product","status-publish","has-post-thumbnail","hentry","product_cat-para-pajaros"],"yoast_head":"<!-- This site is optimized with the Yoast SEO plugin v21.6 - https:\/\/yoast.com\/wordpress\/plugins\/seo\/ -->\n<title>Mixtura Canario Kiki - Cien Mil Hijos<\/title>\n<meta name=\"robots\" content=\"index, follow, max-snippet:-1, max-image-preview:large, max-video-preview:-1\" \/>\n<link rel=\"canonical\" href=\"https:\/\/cienmilhijos.es\/en\/product\/mixtura-canario-kiki\/\" \/>\n<meta property=\"og:locale\" content=\"en_GB\" \/>\n<meta property=\"og:type\" content=\"article\" \/>\n<meta property=\"og:title\" content=\"Mixtura Canario Kiki - Cien Mil Hijos\" \/>\n<meta property=\"og:description\" content=\"KIKI Alimento completo para Canarios Alimento completo de semillas especialmente pensada para los canarios. Equilibrada formulaci\u00f3n para garantizar el aporte necesario para los canarios durante todo el a\u00f1o. Destaca su&hellip;\" \/>\n<meta property=\"og:url\" content=\"https:\/\/cienmilhijos.es\/en\/product\/mixtura-canario-kiki\/\" \/>\n<meta property=\"og:site_name\" content=\"Cien Mil Hijos\" \/>\n<meta property=\"article:publisher\" content=\"https:\/\/www.facebook.com\/cienmilhijosanimales\/?locale=es_ES\" \/>\n<meta property=\"og:image\" content=\"https:\/\/cienmilhijos.es\/wp-content\/uploads\/2023\/11\/alimento_canarios_kiki_completo_KIK10346_M.jpg\" \/>\n\t<meta property=\"og:image:width\" content=\"780\" \/>\n\t<meta property=\"og:image:height\" content=\"780\" \/>\n\t<meta property=\"og:image:type\" content=\"image\/jpeg\" \/>\n<meta name=\"twitter:card\" content=\"summary_large_image\" \/>\n<meta name=\"twitter:label1\" content=\"Estimated reading time\" \/>\n\t<meta name=\"twitter:data1\" content=\"1 minute\" \/>\n<script type=\"application\/ld+json\" class=\"yoast-schema-graph\">{\"@context\":\"https:\/\/schema.org\",\"@graph\":[{\"@type\":\"WebPage\",\"@id\":\"https:\/\/cienmilhijos.es\/product\/mixtura-canario-kiki\/\",\"url\":\"https:\/\/cienmilhijos.es\/product\/mixtura-canario-kiki\/\",\"name\":\"Mixtura Canario Kiki - Cien Mil Hijos\",\"isPartOf\":{\"@id\":\"https:\/\/cienmilhijos.es\/#website\"},\"datePublished\":\"2023-11-08T17:22:21+00:00\",\"dateModified\":\"2023-11-08T17:22:21+00:00\",\"breadcrumb\":{\"@id\":\"https:\/\/cienmilhijos.es\/product\/mixtura-canario-kiki\/#breadcrumb\"},\"inLanguage\":\"en-GB\",\"potentialAction\":[{\"@type\":\"ReadAction\",\"target\":[\"https:\/\/cienmilhijos.es\/product\/mixtura-canario-kiki\/\"]}]},{\"@type\":\"BreadcrumbList\",\"@id\":\"https:\/\/cienmilhijos.es\/product\/mixtura-canario-kiki\/#breadcrumb\",\"itemListElement\":[{\"@type\":\"ListItem\",\"position\":1,\"name\":\"Portada\",\"item\":\"https:\/\/cienmilhijos.es\/\"},{\"@type\":\"ListItem\",\"position\":2,\"name\":\"Tienda\",\"item\":\"https:\/\/cienmilhijos.es\/tienda\/\"},{\"@type\":\"ListItem\",\"position\":3,\"name\":\"Mixtura Canario Kiki\"}]},{\"@type\":\"WebSite\",\"@id\":\"https:\/\/cienmilhijos.es\/#website\",\"url\":\"https:\/\/cienmilhijos.es\/\",\"name\":\"Cien Mil Hijos\",\"description\":\"Cuidado de animales &amp; tienda de mascotas\",\"publisher\":{\"@id\":\"https:\/\/cienmilhijos.es\/#organization\"},\"potentialAction\":[{\"@type\":\"SearchAction\",\"target\":{\"@type\":\"EntryPoint\",\"urlTemplate\":\"https:\/\/cienmilhijos.es\/?s={search_term_string}\"},\"query-input\":\"required name=search_term_string\"}],\"inLanguage\":\"en-GB\"},{\"@type\":\"Organization\",\"@id\":\"https:\/\/cienmilhijos.es\/#organization\",\"name\":\"Cien Mil Hijos\",\"url\":\"https:\/\/cienmilhijos.es\/\",\"logo\":{\"@type\":\"ImageObject\",\"inLanguage\":\"en-GB\",\"@id\":\"https:\/\/cienmilhijos.es\/#\/schema\/logo\/image\/\",\"url\":\"https:\/\/cienmilhijos.es\/wp-content\/uploads\/2023\/12\/logo2.png\",\"contentUrl\":\"https:\/\/cienmilhijos.es\/wp-content\/uploads\/2023\/12\/logo2.png\",\"width\":1150,\"height\":127,\"caption\":\"Cien Mil Hijos\"},\"image\":{\"@id\":\"https:\/\/cienmilhijos.es\/#\/schema\/logo\/image\/\"},\"sameAs\":[\"https:\/\/www.facebook.com\/cienmilhijosanimales\/?locale=es_ES\"]}]}<\/script>\n<!-- \/ Yoast SEO plugin. -->","yoast_head_json":{"title":"Mixtura Canario Kiki - Cien Mil Hijos","robots":{"index":"index","follow":"follow","max-snippet":"max-snippet:-1","max-image-preview":"max-image-preview:large","max-video-preview":"max-video-preview:-1"},"canonical":"https:\/\/cienmilhijos.es\/en\/product\/mixtura-canario-kiki\/","og_locale":"en_GB","og_type":"article","og_title":"Mixtura Canario Kiki - Cien Mil Hijos","og_description":"KIKI Alimento completo para Canarios Alimento completo de semillas especialmente pensada para los canarios. Equilibrada formulaci\u00f3n para garantizar el aporte necesario para los canarios durante todo el a\u00f1o. Destaca su&hellip;","og_url":"https:\/\/cienmilhijos.es\/en\/product\/mixtura-canario-kiki\/","og_site_name":"Cien Mil Hijos","article_publisher":"https:\/\/www.facebook.com\/cienmilhijosanimales\/?locale=es_ES","og_image":[{"width":780,"height":780,"url":"https:\/\/cienmilhijos.es\/wp-content\/uploads\/2023\/11\/alimento_canarios_kiki_completo_KIK10346_M.jpg","type":"image\/jpeg"}],"twitter_card":"summary_large_image","twitter_misc":{"Estimated reading time":"1 minute"},"schema":{"@context":"https:\/\/schema.org","@graph":[{"@type":"WebPage","@id":"https:\/\/cienmilhijos.es\/product\/mixtura-canario-kiki\/","url":"https:\/\/cienmilhijos.es\/product\/mixtura-canario-kiki\/","name":"Mixtura Canario Kiki - Cien Mil Hijos","isPartOf":{"@id":"https:\/\/cienmilhijos.es\/#website"},"datePublished":"2023-11-08T17:22:21+00:00","dateModified":"2023-11-08T17:22:21+00:00","breadcrumb":{"@id":"https:\/\/cienmilhijos.es\/product\/mixtura-canario-kiki\/#breadcrumb"},"inLanguage":"en-GB","potentialAction":[{"@type":"ReadAction","target":["https:\/\/cienmilhijos.es\/product\/mixtura-canario-kiki\/"]}]},{"@type":"BreadcrumbList","@id":"https:\/\/cienmilhijos.es\/product\/mixtura-canario-kiki\/#breadcrumb","itemListElement":[{"@type":"ListItem","position":1,"name":"Portada","item":"https:\/\/cienmilhijos.es\/"},{"@type":"ListItem","position":2,"name":"Tienda","item":"https:\/\/cienmilhijos.es\/tienda\/"},{"@type":"ListItem","position":3,"name":"Mixtura Canario Kiki"}]},{"@type":"WebSite","@id":"https:\/\/cienmilhijos.es\/#website","url":"https:\/\/cienmilhijos.es\/","name":"Cien Mil Hijos","description":"Cuidado de animales &amp; tienda de mascotas","publisher":{"@id":"https:\/\/cienmilhijos.es\/#organization"},"potentialAction":[{"@type":"SearchAction","target":{"@type":"EntryPoint","urlTemplate":"https:\/\/cienmilhijos.es\/?s={search_term_string}"},"query-input":"required name=search_term_string"}],"inLanguage":"en-GB"},{"@type":"Organization","@id":"https:\/\/cienmilhijos.es\/#organization","name":"Cien Mil Hijos","url":"https:\/\/cienmilhijos.es\/","logo":{"@type":"ImageObject","inLanguage":"en-GB","@id":"https:\/\/cienmilhijos.es\/#\/schema\/logo\/image\/","url":"https:\/\/cienmilhijos.es\/wp-content\/uploads\/2023\/12\/logo2.png","contentUrl":"https:\/\/cienmilhijos.es\/wp-content\/uploads\/2023\/12\/logo2.png","width":1150,"height":127,"caption":"Cien Mil Hijos"},"image":{"@id":"https:\/\/cienmilhijos.es\/#\/schema\/logo\/image\/"},"sameAs":["https:\/\/www.facebook.com\/cienmilhijosanimales\/?locale=es_ES"]}]}},"_links":{"self":[{"href":"https:\/\/cienmilhijos.es\/en\/wp-json\/wp\/v2\/product\/26070","targetHints":{"allow":["GET"]}}],"collection":[{"href":"https:\/\/cienmilhijos.es\/en\/wp-json\/wp\/v2\/product"}],"about":[{"href":"https:\/\/cienmilhijos.es\/en\/wp-json\/wp\/v2\/types\/product"}],"replies":[{"embeddable":true,"href":"https:\/\/cienmilhijos.es\/en\/wp-json\/wp\/v2\/comments?post=26070"}],"wp:featuredmedia":[{"embeddable":true,"href":"https:\/\/cienmilhijos.es\/en\/wp-json\/wp\/v2\/media\/26071"}],"wp:attachment":[{"href":"https:\/\/cienmilhijos.es\/en\/wp-json\/wp\/v2\/media?parent=26070"}],"wp:term":[{"taxonomy":"product_cat","embeddable":true,"href":"https:\/\/cienmilhijos.es\/en\/wp-json\/wp\/v2\/product_cat?post=26070"},{"taxonomy":"product_tag","embeddable":true,"href":"https:\/\/cienmilhijos.es\/en\/wp-json\/wp\/v2\/product_tag?post=26070"}],"curies":[{"name":"wp","href":"https:\/\/api.w.org\/{rel}","templated":true}]}}