{"id":25974,"date":"2023-11-05T12:22:08","date_gmt":"2023-11-05T12:22:08","guid":{"rendered":"https:\/\/cienmilhijos.es\/?post_type=product&#038;p=25974"},"modified":"2023-12-20T12:29:39","modified_gmt":"2023-12-20T12:29:39","slug":"champu-especialcan-pelo-blanco","status":"publish","type":"product","link":"https:\/\/cienmilhijos.es\/en\/product\/champu-especialcan-pelo-blanco\/","title":{"rendered":"Champ\u00fa Especialcan Pelo Blanco"},"content":{"rendered":"<h2>Champ\u00fa para perros de pelo blanco<\/h2>\n<p>La salud\u00a0es muy importante para tus perros\u00a0ya que gracias a ella tus perros\u00a0pueden vivir c\u00f3modamente sin problemas y de forma c\u00f3moda. La higiene es una parte muy importante para conseguir y mantener una correcta\u00a0salud para los perros. Debido a eso te traemos esta champ\u00fa para perros y ver\u00e1s como su pelaje estar\u00e1 hermoso y bonito. Si\u00e9ntete orgulloso del pelaje de tu mascota.<\/p>\n<p><strong>VENTAJAS:<\/strong><\/p>\n<ul>\n<li>Con este champ\u00fa\u00a0estar\u00e1s aportando una correcta higiene a\u00a0tus perros.<\/li>\n<li>Gracias a su formato te ser\u00e1 muy f\u00e1cil suministrarlo a tus perros.<\/li>\n<li>Es un champ\u00fa muy profesional que aportar\u00e1 calidada al pelaje de tu mascota.<\/li>\n<li>Devu\u00e9lve la vitalidad y la energ\u00eda al pelaje de tu perros.<\/li>\n<li>Reforzar\u00e1 el color blanco del pelaje de tu perro.<\/li>\n<\/ul>\n<p><strong>USO Y ESPECIFICACIONES:<\/strong><\/p>\n<ul>\n<li>Disponible en varios formatos para que puedas elegir el que m\u00e1s\u00a0 se adapta a ti.<\/li>\n<li>Champ\u00fas ideales para perros de pelo blanco.<\/li>\n<li>Cuenta con gran calidad ya que es un producto profesional.<\/li>\n<\/ul>\n<p><strong>Disponible en:<\/strong><\/p>\n<p>300ml o 1 L<\/p>","protected":false},"excerpt":{"rendered":"<p>Champ\u00fa para perros de pelo blanco La salud\u00a0es muy importante para tus perros\u00a0ya que gracias a ella tus perros\u00a0pueden vivir c\u00f3modamente sin problemas y de forma c\u00f3moda. La higiene es&hellip;<\/p>","protected":false},"featured_media":25975,"comment_status":"open","ping_status":"closed","template":"","meta":[],"product_cat":[320],"product_tag":[],"class_list":["post-25974","product","type-product","status-publish","has-post-thumbnail","hentry","product_cat-perros-champu-e-higiene"],"yoast_head":"<!-- This site is optimized with the Yoast SEO plugin v21.6 - https:\/\/yoast.com\/wordpress\/plugins\/seo\/ -->\n<title>Champ\u00fa Especialcan Pelo Blanco - Cien Mil Hijos<\/title>\n<meta name=\"robots\" content=\"index, follow, max-snippet:-1, max-image-preview:large, max-video-preview:-1\" \/>\n<link rel=\"canonical\" href=\"https:\/\/cienmilhijos.es\/en\/product\/champu-especialcan-pelo-blanco\/\" \/>\n<meta property=\"og:locale\" content=\"en_GB\" \/>\n<meta property=\"og:type\" content=\"article\" \/>\n<meta property=\"og:title\" content=\"Champ\u00fa Especialcan Pelo Blanco - Cien Mil Hijos\" \/>\n<meta property=\"og:description\" content=\"Champ\u00fa para perros de pelo blanco La salud\u00a0es muy importante para tus perros\u00a0ya que gracias a ella tus perros\u00a0pueden vivir c\u00f3modamente sin problemas y de forma c\u00f3moda. La higiene es&hellip;\" \/>\n<meta property=\"og:url\" content=\"https:\/\/cienmilhijos.es\/en\/product\/champu-especialcan-pelo-blanco\/\" \/>\n<meta property=\"og:site_name\" content=\"Cien Mil Hijos\" \/>\n<meta property=\"article:publisher\" content=\"https:\/\/www.facebook.com\/cienmilhijosanimales\/?locale=es_ES\" \/>\n<meta property=\"article:modified_time\" content=\"2023-12-20T12:29:39+00:00\" \/>\n<meta property=\"og:image\" content=\"https:\/\/cienmilhijos.es\/wp-content\/uploads\/2023\/11\/specialcan-champu-perro-pelo-blanco-500-ml.jpg\" \/>\n\t<meta property=\"og:image:width\" content=\"800\" \/>\n\t<meta property=\"og:image:height\" content=\"1000\" \/>\n\t<meta property=\"og:image:type\" content=\"image\/jpeg\" \/>\n<meta name=\"twitter:card\" content=\"summary_large_image\" \/>\n<meta name=\"twitter:label1\" content=\"Estimated reading time\" \/>\n\t<meta name=\"twitter:data1\" content=\"1 minute\" \/>\n<script type=\"application\/ld+json\" class=\"yoast-schema-graph\">{\"@context\":\"https:\/\/schema.org\",\"@graph\":[{\"@type\":\"WebPage\",\"@id\":\"https:\/\/cienmilhijos.es\/product\/champu-especialcan-pelo-blanco\/\",\"url\":\"https:\/\/cienmilhijos.es\/product\/champu-especialcan-pelo-blanco\/\",\"name\":\"Champ\u00fa Especialcan Pelo Blanco - Cien Mil Hijos\",\"isPartOf\":{\"@id\":\"https:\/\/cienmilhijos.es\/#website\"},\"datePublished\":\"2023-11-05T12:22:08+00:00\",\"dateModified\":\"2023-12-20T12:29:39+00:00\",\"breadcrumb\":{\"@id\":\"https:\/\/cienmilhijos.es\/product\/champu-especialcan-pelo-blanco\/#breadcrumb\"},\"inLanguage\":\"en-GB\",\"potentialAction\":[{\"@type\":\"ReadAction\",\"target\":[\"https:\/\/cienmilhijos.es\/product\/champu-especialcan-pelo-blanco\/\"]}]},{\"@type\":\"BreadcrumbList\",\"@id\":\"https:\/\/cienmilhijos.es\/product\/champu-especialcan-pelo-blanco\/#breadcrumb\",\"itemListElement\":[{\"@type\":\"ListItem\",\"position\":1,\"name\":\"Portada\",\"item\":\"https:\/\/cienmilhijos.es\/\"},{\"@type\":\"ListItem\",\"position\":2,\"name\":\"Tienda\",\"item\":\"https:\/\/cienmilhijos.es\/tienda\/\"},{\"@type\":\"ListItem\",\"position\":3,\"name\":\"Champ\u00fa Especialcan Pelo Blanco\"}]},{\"@type\":\"WebSite\",\"@id\":\"https:\/\/cienmilhijos.es\/#website\",\"url\":\"https:\/\/cienmilhijos.es\/\",\"name\":\"Cien Mil Hijos\",\"description\":\"Cuidado de animales &amp; tienda de mascotas\",\"publisher\":{\"@id\":\"https:\/\/cienmilhijos.es\/#organization\"},\"potentialAction\":[{\"@type\":\"SearchAction\",\"target\":{\"@type\":\"EntryPoint\",\"urlTemplate\":\"https:\/\/cienmilhijos.es\/?s={search_term_string}\"},\"query-input\":\"required name=search_term_string\"}],\"inLanguage\":\"en-GB\"},{\"@type\":\"Organization\",\"@id\":\"https:\/\/cienmilhijos.es\/#organization\",\"name\":\"Cien Mil Hijos\",\"url\":\"https:\/\/cienmilhijos.es\/\",\"logo\":{\"@type\":\"ImageObject\",\"inLanguage\":\"en-GB\",\"@id\":\"https:\/\/cienmilhijos.es\/#\/schema\/logo\/image\/\",\"url\":\"https:\/\/cienmilhijos.es\/wp-content\/uploads\/2023\/12\/logo2.png\",\"contentUrl\":\"https:\/\/cienmilhijos.es\/wp-content\/uploads\/2023\/12\/logo2.png\",\"width\":1150,\"height\":127,\"caption\":\"Cien Mil Hijos\"},\"image\":{\"@id\":\"https:\/\/cienmilhijos.es\/#\/schema\/logo\/image\/\"},\"sameAs\":[\"https:\/\/www.facebook.com\/cienmilhijosanimales\/?locale=es_ES\"]}]}<\/script>\n<!-- \/ Yoast SEO plugin. -->","yoast_head_json":{"title":"Champ\u00fa Especialcan Pelo Blanco - Cien Mil Hijos","robots":{"index":"index","follow":"follow","max-snippet":"max-snippet:-1","max-image-preview":"max-image-preview:large","max-video-preview":"max-video-preview:-1"},"canonical":"https:\/\/cienmilhijos.es\/en\/product\/champu-especialcan-pelo-blanco\/","og_locale":"en_GB","og_type":"article","og_title":"Champ\u00fa Especialcan Pelo Blanco - Cien Mil Hijos","og_description":"Champ\u00fa para perros de pelo blanco La salud\u00a0es muy importante para tus perros\u00a0ya que gracias a ella tus perros\u00a0pueden vivir c\u00f3modamente sin problemas y de forma c\u00f3moda. La higiene es&hellip;","og_url":"https:\/\/cienmilhijos.es\/en\/product\/champu-especialcan-pelo-blanco\/","og_site_name":"Cien Mil Hijos","article_publisher":"https:\/\/www.facebook.com\/cienmilhijosanimales\/?locale=es_ES","article_modified_time":"2023-12-20T12:29:39+00:00","og_image":[{"width":800,"height":1000,"url":"https:\/\/cienmilhijos.es\/wp-content\/uploads\/2023\/11\/specialcan-champu-perro-pelo-blanco-500-ml.jpg","type":"image\/jpeg"}],"twitter_card":"summary_large_image","twitter_misc":{"Estimated reading time":"1 minute"},"schema":{"@context":"https:\/\/schema.org","@graph":[{"@type":"WebPage","@id":"https:\/\/cienmilhijos.es\/product\/champu-especialcan-pelo-blanco\/","url":"https:\/\/cienmilhijos.es\/product\/champu-especialcan-pelo-blanco\/","name":"Champ\u00fa Especialcan Pelo Blanco - Cien Mil Hijos","isPartOf":{"@id":"https:\/\/cienmilhijos.es\/#website"},"datePublished":"2023-11-05T12:22:08+00:00","dateModified":"2023-12-20T12:29:39+00:00","breadcrumb":{"@id":"https:\/\/cienmilhijos.es\/product\/champu-especialcan-pelo-blanco\/#breadcrumb"},"inLanguage":"en-GB","potentialAction":[{"@type":"ReadAction","target":["https:\/\/cienmilhijos.es\/product\/champu-especialcan-pelo-blanco\/"]}]},{"@type":"BreadcrumbList","@id":"https:\/\/cienmilhijos.es\/product\/champu-especialcan-pelo-blanco\/#breadcrumb","itemListElement":[{"@type":"ListItem","position":1,"name":"Portada","item":"https:\/\/cienmilhijos.es\/"},{"@type":"ListItem","position":2,"name":"Tienda","item":"https:\/\/cienmilhijos.es\/tienda\/"},{"@type":"ListItem","position":3,"name":"Champ\u00fa Especialcan Pelo Blanco"}]},{"@type":"WebSite","@id":"https:\/\/cienmilhijos.es\/#website","url":"https:\/\/cienmilhijos.es\/","name":"Cien Mil Hijos","description":"Cuidado de animales &amp; tienda de mascotas","publisher":{"@id":"https:\/\/cienmilhijos.es\/#organization"},"potentialAction":[{"@type":"SearchAction","target":{"@type":"EntryPoint","urlTemplate":"https:\/\/cienmilhijos.es\/?s={search_term_string}"},"query-input":"required name=search_term_string"}],"inLanguage":"en-GB"},{"@type":"Organization","@id":"https:\/\/cienmilhijos.es\/#organization","name":"Cien Mil Hijos","url":"https:\/\/cienmilhijos.es\/","logo":{"@type":"ImageObject","inLanguage":"en-GB","@id":"https:\/\/cienmilhijos.es\/#\/schema\/logo\/image\/","url":"https:\/\/cienmilhijos.es\/wp-content\/uploads\/2023\/12\/logo2.png","contentUrl":"https:\/\/cienmilhijos.es\/wp-content\/uploads\/2023\/12\/logo2.png","width":1150,"height":127,"caption":"Cien Mil Hijos"},"image":{"@id":"https:\/\/cienmilhijos.es\/#\/schema\/logo\/image\/"},"sameAs":["https:\/\/www.facebook.com\/cienmilhijosanimales\/?locale=es_ES"]}]}},"_links":{"self":[{"href":"https:\/\/cienmilhijos.es\/en\/wp-json\/wp\/v2\/product\/25974","targetHints":{"allow":["GET"]}}],"collection":[{"href":"https:\/\/cienmilhijos.es\/en\/wp-json\/wp\/v2\/product"}],"about":[{"href":"https:\/\/cienmilhijos.es\/en\/wp-json\/wp\/v2\/types\/product"}],"replies":[{"embeddable":true,"href":"https:\/\/cienmilhijos.es\/en\/wp-json\/wp\/v2\/comments?post=25974"}],"wp:featuredmedia":[{"embeddable":true,"href":"https:\/\/cienmilhijos.es\/en\/wp-json\/wp\/v2\/media\/25975"}],"wp:attachment":[{"href":"https:\/\/cienmilhijos.es\/en\/wp-json\/wp\/v2\/media?parent=25974"}],"wp:term":[{"taxonomy":"product_cat","embeddable":true,"href":"https:\/\/cienmilhijos.es\/en\/wp-json\/wp\/v2\/product_cat?post=25974"},{"taxonomy":"product_tag","embeddable":true,"href":"https:\/\/cienmilhijos.es\/en\/wp-json\/wp\/v2\/product_tag?post=25974"}],"curies":[{"name":"wp","href":"https:\/\/api.w.org\/{rel}","templated":true}]}}