{"id":25972,"date":"2023-11-05T12:06:28","date_gmt":"2023-11-05T12:06:28","guid":{"rendered":"https:\/\/cienmilhijos.es\/?post_type=product&#038;p=25972"},"modified":"2023-12-20T12:30:43","modified_gmt":"2023-12-20T12:30:43","slug":"limpiador-otico-menforsan","status":"publish","type":"product","link":"https:\/\/cienmilhijos.es\/en\/product\/limpiador-otico-menforsan\/","title":{"rendered":"Limpiador \u00d3tico Menforsan"},"content":{"rendered":"<div class=\"col-12\">\n<h3 id=\"details-title\" class=\"title heading-title section-heading mt-3\" aria-expanded=\"false\" aria-controls=\"collapsible-details-1\"><span style=\"color: var(--theme-color-text_dark); font-size: 30px; letter-spacing: 0px;\">Soluci\u00f3n limpiadora exterior de o\u00eddos para mascotas<\/span><\/h3>\n<\/div>\n<div id=\"collapsible-details-1\" class=\"col-sm-12 value content\">\n<p>El\u00a0<strong>limpiador \u00f3tico para perros y gatos Menforsan<\/strong>\u00a0es un producto de gran ayuda para cuidar de la higiene y salud de tu mascota. Se trata de una soluci\u00f3n natural de uso frecuente para\u00a0<strong>limpiar el cerumen y la suciedad del conducto auditivo externo<\/strong>\u00a0y el pabell\u00f3n auricular de perros y gatos a partir de un mes, con ingredientes naturales, muy potente y efectivo pero seguro para tu animal.<\/p>\n<p>Es un producto biodegradable,\u00a0<strong>muy suave y sin alcohol para no irritar la piel<\/strong>\u00a0y con un pH fisiol\u00f3gico id\u00e9ntico al de la piel del animal. Contiene ingredientes higienizantes con excelentes cualidades para la higiene y cuidado del canal auditivo externo, manteni\u00e9ndolo libre de c\u00famulos de suciedad, cerumen o secreciones, por lo que\u00a0<strong>previene posibles infecciones<\/strong>, sobre todo en razas de perros con orejas ca\u00eddas.<\/p>\n<p>Contiene aceite de extracto de \u00e1rbol de t\u00e9, ingrediente que tambi\u00e9n le proporciona un agradable olor al limpiador, con un comprobado\u00a0<strong>efecto antimicrobiano\u00a0<\/strong>contra bacterias gram positivas, gram negativas y hongos, adem\u00e1s de que sirve como un efectivo repelente de mosquitos e insectos. El limpiador graso Menforsan no contiene componentes agresivos, cuida el exterior de los o\u00eddos sin irrita la piel de tu mascota.<\/p>\n<p>Tenemos a tu disposici\u00f3n este y otros productos de la marca Menforsan, una de las m\u00e1s exitosas de Laboratorios Bilper, casa espa\u00f1ola con sede en Bizkaia. Est\u00e1 dedicada a la fabricaci\u00f3n de productos de <strong>alta cosm\u00e9tica animal<\/strong>\u00a0desde 1958, y ahora exporta sus m\u00e1s de 100 art\u00edculos a m\u00e1s de 35 pa\u00edses en todo el mundo.<\/p>\n<p><strong>VENTAJAS<\/strong>:<\/p>\n<ul>\n<li>Limpiador de o\u00eddos de uso externo para perros y gatos de cualquier raza a partir de un mes.<\/li>\n<li>No irrita la piel, pues no contiene alcohol ni componentes agresivos.<\/li>\n<li>Efecto antimicrobiano y antif\u00fangico.<\/li>\n<li>Tiene un efecto repelente contra mosquitos e insectos.<\/li>\n<li>Es completamente natural, biodegradable y con olor a aceite de \u00e1rbol de t\u00e9.<\/li>\n<\/ul>\n<p><strong>USO Y ESPECIFICACIONES<\/strong>:<\/p>\n<ul>\n<li>Soluci\u00f3n limpiadora de o\u00eddos completamente natural para perros y gatos a partir de un mes de edad para el cuidado de la parte externa del o\u00eddo.<\/li>\n<\/ul>\n<p><strong>Instrucciones de uso<\/strong>:<\/p>\n<ul>\n<li>Empapa una toallita de papel suave con el limpiador y aplica suavemente y con mucho cuidado en el conducto auricular externo. Repite este proceso para limpiar la otra oreja utilizando otra toallita.<\/li>\n<li>Utiliza este producto dos veces por semana aplicando de 6 a 8 gotas en cada oreja con un masaje suave.<\/li>\n<li>Finalmente, debes limpiar ambos conductos auditivos con una toallita suave seca.<\/li>\n<li>Nunca utilices bastoncillos de algod\u00f3n, ni ahondes en el conducto auditivo.<\/li>\n<li>El dosificador especial del frasco te ayudar\u00e1 a que utilices la cantidad exacta de producto que necesites.<\/li>\n<\/ul>\n<p><strong>Precauciones de uso<\/strong>:<\/p>\n<ul>\n<li>No debes mezclar este limpiador con otros productos qu\u00edmicos.<\/li>\n<li>Evita el contacto directo con mucosas y ojos.<\/li>\n<li>Gu\u00e1rdalo en un lugar alejado de los alimentos y donde no lo alcancen los ni\u00f1os.<\/li>\n<li>Nunca utilices este producto en cachorros con menos de un mes de vida.<\/li>\n<li>No ingerir nunca. En caso de ingesta accidental, consulta de inmediato con el Instituto Nacional de Toxicolog\u00eda. Tel.: (34) 91 562 04 20.<\/li>\n<\/ul>\n<p>&nbsp;<\/p>\n<\/div>","protected":false},"excerpt":{"rendered":"<p>Soluci\u00f3n limpiadora exterior de o\u00eddos para mascotas El\u00a0limpiador \u00f3tico para perros y gatos Menforsan\u00a0es un producto de gran ayuda para cuidar de la higiene y salud de tu mascota. Se&hellip;<\/p>","protected":false},"featured_media":25973,"comment_status":"open","ping_status":"closed","template":"","meta":[],"product_cat":[319,320],"product_tag":[],"class_list":["post-25972","product","type-product","status-publish","has-post-thumbnail","hentry","product_cat-gatos-champu-e-higiene","product_cat-perros-champu-e-higiene"],"yoast_head":"<!-- This site is optimized with the Yoast SEO plugin v21.6 - https:\/\/yoast.com\/wordpress\/plugins\/seo\/ -->\n<title>Limpiador \u00d3tico Menforsan - Cien Mil Hijos<\/title>\n<meta name=\"robots\" content=\"index, follow, max-snippet:-1, max-image-preview:large, max-video-preview:-1\" \/>\n<link rel=\"canonical\" href=\"https:\/\/cienmilhijos.es\/en\/product\/limpiador-otico-menforsan\/\" \/>\n<meta property=\"og:locale\" content=\"en_GB\" \/>\n<meta property=\"og:type\" content=\"article\" \/>\n<meta property=\"og:title\" content=\"Limpiador \u00d3tico Menforsan - Cien Mil Hijos\" \/>\n<meta property=\"og:description\" content=\"Soluci\u00f3n limpiadora exterior de o\u00eddos para mascotas El\u00a0limpiador \u00f3tico para perros y gatos Menforsan\u00a0es un producto de gran ayuda para cuidar de la higiene y salud de tu mascota. Se&hellip;\" \/>\n<meta property=\"og:url\" content=\"https:\/\/cienmilhijos.es\/en\/product\/limpiador-otico-menforsan\/\" \/>\n<meta property=\"og:site_name\" content=\"Cien Mil Hijos\" \/>\n<meta property=\"article:publisher\" content=\"https:\/\/www.facebook.com\/cienmilhijosanimales\/?locale=es_ES\" \/>\n<meta property=\"article:modified_time\" content=\"2023-12-20T12:30:43+00:00\" \/>\n<meta property=\"og:image\" content=\"https:\/\/cienmilhijos.es\/wp-content\/uploads\/2023\/11\/limpiador_otico_perros_gatos_menforsan_MENM0365_M.jpg\" \/>\n\t<meta property=\"og:image:width\" content=\"780\" \/>\n\t<meta property=\"og:image:height\" content=\"780\" \/>\n\t<meta property=\"og:image:type\" content=\"image\/jpeg\" \/>\n<meta name=\"twitter:card\" content=\"summary_large_image\" \/>\n<meta name=\"twitter:label1\" content=\"Estimated reading time\" \/>\n\t<meta name=\"twitter:data1\" content=\"3 minutes\" \/>\n<script type=\"application\/ld+json\" class=\"yoast-schema-graph\">{\"@context\":\"https:\/\/schema.org\",\"@graph\":[{\"@type\":\"WebPage\",\"@id\":\"https:\/\/cienmilhijos.es\/product\/limpiador-otico-menforsan\/\",\"url\":\"https:\/\/cienmilhijos.es\/product\/limpiador-otico-menforsan\/\",\"name\":\"Limpiador \u00d3tico Menforsan - Cien Mil Hijos\",\"isPartOf\":{\"@id\":\"https:\/\/cienmilhijos.es\/#website\"},\"datePublished\":\"2023-11-05T12:06:28+00:00\",\"dateModified\":\"2023-12-20T12:30:43+00:00\",\"breadcrumb\":{\"@id\":\"https:\/\/cienmilhijos.es\/product\/limpiador-otico-menforsan\/#breadcrumb\"},\"inLanguage\":\"en-GB\",\"potentialAction\":[{\"@type\":\"ReadAction\",\"target\":[\"https:\/\/cienmilhijos.es\/product\/limpiador-otico-menforsan\/\"]}]},{\"@type\":\"BreadcrumbList\",\"@id\":\"https:\/\/cienmilhijos.es\/product\/limpiador-otico-menforsan\/#breadcrumb\",\"itemListElement\":[{\"@type\":\"ListItem\",\"position\":1,\"name\":\"Portada\",\"item\":\"https:\/\/cienmilhijos.es\/\"},{\"@type\":\"ListItem\",\"position\":2,\"name\":\"Tienda\",\"item\":\"https:\/\/cienmilhijos.es\/tienda\/\"},{\"@type\":\"ListItem\",\"position\":3,\"name\":\"Limpiador \u00d3tico Menforsan\"}]},{\"@type\":\"WebSite\",\"@id\":\"https:\/\/cienmilhijos.es\/#website\",\"url\":\"https:\/\/cienmilhijos.es\/\",\"name\":\"Cien Mil Hijos\",\"description\":\"Cuidado de animales &amp; tienda de mascotas\",\"publisher\":{\"@id\":\"https:\/\/cienmilhijos.es\/#organization\"},\"potentialAction\":[{\"@type\":\"SearchAction\",\"target\":{\"@type\":\"EntryPoint\",\"urlTemplate\":\"https:\/\/cienmilhijos.es\/?s={search_term_string}\"},\"query-input\":\"required name=search_term_string\"}],\"inLanguage\":\"en-GB\"},{\"@type\":\"Organization\",\"@id\":\"https:\/\/cienmilhijos.es\/#organization\",\"name\":\"Cien Mil Hijos\",\"url\":\"https:\/\/cienmilhijos.es\/\",\"logo\":{\"@type\":\"ImageObject\",\"inLanguage\":\"en-GB\",\"@id\":\"https:\/\/cienmilhijos.es\/#\/schema\/logo\/image\/\",\"url\":\"https:\/\/cienmilhijos.es\/wp-content\/uploads\/2023\/12\/logo2.png\",\"contentUrl\":\"https:\/\/cienmilhijos.es\/wp-content\/uploads\/2023\/12\/logo2.png\",\"width\":1150,\"height\":127,\"caption\":\"Cien Mil Hijos\"},\"image\":{\"@id\":\"https:\/\/cienmilhijos.es\/#\/schema\/logo\/image\/\"},\"sameAs\":[\"https:\/\/www.facebook.com\/cienmilhijosanimales\/?locale=es_ES\"]}]}<\/script>\n<!-- \/ Yoast SEO plugin. -->","yoast_head_json":{"title":"Limpiador \u00d3tico Menforsan - Cien Mil Hijos","robots":{"index":"index","follow":"follow","max-snippet":"max-snippet:-1","max-image-preview":"max-image-preview:large","max-video-preview":"max-video-preview:-1"},"canonical":"https:\/\/cienmilhijos.es\/en\/product\/limpiador-otico-menforsan\/","og_locale":"en_GB","og_type":"article","og_title":"Limpiador \u00d3tico Menforsan - Cien Mil Hijos","og_description":"Soluci\u00f3n limpiadora exterior de o\u00eddos para mascotas El\u00a0limpiador \u00f3tico para perros y gatos Menforsan\u00a0es un producto de gran ayuda para cuidar de la higiene y salud de tu mascota. Se&hellip;","og_url":"https:\/\/cienmilhijos.es\/en\/product\/limpiador-otico-menforsan\/","og_site_name":"Cien Mil Hijos","article_publisher":"https:\/\/www.facebook.com\/cienmilhijosanimales\/?locale=es_ES","article_modified_time":"2023-12-20T12:30:43+00:00","og_image":[{"width":780,"height":780,"url":"https:\/\/cienmilhijos.es\/wp-content\/uploads\/2023\/11\/limpiador_otico_perros_gatos_menforsan_MENM0365_M.jpg","type":"image\/jpeg"}],"twitter_card":"summary_large_image","twitter_misc":{"Estimated reading time":"3 minutes"},"schema":{"@context":"https:\/\/schema.org","@graph":[{"@type":"WebPage","@id":"https:\/\/cienmilhijos.es\/product\/limpiador-otico-menforsan\/","url":"https:\/\/cienmilhijos.es\/product\/limpiador-otico-menforsan\/","name":"Limpiador \u00d3tico Menforsan - Cien Mil Hijos","isPartOf":{"@id":"https:\/\/cienmilhijos.es\/#website"},"datePublished":"2023-11-05T12:06:28+00:00","dateModified":"2023-12-20T12:30:43+00:00","breadcrumb":{"@id":"https:\/\/cienmilhijos.es\/product\/limpiador-otico-menforsan\/#breadcrumb"},"inLanguage":"en-GB","potentialAction":[{"@type":"ReadAction","target":["https:\/\/cienmilhijos.es\/product\/limpiador-otico-menforsan\/"]}]},{"@type":"BreadcrumbList","@id":"https:\/\/cienmilhijos.es\/product\/limpiador-otico-menforsan\/#breadcrumb","itemListElement":[{"@type":"ListItem","position":1,"name":"Portada","item":"https:\/\/cienmilhijos.es\/"},{"@type":"ListItem","position":2,"name":"Tienda","item":"https:\/\/cienmilhijos.es\/tienda\/"},{"@type":"ListItem","position":3,"name":"Limpiador \u00d3tico Menforsan"}]},{"@type":"WebSite","@id":"https:\/\/cienmilhijos.es\/#website","url":"https:\/\/cienmilhijos.es\/","name":"Cien Mil Hijos","description":"Cuidado de animales &amp; tienda de mascotas","publisher":{"@id":"https:\/\/cienmilhijos.es\/#organization"},"potentialAction":[{"@type":"SearchAction","target":{"@type":"EntryPoint","urlTemplate":"https:\/\/cienmilhijos.es\/?s={search_term_string}"},"query-input":"required name=search_term_string"}],"inLanguage":"en-GB"},{"@type":"Organization","@id":"https:\/\/cienmilhijos.es\/#organization","name":"Cien Mil Hijos","url":"https:\/\/cienmilhijos.es\/","logo":{"@type":"ImageObject","inLanguage":"en-GB","@id":"https:\/\/cienmilhijos.es\/#\/schema\/logo\/image\/","url":"https:\/\/cienmilhijos.es\/wp-content\/uploads\/2023\/12\/logo2.png","contentUrl":"https:\/\/cienmilhijos.es\/wp-content\/uploads\/2023\/12\/logo2.png","width":1150,"height":127,"caption":"Cien Mil Hijos"},"image":{"@id":"https:\/\/cienmilhijos.es\/#\/schema\/logo\/image\/"},"sameAs":["https:\/\/www.facebook.com\/cienmilhijosanimales\/?locale=es_ES"]}]}},"_links":{"self":[{"href":"https:\/\/cienmilhijos.es\/en\/wp-json\/wp\/v2\/product\/25972","targetHints":{"allow":["GET"]}}],"collection":[{"href":"https:\/\/cienmilhijos.es\/en\/wp-json\/wp\/v2\/product"}],"about":[{"href":"https:\/\/cienmilhijos.es\/en\/wp-json\/wp\/v2\/types\/product"}],"replies":[{"embeddable":true,"href":"https:\/\/cienmilhijos.es\/en\/wp-json\/wp\/v2\/comments?post=25972"}],"wp:featuredmedia":[{"embeddable":true,"href":"https:\/\/cienmilhijos.es\/en\/wp-json\/wp\/v2\/media\/25973"}],"wp:attachment":[{"href":"https:\/\/cienmilhijos.es\/en\/wp-json\/wp\/v2\/media?parent=25972"}],"wp:term":[{"taxonomy":"product_cat","embeddable":true,"href":"https:\/\/cienmilhijos.es\/en\/wp-json\/wp\/v2\/product_cat?post=25972"},{"taxonomy":"product_tag","embeddable":true,"href":"https:\/\/cienmilhijos.es\/en\/wp-json\/wp\/v2\/product_tag?post=25972"}],"curies":[{"name":"wp","href":"https:\/\/api.w.org\/{rel}","templated":true}]}}