{"id":25970,"date":"2023-11-05T11:54:40","date_gmt":"2023-11-05T11:54:40","guid":{"rendered":"https:\/\/cienmilhijos.es\/?post_type=product&#038;p=25970"},"modified":"2023-12-20T12:30:57","modified_gmt":"2023-12-20T12:30:57","slug":"spray-dentifrico-dentican","status":"publish","type":"product","link":"https:\/\/cienmilhijos.es\/en\/product\/spray-dentifrico-dentican\/","title":{"rendered":"Spray Dent\u00edfrico  Dentican"},"content":{"rendered":"<h2>Spray dent\u00edfrico de triple acci\u00f3n para perros y gatos Dentican<\/h2>\n<p>Dentican spray es un dent\u00edfrico en spray para mascotas. Con este producto para la higiene de perros y gatos te ahorrar\u00e1s las luchas interminables con tu mejor amigo al cepillar sus dientes. Su\u00a0<strong>completa f\u00f3rmula<\/strong>\u00a0a base de fluoruro de sodio y digluconato de clorhexidina, garantiza una\u00a0<strong>total higiene bucal<\/strong>.<\/p>\n<p>El Spray dent\u00edfrico Dentican para mascotas tiene\u00a0<strong>triple acci\u00f3n<\/strong>, ya que combate la placa bacteriana, controla el sarro y elimina el mal aliento. Ayuda a mantener la higiene de la cavidad oral, previniendo los problemas buco-dentales. Este innovador y pr\u00e1ctico producto est\u00e1 especialmente dise\u00f1ado para la higiene bucal de\u00a0<strong>perros y gatos<\/strong>.<\/p>\n<p>Este dent\u00edfrico en spray es\u00a0<strong>muy f\u00e1cil de utilizar<\/strong>, ya que simplemente tienes que aplicar unas cuantas pulverizaciones directamente sobre los dientes de tu mascota y dejar que act\u00fae. Tu mejor amigo har\u00e1 el resto. Puede emplearse en animales de\u00a0<strong>cualquier edad<\/strong>, incluso en cachorros. Est\u00e1 fabricado por Laboratorios Stangest.<\/p>\n<p><strong>VENTAJAS<\/strong>:<\/p>\n<ul>\n<li>Dent\u00edfrico en spray que asegura una completa higiene bucal.<\/li>\n<li>Combate la placa bacteriana.<\/li>\n<li>Controla el sarro.<\/li>\n<li>Elimina el mal aliento.<\/li>\n<li>Mantiene la higiene de la cavidad oral.<strong>\u00a0 \u00a0 \u00a0 \u00a0 \u00a0 \u00a0 \u00a0 \u00a0 \u00a0 \u00a0 \u00a0 \u00a0 \u00a0 \u00a0 \u00a0 \u00a0 \u00a0 \u00a0 \u00a0 \u00a0 \u00a0 \u00a0 \u00a0 \u00a0 \u00a0 \u00a0 \u00a0 \u00a0 \u00a0 \u00a0 \u00a0 \u00a0 \u00a0 \u00a0 \u00a0 \u00a0 \u00a0 \u00a0 \u00a0 \u00a0 \u00a0 \u00a0 \u00a0 \u00a0 \u00a0 \u00a0 \u00a0 \u00a0 \u00a0 \u00a0 \u00a0 \u00a0 \u00a0 \u00a0 \u00a0 \u00a0 \u00a0 \u00a0 \u00a0 \u00a0 \u00a0 \u00a0 \u00a0 \u00a0 \u00a0 \u00a0 \u00a0 \u00a0 \u00a0 \u00a0 \u00a0 \u00a0 \u00a0 \u00a0USOS Y ESPECIFICACIONES<\/strong>:\n<ul>\n<li>Spray dent\u00edfrico con triple acci\u00f3n para perros y gatos de cualquier edad.<\/li>\n<\/ul>\n<p><strong>Composici\u00f3n<\/strong>:<\/p>\n<ul>\n<li>Fluoruro de sodio, \u00e1cido benzoico, digluconato de clorhexidina, benzoato s\u00f3dico, sacarina s\u00f3dica, aroma y excipiente.<\/li>\n<\/ul>\n<p><strong>Instrucciones de uso<\/strong>:<\/p>\n<ul>\n<li>Pulveriza una vez al d\u00eda el spray dent\u00edfrico Dentican sobre los dientes de tu mascota con 4 o 6 aplicaciones, dependiendo del tama\u00f1o del perro o gato.<\/li>\n<li>No hace falta cepillar ni enjuagar.<\/li>\n<li>Sus ingredientes activos incitar\u00e1n al animal a lamerse, facilitando la eliminaci\u00f3n de suciedad acumulada y previniendo adherencias de nuevos restos de comida.<\/li>\n<\/ul>\n<p><strong>Recomendaciones de uso<\/strong>:<\/p>\n<ul>\n<li>Es muy importante mantener una correcta y completa higiene dental en tu mascota, ya que su descuido puede provocar problemas dentales, como periodontitis, mal aliento, inflamaci\u00f3n o p\u00e9rdida de piezas dentales.<\/li>\n<li>Para prevenir estos problemas es aconsejable que tu perro tenga una buena salud dental. Para ello puedes proporcionarle huesos y mordedores o limpiar activamente sus dientes, mediante un buen cepillado.<\/li>\n<\/ul>\n<\/li>\n<\/ul>","protected":false},"excerpt":{"rendered":"<p>Spray dent\u00edfrico de triple acci\u00f3n para perros y gatos Dentican Dentican spray es un dent\u00edfrico en spray para mascotas. Con este producto para la higiene de perros y gatos te&hellip;<\/p>","protected":false},"featured_media":25971,"comment_status":"open","ping_status":"closed","template":"","meta":[],"product_cat":[319,320],"product_tag":[],"class_list":["post-25970","product","type-product","status-publish","has-post-thumbnail","hentry","product_cat-gatos-champu-e-higiene","product_cat-perros-champu-e-higiene"],"yoast_head":"<!-- This site is optimized with the Yoast SEO plugin v21.6 - https:\/\/yoast.com\/wordpress\/plugins\/seo\/ -->\n<title>Spray Dent\u00edfrico Dentican - Cien Mil Hijos<\/title>\n<meta name=\"robots\" content=\"index, follow, max-snippet:-1, max-image-preview:large, max-video-preview:-1\" \/>\n<link rel=\"canonical\" href=\"https:\/\/cienmilhijos.es\/en\/product\/spray-dentifrico-dentican\/\" \/>\n<meta property=\"og:locale\" content=\"en_GB\" \/>\n<meta property=\"og:type\" content=\"article\" \/>\n<meta property=\"og:title\" content=\"Spray Dent\u00edfrico Dentican - Cien Mil Hijos\" \/>\n<meta property=\"og:description\" content=\"Spray dent\u00edfrico de triple acci\u00f3n para perros y gatos Dentican Dentican spray es un dent\u00edfrico en spray para mascotas. Con este producto para la higiene de perros y gatos te&hellip;\" \/>\n<meta property=\"og:url\" content=\"https:\/\/cienmilhijos.es\/en\/product\/spray-dentifrico-dentican\/\" \/>\n<meta property=\"og:site_name\" content=\"Cien Mil Hijos\" \/>\n<meta property=\"article:publisher\" content=\"https:\/\/www.facebook.com\/cienmilhijosanimales\/?locale=es_ES\" \/>\n<meta property=\"article:modified_time\" content=\"2023-12-20T12:30:57+00:00\" \/>\n<meta property=\"og:image\" content=\"https:\/\/cienmilhijos.es\/wp-content\/uploads\/2023\/11\/higiene_perros_Stanvet_Denticat_dentifrico_para_mascotas_TLP78700_M.webp\" \/>\n\t<meta property=\"og:image:width\" content=\"780\" \/>\n\t<meta property=\"og:image:height\" content=\"780\" \/>\n\t<meta property=\"og:image:type\" content=\"image\/webp\" \/>\n<meta name=\"twitter:card\" content=\"summary_large_image\" \/>\n<meta name=\"twitter:label1\" content=\"Estimated reading time\" \/>\n\t<meta name=\"twitter:data1\" content=\"2 minutes\" \/>\n<script type=\"application\/ld+json\" class=\"yoast-schema-graph\">{\"@context\":\"https:\/\/schema.org\",\"@graph\":[{\"@type\":\"WebPage\",\"@id\":\"https:\/\/cienmilhijos.es\/product\/spray-dentifrico-dentican\/\",\"url\":\"https:\/\/cienmilhijos.es\/product\/spray-dentifrico-dentican\/\",\"name\":\"Spray Dent\u00edfrico Dentican - Cien Mil Hijos\",\"isPartOf\":{\"@id\":\"https:\/\/cienmilhijos.es\/#website\"},\"datePublished\":\"2023-11-05T11:54:40+00:00\",\"dateModified\":\"2023-12-20T12:30:57+00:00\",\"breadcrumb\":{\"@id\":\"https:\/\/cienmilhijos.es\/product\/spray-dentifrico-dentican\/#breadcrumb\"},\"inLanguage\":\"en-GB\",\"potentialAction\":[{\"@type\":\"ReadAction\",\"target\":[\"https:\/\/cienmilhijos.es\/product\/spray-dentifrico-dentican\/\"]}]},{\"@type\":\"BreadcrumbList\",\"@id\":\"https:\/\/cienmilhijos.es\/product\/spray-dentifrico-dentican\/#breadcrumb\",\"itemListElement\":[{\"@type\":\"ListItem\",\"position\":1,\"name\":\"Portada\",\"item\":\"https:\/\/cienmilhijos.es\/\"},{\"@type\":\"ListItem\",\"position\":2,\"name\":\"Tienda\",\"item\":\"https:\/\/cienmilhijos.es\/tienda\/\"},{\"@type\":\"ListItem\",\"position\":3,\"name\":\"Spray Dent\u00edfrico Dentican\"}]},{\"@type\":\"WebSite\",\"@id\":\"https:\/\/cienmilhijos.es\/#website\",\"url\":\"https:\/\/cienmilhijos.es\/\",\"name\":\"Cien Mil Hijos\",\"description\":\"Cuidado de animales &amp; tienda de mascotas\",\"publisher\":{\"@id\":\"https:\/\/cienmilhijos.es\/#organization\"},\"potentialAction\":[{\"@type\":\"SearchAction\",\"target\":{\"@type\":\"EntryPoint\",\"urlTemplate\":\"https:\/\/cienmilhijos.es\/?s={search_term_string}\"},\"query-input\":\"required name=search_term_string\"}],\"inLanguage\":\"en-GB\"},{\"@type\":\"Organization\",\"@id\":\"https:\/\/cienmilhijos.es\/#organization\",\"name\":\"Cien Mil Hijos\",\"url\":\"https:\/\/cienmilhijos.es\/\",\"logo\":{\"@type\":\"ImageObject\",\"inLanguage\":\"en-GB\",\"@id\":\"https:\/\/cienmilhijos.es\/#\/schema\/logo\/image\/\",\"url\":\"https:\/\/cienmilhijos.es\/wp-content\/uploads\/2023\/12\/logo2.png\",\"contentUrl\":\"https:\/\/cienmilhijos.es\/wp-content\/uploads\/2023\/12\/logo2.png\",\"width\":1150,\"height\":127,\"caption\":\"Cien Mil Hijos\"},\"image\":{\"@id\":\"https:\/\/cienmilhijos.es\/#\/schema\/logo\/image\/\"},\"sameAs\":[\"https:\/\/www.facebook.com\/cienmilhijosanimales\/?locale=es_ES\"]}]}<\/script>\n<!-- \/ Yoast SEO plugin. -->","yoast_head_json":{"title":"Spray Dent\u00edfrico Dentican - Cien Mil Hijos","robots":{"index":"index","follow":"follow","max-snippet":"max-snippet:-1","max-image-preview":"max-image-preview:large","max-video-preview":"max-video-preview:-1"},"canonical":"https:\/\/cienmilhijos.es\/en\/product\/spray-dentifrico-dentican\/","og_locale":"en_GB","og_type":"article","og_title":"Spray Dent\u00edfrico Dentican - Cien Mil Hijos","og_description":"Spray dent\u00edfrico de triple acci\u00f3n para perros y gatos Dentican Dentican spray es un dent\u00edfrico en spray para mascotas. Con este producto para la higiene de perros y gatos te&hellip;","og_url":"https:\/\/cienmilhijos.es\/en\/product\/spray-dentifrico-dentican\/","og_site_name":"Cien Mil Hijos","article_publisher":"https:\/\/www.facebook.com\/cienmilhijosanimales\/?locale=es_ES","article_modified_time":"2023-12-20T12:30:57+00:00","og_image":[{"width":780,"height":780,"url":"https:\/\/cienmilhijos.es\/wp-content\/uploads\/2023\/11\/higiene_perros_Stanvet_Denticat_dentifrico_para_mascotas_TLP78700_M.webp","type":"image\/webp"}],"twitter_card":"summary_large_image","twitter_misc":{"Estimated reading time":"2 minutes"},"schema":{"@context":"https:\/\/schema.org","@graph":[{"@type":"WebPage","@id":"https:\/\/cienmilhijos.es\/product\/spray-dentifrico-dentican\/","url":"https:\/\/cienmilhijos.es\/product\/spray-dentifrico-dentican\/","name":"Spray Dent\u00edfrico Dentican - Cien Mil Hijos","isPartOf":{"@id":"https:\/\/cienmilhijos.es\/#website"},"datePublished":"2023-11-05T11:54:40+00:00","dateModified":"2023-12-20T12:30:57+00:00","breadcrumb":{"@id":"https:\/\/cienmilhijos.es\/product\/spray-dentifrico-dentican\/#breadcrumb"},"inLanguage":"en-GB","potentialAction":[{"@type":"ReadAction","target":["https:\/\/cienmilhijos.es\/product\/spray-dentifrico-dentican\/"]}]},{"@type":"BreadcrumbList","@id":"https:\/\/cienmilhijos.es\/product\/spray-dentifrico-dentican\/#breadcrumb","itemListElement":[{"@type":"ListItem","position":1,"name":"Portada","item":"https:\/\/cienmilhijos.es\/"},{"@type":"ListItem","position":2,"name":"Tienda","item":"https:\/\/cienmilhijos.es\/tienda\/"},{"@type":"ListItem","position":3,"name":"Spray Dent\u00edfrico Dentican"}]},{"@type":"WebSite","@id":"https:\/\/cienmilhijos.es\/#website","url":"https:\/\/cienmilhijos.es\/","name":"Cien Mil Hijos","description":"Cuidado de animales &amp; tienda de mascotas","publisher":{"@id":"https:\/\/cienmilhijos.es\/#organization"},"potentialAction":[{"@type":"SearchAction","target":{"@type":"EntryPoint","urlTemplate":"https:\/\/cienmilhijos.es\/?s={search_term_string}"},"query-input":"required name=search_term_string"}],"inLanguage":"en-GB"},{"@type":"Organization","@id":"https:\/\/cienmilhijos.es\/#organization","name":"Cien Mil Hijos","url":"https:\/\/cienmilhijos.es\/","logo":{"@type":"ImageObject","inLanguage":"en-GB","@id":"https:\/\/cienmilhijos.es\/#\/schema\/logo\/image\/","url":"https:\/\/cienmilhijos.es\/wp-content\/uploads\/2023\/12\/logo2.png","contentUrl":"https:\/\/cienmilhijos.es\/wp-content\/uploads\/2023\/12\/logo2.png","width":1150,"height":127,"caption":"Cien Mil Hijos"},"image":{"@id":"https:\/\/cienmilhijos.es\/#\/schema\/logo\/image\/"},"sameAs":["https:\/\/www.facebook.com\/cienmilhijosanimales\/?locale=es_ES"]}]}},"_links":{"self":[{"href":"https:\/\/cienmilhijos.es\/en\/wp-json\/wp\/v2\/product\/25970","targetHints":{"allow":["GET"]}}],"collection":[{"href":"https:\/\/cienmilhijos.es\/en\/wp-json\/wp\/v2\/product"}],"about":[{"href":"https:\/\/cienmilhijos.es\/en\/wp-json\/wp\/v2\/types\/product"}],"replies":[{"embeddable":true,"href":"https:\/\/cienmilhijos.es\/en\/wp-json\/wp\/v2\/comments?post=25970"}],"wp:featuredmedia":[{"embeddable":true,"href":"https:\/\/cienmilhijos.es\/en\/wp-json\/wp\/v2\/media\/25971"}],"wp:attachment":[{"href":"https:\/\/cienmilhijos.es\/en\/wp-json\/wp\/v2\/media?parent=25970"}],"wp:term":[{"taxonomy":"product_cat","embeddable":true,"href":"https:\/\/cienmilhijos.es\/en\/wp-json\/wp\/v2\/product_cat?post=25970"},{"taxonomy":"product_tag","embeddable":true,"href":"https:\/\/cienmilhijos.es\/en\/wp-json\/wp\/v2\/product_tag?post=25970"}],"curies":[{"name":"wp","href":"https:\/\/api.w.org\/{rel}","templated":true}]}}