{"id":25900,"date":"2023-10-31T12:38:52","date_gmt":"2023-10-31T12:38:52","guid":{"rendered":"https:\/\/cienmilhijos.es\/?post_type=product&#038;p=25900"},"modified":"2023-12-20T15:19:44","modified_gmt":"2023-12-20T15:19:44","slug":"kong-negro-extrem","status":"publish","type":"product","link":"https:\/\/cienmilhijos.es\/en\/product\/kong-negro-extrem\/","title":{"rendered":"Kong Negro Extrem"},"content":{"rendered":"<p><span style=\"font-weight: 400;\">KONG Extrem, fabricado con caucho mas resistente, este juguete es <\/span><b><strong>perfecto para morder y jugar<\/strong><\/b><span style=\"font-weight: 400;\">\u00a0e, incluso, se puede rellenar con snacks.<\/span><br style=\"font-weight: 400;\" \/><br style=\"font-weight: 400;\" \/><span style=\"font-weight: 400;\">Para los perros, morder y cazar forma parte de su instinto; con KONG Extrem ayudar\u00e1s a tu mejor amigo a satisfacer esta necesidad natural. El juguete m\u00e1s cl\u00e1sico de la gama KONG est\u00e1 fabricado con <\/span><b><strong>caucho natural de color negro<\/strong><\/b><span style=\"font-weight: 400;\">\u00a0con una textura suave que invita a no dejar de morder y jugar.<\/span><br style=\"font-weight: 400;\" \/><br style=\"font-weight: 400;\" \/><span style=\"font-weight: 400;\">KONG Extrem es la mejor manera de acabar con el aburrimiento, es perfecto para jugar a lanzar y traer al aire libre. Una de sus caracter\u00edsticas m\u00e1s divertidas es que <\/span><b><strong>rebota de modo imprevisible<\/strong><\/b><span style=\"font-weight: 400;\">, por lo que saltar\u00e1 de un lado a otro para estimular el instinto de juego y de caza de tu perro y para aportarle horas y horas de diversi\u00f3n.<\/span><br style=\"font-weight: 400;\" \/><br style=\"font-weight: 400;\" \/><span style=\"font-weight: 400;\">Si quieres que KONG sea todav\u00eda m\u00e1s interesante, puedes rellenarlo con snacks, que puedes introducir f\u00e1cilmente a trav\u00e9s de un orificio. Cuando tu perro consiga atrapar su KONG Extrem, puede continuar pas\u00e1ndoselo en grande tratando de sacar su recompensa. Cada vez son m\u00e1s los due\u00f1os que ven c\u00f3mo su perro se divierte horas y horas con KONG Extrem.<\/span><br style=\"font-weight: 400;\" \/><br style=\"font-weight: 400;\" \/><span style=\"font-weight: 400;\">Al igual que el resto de juguetes de la gama KONG Extrem est\u00e1 disponible en varios tama\u00f1os, para que elijas el que mejor se adapta a tu perro, seg\u00fan su raza y su peso.<\/span><\/p>\n<p style=\"font-weight: 400;\"><b><strong>Todas las caracter\u00edsticas de un vistazo:<\/strong><\/b><\/p>\n<ul style=\"font-weight: 400;\">\n<li>Juguete para perros, perfecto para lanzar y traer, para morder y para jugar<\/li>\n<li><b><strong>Salta y rebota de forma imprevisible<\/strong><\/b><\/li>\n<li><b><strong>Se puede rellenar con snacks o pat\u00e9<\/strong><\/b><\/li>\n<li>Satisface el instinto natural de jugar y morder<\/li>\n<li><b><strong>Color<\/strong><\/b>: Negro<\/li>\n<li><b><strong>Material<\/strong><\/b>: caucho natural compacto<\/li>\n<\/ul>\n<p><b>Advertencia:<\/b><br \/>\nAl igual que con cualquier otro art\u00edculo, vigila a tu perro mientras juega. Revisa el producto peri\u00f3dicamente y aseg\u00farate de que no sea defectuoso ni est\u00e9 deteriorado. Si as\u00ed fuera, sustituye o desecha este juguete. En caso contrario, tu perro podr\u00eda tragarse alguna pieza y sufrir posibles lesiones o molestias<\/p>","protected":false},"excerpt":{"rendered":"<p>KONG Extrem, fabricado con caucho mas resistente, este juguete es perfecto para morder y jugar\u00a0e, incluso, se puede rellenar con snacks.Para los perros, morder y cazar forma parte de su&hellip;<\/p>","protected":false},"featured_media":25905,"comment_status":"open","ping_status":"closed","template":"","meta":[],"product_cat":[273],"product_tag":[],"class_list":["post-25900","product","type-product","status-publish","has-post-thumbnail","hentry","product_cat-juguetes-perros"],"yoast_head":"<!-- This site is optimized with the Yoast SEO plugin v21.6 - https:\/\/yoast.com\/wordpress\/plugins\/seo\/ -->\n<title>Kong Negro Extrem - Cien Mil Hijos<\/title>\n<meta name=\"robots\" content=\"index, follow, max-snippet:-1, max-image-preview:large, max-video-preview:-1\" \/>\n<link rel=\"canonical\" href=\"https:\/\/cienmilhijos.es\/en\/product\/kong-negro-extrem\/\" \/>\n<meta property=\"og:locale\" content=\"en_GB\" \/>\n<meta property=\"og:type\" content=\"article\" \/>\n<meta property=\"og:title\" content=\"Kong Negro Extrem - Cien Mil Hijos\" \/>\n<meta property=\"og:description\" content=\"KONG Extrem, fabricado con caucho mas resistente, este juguete es perfecto para morder y jugar\u00a0e, incluso, se puede rellenar con snacks.Para los perros, morder y cazar forma parte de su&hellip;\" \/>\n<meta property=\"og:url\" content=\"https:\/\/cienmilhijos.es\/en\/product\/kong-negro-extrem\/\" \/>\n<meta property=\"og:site_name\" content=\"Cien Mil Hijos\" \/>\n<meta property=\"article:publisher\" content=\"https:\/\/www.facebook.com\/cienmilhijosanimales\/?locale=es_ES\" \/>\n<meta property=\"article:modified_time\" content=\"2023-12-20T15:19:44+00:00\" \/>\n<meta property=\"og:image\" content=\"https:\/\/cienmilhijos.es\/wp-content\/uploads\/2023\/10\/shopping-14.webp\" \/>\n\t<meta property=\"og:image:width\" content=\"173\" \/>\n\t<meta property=\"og:image:height\" content=\"173\" \/>\n\t<meta property=\"og:image:type\" content=\"image\/webp\" \/>\n<meta name=\"twitter:card\" content=\"summary_large_image\" \/>\n<meta name=\"twitter:label1\" content=\"Estimated reading time\" \/>\n\t<meta name=\"twitter:data1\" content=\"2 minutes\" \/>\n<script type=\"application\/ld+json\" class=\"yoast-schema-graph\">{\"@context\":\"https:\/\/schema.org\",\"@graph\":[{\"@type\":\"WebPage\",\"@id\":\"https:\/\/cienmilhijos.es\/product\/kong-negro-extrem\/\",\"url\":\"https:\/\/cienmilhijos.es\/product\/kong-negro-extrem\/\",\"name\":\"Kong Negro Extrem - Cien Mil Hijos\",\"isPartOf\":{\"@id\":\"https:\/\/cienmilhijos.es\/#website\"},\"datePublished\":\"2023-10-31T12:38:52+00:00\",\"dateModified\":\"2023-12-20T15:19:44+00:00\",\"breadcrumb\":{\"@id\":\"https:\/\/cienmilhijos.es\/product\/kong-negro-extrem\/#breadcrumb\"},\"inLanguage\":\"en-GB\",\"potentialAction\":[{\"@type\":\"ReadAction\",\"target\":[\"https:\/\/cienmilhijos.es\/product\/kong-negro-extrem\/\"]}]},{\"@type\":\"BreadcrumbList\",\"@id\":\"https:\/\/cienmilhijos.es\/product\/kong-negro-extrem\/#breadcrumb\",\"itemListElement\":[{\"@type\":\"ListItem\",\"position\":1,\"name\":\"Portada\",\"item\":\"https:\/\/cienmilhijos.es\/\"},{\"@type\":\"ListItem\",\"position\":2,\"name\":\"Tienda\",\"item\":\"https:\/\/cienmilhijos.es\/tienda\/\"},{\"@type\":\"ListItem\",\"position\":3,\"name\":\"Kong Negro Extrem\"}]},{\"@type\":\"WebSite\",\"@id\":\"https:\/\/cienmilhijos.es\/#website\",\"url\":\"https:\/\/cienmilhijos.es\/\",\"name\":\"Cien Mil Hijos\",\"description\":\"Cuidado de animales &amp; tienda de mascotas\",\"publisher\":{\"@id\":\"https:\/\/cienmilhijos.es\/#organization\"},\"potentialAction\":[{\"@type\":\"SearchAction\",\"target\":{\"@type\":\"EntryPoint\",\"urlTemplate\":\"https:\/\/cienmilhijos.es\/?s={search_term_string}\"},\"query-input\":\"required name=search_term_string\"}],\"inLanguage\":\"en-GB\"},{\"@type\":\"Organization\",\"@id\":\"https:\/\/cienmilhijos.es\/#organization\",\"name\":\"Cien Mil Hijos\",\"url\":\"https:\/\/cienmilhijos.es\/\",\"logo\":{\"@type\":\"ImageObject\",\"inLanguage\":\"en-GB\",\"@id\":\"https:\/\/cienmilhijos.es\/#\/schema\/logo\/image\/\",\"url\":\"https:\/\/cienmilhijos.es\/wp-content\/uploads\/2023\/12\/logo2.png\",\"contentUrl\":\"https:\/\/cienmilhijos.es\/wp-content\/uploads\/2023\/12\/logo2.png\",\"width\":1150,\"height\":127,\"caption\":\"Cien Mil Hijos\"},\"image\":{\"@id\":\"https:\/\/cienmilhijos.es\/#\/schema\/logo\/image\/\"},\"sameAs\":[\"https:\/\/www.facebook.com\/cienmilhijosanimales\/?locale=es_ES\"]}]}<\/script>\n<!-- \/ Yoast SEO plugin. -->","yoast_head_json":{"title":"Kong Negro Extrem - Cien Mil Hijos","robots":{"index":"index","follow":"follow","max-snippet":"max-snippet:-1","max-image-preview":"max-image-preview:large","max-video-preview":"max-video-preview:-1"},"canonical":"https:\/\/cienmilhijos.es\/en\/product\/kong-negro-extrem\/","og_locale":"en_GB","og_type":"article","og_title":"Kong Negro Extrem - Cien Mil Hijos","og_description":"KONG Extrem, fabricado con caucho mas resistente, este juguete es perfecto para morder y jugar\u00a0e, incluso, se puede rellenar con snacks.Para los perros, morder y cazar forma parte de su&hellip;","og_url":"https:\/\/cienmilhijos.es\/en\/product\/kong-negro-extrem\/","og_site_name":"Cien Mil Hijos","article_publisher":"https:\/\/www.facebook.com\/cienmilhijosanimales\/?locale=es_ES","article_modified_time":"2023-12-20T15:19:44+00:00","og_image":[{"width":173,"height":173,"url":"https:\/\/cienmilhijos.es\/wp-content\/uploads\/2023\/10\/shopping-14.webp","type":"image\/webp"}],"twitter_card":"summary_large_image","twitter_misc":{"Estimated reading time":"2 minutes"},"schema":{"@context":"https:\/\/schema.org","@graph":[{"@type":"WebPage","@id":"https:\/\/cienmilhijos.es\/product\/kong-negro-extrem\/","url":"https:\/\/cienmilhijos.es\/product\/kong-negro-extrem\/","name":"Kong Negro Extrem - Cien Mil Hijos","isPartOf":{"@id":"https:\/\/cienmilhijos.es\/#website"},"datePublished":"2023-10-31T12:38:52+00:00","dateModified":"2023-12-20T15:19:44+00:00","breadcrumb":{"@id":"https:\/\/cienmilhijos.es\/product\/kong-negro-extrem\/#breadcrumb"},"inLanguage":"en-GB","potentialAction":[{"@type":"ReadAction","target":["https:\/\/cienmilhijos.es\/product\/kong-negro-extrem\/"]}]},{"@type":"BreadcrumbList","@id":"https:\/\/cienmilhijos.es\/product\/kong-negro-extrem\/#breadcrumb","itemListElement":[{"@type":"ListItem","position":1,"name":"Portada","item":"https:\/\/cienmilhijos.es\/"},{"@type":"ListItem","position":2,"name":"Tienda","item":"https:\/\/cienmilhijos.es\/tienda\/"},{"@type":"ListItem","position":3,"name":"Kong Negro Extrem"}]},{"@type":"WebSite","@id":"https:\/\/cienmilhijos.es\/#website","url":"https:\/\/cienmilhijos.es\/","name":"Cien Mil Hijos","description":"Cuidado de animales &amp; tienda de mascotas","publisher":{"@id":"https:\/\/cienmilhijos.es\/#organization"},"potentialAction":[{"@type":"SearchAction","target":{"@type":"EntryPoint","urlTemplate":"https:\/\/cienmilhijos.es\/?s={search_term_string}"},"query-input":"required name=search_term_string"}],"inLanguage":"en-GB"},{"@type":"Organization","@id":"https:\/\/cienmilhijos.es\/#organization","name":"Cien Mil Hijos","url":"https:\/\/cienmilhijos.es\/","logo":{"@type":"ImageObject","inLanguage":"en-GB","@id":"https:\/\/cienmilhijos.es\/#\/schema\/logo\/image\/","url":"https:\/\/cienmilhijos.es\/wp-content\/uploads\/2023\/12\/logo2.png","contentUrl":"https:\/\/cienmilhijos.es\/wp-content\/uploads\/2023\/12\/logo2.png","width":1150,"height":127,"caption":"Cien Mil Hijos"},"image":{"@id":"https:\/\/cienmilhijos.es\/#\/schema\/logo\/image\/"},"sameAs":["https:\/\/www.facebook.com\/cienmilhijosanimales\/?locale=es_ES"]}]}},"_links":{"self":[{"href":"https:\/\/cienmilhijos.es\/en\/wp-json\/wp\/v2\/product\/25900","targetHints":{"allow":["GET"]}}],"collection":[{"href":"https:\/\/cienmilhijos.es\/en\/wp-json\/wp\/v2\/product"}],"about":[{"href":"https:\/\/cienmilhijos.es\/en\/wp-json\/wp\/v2\/types\/product"}],"replies":[{"embeddable":true,"href":"https:\/\/cienmilhijos.es\/en\/wp-json\/wp\/v2\/comments?post=25900"}],"wp:featuredmedia":[{"embeddable":true,"href":"https:\/\/cienmilhijos.es\/en\/wp-json\/wp\/v2\/media\/25905"}],"wp:attachment":[{"href":"https:\/\/cienmilhijos.es\/en\/wp-json\/wp\/v2\/media?parent=25900"}],"wp:term":[{"taxonomy":"product_cat","embeddable":true,"href":"https:\/\/cienmilhijos.es\/en\/wp-json\/wp\/v2\/product_cat?post=25900"},{"taxonomy":"product_tag","embeddable":true,"href":"https:\/\/cienmilhijos.es\/en\/wp-json\/wp\/v2\/product_tag?post=25900"}],"curies":[{"name":"wp","href":"https:\/\/api.w.org\/{rel}","templated":true}]}}