{"id":25805,"date":"2023-11-03T09:24:17","date_gmt":"2023-11-03T09:24:17","guid":{"rendered":"https:\/\/cienmilhijos.es\/?post_type=product&#038;p=25805"},"modified":"2024-01-02T14:57:32","modified_gmt":"2024-01-02T14:57:32","slug":"arnes-anti-tirones-correa","status":"publish","type":"product","link":"https:\/\/cienmilhijos.es\/en\/product\/arnes-anti-tirones-correa\/","title":{"rendered":"Arn\u00e9s Anti tirones + Correa"},"content":{"rendered":"<p>El arn\u00e9s anti tirones de iba\u00f1ez, es un excelente arn\u00e9s de adiestramiento para perros dise\u00f1ado para evitar delicadamente que el perro tire de la correa. A diferencia de los collares tradicionales, no provoca tos ni sensaci\u00f3n de estrangulamiento, gracias a la trabilla frontal Martingale, que se sit\u00faa por debajo del estern\u00f3n.<\/p>\n<p>El arn\u00e9s\u00a0<strong>incluye una correa con asa<\/strong>, que se engancha en una anilla semicircular situada en la zona tor\u00e1cica anterior. El perro deja de tirar, ya que, si lo hace, se desv\u00eda hacia un lado, con lo que su atenci\u00f3n vuelve a centrarse en el due\u00f1o.<\/p>\n<p>Este arn\u00e9s dispone de cuatro puntos de ajuste sin niveles para adaptarlo al cuerpo del perro. De este modo, tu perro disfrutar\u00e1 de la m\u00e1xima comodidad y la mejor adaptaci\u00f3n.<\/p>\n<p><b>Todas las caracter\u00edsticas de un vistazo:<\/b><\/p>\n<ul>\n<li>Arn\u00e9s de adiestramiento con trabilla frontal Martingale y correa a juego<\/li>\n<li>4 tallas disponibles, para perros de todas las razas<\/li>\n<li><b>Trabilla frontal Martingale con anilla semicircular:<\/b>\n<ul>\n<li>Detiene f\u00e1cil y r\u00e1pidamente los tirones de la correa<\/li>\n<li>Desv\u00eda al perro hacia un lado y redirige su atenci\u00f3n hacia el due\u00f1o<\/li>\n<\/ul>\n<\/li>\n<li><b>Incluye correa con asa<\/b>\u00a0y un mosquet\u00f3n niquelado<\/li>\n<li><b>Ajuste sin niveles en 4 puntos:<\/b>\u00a0para una colocaci\u00f3n y adaptaci\u00f3n perfectas y la m\u00e1xima comodidad<\/li>\n<li><b>2 hebillas de cierre r\u00e1pido:<\/b>\u00a0el arn\u00e9s se pone y se quita f\u00e1cilmente<\/li>\n<li><b>Suave nailon:<\/b>\u00a0delicado con la piel, pues no se clava<\/li>\n<li><b>Recomendado por veterinarios y adiestradores caninos<\/b><\/li>\n<li>Resistente, aguanta las condiciones meteorol\u00f3gicas adversas<\/li>\n<li><strong>Tipo de arn\u00e9s<\/strong>: arn\u00e9s de adiestramiento<\/li>\n<li><b>Material:<\/b>\n<ul>\n<li>Arn\u00e9s y correa: 100 % nailon<\/li>\n<li>4 ajustes: metal<\/li>\n<li>Anillas y mosquet\u00f3n: metal niquelado<\/li>\n<\/ul>\n<\/li>\n<li><b>Color:<\/b>\n<ul>\n<li>Arn\u00e9s: negro y gris<\/li>\n<li>Correa: negro<\/li>\n<li>En Stock tenemos la gama de negros, bajo pedido , se puede solicitar tambi\u00e9n de color rojo.<\/li>\n<\/ul>\n<\/li>\n<li><strong>Tipo de cierre<\/strong>: hebillas de cierre r\u00e1pido<\/li>\n<li><strong>Material de los cierres<\/strong>: pl\u00e1stico<\/li>\n<\/ul>\n<p><b>Tabla de medidas del arn\u00e9s Easy Walk<\/b><\/p>\n<table border=\"\" width=\"100%\">\n<colgroup>\n<col width=\"10%\" \/>\n<col width=\"20%\" \/>\n<col width=\"20%\" \/>\n<col width=\"20%\" \/>\n<col width=\"30%\" \/><\/colgroup>\n<tbody>\n<tr>\n<td align=\"center\"><small><b>Talla<\/b><\/small><\/td>\n<td align=\"center\"><small><b>Contorno del pecho<\/b><\/small><\/td>\n<td align=\"center\"><small><b>Anchura de la cinta<\/b><\/small><\/td>\n<td align=\"center\"><small><b>Longitud\/anchura de la correa<\/b><\/small><\/td>\n<td align=\"center\"><small><b>Razas recomendadas<\/b><\/small><\/td>\n<\/tr>\n<tr>\n<td align=\"center\"><small>S<\/small><\/td>\n<td align=\"center\"><small>25 &#8211; 30 cm<\/small><\/td>\n<td align=\"center\"><small>1,2 cm<\/small><\/td>\n<td align=\"center\"><small>180 \/ 1,2 cm<\/small><\/td>\n<td align=\"center\"><small>Jack russell terrier, sheltie, caniche enano<\/small><\/td>\n<\/tr>\n<tr>\n<td align=\"center\"><small>M<\/small><\/td>\n<td align=\"center\"><small>32 &#8211; 40 cm<\/small><\/td>\n<td align=\"center\"><small>2,0 cm<\/small><\/td>\n<td align=\"center\"><small>180 \/ 2,0 cm<\/small><\/td>\n<td align=\"center\"><small>Border collie, spaniel, american staffordshire terrier<\/small><\/td>\n<\/tr>\n<tr>\n<td align=\"center\"><small>L<\/small><\/td>\n<td align=\"center\"><small>41 &#8211; 54 cm<\/small><\/td>\n<td align=\"center\"><small>2,5 cm<\/small><\/td>\n<td align=\"center\"><small>180 \/ 2,5 cm<\/small><\/td>\n<td align=\"center\"><small>Labrador, golden retriever, pastor alem\u00e1n, rottweiler<\/small><\/td>\n<\/tr>\n<\/tbody>\n<\/table>\n<p>&nbsp;<\/p>\n<p>Tambi\u00e9n disponemos de talla XL para perros gigantes, con un contorno de pecho de 48- 69cm.<\/p>\n<p><b>Advertencia:<\/b><br \/>\nPara averiguar cu\u00e1l es la talla de arn\u00e9s apropiada para tu perro, mide el contorno de su pecho justo detr\u00e1s de las patas delanteras.<\/p>","protected":false},"excerpt":{"rendered":"<p>El arn\u00e9s anti tirones de iba\u00f1ez, es un excelente arn\u00e9s de adiestramiento para perros dise\u00f1ado para evitar delicadamente que el perro tire de la correa. A diferencia de los collares&hellip;<\/p>","protected":false},"featured_media":25806,"comment_status":"open","ping_status":"closed","template":"","meta":[],"product_cat":[315],"product_tag":[],"class_list":["post-25805","product","type-product","status-publish","has-post-thumbnail","hentry","product_cat-arneses-y-correas"],"yoast_head":"<!-- This site is optimized with the Yoast SEO plugin v21.6 - https:\/\/yoast.com\/wordpress\/plugins\/seo\/ -->\n<title>Arn\u00e9s Anti tirones + Correa - Cien Mil Hijos<\/title>\n<meta name=\"robots\" content=\"index, follow, max-snippet:-1, max-image-preview:large, max-video-preview:-1\" \/>\n<link rel=\"canonical\" href=\"https:\/\/cienmilhijos.es\/en\/product\/arnes-anti-tirones-correa\/\" \/>\n<meta property=\"og:locale\" content=\"en_GB\" \/>\n<meta property=\"og:type\" content=\"article\" \/>\n<meta property=\"og:title\" content=\"Arn\u00e9s Anti tirones + Correa - Cien Mil Hijos\" \/>\n<meta property=\"og:description\" content=\"El arn\u00e9s anti tirones de iba\u00f1ez, es un excelente arn\u00e9s de adiestramiento para perros dise\u00f1ado para evitar delicadamente que el perro tire de la correa. A diferencia de los collares&hellip;\" \/>\n<meta property=\"og:url\" content=\"https:\/\/cienmilhijos.es\/en\/product\/arnes-anti-tirones-correa\/\" \/>\n<meta property=\"og:site_name\" content=\"Cien Mil Hijos\" \/>\n<meta property=\"article:publisher\" content=\"https:\/\/www.facebook.com\/cienmilhijosanimales\/?locale=es_ES\" \/>\n<meta property=\"article:modified_time\" content=\"2024-01-02T14:57:32+00:00\" \/>\n<meta property=\"og:image\" content=\"https:\/\/cienmilhijos.es\/wp-content\/uploads\/2023\/10\/shopping-10.webp\" \/>\n\t<meta property=\"og:image:width\" content=\"173\" \/>\n\t<meta property=\"og:image:height\" content=\"178\" \/>\n\t<meta property=\"og:image:type\" content=\"image\/webp\" \/>\n<meta name=\"twitter:card\" content=\"summary_large_image\" \/>\n<meta name=\"twitter:label1\" content=\"Estimated reading time\" \/>\n\t<meta name=\"twitter:data1\" content=\"2 minutes\" \/>\n<script type=\"application\/ld+json\" class=\"yoast-schema-graph\">{\"@context\":\"https:\/\/schema.org\",\"@graph\":[{\"@type\":\"WebPage\",\"@id\":\"https:\/\/cienmilhijos.es\/product\/arnes-anti-tirones-correa\/\",\"url\":\"https:\/\/cienmilhijos.es\/product\/arnes-anti-tirones-correa\/\",\"name\":\"Arn\u00e9s Anti tirones + Correa - Cien Mil Hijos\",\"isPartOf\":{\"@id\":\"https:\/\/cienmilhijos.es\/#website\"},\"datePublished\":\"2023-11-03T09:24:17+00:00\",\"dateModified\":\"2024-01-02T14:57:32+00:00\",\"breadcrumb\":{\"@id\":\"https:\/\/cienmilhijos.es\/product\/arnes-anti-tirones-correa\/#breadcrumb\"},\"inLanguage\":\"en-GB\",\"potentialAction\":[{\"@type\":\"ReadAction\",\"target\":[\"https:\/\/cienmilhijos.es\/product\/arnes-anti-tirones-correa\/\"]}]},{\"@type\":\"BreadcrumbList\",\"@id\":\"https:\/\/cienmilhijos.es\/product\/arnes-anti-tirones-correa\/#breadcrumb\",\"itemListElement\":[{\"@type\":\"ListItem\",\"position\":1,\"name\":\"Portada\",\"item\":\"https:\/\/cienmilhijos.es\/\"},{\"@type\":\"ListItem\",\"position\":2,\"name\":\"Tienda\",\"item\":\"https:\/\/cienmilhijos.es\/tienda\/\"},{\"@type\":\"ListItem\",\"position\":3,\"name\":\"Arn\u00e9s Anti tirones + Correa\"}]},{\"@type\":\"WebSite\",\"@id\":\"https:\/\/cienmilhijos.es\/#website\",\"url\":\"https:\/\/cienmilhijos.es\/\",\"name\":\"Cien Mil Hijos\",\"description\":\"Cuidado de animales &amp; tienda de mascotas\",\"publisher\":{\"@id\":\"https:\/\/cienmilhijos.es\/#organization\"},\"potentialAction\":[{\"@type\":\"SearchAction\",\"target\":{\"@type\":\"EntryPoint\",\"urlTemplate\":\"https:\/\/cienmilhijos.es\/?s={search_term_string}\"},\"query-input\":\"required name=search_term_string\"}],\"inLanguage\":\"en-GB\"},{\"@type\":\"Organization\",\"@id\":\"https:\/\/cienmilhijos.es\/#organization\",\"name\":\"Cien Mil Hijos\",\"url\":\"https:\/\/cienmilhijos.es\/\",\"logo\":{\"@type\":\"ImageObject\",\"inLanguage\":\"en-GB\",\"@id\":\"https:\/\/cienmilhijos.es\/#\/schema\/logo\/image\/\",\"url\":\"https:\/\/cienmilhijos.es\/wp-content\/uploads\/2023\/12\/logo2.png\",\"contentUrl\":\"https:\/\/cienmilhijos.es\/wp-content\/uploads\/2023\/12\/logo2.png\",\"width\":1150,\"height\":127,\"caption\":\"Cien Mil Hijos\"},\"image\":{\"@id\":\"https:\/\/cienmilhijos.es\/#\/schema\/logo\/image\/\"},\"sameAs\":[\"https:\/\/www.facebook.com\/cienmilhijosanimales\/?locale=es_ES\"]}]}<\/script>\n<!-- \/ Yoast SEO plugin. -->","yoast_head_json":{"title":"Arn\u00e9s Anti tirones + Correa - Cien Mil Hijos","robots":{"index":"index","follow":"follow","max-snippet":"max-snippet:-1","max-image-preview":"max-image-preview:large","max-video-preview":"max-video-preview:-1"},"canonical":"https:\/\/cienmilhijos.es\/en\/product\/arnes-anti-tirones-correa\/","og_locale":"en_GB","og_type":"article","og_title":"Arn\u00e9s Anti tirones + Correa - Cien Mil Hijos","og_description":"El arn\u00e9s anti tirones de iba\u00f1ez, es un excelente arn\u00e9s de adiestramiento para perros dise\u00f1ado para evitar delicadamente que el perro tire de la correa. A diferencia de los collares&hellip;","og_url":"https:\/\/cienmilhijos.es\/en\/product\/arnes-anti-tirones-correa\/","og_site_name":"Cien Mil Hijos","article_publisher":"https:\/\/www.facebook.com\/cienmilhijosanimales\/?locale=es_ES","article_modified_time":"2024-01-02T14:57:32+00:00","og_image":[{"width":173,"height":178,"url":"https:\/\/cienmilhijos.es\/wp-content\/uploads\/2023\/10\/shopping-10.webp","type":"image\/webp"}],"twitter_card":"summary_large_image","twitter_misc":{"Estimated reading time":"2 minutes"},"schema":{"@context":"https:\/\/schema.org","@graph":[{"@type":"WebPage","@id":"https:\/\/cienmilhijos.es\/product\/arnes-anti-tirones-correa\/","url":"https:\/\/cienmilhijos.es\/product\/arnes-anti-tirones-correa\/","name":"Arn\u00e9s Anti tirones + Correa - Cien Mil Hijos","isPartOf":{"@id":"https:\/\/cienmilhijos.es\/#website"},"datePublished":"2023-11-03T09:24:17+00:00","dateModified":"2024-01-02T14:57:32+00:00","breadcrumb":{"@id":"https:\/\/cienmilhijos.es\/product\/arnes-anti-tirones-correa\/#breadcrumb"},"inLanguage":"en-GB","potentialAction":[{"@type":"ReadAction","target":["https:\/\/cienmilhijos.es\/product\/arnes-anti-tirones-correa\/"]}]},{"@type":"BreadcrumbList","@id":"https:\/\/cienmilhijos.es\/product\/arnes-anti-tirones-correa\/#breadcrumb","itemListElement":[{"@type":"ListItem","position":1,"name":"Portada","item":"https:\/\/cienmilhijos.es\/"},{"@type":"ListItem","position":2,"name":"Tienda","item":"https:\/\/cienmilhijos.es\/tienda\/"},{"@type":"ListItem","position":3,"name":"Arn\u00e9s Anti tirones + Correa"}]},{"@type":"WebSite","@id":"https:\/\/cienmilhijos.es\/#website","url":"https:\/\/cienmilhijos.es\/","name":"Cien Mil Hijos","description":"Cuidado de animales &amp; tienda de mascotas","publisher":{"@id":"https:\/\/cienmilhijos.es\/#organization"},"potentialAction":[{"@type":"SearchAction","target":{"@type":"EntryPoint","urlTemplate":"https:\/\/cienmilhijos.es\/?s={search_term_string}"},"query-input":"required name=search_term_string"}],"inLanguage":"en-GB"},{"@type":"Organization","@id":"https:\/\/cienmilhijos.es\/#organization","name":"Cien Mil Hijos","url":"https:\/\/cienmilhijos.es\/","logo":{"@type":"ImageObject","inLanguage":"en-GB","@id":"https:\/\/cienmilhijos.es\/#\/schema\/logo\/image\/","url":"https:\/\/cienmilhijos.es\/wp-content\/uploads\/2023\/12\/logo2.png","contentUrl":"https:\/\/cienmilhijos.es\/wp-content\/uploads\/2023\/12\/logo2.png","width":1150,"height":127,"caption":"Cien Mil Hijos"},"image":{"@id":"https:\/\/cienmilhijos.es\/#\/schema\/logo\/image\/"},"sameAs":["https:\/\/www.facebook.com\/cienmilhijosanimales\/?locale=es_ES"]}]}},"_links":{"self":[{"href":"https:\/\/cienmilhijos.es\/en\/wp-json\/wp\/v2\/product\/25805","targetHints":{"allow":["GET"]}}],"collection":[{"href":"https:\/\/cienmilhijos.es\/en\/wp-json\/wp\/v2\/product"}],"about":[{"href":"https:\/\/cienmilhijos.es\/en\/wp-json\/wp\/v2\/types\/product"}],"replies":[{"embeddable":true,"href":"https:\/\/cienmilhijos.es\/en\/wp-json\/wp\/v2\/comments?post=25805"}],"wp:featuredmedia":[{"embeddable":true,"href":"https:\/\/cienmilhijos.es\/en\/wp-json\/wp\/v2\/media\/25806"}],"wp:attachment":[{"href":"https:\/\/cienmilhijos.es\/en\/wp-json\/wp\/v2\/media?parent=25805"}],"wp:term":[{"taxonomy":"product_cat","embeddable":true,"href":"https:\/\/cienmilhijos.es\/en\/wp-json\/wp\/v2\/product_cat?post=25805"},{"taxonomy":"product_tag","embeddable":true,"href":"https:\/\/cienmilhijos.es\/en\/wp-json\/wp\/v2\/product_tag?post=25805"}],"curies":[{"name":"wp","href":"https:\/\/api.w.org\/{rel}","templated":true}]}}