{"id":25616,"date":"2023-10-16T07:47:53","date_gmt":"2023-10-16T07:47:53","guid":{"rendered":"https:\/\/cienmilhijos.es\/?post_type=product&#038;p=25616"},"modified":"2023-10-16T07:47:53","modified_gmt":"2023-10-16T07:47:53","slug":"trasportin-iata-puerta-metalica","status":"publish","type":"product","link":"https:\/\/cienmilhijos.es\/en\/product\/trasportin-iata-puerta-metalica\/","title":{"rendered":"Trasport\u00edn Iata  Puerta met\u00e1lica"},"content":{"rendered":"<p><strong>Transport\u00edn<\/strong> para mascotas con puerta de metal IATA, construido para un viaje seguro en todo momento, con base de pl\u00e1stico r\u00edgido y puerta resistente.<\/p>\n<p>Cumple la normativa IATA para viajes en avi\u00f3n.<\/p>\n<p>Disponible en dos tama\u00f1os y tres colores, Azul, Rosa y Rojo.<\/p>\n<p>SI tiene preferencia en alg\u00fan color en concreto, escr\u00edbalo en comentarios al hacer el pedido.<\/p>","protected":false},"excerpt":{"rendered":"<p>Transport\u00edn para mascotas con puerta de metal IATA, construido para un viaje seguro en todo momento, con base de pl\u00e1stico r\u00edgido y puerta resistente. Cumple la normativa IATA para viajes&hellip;<\/p>","protected":false},"featured_media":25617,"comment_status":"open","ping_status":"closed","template":"","meta":[],"product_cat":[271,272,255],"product_tag":[],"class_list":["post-25616","product","type-product","status-publish","has-post-thumbnail","hentry","product_cat-articulos-gatos","product_cat-articulos-perros","product_cat-conejos-o-cobayas"],"yoast_head":"<!-- This site is optimized with the Yoast SEO plugin v21.6 - https:\/\/yoast.com\/wordpress\/plugins\/seo\/ -->\n<title>Trasport\u00edn Iata Puerta met\u00e1lica - Cien Mil Hijos<\/title>\n<meta name=\"robots\" content=\"index, follow, max-snippet:-1, max-image-preview:large, max-video-preview:-1\" \/>\n<link rel=\"canonical\" href=\"https:\/\/cienmilhijos.es\/en\/product\/trasportin-iata-puerta-metalica\/\" \/>\n<meta property=\"og:locale\" content=\"en_GB\" \/>\n<meta property=\"og:type\" content=\"article\" \/>\n<meta property=\"og:title\" content=\"Trasport\u00edn Iata Puerta met\u00e1lica - Cien Mil Hijos\" \/>\n<meta property=\"og:description\" content=\"Transport\u00edn para mascotas con puerta de metal IATA, construido para un viaje seguro en todo momento, con base de pl\u00e1stico r\u00edgido y puerta resistente. Cumple la normativa IATA para viajes&hellip;\" \/>\n<meta property=\"og:url\" content=\"https:\/\/cienmilhijos.es\/en\/product\/trasportin-iata-puerta-metalica\/\" \/>\n<meta property=\"og:site_name\" content=\"Cien Mil Hijos\" \/>\n<meta property=\"article:publisher\" content=\"https:\/\/www.facebook.com\/cienmilhijosanimales\/?locale=es_ES\" \/>\n<meta property=\"og:image\" content=\"https:\/\/cienmilhijos.es\/wp-content\/uploads\/2023\/10\/images-23.jpg\" \/>\n\t<meta property=\"og:image:width\" content=\"100\" \/>\n\t<meta property=\"og:image:height\" content=\"130\" \/>\n\t<meta property=\"og:image:type\" content=\"image\/jpeg\" \/>\n<meta name=\"twitter:card\" content=\"summary_large_image\" \/>\n<script type=\"application\/ld+json\" class=\"yoast-schema-graph\">{\"@context\":\"https:\/\/schema.org\",\"@graph\":[{\"@type\":\"WebPage\",\"@id\":\"https:\/\/cienmilhijos.es\/product\/trasportin-iata-puerta-metalica\/\",\"url\":\"https:\/\/cienmilhijos.es\/product\/trasportin-iata-puerta-metalica\/\",\"name\":\"Trasport\u00edn Iata Puerta met\u00e1lica - Cien Mil Hijos\",\"isPartOf\":{\"@id\":\"https:\/\/cienmilhijos.es\/#website\"},\"datePublished\":\"2023-10-16T07:47:53+00:00\",\"dateModified\":\"2023-10-16T07:47:53+00:00\",\"breadcrumb\":{\"@id\":\"https:\/\/cienmilhijos.es\/product\/trasportin-iata-puerta-metalica\/#breadcrumb\"},\"inLanguage\":\"en-GB\",\"potentialAction\":[{\"@type\":\"ReadAction\",\"target\":[\"https:\/\/cienmilhijos.es\/product\/trasportin-iata-puerta-metalica\/\"]}]},{\"@type\":\"BreadcrumbList\",\"@id\":\"https:\/\/cienmilhijos.es\/product\/trasportin-iata-puerta-metalica\/#breadcrumb\",\"itemListElement\":[{\"@type\":\"ListItem\",\"position\":1,\"name\":\"Portada\",\"item\":\"https:\/\/cienmilhijos.es\/\"},{\"@type\":\"ListItem\",\"position\":2,\"name\":\"Tienda\",\"item\":\"https:\/\/cienmilhijos.es\/tienda\/\"},{\"@type\":\"ListItem\",\"position\":3,\"name\":\"Trasport\u00edn Iata Puerta met\u00e1lica\"}]},{\"@type\":\"WebSite\",\"@id\":\"https:\/\/cienmilhijos.es\/#website\",\"url\":\"https:\/\/cienmilhijos.es\/\",\"name\":\"Cien Mil Hijos\",\"description\":\"Cuidado de animales &amp; tienda de mascotas\",\"publisher\":{\"@id\":\"https:\/\/cienmilhijos.es\/#organization\"},\"potentialAction\":[{\"@type\":\"SearchAction\",\"target\":{\"@type\":\"EntryPoint\",\"urlTemplate\":\"https:\/\/cienmilhijos.es\/?s={search_term_string}\"},\"query-input\":\"required name=search_term_string\"}],\"inLanguage\":\"en-GB\"},{\"@type\":\"Organization\",\"@id\":\"https:\/\/cienmilhijos.es\/#organization\",\"name\":\"Cien Mil Hijos\",\"url\":\"https:\/\/cienmilhijos.es\/\",\"logo\":{\"@type\":\"ImageObject\",\"inLanguage\":\"en-GB\",\"@id\":\"https:\/\/cienmilhijos.es\/#\/schema\/logo\/image\/\",\"url\":\"https:\/\/cienmilhijos.es\/wp-content\/uploads\/2023\/12\/logo2.png\",\"contentUrl\":\"https:\/\/cienmilhijos.es\/wp-content\/uploads\/2023\/12\/logo2.png\",\"width\":1150,\"height\":127,\"caption\":\"Cien Mil Hijos\"},\"image\":{\"@id\":\"https:\/\/cienmilhijos.es\/#\/schema\/logo\/image\/\"},\"sameAs\":[\"https:\/\/www.facebook.com\/cienmilhijosanimales\/?locale=es_ES\"]}]}<\/script>\n<!-- \/ Yoast SEO plugin. -->","yoast_head_json":{"title":"Trasport\u00edn Iata Puerta met\u00e1lica - Cien Mil Hijos","robots":{"index":"index","follow":"follow","max-snippet":"max-snippet:-1","max-image-preview":"max-image-preview:large","max-video-preview":"max-video-preview:-1"},"canonical":"https:\/\/cienmilhijos.es\/en\/product\/trasportin-iata-puerta-metalica\/","og_locale":"en_GB","og_type":"article","og_title":"Trasport\u00edn Iata Puerta met\u00e1lica - Cien Mil Hijos","og_description":"Transport\u00edn para mascotas con puerta de metal IATA, construido para un viaje seguro en todo momento, con base de pl\u00e1stico r\u00edgido y puerta resistente. Cumple la normativa IATA para viajes&hellip;","og_url":"https:\/\/cienmilhijos.es\/en\/product\/trasportin-iata-puerta-metalica\/","og_site_name":"Cien Mil Hijos","article_publisher":"https:\/\/www.facebook.com\/cienmilhijosanimales\/?locale=es_ES","og_image":[{"width":100,"height":130,"url":"https:\/\/cienmilhijos.es\/wp-content\/uploads\/2023\/10\/images-23.jpg","type":"image\/jpeg"}],"twitter_card":"summary_large_image","schema":{"@context":"https:\/\/schema.org","@graph":[{"@type":"WebPage","@id":"https:\/\/cienmilhijos.es\/product\/trasportin-iata-puerta-metalica\/","url":"https:\/\/cienmilhijos.es\/product\/trasportin-iata-puerta-metalica\/","name":"Trasport\u00edn Iata Puerta met\u00e1lica - Cien Mil Hijos","isPartOf":{"@id":"https:\/\/cienmilhijos.es\/#website"},"datePublished":"2023-10-16T07:47:53+00:00","dateModified":"2023-10-16T07:47:53+00:00","breadcrumb":{"@id":"https:\/\/cienmilhijos.es\/product\/trasportin-iata-puerta-metalica\/#breadcrumb"},"inLanguage":"en-GB","potentialAction":[{"@type":"ReadAction","target":["https:\/\/cienmilhijos.es\/product\/trasportin-iata-puerta-metalica\/"]}]},{"@type":"BreadcrumbList","@id":"https:\/\/cienmilhijos.es\/product\/trasportin-iata-puerta-metalica\/#breadcrumb","itemListElement":[{"@type":"ListItem","position":1,"name":"Portada","item":"https:\/\/cienmilhijos.es\/"},{"@type":"ListItem","position":2,"name":"Tienda","item":"https:\/\/cienmilhijos.es\/tienda\/"},{"@type":"ListItem","position":3,"name":"Trasport\u00edn Iata Puerta met\u00e1lica"}]},{"@type":"WebSite","@id":"https:\/\/cienmilhijos.es\/#website","url":"https:\/\/cienmilhijos.es\/","name":"Cien Mil Hijos","description":"Cuidado de animales &amp; tienda de mascotas","publisher":{"@id":"https:\/\/cienmilhijos.es\/#organization"},"potentialAction":[{"@type":"SearchAction","target":{"@type":"EntryPoint","urlTemplate":"https:\/\/cienmilhijos.es\/?s={search_term_string}"},"query-input":"required name=search_term_string"}],"inLanguage":"en-GB"},{"@type":"Organization","@id":"https:\/\/cienmilhijos.es\/#organization","name":"Cien Mil Hijos","url":"https:\/\/cienmilhijos.es\/","logo":{"@type":"ImageObject","inLanguage":"en-GB","@id":"https:\/\/cienmilhijos.es\/#\/schema\/logo\/image\/","url":"https:\/\/cienmilhijos.es\/wp-content\/uploads\/2023\/12\/logo2.png","contentUrl":"https:\/\/cienmilhijos.es\/wp-content\/uploads\/2023\/12\/logo2.png","width":1150,"height":127,"caption":"Cien Mil Hijos"},"image":{"@id":"https:\/\/cienmilhijos.es\/#\/schema\/logo\/image\/"},"sameAs":["https:\/\/www.facebook.com\/cienmilhijosanimales\/?locale=es_ES"]}]}},"_links":{"self":[{"href":"https:\/\/cienmilhijos.es\/en\/wp-json\/wp\/v2\/product\/25616","targetHints":{"allow":["GET"]}}],"collection":[{"href":"https:\/\/cienmilhijos.es\/en\/wp-json\/wp\/v2\/product"}],"about":[{"href":"https:\/\/cienmilhijos.es\/en\/wp-json\/wp\/v2\/types\/product"}],"replies":[{"embeddable":true,"href":"https:\/\/cienmilhijos.es\/en\/wp-json\/wp\/v2\/comments?post=25616"}],"wp:featuredmedia":[{"embeddable":true,"href":"https:\/\/cienmilhijos.es\/en\/wp-json\/wp\/v2\/media\/25617"}],"wp:attachment":[{"href":"https:\/\/cienmilhijos.es\/en\/wp-json\/wp\/v2\/media?parent=25616"}],"wp:term":[{"taxonomy":"product_cat","embeddable":true,"href":"https:\/\/cienmilhijos.es\/en\/wp-json\/wp\/v2\/product_cat?post=25616"},{"taxonomy":"product_tag","embeddable":true,"href":"https:\/\/cienmilhijos.es\/en\/wp-json\/wp\/v2\/product_tag?post=25616"}],"curies":[{"name":"wp","href":"https:\/\/api.w.org\/{rel}","templated":true}]}}