{"id":25585,"date":"2023-10-11T16:31:29","date_gmt":"2023-10-11T16:31:29","guid":{"rendered":"https:\/\/cienmilhijos.es\/?post_type=product&#038;p=25585"},"modified":"2023-12-20T15:27:21","modified_gmt":"2023-12-20T15:27:21","slug":"arnes","status":"publish","type":"product","link":"https:\/\/cienmilhijos.es\/en\/product\/arnes\/","title":{"rendered":"ARNES Trixie en &#8220;H&#8221;"},"content":{"rendered":"<p>Este c\u00f3modo y pr\u00e1ctico arn\u00e9s es el m\u00e1s vendido.<\/p>\n<p>ES un arn\u00e9s de ajuste cu\u00e1druple, que puede ajustarse individualmente a las medidas del cuello y el abdomen del perro.<\/p>\n<p>Este arn\u00e9s est\u00e1 hecho <strong>de un resistente material de poli\u00e9ster<\/strong> que combina las mejores propiedades del poli\u00e9ster y el nailon. El material, ligero e indeformable, es resistente al desgarro y especialmente suave y flexible.<\/p>\n<p>Disponible en seis tama\u00f1os y ocho colores diferentes:<\/p>\n<p>Az\u00fal, Negro, Rojo, Rosa, Celeste, Camel y Verde Pistacho<\/p>\n<ul>\n<li>Talla XXS-XS : per\u00edmetro de pecho : 20-32 cm x 10 mm (ancho de la correa)<\/li>\n<li>Talla XS-S: per\u00edmetro de pecho :\u00a030-44 cm x 10 mm (ancho de la correa)<\/li>\n<li>Talla S: per\u00edmetro de pecho :\u00a042-60 cm x 15 mm (ancho de la correa)<\/li>\n<li>Talla S-M: per\u00edmetro de pecho :\u00a052-75 cm x 20 mm (ancho de la correa)<\/li>\n<li>Talla M-L: per\u00edmetro de pecho :\u00a060-87 cm x 25 mm (ancho de la correa)<\/li>\n<li>Talla L-XL: per\u00edmetro de pecho :\u00a075-120 cm x 25 mm (ancho de la correa)<\/li>\n<li>Talla L-XXL: per\u00edmetro de pecho :\u00a085-130 cm x 38 mm (ancho de la correa).<\/li>\n<\/ul>","protected":false},"excerpt":{"rendered":"<p>Este c\u00f3modo y pr\u00e1ctico arn\u00e9s es el m\u00e1s vendido. ES un arn\u00e9s de ajuste cu\u00e1druple, que puede ajustarse individualmente a las medidas del cuello y el abdomen del perro. Este&hellip;<\/p>","protected":false},"featured_media":25586,"comment_status":"open","ping_status":"closed","template":"","meta":[],"product_cat":[315],"product_tag":[],"class_list":["post-25585","product","type-product","status-publish","has-post-thumbnail","hentry","product_cat-arneses-y-correas"],"yoast_head":"<!-- This site is optimized with the Yoast SEO plugin v21.6 - https:\/\/yoast.com\/wordpress\/plugins\/seo\/ -->\n<title>ARNES Trixie en &quot;H&quot; - Cien Mil Hijos<\/title>\n<meta name=\"robots\" content=\"index, follow, max-snippet:-1, max-image-preview:large, max-video-preview:-1\" \/>\n<link rel=\"canonical\" href=\"https:\/\/cienmilhijos.es\/en\/product\/arnes\/\" \/>\n<meta property=\"og:locale\" content=\"en_GB\" \/>\n<meta property=\"og:type\" content=\"article\" \/>\n<meta property=\"og:title\" content=\"ARNES Trixie en &quot;H&quot; - Cien Mil Hijos\" \/>\n<meta property=\"og:description\" content=\"Este c\u00f3modo y pr\u00e1ctico arn\u00e9s es el m\u00e1s vendido. ES un arn\u00e9s de ajuste cu\u00e1druple, que puede ajustarse individualmente a las medidas del cuello y el abdomen del perro. Este&hellip;\" \/>\n<meta property=\"og:url\" content=\"https:\/\/cienmilhijos.es\/en\/product\/arnes\/\" \/>\n<meta property=\"og:site_name\" content=\"Cien Mil Hijos\" \/>\n<meta property=\"article:publisher\" content=\"https:\/\/www.facebook.com\/cienmilhijosanimales\/?locale=es_ES\" \/>\n<meta property=\"article:modified_time\" content=\"2023-12-20T15:27:21+00:00\" \/>\n<meta property=\"og:image\" content=\"https:\/\/cienmilhijos.es\/wp-content\/uploads\/2023\/10\/sm_347c5ff2543b53f4cc0ad3819a36752467b1565704311.webp\" \/>\n\t<meta property=\"og:image:width\" content=\"200\" \/>\n\t<meta property=\"og:image:height\" content=\"200\" \/>\n\t<meta property=\"og:image:type\" content=\"image\/webp\" \/>\n<meta name=\"twitter:card\" content=\"summary_large_image\" \/>\n<meta name=\"twitter:label1\" content=\"Estimated reading time\" \/>\n\t<meta name=\"twitter:data1\" content=\"1 minute\" \/>\n<script type=\"application\/ld+json\" class=\"yoast-schema-graph\">{\"@context\":\"https:\/\/schema.org\",\"@graph\":[{\"@type\":\"WebPage\",\"@id\":\"https:\/\/cienmilhijos.es\/product\/arnes\/\",\"url\":\"https:\/\/cienmilhijos.es\/product\/arnes\/\",\"name\":\"ARNES Trixie en \\\"H\\\" - Cien Mil Hijos\",\"isPartOf\":{\"@id\":\"https:\/\/cienmilhijos.es\/#website\"},\"datePublished\":\"2023-10-11T16:31:29+00:00\",\"dateModified\":\"2023-12-20T15:27:21+00:00\",\"breadcrumb\":{\"@id\":\"https:\/\/cienmilhijos.es\/product\/arnes\/#breadcrumb\"},\"inLanguage\":\"en-GB\",\"potentialAction\":[{\"@type\":\"ReadAction\",\"target\":[\"https:\/\/cienmilhijos.es\/product\/arnes\/\"]}]},{\"@type\":\"BreadcrumbList\",\"@id\":\"https:\/\/cienmilhijos.es\/product\/arnes\/#breadcrumb\",\"itemListElement\":[{\"@type\":\"ListItem\",\"position\":1,\"name\":\"Portada\",\"item\":\"https:\/\/cienmilhijos.es\/\"},{\"@type\":\"ListItem\",\"position\":2,\"name\":\"Tienda\",\"item\":\"https:\/\/cienmilhijos.es\/tienda\/\"},{\"@type\":\"ListItem\",\"position\":3,\"name\":\"ARNES Trixie en &#8220;H&#8221;\"}]},{\"@type\":\"WebSite\",\"@id\":\"https:\/\/cienmilhijos.es\/#website\",\"url\":\"https:\/\/cienmilhijos.es\/\",\"name\":\"Cien Mil Hijos\",\"description\":\"Cuidado de animales &amp; tienda de mascotas\",\"publisher\":{\"@id\":\"https:\/\/cienmilhijos.es\/#organization\"},\"potentialAction\":[{\"@type\":\"SearchAction\",\"target\":{\"@type\":\"EntryPoint\",\"urlTemplate\":\"https:\/\/cienmilhijos.es\/?s={search_term_string}\"},\"query-input\":\"required name=search_term_string\"}],\"inLanguage\":\"en-GB\"},{\"@type\":\"Organization\",\"@id\":\"https:\/\/cienmilhijos.es\/#organization\",\"name\":\"Cien Mil Hijos\",\"url\":\"https:\/\/cienmilhijos.es\/\",\"logo\":{\"@type\":\"ImageObject\",\"inLanguage\":\"en-GB\",\"@id\":\"https:\/\/cienmilhijos.es\/#\/schema\/logo\/image\/\",\"url\":\"https:\/\/cienmilhijos.es\/wp-content\/uploads\/2023\/12\/logo2.png\",\"contentUrl\":\"https:\/\/cienmilhijos.es\/wp-content\/uploads\/2023\/12\/logo2.png\",\"width\":1150,\"height\":127,\"caption\":\"Cien Mil Hijos\"},\"image\":{\"@id\":\"https:\/\/cienmilhijos.es\/#\/schema\/logo\/image\/\"},\"sameAs\":[\"https:\/\/www.facebook.com\/cienmilhijosanimales\/?locale=es_ES\"]}]}<\/script>\n<!-- \/ Yoast SEO plugin. -->","yoast_head_json":{"title":"ARNES Trixie en \"H\" - Cien Mil Hijos","robots":{"index":"index","follow":"follow","max-snippet":"max-snippet:-1","max-image-preview":"max-image-preview:large","max-video-preview":"max-video-preview:-1"},"canonical":"https:\/\/cienmilhijos.es\/en\/product\/arnes\/","og_locale":"en_GB","og_type":"article","og_title":"ARNES Trixie en \"H\" - Cien Mil Hijos","og_description":"Este c\u00f3modo y pr\u00e1ctico arn\u00e9s es el m\u00e1s vendido. ES un arn\u00e9s de ajuste cu\u00e1druple, que puede ajustarse individualmente a las medidas del cuello y el abdomen del perro. Este&hellip;","og_url":"https:\/\/cienmilhijos.es\/en\/product\/arnes\/","og_site_name":"Cien Mil Hijos","article_publisher":"https:\/\/www.facebook.com\/cienmilhijosanimales\/?locale=es_ES","article_modified_time":"2023-12-20T15:27:21+00:00","og_image":[{"width":200,"height":200,"url":"https:\/\/cienmilhijos.es\/wp-content\/uploads\/2023\/10\/sm_347c5ff2543b53f4cc0ad3819a36752467b1565704311.webp","type":"image\/webp"}],"twitter_card":"summary_large_image","twitter_misc":{"Estimated reading time":"1 minute"},"schema":{"@context":"https:\/\/schema.org","@graph":[{"@type":"WebPage","@id":"https:\/\/cienmilhijos.es\/product\/arnes\/","url":"https:\/\/cienmilhijos.es\/product\/arnes\/","name":"ARNES Trixie en \"H\" - Cien Mil Hijos","isPartOf":{"@id":"https:\/\/cienmilhijos.es\/#website"},"datePublished":"2023-10-11T16:31:29+00:00","dateModified":"2023-12-20T15:27:21+00:00","breadcrumb":{"@id":"https:\/\/cienmilhijos.es\/product\/arnes\/#breadcrumb"},"inLanguage":"en-GB","potentialAction":[{"@type":"ReadAction","target":["https:\/\/cienmilhijos.es\/product\/arnes\/"]}]},{"@type":"BreadcrumbList","@id":"https:\/\/cienmilhijos.es\/product\/arnes\/#breadcrumb","itemListElement":[{"@type":"ListItem","position":1,"name":"Portada","item":"https:\/\/cienmilhijos.es\/"},{"@type":"ListItem","position":2,"name":"Tienda","item":"https:\/\/cienmilhijos.es\/tienda\/"},{"@type":"ListItem","position":3,"name":"ARNES Trixie en &#8220;H&#8221;"}]},{"@type":"WebSite","@id":"https:\/\/cienmilhijos.es\/#website","url":"https:\/\/cienmilhijos.es\/","name":"Cien Mil Hijos","description":"Cuidado de animales &amp; tienda de mascotas","publisher":{"@id":"https:\/\/cienmilhijos.es\/#organization"},"potentialAction":[{"@type":"SearchAction","target":{"@type":"EntryPoint","urlTemplate":"https:\/\/cienmilhijos.es\/?s={search_term_string}"},"query-input":"required name=search_term_string"}],"inLanguage":"en-GB"},{"@type":"Organization","@id":"https:\/\/cienmilhijos.es\/#organization","name":"Cien Mil Hijos","url":"https:\/\/cienmilhijos.es\/","logo":{"@type":"ImageObject","inLanguage":"en-GB","@id":"https:\/\/cienmilhijos.es\/#\/schema\/logo\/image\/","url":"https:\/\/cienmilhijos.es\/wp-content\/uploads\/2023\/12\/logo2.png","contentUrl":"https:\/\/cienmilhijos.es\/wp-content\/uploads\/2023\/12\/logo2.png","width":1150,"height":127,"caption":"Cien Mil Hijos"},"image":{"@id":"https:\/\/cienmilhijos.es\/#\/schema\/logo\/image\/"},"sameAs":["https:\/\/www.facebook.com\/cienmilhijosanimales\/?locale=es_ES"]}]}},"_links":{"self":[{"href":"https:\/\/cienmilhijos.es\/en\/wp-json\/wp\/v2\/product\/25585","targetHints":{"allow":["GET"]}}],"collection":[{"href":"https:\/\/cienmilhijos.es\/en\/wp-json\/wp\/v2\/product"}],"about":[{"href":"https:\/\/cienmilhijos.es\/en\/wp-json\/wp\/v2\/types\/product"}],"replies":[{"embeddable":true,"href":"https:\/\/cienmilhijos.es\/en\/wp-json\/wp\/v2\/comments?post=25585"}],"wp:featuredmedia":[{"embeddable":true,"href":"https:\/\/cienmilhijos.es\/en\/wp-json\/wp\/v2\/media\/25586"}],"wp:attachment":[{"href":"https:\/\/cienmilhijos.es\/en\/wp-json\/wp\/v2\/media?parent=25585"}],"wp:term":[{"taxonomy":"product_cat","embeddable":true,"href":"https:\/\/cienmilhijos.es\/en\/wp-json\/wp\/v2\/product_cat?post=25585"},{"taxonomy":"product_tag","embeddable":true,"href":"https:\/\/cienmilhijos.es\/en\/wp-json\/wp\/v2\/product_tag?post=25585"}],"curies":[{"name":"wp","href":"https:\/\/api.w.org\/{rel}","templated":true}]}}