{"id":25547,"date":"2023-10-05T08:47:10","date_gmt":"2023-10-05T08:47:10","guid":{"rendered":"https:\/\/cienmilhijos.es\/?post_type=product&#038;p=25547"},"modified":"2023-10-05T08:47:10","modified_gmt":"2023-10-05T08:47:10","slug":"masticables-para-los-dientes-whimzees","status":"publish","type":"product","link":"https:\/\/cienmilhijos.es\/en\/product\/masticables-para-los-dientes-whimzees\/","title":{"rendered":"Masticables para los dientes Whimzees"},"content":{"rendered":"<p>Seguro que ya conoces los fant\u00e1sticos snacks dentales Whimzhees en Stick estrellado . Esos <strong>deliciosos premios masticables<\/strong>\u00a0disponibles en diferentes formas y tama\u00f1os que hacen feliz a tu peludo gracias a su<strong>\u00a0larga duraci\u00f3n<\/strong>. Pues hoy queremos traerte un multipack muy especial para que no tengas que preocuparte nunca m\u00e1s por cu\u00e1l elegir si no sois capaces de decantaros por uno solo.<\/p>\n<p><strong>Snacks vegetarianos hechos con ingredientes 100% naturales<\/strong>: sin carne, gluten, conservantes, saborizantes ni colorantes. Adem\u00e1s,\u00a0<strong>bajos en grasas y calor\u00edas<\/strong>\u00a0para que puedas incorporarlo a la dieta diaria de tu mejor amigo sin ning\u00fan tipo de remordimiento, porque todo son ventajas.\u00a0<strong>Solo contienen 6 ingredientes<\/strong>: almid\u00f3n de patata, glicerina, celulosa en polvo, lecitina, extracto de malta y levadura. Aportan energ\u00eda, fibra, vitaminas, minerales y ayudan a la digesti\u00f3n.<\/p>\n<p>Pero los ingredientes no son lo \u00fanico destacable del mix dental Whimzees. Sus formas y su consistencia tambi\u00e9n son muy beneficiosas para la salud de tu perro. Los relieves y surcos penetran entre los huecos de los dientes para limpiarlos y\u00a0<strong>combatir el sarro y la placa<\/strong>\u00a0mejorando la salud bucal. La consistencia, adem\u00e1s de ayudar a limpiar los dientes, proporciona un\u00a0<strong>entretenimiento duradero<\/strong>\u00a0que resulta muy positivo para la salud mental.<\/p>\n<p>Como habr\u00e1s podido ver, las chuches vienen en 3 colores diferentes, y todos proceden de<strong>\u00a0colorantes totalmente naturales<\/strong>: extracto de alfalfa, que da un color verde; extracto de malta, que da un color marr\u00f3n; y extracto de Onoto, que da un color rojizo.<\/p>\n<p>&nbsp;<\/p>","protected":false},"excerpt":{"rendered":"<p>Seguro que ya conoces los fant\u00e1sticos snacks dentales Whimzhees en Stick estrellado . Esos deliciosos premios masticables\u00a0disponibles en diferentes formas y tama\u00f1os que hacen feliz a tu peludo gracias a&hellip;<\/p>","protected":false},"featured_media":25548,"comment_status":"open","ping_status":"closed","template":"","meta":[],"product_cat":[251],"product_tag":[],"class_list":["post-25547","product","type-product","status-publish","has-post-thumbnail","hentry","product_cat-perros"],"yoast_head":"<!-- This site is optimized with the Yoast SEO plugin v21.6 - https:\/\/yoast.com\/wordpress\/plugins\/seo\/ -->\n<title>Masticables para los dientes Whimzees - Cien Mil Hijos<\/title>\n<meta name=\"robots\" content=\"index, follow, max-snippet:-1, max-image-preview:large, max-video-preview:-1\" \/>\n<link rel=\"canonical\" href=\"https:\/\/cienmilhijos.es\/en\/product\/masticables-para-los-dientes-whimzees\/\" \/>\n<meta property=\"og:locale\" content=\"en_GB\" \/>\n<meta property=\"og:type\" content=\"article\" \/>\n<meta property=\"og:title\" content=\"Masticables para los dientes Whimzees - Cien Mil Hijos\" \/>\n<meta property=\"og:description\" content=\"Seguro que ya conoces los fant\u00e1sticos snacks dentales Whimzhees en Stick estrellado . Esos deliciosos premios masticables\u00a0disponibles en diferentes formas y tama\u00f1os que hacen feliz a tu peludo gracias a&hellip;\" \/>\n<meta property=\"og:url\" content=\"https:\/\/cienmilhijos.es\/en\/product\/masticables-para-los-dientes-whimzees\/\" \/>\n<meta property=\"og:site_name\" content=\"Cien Mil Hijos\" \/>\n<meta property=\"article:publisher\" content=\"https:\/\/www.facebook.com\/cienmilhijosanimales\/?locale=es_ES\" \/>\n<meta property=\"og:image\" content=\"https:\/\/cienmilhijos.es\/wp-content\/uploads\/2023\/10\/shopping-53.webp\" \/>\n\t<meta property=\"og:image:width\" content=\"177\" \/>\n\t<meta property=\"og:image:height\" content=\"239\" \/>\n\t<meta property=\"og:image:type\" content=\"image\/webp\" \/>\n<meta name=\"twitter:card\" content=\"summary_large_image\" \/>\n<meta name=\"twitter:label1\" content=\"Estimated reading time\" \/>\n\t<meta name=\"twitter:data1\" content=\"1 minute\" \/>\n<script type=\"application\/ld+json\" class=\"yoast-schema-graph\">{\"@context\":\"https:\/\/schema.org\",\"@graph\":[{\"@type\":\"WebPage\",\"@id\":\"https:\/\/cienmilhijos.es\/product\/masticables-para-los-dientes-whimzees\/\",\"url\":\"https:\/\/cienmilhijos.es\/product\/masticables-para-los-dientes-whimzees\/\",\"name\":\"Masticables para los dientes Whimzees - Cien Mil Hijos\",\"isPartOf\":{\"@id\":\"https:\/\/cienmilhijos.es\/#website\"},\"datePublished\":\"2023-10-05T08:47:10+00:00\",\"dateModified\":\"2023-10-05T08:47:10+00:00\",\"breadcrumb\":{\"@id\":\"https:\/\/cienmilhijos.es\/product\/masticables-para-los-dientes-whimzees\/#breadcrumb\"},\"inLanguage\":\"en-GB\",\"potentialAction\":[{\"@type\":\"ReadAction\",\"target\":[\"https:\/\/cienmilhijos.es\/product\/masticables-para-los-dientes-whimzees\/\"]}]},{\"@type\":\"BreadcrumbList\",\"@id\":\"https:\/\/cienmilhijos.es\/product\/masticables-para-los-dientes-whimzees\/#breadcrumb\",\"itemListElement\":[{\"@type\":\"ListItem\",\"position\":1,\"name\":\"Portada\",\"item\":\"https:\/\/cienmilhijos.es\/\"},{\"@type\":\"ListItem\",\"position\":2,\"name\":\"Tienda\",\"item\":\"https:\/\/cienmilhijos.es\/tienda\/\"},{\"@type\":\"ListItem\",\"position\":3,\"name\":\"Masticables para los dientes Whimzees\"}]},{\"@type\":\"WebSite\",\"@id\":\"https:\/\/cienmilhijos.es\/#website\",\"url\":\"https:\/\/cienmilhijos.es\/\",\"name\":\"Cien Mil Hijos\",\"description\":\"Cuidado de animales &amp; tienda de mascotas\",\"publisher\":{\"@id\":\"https:\/\/cienmilhijos.es\/#organization\"},\"potentialAction\":[{\"@type\":\"SearchAction\",\"target\":{\"@type\":\"EntryPoint\",\"urlTemplate\":\"https:\/\/cienmilhijos.es\/?s={search_term_string}\"},\"query-input\":\"required name=search_term_string\"}],\"inLanguage\":\"en-GB\"},{\"@type\":\"Organization\",\"@id\":\"https:\/\/cienmilhijos.es\/#organization\",\"name\":\"Cien Mil Hijos\",\"url\":\"https:\/\/cienmilhijos.es\/\",\"logo\":{\"@type\":\"ImageObject\",\"inLanguage\":\"en-GB\",\"@id\":\"https:\/\/cienmilhijos.es\/#\/schema\/logo\/image\/\",\"url\":\"https:\/\/cienmilhijos.es\/wp-content\/uploads\/2023\/12\/logo2.png\",\"contentUrl\":\"https:\/\/cienmilhijos.es\/wp-content\/uploads\/2023\/12\/logo2.png\",\"width\":1150,\"height\":127,\"caption\":\"Cien Mil Hijos\"},\"image\":{\"@id\":\"https:\/\/cienmilhijos.es\/#\/schema\/logo\/image\/\"},\"sameAs\":[\"https:\/\/www.facebook.com\/cienmilhijosanimales\/?locale=es_ES\"]}]}<\/script>\n<!-- \/ Yoast SEO plugin. -->","yoast_head_json":{"title":"Masticables para los dientes Whimzees - Cien Mil Hijos","robots":{"index":"index","follow":"follow","max-snippet":"max-snippet:-1","max-image-preview":"max-image-preview:large","max-video-preview":"max-video-preview:-1"},"canonical":"https:\/\/cienmilhijos.es\/en\/product\/masticables-para-los-dientes-whimzees\/","og_locale":"en_GB","og_type":"article","og_title":"Masticables para los dientes Whimzees - Cien Mil Hijos","og_description":"Seguro que ya conoces los fant\u00e1sticos snacks dentales Whimzhees en Stick estrellado . Esos deliciosos premios masticables\u00a0disponibles en diferentes formas y tama\u00f1os que hacen feliz a tu peludo gracias a&hellip;","og_url":"https:\/\/cienmilhijos.es\/en\/product\/masticables-para-los-dientes-whimzees\/","og_site_name":"Cien Mil Hijos","article_publisher":"https:\/\/www.facebook.com\/cienmilhijosanimales\/?locale=es_ES","og_image":[{"width":177,"height":239,"url":"https:\/\/cienmilhijos.es\/wp-content\/uploads\/2023\/10\/shopping-53.webp","type":"image\/webp"}],"twitter_card":"summary_large_image","twitter_misc":{"Estimated reading time":"1 minute"},"schema":{"@context":"https:\/\/schema.org","@graph":[{"@type":"WebPage","@id":"https:\/\/cienmilhijos.es\/product\/masticables-para-los-dientes-whimzees\/","url":"https:\/\/cienmilhijos.es\/product\/masticables-para-los-dientes-whimzees\/","name":"Masticables para los dientes Whimzees - Cien Mil Hijos","isPartOf":{"@id":"https:\/\/cienmilhijos.es\/#website"},"datePublished":"2023-10-05T08:47:10+00:00","dateModified":"2023-10-05T08:47:10+00:00","breadcrumb":{"@id":"https:\/\/cienmilhijos.es\/product\/masticables-para-los-dientes-whimzees\/#breadcrumb"},"inLanguage":"en-GB","potentialAction":[{"@type":"ReadAction","target":["https:\/\/cienmilhijos.es\/product\/masticables-para-los-dientes-whimzees\/"]}]},{"@type":"BreadcrumbList","@id":"https:\/\/cienmilhijos.es\/product\/masticables-para-los-dientes-whimzees\/#breadcrumb","itemListElement":[{"@type":"ListItem","position":1,"name":"Portada","item":"https:\/\/cienmilhijos.es\/"},{"@type":"ListItem","position":2,"name":"Tienda","item":"https:\/\/cienmilhijos.es\/tienda\/"},{"@type":"ListItem","position":3,"name":"Masticables para los dientes Whimzees"}]},{"@type":"WebSite","@id":"https:\/\/cienmilhijos.es\/#website","url":"https:\/\/cienmilhijos.es\/","name":"Cien Mil Hijos","description":"Cuidado de animales &amp; tienda de mascotas","publisher":{"@id":"https:\/\/cienmilhijos.es\/#organization"},"potentialAction":[{"@type":"SearchAction","target":{"@type":"EntryPoint","urlTemplate":"https:\/\/cienmilhijos.es\/?s={search_term_string}"},"query-input":"required name=search_term_string"}],"inLanguage":"en-GB"},{"@type":"Organization","@id":"https:\/\/cienmilhijos.es\/#organization","name":"Cien Mil Hijos","url":"https:\/\/cienmilhijos.es\/","logo":{"@type":"ImageObject","inLanguage":"en-GB","@id":"https:\/\/cienmilhijos.es\/#\/schema\/logo\/image\/","url":"https:\/\/cienmilhijos.es\/wp-content\/uploads\/2023\/12\/logo2.png","contentUrl":"https:\/\/cienmilhijos.es\/wp-content\/uploads\/2023\/12\/logo2.png","width":1150,"height":127,"caption":"Cien Mil Hijos"},"image":{"@id":"https:\/\/cienmilhijos.es\/#\/schema\/logo\/image\/"},"sameAs":["https:\/\/www.facebook.com\/cienmilhijosanimales\/?locale=es_ES"]}]}},"_links":{"self":[{"href":"https:\/\/cienmilhijos.es\/en\/wp-json\/wp\/v2\/product\/25547","targetHints":{"allow":["GET"]}}],"collection":[{"href":"https:\/\/cienmilhijos.es\/en\/wp-json\/wp\/v2\/product"}],"about":[{"href":"https:\/\/cienmilhijos.es\/en\/wp-json\/wp\/v2\/types\/product"}],"replies":[{"embeddable":true,"href":"https:\/\/cienmilhijos.es\/en\/wp-json\/wp\/v2\/comments?post=25547"}],"wp:featuredmedia":[{"embeddable":true,"href":"https:\/\/cienmilhijos.es\/en\/wp-json\/wp\/v2\/media\/25548"}],"wp:attachment":[{"href":"https:\/\/cienmilhijos.es\/en\/wp-json\/wp\/v2\/media?parent=25547"}],"wp:term":[{"taxonomy":"product_cat","embeddable":true,"href":"https:\/\/cienmilhijos.es\/en\/wp-json\/wp\/v2\/product_cat?post=25547"},{"taxonomy":"product_tag","embeddable":true,"href":"https:\/\/cienmilhijos.es\/en\/wp-json\/wp\/v2\/product_tag?post=25547"}],"curies":[{"name":"wp","href":"https:\/\/api.w.org\/{rel}","templated":true}]}}