{"id":25543,"date":"2023-10-05T08:24:19","date_gmt":"2023-10-05T08:24:19","guid":{"rendered":"https:\/\/cienmilhijos.es\/?post_type=product&#038;p=25543"},"modified":"2023-10-05T08:31:57","modified_gmt":"2023-10-05T08:31:57","slug":"natural-greatness-gatos-esterilizados-o-seniors","status":"publish","type":"product","link":"https:\/\/cienmilhijos.es\/en\/product\/natural-greatness-gatos-esterilizados-o-seniors\/","title":{"rendered":"Natural Greatness Gatos Esterilizados  o seniors"},"content":{"rendered":"<p>El\u00a0<strong>pienso sin gluten<\/strong>\u00a0Natural Greatness para gatos se ha desarrollado en colaboraci\u00f3n con veterinarios y nutricionistas. Sensitive Indoor es un alimento especialmente adaptado a las necesidades de los gatos esterilizados o que viven en casa. Estos se mueven notablemente menos que los gatos que salen al exterior y dedican m\u00e1s tiempo al cuidado del pelaje. Por ello, esta receta tiene un contenido adaptado de calor\u00edas y fibras que previenen la formaci\u00f3n de bolas de pelo y favorecen su transporte por el tracto gastrointestinal. Con un 83 % de ingredientes animales, este pienso ultra premium destaca por su contenido tan elevado de prote\u00ednas valiosas. Natural Greatness Sensitive Indoor se prepara con un 40 % de pollo fresco y un 30 % de carne deshidratada de pavo y pollo para un sabor espectacular.<\/p>\n<p>Este alimento completo y equilibrado es bien tolerado incluso por los para gatos con intolerancias alimentarias o alergias porque no contiene cereales con gluten, lactosa, soja ni aditivos artificiales. Adem\u00e1s, los prebi\u00f3ticos fructo-oligosac\u00e1ridos (FOS) y manano-oligosac\u00e1ridos (MOS), as\u00ed como la\u00a0<i>Yucca schidigera<\/i>\u00a0ayudan a regular la digesti\u00f3n y a absorber correctamente los nutrientes. Para un pelo brillante y una piel sana, se a\u00f1aden \u00e1cidos grasos insaturados omega-3 y omega-6. Gracias a la composici\u00f3n equilibrada, este pienso fortalece las defensas y optimiza el valor del pH de la orina para prevenir las enfermedades urinarias.<\/p>\n<p>Natural Greatness es un alimento completo de la m\u00e1s alta calidad que se elabora con ingredientes naturales para conquistar el paladar de tu gato y cuya receta sienta las bases para una vida feliz y llena de vitalidad.<\/p>\n<p><b>Todas las caracter\u00edsticas de un vistazo:<\/b><\/p>","protected":false},"excerpt":{"rendered":"<p>El\u00a0pienso sin gluten\u00a0Natural Greatness para gatos se ha desarrollado en colaboraci\u00f3n con veterinarios y nutricionistas. Sensitive Indoor es un alimento especialmente adaptado a las necesidades de los gatos esterilizados o&hellip;<\/p>","protected":false},"featured_media":25544,"comment_status":"open","ping_status":"closed","template":"","meta":[],"product_cat":[270],"product_tag":[],"class_list":["post-25543","product","type-product","status-publish","has-post-thumbnail","hentry","product_cat-alimetacion-gatos"],"yoast_head":"<!-- This site is optimized with the Yoast SEO plugin v21.6 - https:\/\/yoast.com\/wordpress\/plugins\/seo\/ -->\n<title>Natural Greatness Gatos Esterilizados o seniors - Cien Mil Hijos<\/title>\n<meta name=\"robots\" content=\"index, follow, max-snippet:-1, max-image-preview:large, max-video-preview:-1\" \/>\n<link rel=\"canonical\" href=\"https:\/\/cienmilhijos.es\/en\/product\/natural-greatness-gatos-esterilizados-o-seniors\/\" \/>\n<meta property=\"og:locale\" content=\"en_GB\" \/>\n<meta property=\"og:type\" content=\"article\" \/>\n<meta property=\"og:title\" content=\"Natural Greatness Gatos Esterilizados o seniors - Cien Mil Hijos\" \/>\n<meta property=\"og:description\" content=\"El\u00a0pienso sin gluten\u00a0Natural Greatness para gatos se ha desarrollado en colaboraci\u00f3n con veterinarios y nutricionistas. Sensitive Indoor es un alimento especialmente adaptado a las necesidades de los gatos esterilizados o&hellip;\" \/>\n<meta property=\"og:url\" content=\"https:\/\/cienmilhijos.es\/en\/product\/natural-greatness-gatos-esterilizados-o-seniors\/\" \/>\n<meta property=\"og:site_name\" content=\"Cien Mil Hijos\" \/>\n<meta property=\"article:publisher\" content=\"https:\/\/www.facebook.com\/cienmilhijosanimales\/?locale=es_ES\" \/>\n<meta property=\"article:modified_time\" content=\"2023-10-05T08:31:57+00:00\" \/>\n<meta property=\"og:image\" content=\"https:\/\/cienmilhijos.es\/wp-content\/uploads\/2023\/10\/shopping-52.webp\" \/>\n\t<meta property=\"og:image:width\" content=\"173\" \/>\n\t<meta property=\"og:image:height\" content=\"173\" \/>\n\t<meta property=\"og:image:type\" content=\"image\/webp\" \/>\n<meta name=\"twitter:card\" content=\"summary_large_image\" \/>\n<meta name=\"twitter:label1\" content=\"Estimated reading time\" \/>\n\t<meta name=\"twitter:data1\" content=\"1 minute\" \/>\n<script type=\"application\/ld+json\" class=\"yoast-schema-graph\">{\"@context\":\"https:\/\/schema.org\",\"@graph\":[{\"@type\":\"WebPage\",\"@id\":\"https:\/\/cienmilhijos.es\/product\/natural-greatness-gatos-esterilizados-o-seniors\/\",\"url\":\"https:\/\/cienmilhijos.es\/product\/natural-greatness-gatos-esterilizados-o-seniors\/\",\"name\":\"Natural Greatness Gatos Esterilizados o seniors - Cien Mil Hijos\",\"isPartOf\":{\"@id\":\"https:\/\/cienmilhijos.es\/#website\"},\"datePublished\":\"2023-10-05T08:24:19+00:00\",\"dateModified\":\"2023-10-05T08:31:57+00:00\",\"breadcrumb\":{\"@id\":\"https:\/\/cienmilhijos.es\/product\/natural-greatness-gatos-esterilizados-o-seniors\/#breadcrumb\"},\"inLanguage\":\"en-GB\",\"potentialAction\":[{\"@type\":\"ReadAction\",\"target\":[\"https:\/\/cienmilhijos.es\/product\/natural-greatness-gatos-esterilizados-o-seniors\/\"]}]},{\"@type\":\"BreadcrumbList\",\"@id\":\"https:\/\/cienmilhijos.es\/product\/natural-greatness-gatos-esterilizados-o-seniors\/#breadcrumb\",\"itemListElement\":[{\"@type\":\"ListItem\",\"position\":1,\"name\":\"Portada\",\"item\":\"https:\/\/cienmilhijos.es\/\"},{\"@type\":\"ListItem\",\"position\":2,\"name\":\"Tienda\",\"item\":\"https:\/\/cienmilhijos.es\/tienda\/\"},{\"@type\":\"ListItem\",\"position\":3,\"name\":\"Natural Greatness Gatos Esterilizados o seniors\"}]},{\"@type\":\"WebSite\",\"@id\":\"https:\/\/cienmilhijos.es\/#website\",\"url\":\"https:\/\/cienmilhijos.es\/\",\"name\":\"Cien Mil Hijos\",\"description\":\"Cuidado de animales &amp; tienda de mascotas\",\"publisher\":{\"@id\":\"https:\/\/cienmilhijos.es\/#organization\"},\"potentialAction\":[{\"@type\":\"SearchAction\",\"target\":{\"@type\":\"EntryPoint\",\"urlTemplate\":\"https:\/\/cienmilhijos.es\/?s={search_term_string}\"},\"query-input\":\"required name=search_term_string\"}],\"inLanguage\":\"en-GB\"},{\"@type\":\"Organization\",\"@id\":\"https:\/\/cienmilhijos.es\/#organization\",\"name\":\"Cien Mil Hijos\",\"url\":\"https:\/\/cienmilhijos.es\/\",\"logo\":{\"@type\":\"ImageObject\",\"inLanguage\":\"en-GB\",\"@id\":\"https:\/\/cienmilhijos.es\/#\/schema\/logo\/image\/\",\"url\":\"https:\/\/cienmilhijos.es\/wp-content\/uploads\/2023\/12\/logo2.png\",\"contentUrl\":\"https:\/\/cienmilhijos.es\/wp-content\/uploads\/2023\/12\/logo2.png\",\"width\":1150,\"height\":127,\"caption\":\"Cien Mil Hijos\"},\"image\":{\"@id\":\"https:\/\/cienmilhijos.es\/#\/schema\/logo\/image\/\"},\"sameAs\":[\"https:\/\/www.facebook.com\/cienmilhijosanimales\/?locale=es_ES\"]}]}<\/script>\n<!-- \/ Yoast SEO plugin. -->","yoast_head_json":{"title":"Natural Greatness Gatos Esterilizados o seniors - Cien Mil Hijos","robots":{"index":"index","follow":"follow","max-snippet":"max-snippet:-1","max-image-preview":"max-image-preview:large","max-video-preview":"max-video-preview:-1"},"canonical":"https:\/\/cienmilhijos.es\/en\/product\/natural-greatness-gatos-esterilizados-o-seniors\/","og_locale":"en_GB","og_type":"article","og_title":"Natural Greatness Gatos Esterilizados o seniors - Cien Mil Hijos","og_description":"El\u00a0pienso sin gluten\u00a0Natural Greatness para gatos se ha desarrollado en colaboraci\u00f3n con veterinarios y nutricionistas. Sensitive Indoor es un alimento especialmente adaptado a las necesidades de los gatos esterilizados o&hellip;","og_url":"https:\/\/cienmilhijos.es\/en\/product\/natural-greatness-gatos-esterilizados-o-seniors\/","og_site_name":"Cien Mil Hijos","article_publisher":"https:\/\/www.facebook.com\/cienmilhijosanimales\/?locale=es_ES","article_modified_time":"2023-10-05T08:31:57+00:00","og_image":[{"width":173,"height":173,"url":"https:\/\/cienmilhijos.es\/wp-content\/uploads\/2023\/10\/shopping-52.webp","type":"image\/webp"}],"twitter_card":"summary_large_image","twitter_misc":{"Estimated reading time":"1 minute"},"schema":{"@context":"https:\/\/schema.org","@graph":[{"@type":"WebPage","@id":"https:\/\/cienmilhijos.es\/product\/natural-greatness-gatos-esterilizados-o-seniors\/","url":"https:\/\/cienmilhijos.es\/product\/natural-greatness-gatos-esterilizados-o-seniors\/","name":"Natural Greatness Gatos Esterilizados o seniors - Cien Mil Hijos","isPartOf":{"@id":"https:\/\/cienmilhijos.es\/#website"},"datePublished":"2023-10-05T08:24:19+00:00","dateModified":"2023-10-05T08:31:57+00:00","breadcrumb":{"@id":"https:\/\/cienmilhijos.es\/product\/natural-greatness-gatos-esterilizados-o-seniors\/#breadcrumb"},"inLanguage":"en-GB","potentialAction":[{"@type":"ReadAction","target":["https:\/\/cienmilhijos.es\/product\/natural-greatness-gatos-esterilizados-o-seniors\/"]}]},{"@type":"BreadcrumbList","@id":"https:\/\/cienmilhijos.es\/product\/natural-greatness-gatos-esterilizados-o-seniors\/#breadcrumb","itemListElement":[{"@type":"ListItem","position":1,"name":"Portada","item":"https:\/\/cienmilhijos.es\/"},{"@type":"ListItem","position":2,"name":"Tienda","item":"https:\/\/cienmilhijos.es\/tienda\/"},{"@type":"ListItem","position":3,"name":"Natural Greatness Gatos Esterilizados o seniors"}]},{"@type":"WebSite","@id":"https:\/\/cienmilhijos.es\/#website","url":"https:\/\/cienmilhijos.es\/","name":"Cien Mil Hijos","description":"Cuidado de animales &amp; tienda de mascotas","publisher":{"@id":"https:\/\/cienmilhijos.es\/#organization"},"potentialAction":[{"@type":"SearchAction","target":{"@type":"EntryPoint","urlTemplate":"https:\/\/cienmilhijos.es\/?s={search_term_string}"},"query-input":"required name=search_term_string"}],"inLanguage":"en-GB"},{"@type":"Organization","@id":"https:\/\/cienmilhijos.es\/#organization","name":"Cien Mil Hijos","url":"https:\/\/cienmilhijos.es\/","logo":{"@type":"ImageObject","inLanguage":"en-GB","@id":"https:\/\/cienmilhijos.es\/#\/schema\/logo\/image\/","url":"https:\/\/cienmilhijos.es\/wp-content\/uploads\/2023\/12\/logo2.png","contentUrl":"https:\/\/cienmilhijos.es\/wp-content\/uploads\/2023\/12\/logo2.png","width":1150,"height":127,"caption":"Cien Mil Hijos"},"image":{"@id":"https:\/\/cienmilhijos.es\/#\/schema\/logo\/image\/"},"sameAs":["https:\/\/www.facebook.com\/cienmilhijosanimales\/?locale=es_ES"]}]}},"_links":{"self":[{"href":"https:\/\/cienmilhijos.es\/en\/wp-json\/wp\/v2\/product\/25543","targetHints":{"allow":["GET"]}}],"collection":[{"href":"https:\/\/cienmilhijos.es\/en\/wp-json\/wp\/v2\/product"}],"about":[{"href":"https:\/\/cienmilhijos.es\/en\/wp-json\/wp\/v2\/types\/product"}],"replies":[{"embeddable":true,"href":"https:\/\/cienmilhijos.es\/en\/wp-json\/wp\/v2\/comments?post=25543"}],"wp:featuredmedia":[{"embeddable":true,"href":"https:\/\/cienmilhijos.es\/en\/wp-json\/wp\/v2\/media\/25544"}],"wp:attachment":[{"href":"https:\/\/cienmilhijos.es\/en\/wp-json\/wp\/v2\/media?parent=25543"}],"wp:term":[{"taxonomy":"product_cat","embeddable":true,"href":"https:\/\/cienmilhijos.es\/en\/wp-json\/wp\/v2\/product_cat?post=25543"},{"taxonomy":"product_tag","embeddable":true,"href":"https:\/\/cienmilhijos.es\/en\/wp-json\/wp\/v2\/product_tag?post=25543"}],"curies":[{"name":"wp","href":"https:\/\/api.w.org\/{rel}","templated":true}]}}