{"id":25537,"date":"2023-10-05T08:01:29","date_gmt":"2023-10-05T08:01:29","guid":{"rendered":"https:\/\/cienmilhijos.es\/?post_type=product&#038;p=25537"},"modified":"2023-10-05T08:02:35","modified_gmt":"2023-10-05T08:02:35","slug":"royal-canin-starter-4kg-para-mamas-y-cachorros","status":"publish","type":"product","link":"https:\/\/cienmilhijos.es\/en\/product\/royal-canin-starter-4kg-para-mamas-y-cachorros\/","title":{"rendered":"Royal Canin Starter 4kg Para mamas y cachorros"},"content":{"rendered":"<h2><\/h2>\n<p>El pienso para cachorros de razas peque\u00f1as Royal Canin Mini Starter Mother &amp; Babydog est\u00e1 elaborado para la alimentaci\u00f3n espec\u00edfica de cachorros de razas peque\u00f1as (entre 1 kg y 10 kg)\u00a0<strong>durante el destete y hasta los 2 meses.<\/strong>\u00a0Asimismo, tambi\u00e9n est\u00e1 indicado para alimentar a las hembras que se encuentren en el \u00faltimo tercio de la gestaci\u00f3n y durante la lactancia para proporcionarles todos los nutrientes que necesitan.<\/p>\n<p>La marca Royal Canin es pionera en el mundo de la nutrici\u00f3n animal en Espa\u00f1a. Todos sus productos se encuentran bajo el sello de la calidad y el respeto hacia los animales. Trabajan cuidadosamente, con eficacia y responsabilidad y creando una\u00a0<strong>alimentaci\u00f3n equilibrada<\/strong>\u00a0que se adapte lo m\u00e1s posible a las necesidades de cada raza.<\/p>\n<p>La f\u00f3rmula\u00a0<strong>Royal Canin Mini Starter Mother &amp; Babydog<\/strong>\u00a0tiene en cuenta todas las propiedades nutricionales necesarias para satisfacer las necesidades de la madre y sus cachorros en las cinco etapas del ciclo de la vida: gestaci\u00f3n, nacimiento, lactancia, destete y crecimiento. Esta f\u00f3rmula mantiene un excelente\u00a0<strong>equilibrio entre las prote\u00ednas (30%) y la materia grasa (22%).<\/strong><\/p>\n<p>Las croquetas presentes en el pienso para perro Mini Starter Mother &amp; Babydog se hidratan f\u00e1cilmente para obtener una consistencia similar a una papilla muy jugosa, tanto para la madre como para los cachorros en la fase de destete. Adem\u00e1s, el pienso Royal Canin Starter Mini tiene un perfil nutricional adecuado a las necesidades energ\u00e9ticas de la madre durante el final del per\u00edodo de gestaci\u00f3n y de lactancia.<\/p>\n<p>Su sistema patentado\u00a0<strong>Start Complex\u00a0<\/strong>contiene una serie de nutrientes con elementos presentes en la leche materna para regular sus deposiciones y activar la flora intestinal, promoviendo la salud digestiva. Adem\u00e1s, est\u00e1 enriquecido con antioxidantes y amino\u00e1cidos que fortalecen sus defensas naturales, y con calcio y f\u00f3sforo para que sus huesos se desarrollen adecuadamente. Y las vitaminas y minerales le ayudan al desarrollo de su corteza cerebral.<\/p>\n<p>Royal Canin Mini Starter Mother &amp; Babydog para madre y cachorros se convierte en una soluci\u00f3n nutricional \u00fanica que facilita la\u00a0<strong>transici\u00f3n de la leche materna al alimento s\u00f3lido<\/strong>, dise\u00f1ado para obtener una consistencia similar a una papilla. Adem\u00e1s,\u00a0<strong>aporta todos los nutrientes necesarios<\/strong>\u00a0para que la madre tenga energ\u00eda durante la gestaci\u00f3n y la lactancia y pueda dar a sus cachorros toda la leche que necesitan.<\/p>\n<p>&nbsp;<\/p>","protected":false},"excerpt":{"rendered":"<p>El pienso para cachorros de razas peque\u00f1as Royal Canin Mini Starter Mother &amp; Babydog est\u00e1 elaborado para la alimentaci\u00f3n espec\u00edfica de cachorros de razas peque\u00f1as (entre 1 kg y 10&hellip;<\/p>","protected":false},"featured_media":25538,"comment_status":"open","ping_status":"closed","template":"","meta":[],"product_cat":[269],"product_tag":[],"class_list":["post-25537","product","type-product","status-publish","has-post-thumbnail","hentry","product_cat-alimentacion-perros"],"yoast_head":"<!-- This site is optimized with the Yoast SEO plugin v21.6 - https:\/\/yoast.com\/wordpress\/plugins\/seo\/ -->\n<title>Royal Canin Starter 4kg Para mamas y cachorros - Cien Mil Hijos<\/title>\n<meta name=\"robots\" content=\"index, follow, max-snippet:-1, max-image-preview:large, max-video-preview:-1\" \/>\n<link rel=\"canonical\" href=\"https:\/\/cienmilhijos.es\/en\/product\/royal-canin-starter-4kg-para-mamas-y-cachorros\/\" \/>\n<meta property=\"og:locale\" content=\"en_GB\" \/>\n<meta property=\"og:type\" content=\"article\" \/>\n<meta property=\"og:title\" content=\"Royal Canin Starter 4kg Para mamas y cachorros - Cien Mil Hijos\" \/>\n<meta property=\"og:description\" content=\"El pienso para cachorros de razas peque\u00f1as Royal Canin Mini Starter Mother &amp; Babydog est\u00e1 elaborado para la alimentaci\u00f3n espec\u00edfica de cachorros de razas peque\u00f1as (entre 1 kg y 10&hellip;\" \/>\n<meta property=\"og:url\" content=\"https:\/\/cienmilhijos.es\/en\/product\/royal-canin-starter-4kg-para-mamas-y-cachorros\/\" \/>\n<meta property=\"og:site_name\" content=\"Cien Mil Hijos\" \/>\n<meta property=\"article:publisher\" content=\"https:\/\/www.facebook.com\/cienmilhijosanimales\/?locale=es_ES\" \/>\n<meta property=\"article:modified_time\" content=\"2023-10-05T08:02:35+00:00\" \/>\n<meta property=\"og:image\" content=\"https:\/\/cienmilhijos.es\/wp-content\/uploads\/2023\/10\/shopping-50.webp\" \/>\n\t<meta property=\"og:image:width\" content=\"173\" \/>\n\t<meta property=\"og:image:height\" content=\"262\" \/>\n\t<meta property=\"og:image:type\" content=\"image\/webp\" \/>\n<meta name=\"twitter:card\" content=\"summary_large_image\" \/>\n<meta name=\"twitter:label1\" content=\"Estimated reading time\" \/>\n\t<meta name=\"twitter:data1\" content=\"2 minutes\" \/>\n<script type=\"application\/ld+json\" class=\"yoast-schema-graph\">{\"@context\":\"https:\/\/schema.org\",\"@graph\":[{\"@type\":\"WebPage\",\"@id\":\"https:\/\/cienmilhijos.es\/product\/royal-canin-starter-4kg-para-mamas-y-cachorros\/\",\"url\":\"https:\/\/cienmilhijos.es\/product\/royal-canin-starter-4kg-para-mamas-y-cachorros\/\",\"name\":\"Royal Canin Starter 4kg Para mamas y cachorros - Cien Mil Hijos\",\"isPartOf\":{\"@id\":\"https:\/\/cienmilhijos.es\/#website\"},\"datePublished\":\"2023-10-05T08:01:29+00:00\",\"dateModified\":\"2023-10-05T08:02:35+00:00\",\"breadcrumb\":{\"@id\":\"https:\/\/cienmilhijos.es\/product\/royal-canin-starter-4kg-para-mamas-y-cachorros\/#breadcrumb\"},\"inLanguage\":\"en-GB\",\"potentialAction\":[{\"@type\":\"ReadAction\",\"target\":[\"https:\/\/cienmilhijos.es\/product\/royal-canin-starter-4kg-para-mamas-y-cachorros\/\"]}]},{\"@type\":\"BreadcrumbList\",\"@id\":\"https:\/\/cienmilhijos.es\/product\/royal-canin-starter-4kg-para-mamas-y-cachorros\/#breadcrumb\",\"itemListElement\":[{\"@type\":\"ListItem\",\"position\":1,\"name\":\"Portada\",\"item\":\"https:\/\/cienmilhijos.es\/\"},{\"@type\":\"ListItem\",\"position\":2,\"name\":\"Tienda\",\"item\":\"https:\/\/cienmilhijos.es\/tienda\/\"},{\"@type\":\"ListItem\",\"position\":3,\"name\":\"Royal Canin Starter 4kg Para mamas y cachorros\"}]},{\"@type\":\"WebSite\",\"@id\":\"https:\/\/cienmilhijos.es\/#website\",\"url\":\"https:\/\/cienmilhijos.es\/\",\"name\":\"Cien Mil Hijos\",\"description\":\"Cuidado de animales &amp; tienda de mascotas\",\"publisher\":{\"@id\":\"https:\/\/cienmilhijos.es\/#organization\"},\"potentialAction\":[{\"@type\":\"SearchAction\",\"target\":{\"@type\":\"EntryPoint\",\"urlTemplate\":\"https:\/\/cienmilhijos.es\/?s={search_term_string}\"},\"query-input\":\"required name=search_term_string\"}],\"inLanguage\":\"en-GB\"},{\"@type\":\"Organization\",\"@id\":\"https:\/\/cienmilhijos.es\/#organization\",\"name\":\"Cien Mil Hijos\",\"url\":\"https:\/\/cienmilhijos.es\/\",\"logo\":{\"@type\":\"ImageObject\",\"inLanguage\":\"en-GB\",\"@id\":\"https:\/\/cienmilhijos.es\/#\/schema\/logo\/image\/\",\"url\":\"https:\/\/cienmilhijos.es\/wp-content\/uploads\/2023\/12\/logo2.png\",\"contentUrl\":\"https:\/\/cienmilhijos.es\/wp-content\/uploads\/2023\/12\/logo2.png\",\"width\":1150,\"height\":127,\"caption\":\"Cien Mil Hijos\"},\"image\":{\"@id\":\"https:\/\/cienmilhijos.es\/#\/schema\/logo\/image\/\"},\"sameAs\":[\"https:\/\/www.facebook.com\/cienmilhijosanimales\/?locale=es_ES\"]}]}<\/script>\n<!-- \/ Yoast SEO plugin. -->","yoast_head_json":{"title":"Royal Canin Starter 4kg Para mamas y cachorros - Cien Mil Hijos","robots":{"index":"index","follow":"follow","max-snippet":"max-snippet:-1","max-image-preview":"max-image-preview:large","max-video-preview":"max-video-preview:-1"},"canonical":"https:\/\/cienmilhijos.es\/en\/product\/royal-canin-starter-4kg-para-mamas-y-cachorros\/","og_locale":"en_GB","og_type":"article","og_title":"Royal Canin Starter 4kg Para mamas y cachorros - Cien Mil Hijos","og_description":"El pienso para cachorros de razas peque\u00f1as Royal Canin Mini Starter Mother &amp; Babydog est\u00e1 elaborado para la alimentaci\u00f3n espec\u00edfica de cachorros de razas peque\u00f1as (entre 1 kg y 10&hellip;","og_url":"https:\/\/cienmilhijos.es\/en\/product\/royal-canin-starter-4kg-para-mamas-y-cachorros\/","og_site_name":"Cien Mil Hijos","article_publisher":"https:\/\/www.facebook.com\/cienmilhijosanimales\/?locale=es_ES","article_modified_time":"2023-10-05T08:02:35+00:00","og_image":[{"width":173,"height":262,"url":"https:\/\/cienmilhijos.es\/wp-content\/uploads\/2023\/10\/shopping-50.webp","type":"image\/webp"}],"twitter_card":"summary_large_image","twitter_misc":{"Estimated reading time":"2 minutes"},"schema":{"@context":"https:\/\/schema.org","@graph":[{"@type":"WebPage","@id":"https:\/\/cienmilhijos.es\/product\/royal-canin-starter-4kg-para-mamas-y-cachorros\/","url":"https:\/\/cienmilhijos.es\/product\/royal-canin-starter-4kg-para-mamas-y-cachorros\/","name":"Royal Canin Starter 4kg Para mamas y cachorros - Cien Mil Hijos","isPartOf":{"@id":"https:\/\/cienmilhijos.es\/#website"},"datePublished":"2023-10-05T08:01:29+00:00","dateModified":"2023-10-05T08:02:35+00:00","breadcrumb":{"@id":"https:\/\/cienmilhijos.es\/product\/royal-canin-starter-4kg-para-mamas-y-cachorros\/#breadcrumb"},"inLanguage":"en-GB","potentialAction":[{"@type":"ReadAction","target":["https:\/\/cienmilhijos.es\/product\/royal-canin-starter-4kg-para-mamas-y-cachorros\/"]}]},{"@type":"BreadcrumbList","@id":"https:\/\/cienmilhijos.es\/product\/royal-canin-starter-4kg-para-mamas-y-cachorros\/#breadcrumb","itemListElement":[{"@type":"ListItem","position":1,"name":"Portada","item":"https:\/\/cienmilhijos.es\/"},{"@type":"ListItem","position":2,"name":"Tienda","item":"https:\/\/cienmilhijos.es\/tienda\/"},{"@type":"ListItem","position":3,"name":"Royal Canin Starter 4kg Para mamas y cachorros"}]},{"@type":"WebSite","@id":"https:\/\/cienmilhijos.es\/#website","url":"https:\/\/cienmilhijos.es\/","name":"Cien Mil Hijos","description":"Cuidado de animales &amp; tienda de mascotas","publisher":{"@id":"https:\/\/cienmilhijos.es\/#organization"},"potentialAction":[{"@type":"SearchAction","target":{"@type":"EntryPoint","urlTemplate":"https:\/\/cienmilhijos.es\/?s={search_term_string}"},"query-input":"required name=search_term_string"}],"inLanguage":"en-GB"},{"@type":"Organization","@id":"https:\/\/cienmilhijos.es\/#organization","name":"Cien Mil Hijos","url":"https:\/\/cienmilhijos.es\/","logo":{"@type":"ImageObject","inLanguage":"en-GB","@id":"https:\/\/cienmilhijos.es\/#\/schema\/logo\/image\/","url":"https:\/\/cienmilhijos.es\/wp-content\/uploads\/2023\/12\/logo2.png","contentUrl":"https:\/\/cienmilhijos.es\/wp-content\/uploads\/2023\/12\/logo2.png","width":1150,"height":127,"caption":"Cien Mil Hijos"},"image":{"@id":"https:\/\/cienmilhijos.es\/#\/schema\/logo\/image\/"},"sameAs":["https:\/\/www.facebook.com\/cienmilhijosanimales\/?locale=es_ES"]}]}},"_links":{"self":[{"href":"https:\/\/cienmilhijos.es\/en\/wp-json\/wp\/v2\/product\/25537","targetHints":{"allow":["GET"]}}],"collection":[{"href":"https:\/\/cienmilhijos.es\/en\/wp-json\/wp\/v2\/product"}],"about":[{"href":"https:\/\/cienmilhijos.es\/en\/wp-json\/wp\/v2\/types\/product"}],"replies":[{"embeddable":true,"href":"https:\/\/cienmilhijos.es\/en\/wp-json\/wp\/v2\/comments?post=25537"}],"wp:featuredmedia":[{"embeddable":true,"href":"https:\/\/cienmilhijos.es\/en\/wp-json\/wp\/v2\/media\/25538"}],"wp:attachment":[{"href":"https:\/\/cienmilhijos.es\/en\/wp-json\/wp\/v2\/media?parent=25537"}],"wp:term":[{"taxonomy":"product_cat","embeddable":true,"href":"https:\/\/cienmilhijos.es\/en\/wp-json\/wp\/v2\/product_cat?post=25537"},{"taxonomy":"product_tag","embeddable":true,"href":"https:\/\/cienmilhijos.es\/en\/wp-json\/wp\/v2\/product_tag?post=25537"}],"curies":[{"name":"wp","href":"https:\/\/api.w.org\/{rel}","templated":true}]}}