{"id":25535,"date":"2023-10-05T07:55:09","date_gmt":"2023-10-05T07:55:09","guid":{"rendered":"https:\/\/cienmilhijos.es\/?post_type=product&#038;p=25535"},"modified":"2023-10-05T07:55:24","modified_gmt":"2023-10-05T07:55:24","slug":"royal-canin-puppy-small-15k","status":"publish","type":"product","link":"https:\/\/cienmilhijos.es\/en\/product\/royal-canin-puppy-small-15k\/","title":{"rendered":"Royal Canin Puppy Small 1,5k"},"content":{"rendered":"<p>Royal Canin X-Small Puppy es un pienso seco que est\u00e1 indicado para la alimentaci\u00f3n de cachorros de razas miniatura (hasta 4 kg de peso adulto) desde los 2 hasta los 10 meses. Su f\u00f3rmula con ingredientes ricos en fibra les ayuda a mejorar la\u00a0<strong>salud de su tr\u00e1nsito intestinal<\/strong>\u00a0y a evitar posibles estre\u00f1imientos.<\/p>\n<p>Los cachorros de las razas miniaturas son muy activos y en\u00e9rgicos y por eso Royal Canin X-Small Puppy es un pienso que le aporta la energ\u00eda necesaria y contiene un\u00a0<strong>alto contenido en prote\u00ednas<\/strong>\u00a0(31%) para que se desarrollen fuertes y sanos y con esa vitalidad. Y para ayudar a su sistema inmunol\u00f3gico, que se desarrolla en los primeros meses de vida, el pienso est\u00e1 enriquecido con\u00a0<strong>antioxidantes y amino\u00e1cidos<\/strong>.<\/p>\n<p>Tambi\u00e9n es un alimento que cuida que sus articulaciones est\u00e9n siempre en buen estado, y les aporta\u00a0<strong>calcio y f\u00f3sforo<\/strong>\u00a0para garantizar que sus huesos se desarrollen correctamente. Adem\u00e1s, tiene\u00a0<strong>\u00e1cidos grasos omega 3\u00a0<\/strong>para asegurar un pelo brillante y \u00e1cido linol\u00e9ico y zinc que nutren y dan elasticidad a la piel.<\/p>\n<p>Este pienso est\u00e1\u00a0<strong>elaborado por veterinarios y expertos nutricionistas<\/strong>\u00a0que seleccionan con cuidado los nutrientes y crean un pienso con un sabor que le encantar\u00e1 a tu perro, para conseguir que tenga apetito y coma todo lo necesario para que su desarrollo sea sano y feliz. Esta etapa de crecimiento es muy importante y de ella va a depender su buen envejecimiento.<\/p>\n<p>Los perros de razas muy peque\u00f1as son propensos a tener problemas de estre\u00f1imiento, por eso\u00a0<strong>Royal Canin X-Small Puppy\u00a0<\/strong>escoge todos los ingredientes digeribles y con la fibra necesaria para que sus digestiones sean saludables y as\u00ed evitar este tipo de problemas. Por otra parte, crean unas peque\u00f1as croquetas dise\u00f1adas para el tama\u00f1o de su boca y\u00a0<strong>ayuda a reducir el sarro<\/strong>\u00a0con los quelantes de calcio. Royal Canin X-Small Puppy le encantar\u00e1 a tu mascota.<\/p>\n<p>La marca Royal Canin idea sus piensos pensando en satisfacer las necesidades nutricionales de los animales. Tiene en cuenta la raza del perro, su tama\u00f1o y peso, el estilo de vida y otros factores imprescindibles para poder elaborar una\u00a0<strong>dieta equilibrada y adaptada<\/strong>\u00a0a las necesidades de cada animal.<\/p>","protected":false},"excerpt":{"rendered":"<p>Royal Canin X-Small Puppy es un pienso seco que est\u00e1 indicado para la alimentaci\u00f3n de cachorros de razas miniatura (hasta 4 kg de peso adulto) desde los 2 hasta los&hellip;<\/p>","protected":false},"featured_media":25536,"comment_status":"open","ping_status":"closed","template":"","meta":[],"product_cat":[269],"product_tag":[],"class_list":["post-25535","product","type-product","status-publish","has-post-thumbnail","hentry","product_cat-alimentacion-perros"],"yoast_head":"<!-- This site is optimized with the Yoast SEO plugin v21.6 - https:\/\/yoast.com\/wordpress\/plugins\/seo\/ -->\n<title>Royal Canin Puppy Small 1,5k - Cien Mil Hijos<\/title>\n<meta name=\"robots\" content=\"index, follow, max-snippet:-1, max-image-preview:large, max-video-preview:-1\" \/>\n<link rel=\"canonical\" href=\"https:\/\/cienmilhijos.es\/en\/product\/royal-canin-puppy-small-15k\/\" \/>\n<meta property=\"og:locale\" content=\"en_GB\" \/>\n<meta property=\"og:type\" content=\"article\" \/>\n<meta property=\"og:title\" content=\"Royal Canin Puppy Small 1,5k - Cien Mil Hijos\" \/>\n<meta property=\"og:description\" content=\"Royal Canin X-Small Puppy es un pienso seco que est\u00e1 indicado para la alimentaci\u00f3n de cachorros de razas miniatura (hasta 4 kg de peso adulto) desde los 2 hasta los&hellip;\" \/>\n<meta property=\"og:url\" content=\"https:\/\/cienmilhijos.es\/en\/product\/royal-canin-puppy-small-15k\/\" \/>\n<meta property=\"og:site_name\" content=\"Cien Mil Hijos\" \/>\n<meta property=\"article:publisher\" content=\"https:\/\/www.facebook.com\/cienmilhijosanimales\/?locale=es_ES\" \/>\n<meta property=\"article:modified_time\" content=\"2023-10-05T07:55:24+00:00\" \/>\n<meta property=\"og:image\" content=\"https:\/\/cienmilhijos.es\/wp-content\/uploads\/2023\/10\/shopping-49.webp\" \/>\n\t<meta property=\"og:image:width\" content=\"165\" \/>\n\t<meta property=\"og:image:height\" content=\"163\" \/>\n\t<meta property=\"og:image:type\" content=\"image\/webp\" \/>\n<meta name=\"twitter:card\" content=\"summary_large_image\" \/>\n<meta name=\"twitter:label1\" content=\"Estimated reading time\" \/>\n\t<meta name=\"twitter:data1\" content=\"2 minutes\" \/>\n<script type=\"application\/ld+json\" class=\"yoast-schema-graph\">{\"@context\":\"https:\/\/schema.org\",\"@graph\":[{\"@type\":\"WebPage\",\"@id\":\"https:\/\/cienmilhijos.es\/product\/royal-canin-puppy-small-15k\/\",\"url\":\"https:\/\/cienmilhijos.es\/product\/royal-canin-puppy-small-15k\/\",\"name\":\"Royal Canin Puppy Small 1,5k - Cien Mil Hijos\",\"isPartOf\":{\"@id\":\"https:\/\/cienmilhijos.es\/#website\"},\"datePublished\":\"2023-10-05T07:55:09+00:00\",\"dateModified\":\"2023-10-05T07:55:24+00:00\",\"breadcrumb\":{\"@id\":\"https:\/\/cienmilhijos.es\/product\/royal-canin-puppy-small-15k\/#breadcrumb\"},\"inLanguage\":\"en-GB\",\"potentialAction\":[{\"@type\":\"ReadAction\",\"target\":[\"https:\/\/cienmilhijos.es\/product\/royal-canin-puppy-small-15k\/\"]}]},{\"@type\":\"BreadcrumbList\",\"@id\":\"https:\/\/cienmilhijos.es\/product\/royal-canin-puppy-small-15k\/#breadcrumb\",\"itemListElement\":[{\"@type\":\"ListItem\",\"position\":1,\"name\":\"Portada\",\"item\":\"https:\/\/cienmilhijos.es\/\"},{\"@type\":\"ListItem\",\"position\":2,\"name\":\"Tienda\",\"item\":\"https:\/\/cienmilhijos.es\/tienda\/\"},{\"@type\":\"ListItem\",\"position\":3,\"name\":\"Royal Canin Puppy Small 1,5k\"}]},{\"@type\":\"WebSite\",\"@id\":\"https:\/\/cienmilhijos.es\/#website\",\"url\":\"https:\/\/cienmilhijos.es\/\",\"name\":\"Cien Mil Hijos\",\"description\":\"Cuidado de animales &amp; tienda de mascotas\",\"publisher\":{\"@id\":\"https:\/\/cienmilhijos.es\/#organization\"},\"potentialAction\":[{\"@type\":\"SearchAction\",\"target\":{\"@type\":\"EntryPoint\",\"urlTemplate\":\"https:\/\/cienmilhijos.es\/?s={search_term_string}\"},\"query-input\":\"required name=search_term_string\"}],\"inLanguage\":\"en-GB\"},{\"@type\":\"Organization\",\"@id\":\"https:\/\/cienmilhijos.es\/#organization\",\"name\":\"Cien Mil Hijos\",\"url\":\"https:\/\/cienmilhijos.es\/\",\"logo\":{\"@type\":\"ImageObject\",\"inLanguage\":\"en-GB\",\"@id\":\"https:\/\/cienmilhijos.es\/#\/schema\/logo\/image\/\",\"url\":\"https:\/\/cienmilhijos.es\/wp-content\/uploads\/2023\/12\/logo2.png\",\"contentUrl\":\"https:\/\/cienmilhijos.es\/wp-content\/uploads\/2023\/12\/logo2.png\",\"width\":1150,\"height\":127,\"caption\":\"Cien Mil Hijos\"},\"image\":{\"@id\":\"https:\/\/cienmilhijos.es\/#\/schema\/logo\/image\/\"},\"sameAs\":[\"https:\/\/www.facebook.com\/cienmilhijosanimales\/?locale=es_ES\"]}]}<\/script>\n<!-- \/ Yoast SEO plugin. -->","yoast_head_json":{"title":"Royal Canin Puppy Small 1,5k - Cien Mil Hijos","robots":{"index":"index","follow":"follow","max-snippet":"max-snippet:-1","max-image-preview":"max-image-preview:large","max-video-preview":"max-video-preview:-1"},"canonical":"https:\/\/cienmilhijos.es\/en\/product\/royal-canin-puppy-small-15k\/","og_locale":"en_GB","og_type":"article","og_title":"Royal Canin Puppy Small 1,5k - Cien Mil Hijos","og_description":"Royal Canin X-Small Puppy es un pienso seco que est\u00e1 indicado para la alimentaci\u00f3n de cachorros de razas miniatura (hasta 4 kg de peso adulto) desde los 2 hasta los&hellip;","og_url":"https:\/\/cienmilhijos.es\/en\/product\/royal-canin-puppy-small-15k\/","og_site_name":"Cien Mil Hijos","article_publisher":"https:\/\/www.facebook.com\/cienmilhijosanimales\/?locale=es_ES","article_modified_time":"2023-10-05T07:55:24+00:00","og_image":[{"width":165,"height":163,"url":"https:\/\/cienmilhijos.es\/wp-content\/uploads\/2023\/10\/shopping-49.webp","type":"image\/webp"}],"twitter_card":"summary_large_image","twitter_misc":{"Estimated reading time":"2 minutes"},"schema":{"@context":"https:\/\/schema.org","@graph":[{"@type":"WebPage","@id":"https:\/\/cienmilhijos.es\/product\/royal-canin-puppy-small-15k\/","url":"https:\/\/cienmilhijos.es\/product\/royal-canin-puppy-small-15k\/","name":"Royal Canin Puppy Small 1,5k - Cien Mil Hijos","isPartOf":{"@id":"https:\/\/cienmilhijos.es\/#website"},"datePublished":"2023-10-05T07:55:09+00:00","dateModified":"2023-10-05T07:55:24+00:00","breadcrumb":{"@id":"https:\/\/cienmilhijos.es\/product\/royal-canin-puppy-small-15k\/#breadcrumb"},"inLanguage":"en-GB","potentialAction":[{"@type":"ReadAction","target":["https:\/\/cienmilhijos.es\/product\/royal-canin-puppy-small-15k\/"]}]},{"@type":"BreadcrumbList","@id":"https:\/\/cienmilhijos.es\/product\/royal-canin-puppy-small-15k\/#breadcrumb","itemListElement":[{"@type":"ListItem","position":1,"name":"Portada","item":"https:\/\/cienmilhijos.es\/"},{"@type":"ListItem","position":2,"name":"Tienda","item":"https:\/\/cienmilhijos.es\/tienda\/"},{"@type":"ListItem","position":3,"name":"Royal Canin Puppy Small 1,5k"}]},{"@type":"WebSite","@id":"https:\/\/cienmilhijos.es\/#website","url":"https:\/\/cienmilhijos.es\/","name":"Cien Mil Hijos","description":"Cuidado de animales &amp; tienda de mascotas","publisher":{"@id":"https:\/\/cienmilhijos.es\/#organization"},"potentialAction":[{"@type":"SearchAction","target":{"@type":"EntryPoint","urlTemplate":"https:\/\/cienmilhijos.es\/?s={search_term_string}"},"query-input":"required name=search_term_string"}],"inLanguage":"en-GB"},{"@type":"Organization","@id":"https:\/\/cienmilhijos.es\/#organization","name":"Cien Mil Hijos","url":"https:\/\/cienmilhijos.es\/","logo":{"@type":"ImageObject","inLanguage":"en-GB","@id":"https:\/\/cienmilhijos.es\/#\/schema\/logo\/image\/","url":"https:\/\/cienmilhijos.es\/wp-content\/uploads\/2023\/12\/logo2.png","contentUrl":"https:\/\/cienmilhijos.es\/wp-content\/uploads\/2023\/12\/logo2.png","width":1150,"height":127,"caption":"Cien Mil Hijos"},"image":{"@id":"https:\/\/cienmilhijos.es\/#\/schema\/logo\/image\/"},"sameAs":["https:\/\/www.facebook.com\/cienmilhijosanimales\/?locale=es_ES"]}]}},"_links":{"self":[{"href":"https:\/\/cienmilhijos.es\/en\/wp-json\/wp\/v2\/product\/25535","targetHints":{"allow":["GET"]}}],"collection":[{"href":"https:\/\/cienmilhijos.es\/en\/wp-json\/wp\/v2\/product"}],"about":[{"href":"https:\/\/cienmilhijos.es\/en\/wp-json\/wp\/v2\/types\/product"}],"replies":[{"embeddable":true,"href":"https:\/\/cienmilhijos.es\/en\/wp-json\/wp\/v2\/comments?post=25535"}],"wp:featuredmedia":[{"embeddable":true,"href":"https:\/\/cienmilhijos.es\/en\/wp-json\/wp\/v2\/media\/25536"}],"wp:attachment":[{"href":"https:\/\/cienmilhijos.es\/en\/wp-json\/wp\/v2\/media?parent=25535"}],"wp:term":[{"taxonomy":"product_cat","embeddable":true,"href":"https:\/\/cienmilhijos.es\/en\/wp-json\/wp\/v2\/product_cat?post=25535"},{"taxonomy":"product_tag","embeddable":true,"href":"https:\/\/cienmilhijos.es\/en\/wp-json\/wp\/v2\/product_tag?post=25535"}],"curies":[{"name":"wp","href":"https:\/\/api.w.org\/{rel}","templated":true}]}}