{"id":25507,"date":"2023-10-05T07:37:33","date_gmt":"2023-10-05T07:37:33","guid":{"rendered":"https:\/\/cienmilhijos.es\/?post_type=product&#038;p=25507"},"modified":"2024-03-05T12:19:44","modified_gmt":"2024-03-05T12:19:44","slug":"royal-canin-adult-mini-2k","status":"publish","type":"product","link":"https:\/\/cienmilhijos.es\/en\/product\/royal-canin-adult-mini-2k\/","title":{"rendered":"ROYAL CANIN ADULT MINI 2K"},"content":{"rendered":"<p>El pienso Royal Canin Mini Adult es un\u00a0<strong>alimento completo y equilibrado<\/strong>\u00a0especialmente indicado para la nutrici\u00f3n de\u00a0<strong>perros adultos de razas peque\u00f1as<\/strong>\u00a0(menos de 10 kg a partir de los 10 meses de edad). La comida de Royal Canin Adulto Raza Peque\u00f1a\u00a0<strong>es muy energ\u00e9tica<\/strong>, lo que ayuda que el animal mantenga su vitalidad, ya que estos tipos de canes suelen ser bastante activos. Adem\u00e1s, gracias a la L-carnitina, componente que\u00a0<strong>evita la acumulaci\u00f3n de grasa<\/strong>, este pienso ayuda a la mascota a\u00a0<strong>mantenerse en su peso ideal<\/strong>.<\/p>\n<p>Los perros peque\u00f1os\u00a0<strong>crecen muy r\u00e1pido<\/strong> hasta su tama\u00f1o y peso m\u00e1ximo. Debido a su acelerado metabolismo, necesitan unos alimentos muy concretos para que no sufran <strong>ning\u00fan d\u00e9ficit alimenticio<\/strong>. Los ingredientes en Royal Canin Mini Adulto son\u00a0<strong>prote\u00ednas de alta calidad<\/strong>, procedentes de alimentos como carne y huevo, que evitan reacciones al\u00e9rgicas, sacian su apetito y mantienen fuertes sus m\u00fasculos.<\/p>\n<p>Royal Canin Mini Adultos es un pienso enriquecido con antioxidantes que fortalecen las defensas naturales, lo que favorece el\u00a0<strong>funcionamiento \u00f3ptimo del sistema inmunol\u00f3gico<\/strong>. A su vez, este alimento tambi\u00e9n aporta a las mascotas amino\u00e1cidos azufrados, como la metionina y la cistina, que\u00a0<strong>protegen su piel<\/strong>; y \u00e1cidos grasos, derivados del omega 3 y el omega 6, que\u00a0<strong>dan brillo a su pelo<\/strong>\u00a0y favorecen el\u00a0<strong>buen funcionamiento del tracto digestivo<\/strong>.<\/p>\n<p>Las croquetas de Royal Canin Mini Adult est\u00e1n\u00a0<strong>adaptadas a su boca<\/strong>\u00a0para que puedan masticarlas sin complicaciones. Gracias a los quelantes del calcio, Royal Canin Adulto Mini tambi\u00e9n\u00a0<strong>reduce la formaci\u00f3n de sarro<\/strong>, lo que evita que se originen problemas bucodentales.<\/p>","protected":false},"excerpt":{"rendered":"<p>El pienso Royal Canin Mini Adult es un\u00a0alimento completo y equilibrado\u00a0especialmente indicado para la nutrici\u00f3n de\u00a0perros adultos de razas peque\u00f1as\u00a0(menos de 10 kg a partir de los 10 meses de&hellip;<\/p>","protected":false},"featured_media":25533,"comment_status":"open","ping_status":"closed","template":"","meta":[],"product_cat":[269],"product_tag":[],"class_list":["post-25507","product","type-product","status-publish","has-post-thumbnail","hentry","product_cat-alimentacion-perros"],"yoast_head":"<!-- This site is optimized with the Yoast SEO plugin v21.6 - https:\/\/yoast.com\/wordpress\/plugins\/seo\/ -->\n<title>ROYAL CANIN ADULT MINI 2K - Cien Mil Hijos<\/title>\n<meta name=\"robots\" content=\"index, follow, max-snippet:-1, max-image-preview:large, max-video-preview:-1\" \/>\n<link rel=\"canonical\" href=\"https:\/\/cienmilhijos.es\/en\/product\/royal-canin-adult-mini-2k\/\" \/>\n<meta property=\"og:locale\" content=\"en_GB\" \/>\n<meta property=\"og:type\" content=\"article\" \/>\n<meta property=\"og:title\" content=\"ROYAL CANIN ADULT MINI 2K - Cien Mil Hijos\" \/>\n<meta property=\"og:description\" content=\"El pienso Royal Canin Mini Adult es un\u00a0alimento completo y equilibrado\u00a0especialmente indicado para la nutrici\u00f3n de\u00a0perros adultos de razas peque\u00f1as\u00a0(menos de 10 kg a partir de los 10 meses de&hellip;\" \/>\n<meta property=\"og:url\" content=\"https:\/\/cienmilhijos.es\/en\/product\/royal-canin-adult-mini-2k\/\" \/>\n<meta property=\"og:site_name\" content=\"Cien Mil Hijos\" \/>\n<meta property=\"article:publisher\" content=\"https:\/\/www.facebook.com\/cienmilhijosanimales\/?locale=es_ES\" \/>\n<meta property=\"article:modified_time\" content=\"2024-03-05T12:19:44+00:00\" \/>\n<meta property=\"og:image\" content=\"https:\/\/cienmilhijos.es\/wp-content\/uploads\/2023\/10\/shopping-48.webp\" \/>\n\t<meta property=\"og:image:width\" content=\"166\" \/>\n\t<meta property=\"og:image:height\" content=\"163\" \/>\n\t<meta property=\"og:image:type\" content=\"image\/webp\" \/>\n<meta name=\"twitter:card\" content=\"summary_large_image\" \/>\n<meta name=\"twitter:label1\" content=\"Estimated reading time\" \/>\n\t<meta name=\"twitter:data1\" content=\"2 minutes\" \/>\n<script type=\"application\/ld+json\" class=\"yoast-schema-graph\">{\"@context\":\"https:\/\/schema.org\",\"@graph\":[{\"@type\":\"WebPage\",\"@id\":\"https:\/\/cienmilhijos.es\/product\/royal-canin-adult-mini-2k\/\",\"url\":\"https:\/\/cienmilhijos.es\/product\/royal-canin-adult-mini-2k\/\",\"name\":\"ROYAL CANIN ADULT MINI 2K - Cien Mil Hijos\",\"isPartOf\":{\"@id\":\"https:\/\/cienmilhijos.es\/#website\"},\"datePublished\":\"2023-10-05T07:37:33+00:00\",\"dateModified\":\"2024-03-05T12:19:44+00:00\",\"breadcrumb\":{\"@id\":\"https:\/\/cienmilhijos.es\/product\/royal-canin-adult-mini-2k\/#breadcrumb\"},\"inLanguage\":\"en-GB\",\"potentialAction\":[{\"@type\":\"ReadAction\",\"target\":[\"https:\/\/cienmilhijos.es\/product\/royal-canin-adult-mini-2k\/\"]}]},{\"@type\":\"BreadcrumbList\",\"@id\":\"https:\/\/cienmilhijos.es\/product\/royal-canin-adult-mini-2k\/#breadcrumb\",\"itemListElement\":[{\"@type\":\"ListItem\",\"position\":1,\"name\":\"Portada\",\"item\":\"https:\/\/cienmilhijos.es\/\"},{\"@type\":\"ListItem\",\"position\":2,\"name\":\"Tienda\",\"item\":\"https:\/\/cienmilhijos.es\/tienda\/\"},{\"@type\":\"ListItem\",\"position\":3,\"name\":\"ROYAL CANIN ADULT MINI 2K\"}]},{\"@type\":\"WebSite\",\"@id\":\"https:\/\/cienmilhijos.es\/#website\",\"url\":\"https:\/\/cienmilhijos.es\/\",\"name\":\"Cien Mil Hijos\",\"description\":\"Cuidado de animales &amp; tienda de mascotas\",\"publisher\":{\"@id\":\"https:\/\/cienmilhijos.es\/#organization\"},\"potentialAction\":[{\"@type\":\"SearchAction\",\"target\":{\"@type\":\"EntryPoint\",\"urlTemplate\":\"https:\/\/cienmilhijos.es\/?s={search_term_string}\"},\"query-input\":\"required name=search_term_string\"}],\"inLanguage\":\"en-GB\"},{\"@type\":\"Organization\",\"@id\":\"https:\/\/cienmilhijos.es\/#organization\",\"name\":\"Cien Mil Hijos\",\"url\":\"https:\/\/cienmilhijos.es\/\",\"logo\":{\"@type\":\"ImageObject\",\"inLanguage\":\"en-GB\",\"@id\":\"https:\/\/cienmilhijos.es\/#\/schema\/logo\/image\/\",\"url\":\"https:\/\/cienmilhijos.es\/wp-content\/uploads\/2023\/12\/logo2.png\",\"contentUrl\":\"https:\/\/cienmilhijos.es\/wp-content\/uploads\/2023\/12\/logo2.png\",\"width\":1150,\"height\":127,\"caption\":\"Cien Mil Hijos\"},\"image\":{\"@id\":\"https:\/\/cienmilhijos.es\/#\/schema\/logo\/image\/\"},\"sameAs\":[\"https:\/\/www.facebook.com\/cienmilhijosanimales\/?locale=es_ES\"]}]}<\/script>\n<!-- \/ Yoast SEO plugin. -->","yoast_head_json":{"title":"ROYAL CANIN ADULT MINI 2K - Cien Mil Hijos","robots":{"index":"index","follow":"follow","max-snippet":"max-snippet:-1","max-image-preview":"max-image-preview:large","max-video-preview":"max-video-preview:-1"},"canonical":"https:\/\/cienmilhijos.es\/en\/product\/royal-canin-adult-mini-2k\/","og_locale":"en_GB","og_type":"article","og_title":"ROYAL CANIN ADULT MINI 2K - Cien Mil Hijos","og_description":"El pienso Royal Canin Mini Adult es un\u00a0alimento completo y equilibrado\u00a0especialmente indicado para la nutrici\u00f3n de\u00a0perros adultos de razas peque\u00f1as\u00a0(menos de 10 kg a partir de los 10 meses de&hellip;","og_url":"https:\/\/cienmilhijos.es\/en\/product\/royal-canin-adult-mini-2k\/","og_site_name":"Cien Mil Hijos","article_publisher":"https:\/\/www.facebook.com\/cienmilhijosanimales\/?locale=es_ES","article_modified_time":"2024-03-05T12:19:44+00:00","og_image":[{"width":166,"height":163,"url":"https:\/\/cienmilhijos.es\/wp-content\/uploads\/2023\/10\/shopping-48.webp","type":"image\/webp"}],"twitter_card":"summary_large_image","twitter_misc":{"Estimated reading time":"2 minutes"},"schema":{"@context":"https:\/\/schema.org","@graph":[{"@type":"WebPage","@id":"https:\/\/cienmilhijos.es\/product\/royal-canin-adult-mini-2k\/","url":"https:\/\/cienmilhijos.es\/product\/royal-canin-adult-mini-2k\/","name":"ROYAL CANIN ADULT MINI 2K - Cien Mil Hijos","isPartOf":{"@id":"https:\/\/cienmilhijos.es\/#website"},"datePublished":"2023-10-05T07:37:33+00:00","dateModified":"2024-03-05T12:19:44+00:00","breadcrumb":{"@id":"https:\/\/cienmilhijos.es\/product\/royal-canin-adult-mini-2k\/#breadcrumb"},"inLanguage":"en-GB","potentialAction":[{"@type":"ReadAction","target":["https:\/\/cienmilhijos.es\/product\/royal-canin-adult-mini-2k\/"]}]},{"@type":"BreadcrumbList","@id":"https:\/\/cienmilhijos.es\/product\/royal-canin-adult-mini-2k\/#breadcrumb","itemListElement":[{"@type":"ListItem","position":1,"name":"Portada","item":"https:\/\/cienmilhijos.es\/"},{"@type":"ListItem","position":2,"name":"Tienda","item":"https:\/\/cienmilhijos.es\/tienda\/"},{"@type":"ListItem","position":3,"name":"ROYAL CANIN ADULT MINI 2K"}]},{"@type":"WebSite","@id":"https:\/\/cienmilhijos.es\/#website","url":"https:\/\/cienmilhijos.es\/","name":"Cien Mil Hijos","description":"Cuidado de animales &amp; tienda de mascotas","publisher":{"@id":"https:\/\/cienmilhijos.es\/#organization"},"potentialAction":[{"@type":"SearchAction","target":{"@type":"EntryPoint","urlTemplate":"https:\/\/cienmilhijos.es\/?s={search_term_string}"},"query-input":"required name=search_term_string"}],"inLanguage":"en-GB"},{"@type":"Organization","@id":"https:\/\/cienmilhijos.es\/#organization","name":"Cien Mil Hijos","url":"https:\/\/cienmilhijos.es\/","logo":{"@type":"ImageObject","inLanguage":"en-GB","@id":"https:\/\/cienmilhijos.es\/#\/schema\/logo\/image\/","url":"https:\/\/cienmilhijos.es\/wp-content\/uploads\/2023\/12\/logo2.png","contentUrl":"https:\/\/cienmilhijos.es\/wp-content\/uploads\/2023\/12\/logo2.png","width":1150,"height":127,"caption":"Cien Mil Hijos"},"image":{"@id":"https:\/\/cienmilhijos.es\/#\/schema\/logo\/image\/"},"sameAs":["https:\/\/www.facebook.com\/cienmilhijosanimales\/?locale=es_ES"]}]}},"_links":{"self":[{"href":"https:\/\/cienmilhijos.es\/en\/wp-json\/wp\/v2\/product\/25507","targetHints":{"allow":["GET"]}}],"collection":[{"href":"https:\/\/cienmilhijos.es\/en\/wp-json\/wp\/v2\/product"}],"about":[{"href":"https:\/\/cienmilhijos.es\/en\/wp-json\/wp\/v2\/types\/product"}],"replies":[{"embeddable":true,"href":"https:\/\/cienmilhijos.es\/en\/wp-json\/wp\/v2\/comments?post=25507"}],"wp:featuredmedia":[{"embeddable":true,"href":"https:\/\/cienmilhijos.es\/en\/wp-json\/wp\/v2\/media\/25533"}],"wp:attachment":[{"href":"https:\/\/cienmilhijos.es\/en\/wp-json\/wp\/v2\/media?parent=25507"}],"wp:term":[{"taxonomy":"product_cat","embeddable":true,"href":"https:\/\/cienmilhijos.es\/en\/wp-json\/wp\/v2\/product_cat?post=25507"},{"taxonomy":"product_tag","embeddable":true,"href":"https:\/\/cienmilhijos.es\/en\/wp-json\/wp\/v2\/product_tag?post=25507"}],"curies":[{"name":"wp","href":"https:\/\/api.w.org\/{rel}","templated":true}]}}