{"id":25469,"date":"2023-09-30T10:48:18","date_gmt":"2023-09-30T10:48:18","guid":{"rendered":"https:\/\/cienmilhijos.es\/?post_type=product&#038;p=25469"},"modified":"2023-12-13T09:10:08","modified_gmt":"2023-12-13T09:10:08","slug":"libra-cordero-14k","status":"publish","type":"product","link":"https:\/\/cienmilhijos.es\/en\/product\/libra-cordero-14k\/","title":{"rendered":"Libra Adult  Cordero 14k"},"content":{"rendered":"<p><strong>Adult con Cordero\u00a0<\/strong>para\u00a0<strong>perros adultos<\/strong>\u00a0de<strong>\u00a0Libra\u00a0<\/strong>es un<strong>\u00a0<\/strong>sabroso\u00a0<strong>alimento completo\u00a0<\/strong>y\u00a0<strong>equilibrado\u00a0<\/strong>con Cordero, que contiene una proporci\u00f3n \u00f3ptima entre prote\u00edna, \u00e1cidos grasos esenciales, vitaminas, minerales y fibra que aportan el\u00a0<strong>equilibrio nutricional\u00a0<\/strong>que tu perro simplemente necesita.<\/p>\n<ul>\n<li><strong>Dientes y huesos sanos<\/strong>: Con vitamina D y minerales que contribuyen a unos dientes y huesos fuertes<\/li>\n<li><strong>F\u00f3rmula rica en vitaminas y minerales:<\/strong>\u00a0Con vitaminas A, D y E, Hierro, Zinc, Manganeso, Cobre, Yodo y Selenio<\/li>\n<li><strong>24% en prote\u00edna:<\/strong>\u00a0ayudar\u00e1 a mantener una buena musculatura<\/li>\n<li><strong>Sin aromas artificiales, conservantes ni colorantes<\/strong><\/li>\n<li>Sabor excelente<\/li>\n<\/ul>","protected":false},"excerpt":{"rendered":"<p>Adult con Cordero\u00a0para\u00a0perros adultos\u00a0de\u00a0Libra\u00a0es un\u00a0sabroso\u00a0alimento completo\u00a0y\u00a0equilibrado\u00a0con Cordero, que contiene una proporci\u00f3n \u00f3ptima entre prote\u00edna, \u00e1cidos grasos esenciales, vitaminas, minerales y fibra que aportan el\u00a0equilibrio nutricional\u00a0que tu perro simplemente necesita. Dientes&hellip;<\/p>","protected":false},"featured_media":25470,"comment_status":"open","ping_status":"closed","template":"","meta":[],"product_cat":[269],"product_tag":[],"class_list":["post-25469","product","type-product","status-publish","has-post-thumbnail","hentry","product_cat-alimentacion-perros"],"yoast_head":"<!-- This site is optimized with the Yoast SEO plugin v21.6 - https:\/\/yoast.com\/wordpress\/plugins\/seo\/ -->\n<title>Libra Adult Cordero 14k - Cien Mil Hijos<\/title>\n<meta name=\"robots\" content=\"index, follow, max-snippet:-1, max-image-preview:large, max-video-preview:-1\" \/>\n<link rel=\"canonical\" href=\"https:\/\/cienmilhijos.es\/en\/product\/libra-cordero-14k\/\" \/>\n<meta property=\"og:locale\" content=\"en_GB\" \/>\n<meta property=\"og:type\" content=\"article\" \/>\n<meta property=\"og:title\" content=\"Libra Adult Cordero 14k - Cien Mil Hijos\" \/>\n<meta property=\"og:description\" content=\"Adult con Cordero\u00a0para\u00a0perros adultos\u00a0de\u00a0Libra\u00a0es un\u00a0sabroso\u00a0alimento completo\u00a0y\u00a0equilibrado\u00a0con Cordero, que contiene una proporci\u00f3n \u00f3ptima entre prote\u00edna, \u00e1cidos grasos esenciales, vitaminas, minerales y fibra que aportan el\u00a0equilibrio nutricional\u00a0que tu perro simplemente necesita. Dientes&hellip;\" \/>\n<meta property=\"og:url\" content=\"https:\/\/cienmilhijos.es\/en\/product\/libra-cordero-14k\/\" \/>\n<meta property=\"og:site_name\" content=\"Cien Mil Hijos\" \/>\n<meta property=\"article:publisher\" content=\"https:\/\/www.facebook.com\/cienmilhijosanimales\/?locale=es_ES\" \/>\n<meta property=\"article:modified_time\" content=\"2023-12-13T09:10:08+00:00\" \/>\n<meta property=\"og:image\" content=\"https:\/\/cienmilhijos.es\/wp-content\/uploads\/2023\/09\/shopping-46.webp\" \/>\n\t<meta property=\"og:image:width\" content=\"137\" \/>\n\t<meta property=\"og:image:height\" content=\"163\" \/>\n\t<meta property=\"og:image:type\" content=\"image\/webp\" \/>\n<meta name=\"twitter:card\" content=\"summary_large_image\" \/>\n<script type=\"application\/ld+json\" class=\"yoast-schema-graph\">{\"@context\":\"https:\/\/schema.org\",\"@graph\":[{\"@type\":\"WebPage\",\"@id\":\"https:\/\/cienmilhijos.es\/product\/libra-cordero-14k\/\",\"url\":\"https:\/\/cienmilhijos.es\/product\/libra-cordero-14k\/\",\"name\":\"Libra Adult Cordero 14k - Cien Mil Hijos\",\"isPartOf\":{\"@id\":\"https:\/\/cienmilhijos.es\/#website\"},\"datePublished\":\"2023-09-30T10:48:18+00:00\",\"dateModified\":\"2023-12-13T09:10:08+00:00\",\"breadcrumb\":{\"@id\":\"https:\/\/cienmilhijos.es\/product\/libra-cordero-14k\/#breadcrumb\"},\"inLanguage\":\"en-GB\",\"potentialAction\":[{\"@type\":\"ReadAction\",\"target\":[\"https:\/\/cienmilhijos.es\/product\/libra-cordero-14k\/\"]}]},{\"@type\":\"BreadcrumbList\",\"@id\":\"https:\/\/cienmilhijos.es\/product\/libra-cordero-14k\/#breadcrumb\",\"itemListElement\":[{\"@type\":\"ListItem\",\"position\":1,\"name\":\"Portada\",\"item\":\"https:\/\/cienmilhijos.es\/\"},{\"@type\":\"ListItem\",\"position\":2,\"name\":\"Tienda\",\"item\":\"https:\/\/cienmilhijos.es\/tienda\/\"},{\"@type\":\"ListItem\",\"position\":3,\"name\":\"Libra Adult Cordero 14k\"}]},{\"@type\":\"WebSite\",\"@id\":\"https:\/\/cienmilhijos.es\/#website\",\"url\":\"https:\/\/cienmilhijos.es\/\",\"name\":\"Cien Mil Hijos\",\"description\":\"Cuidado de animales &amp; tienda de mascotas\",\"publisher\":{\"@id\":\"https:\/\/cienmilhijos.es\/#organization\"},\"potentialAction\":[{\"@type\":\"SearchAction\",\"target\":{\"@type\":\"EntryPoint\",\"urlTemplate\":\"https:\/\/cienmilhijos.es\/?s={search_term_string}\"},\"query-input\":\"required name=search_term_string\"}],\"inLanguage\":\"en-GB\"},{\"@type\":\"Organization\",\"@id\":\"https:\/\/cienmilhijos.es\/#organization\",\"name\":\"Cien Mil Hijos\",\"url\":\"https:\/\/cienmilhijos.es\/\",\"logo\":{\"@type\":\"ImageObject\",\"inLanguage\":\"en-GB\",\"@id\":\"https:\/\/cienmilhijos.es\/#\/schema\/logo\/image\/\",\"url\":\"https:\/\/cienmilhijos.es\/wp-content\/uploads\/2023\/12\/logo2.png\",\"contentUrl\":\"https:\/\/cienmilhijos.es\/wp-content\/uploads\/2023\/12\/logo2.png\",\"width\":1150,\"height\":127,\"caption\":\"Cien Mil Hijos\"},\"image\":{\"@id\":\"https:\/\/cienmilhijos.es\/#\/schema\/logo\/image\/\"},\"sameAs\":[\"https:\/\/www.facebook.com\/cienmilhijosanimales\/?locale=es_ES\"]}]}<\/script>\n<!-- \/ Yoast SEO plugin. -->","yoast_head_json":{"title":"Libra Adult Cordero 14k - Cien Mil Hijos","robots":{"index":"index","follow":"follow","max-snippet":"max-snippet:-1","max-image-preview":"max-image-preview:large","max-video-preview":"max-video-preview:-1"},"canonical":"https:\/\/cienmilhijos.es\/en\/product\/libra-cordero-14k\/","og_locale":"en_GB","og_type":"article","og_title":"Libra Adult Cordero 14k - Cien Mil Hijos","og_description":"Adult con Cordero\u00a0para\u00a0perros adultos\u00a0de\u00a0Libra\u00a0es un\u00a0sabroso\u00a0alimento completo\u00a0y\u00a0equilibrado\u00a0con Cordero, que contiene una proporci\u00f3n \u00f3ptima entre prote\u00edna, \u00e1cidos grasos esenciales, vitaminas, minerales y fibra que aportan el\u00a0equilibrio nutricional\u00a0que tu perro simplemente necesita. Dientes&hellip;","og_url":"https:\/\/cienmilhijos.es\/en\/product\/libra-cordero-14k\/","og_site_name":"Cien Mil Hijos","article_publisher":"https:\/\/www.facebook.com\/cienmilhijosanimales\/?locale=es_ES","article_modified_time":"2023-12-13T09:10:08+00:00","og_image":[{"width":137,"height":163,"url":"https:\/\/cienmilhijos.es\/wp-content\/uploads\/2023\/09\/shopping-46.webp","type":"image\/webp"}],"twitter_card":"summary_large_image","schema":{"@context":"https:\/\/schema.org","@graph":[{"@type":"WebPage","@id":"https:\/\/cienmilhijos.es\/product\/libra-cordero-14k\/","url":"https:\/\/cienmilhijos.es\/product\/libra-cordero-14k\/","name":"Libra Adult Cordero 14k - Cien Mil Hijos","isPartOf":{"@id":"https:\/\/cienmilhijos.es\/#website"},"datePublished":"2023-09-30T10:48:18+00:00","dateModified":"2023-12-13T09:10:08+00:00","breadcrumb":{"@id":"https:\/\/cienmilhijos.es\/product\/libra-cordero-14k\/#breadcrumb"},"inLanguage":"en-GB","potentialAction":[{"@type":"ReadAction","target":["https:\/\/cienmilhijos.es\/product\/libra-cordero-14k\/"]}]},{"@type":"BreadcrumbList","@id":"https:\/\/cienmilhijos.es\/product\/libra-cordero-14k\/#breadcrumb","itemListElement":[{"@type":"ListItem","position":1,"name":"Portada","item":"https:\/\/cienmilhijos.es\/"},{"@type":"ListItem","position":2,"name":"Tienda","item":"https:\/\/cienmilhijos.es\/tienda\/"},{"@type":"ListItem","position":3,"name":"Libra Adult Cordero 14k"}]},{"@type":"WebSite","@id":"https:\/\/cienmilhijos.es\/#website","url":"https:\/\/cienmilhijos.es\/","name":"Cien Mil Hijos","description":"Cuidado de animales &amp; tienda de mascotas","publisher":{"@id":"https:\/\/cienmilhijos.es\/#organization"},"potentialAction":[{"@type":"SearchAction","target":{"@type":"EntryPoint","urlTemplate":"https:\/\/cienmilhijos.es\/?s={search_term_string}"},"query-input":"required name=search_term_string"}],"inLanguage":"en-GB"},{"@type":"Organization","@id":"https:\/\/cienmilhijos.es\/#organization","name":"Cien Mil Hijos","url":"https:\/\/cienmilhijos.es\/","logo":{"@type":"ImageObject","inLanguage":"en-GB","@id":"https:\/\/cienmilhijos.es\/#\/schema\/logo\/image\/","url":"https:\/\/cienmilhijos.es\/wp-content\/uploads\/2023\/12\/logo2.png","contentUrl":"https:\/\/cienmilhijos.es\/wp-content\/uploads\/2023\/12\/logo2.png","width":1150,"height":127,"caption":"Cien Mil Hijos"},"image":{"@id":"https:\/\/cienmilhijos.es\/#\/schema\/logo\/image\/"},"sameAs":["https:\/\/www.facebook.com\/cienmilhijosanimales\/?locale=es_ES"]}]}},"_links":{"self":[{"href":"https:\/\/cienmilhijos.es\/en\/wp-json\/wp\/v2\/product\/25469","targetHints":{"allow":["GET"]}}],"collection":[{"href":"https:\/\/cienmilhijos.es\/en\/wp-json\/wp\/v2\/product"}],"about":[{"href":"https:\/\/cienmilhijos.es\/en\/wp-json\/wp\/v2\/types\/product"}],"replies":[{"embeddable":true,"href":"https:\/\/cienmilhijos.es\/en\/wp-json\/wp\/v2\/comments?post=25469"}],"wp:featuredmedia":[{"embeddable":true,"href":"https:\/\/cienmilhijos.es\/en\/wp-json\/wp\/v2\/media\/25470"}],"wp:attachment":[{"href":"https:\/\/cienmilhijos.es\/en\/wp-json\/wp\/v2\/media?parent=25469"}],"wp:term":[{"taxonomy":"product_cat","embeddable":true,"href":"https:\/\/cienmilhijos.es\/en\/wp-json\/wp\/v2\/product_cat?post=25469"},{"taxonomy":"product_tag","embeddable":true,"href":"https:\/\/cienmilhijos.es\/en\/wp-json\/wp\/v2\/product_tag?post=25469"}],"curies":[{"name":"wp","href":"https:\/\/api.w.org\/{rel}","templated":true}]}}