{"id":25410,"date":"2023-09-26T13:07:58","date_gmt":"2023-09-26T13:07:58","guid":{"rendered":"https:\/\/cienmilhijos.es\/?post_type=product&#038;p=25410"},"modified":"2023-12-20T11:27:23","modified_gmt":"2023-12-20T11:27:23","slug":"pate-natural-greatness-filete-de-atun-y-gambas-156gr","status":"publish","type":"product","link":"https:\/\/cienmilhijos.es\/en\/product\/pate-natural-greatness-filete-de-atun-y-gambas-156gr\/","title":{"rendered":"Pat\u00e9 Pate Hipoalergenico Natural Greatness Filete de At\u00fan y Gambas 156gr"},"content":{"rendered":"<div id=\"product-description-short-7135\" class=\"product-description-short sm-bottom\">\n<p>Filete de At\u00fan y Gambas de Natural Greatness es un alimento h\u00famedo para tu perro, 100% natural, sin saborizantes, sin conservantes ni colorantes artificiales.<\/p>\n<\/div>\n<div class=\"product-information light-box-bg mb-3\">\n<div class=\"product-prices sm-bottom\">\n<div class=\"d-flex flex-wrap align-items-center\">Alimento complementario que \u00fanicamente contiene los ingredientes listados. Filete de At\u00fan (55 %), Caldo de Pescado (20 %), Gambas (15 %), Calabaza (5 %) y Arroz (5 %). Prote\u00edna bruta 18 %, Fibra 0,2 %, Grasa 0,8 %, Ceniza 1,6 % y Humedad 75 %.<\/div>\n<div class=\"d-flex flex-wrap align-items-center\"><\/div>\n<\/div>\n<\/div>","protected":false},"excerpt":{"rendered":"<p>Filete de At\u00fan y Gambas de Natural Greatness es un alimento h\u00famedo para tu perro, 100% natural, sin saborizantes, sin conservantes ni colorantes artificiales. Alimento complementario que \u00fanicamente contiene los&hellip;<\/p>","protected":false},"featured_media":25411,"comment_status":"open","ping_status":"closed","template":"","meta":[],"product_cat":[317],"product_tag":[],"class_list":["post-25410","product","type-product","status-publish","has-post-thumbnail","hentry","product_cat-comida-humeda-para-perros"],"yoast_head":"<!-- This site is optimized with the Yoast SEO plugin v21.6 - https:\/\/yoast.com\/wordpress\/plugins\/seo\/ -->\n<title>Pat\u00e9 Pate Hipoalergenico Natural Greatness Filete de At\u00fan y Gambas 156gr - Cien Mil Hijos<\/title>\n<meta name=\"robots\" content=\"index, follow, max-snippet:-1, max-image-preview:large, max-video-preview:-1\" \/>\n<link rel=\"canonical\" href=\"https:\/\/cienmilhijos.es\/en\/product\/pate-natural-greatness-filete-de-atun-y-gambas-156gr\/\" \/>\n<meta property=\"og:locale\" content=\"en_GB\" \/>\n<meta property=\"og:type\" content=\"article\" \/>\n<meta property=\"og:title\" content=\"Pat\u00e9 Pate Hipoalergenico Natural Greatness Filete de At\u00fan y Gambas 156gr - Cien Mil Hijos\" \/>\n<meta property=\"og:description\" content=\"Filete de At\u00fan y Gambas de Natural Greatness es un alimento h\u00famedo para tu perro, 100% natural, sin saborizantes, sin conservantes ni colorantes artificiales. Alimento complementario que \u00fanicamente contiene los&hellip;\" \/>\n<meta property=\"og:url\" content=\"https:\/\/cienmilhijos.es\/en\/product\/pate-natural-greatness-filete-de-atun-y-gambas-156gr\/\" \/>\n<meta property=\"og:site_name\" content=\"Cien Mil Hijos\" \/>\n<meta property=\"article:publisher\" content=\"https:\/\/www.facebook.com\/cienmilhijosanimales\/?locale=es_ES\" \/>\n<meta property=\"article:modified_time\" content=\"2023-12-20T11:27:23+00:00\" \/>\n<meta property=\"og:image\" content=\"https:\/\/cienmilhijos.es\/wp-content\/uploads\/2023\/09\/comida-natural-greatness-perro-filete-de-atun-y-gambas-156-g.webp\" \/>\n\t<meta property=\"og:image:width\" content=\"800\" \/>\n\t<meta property=\"og:image:height\" content=\"1200\" \/>\n\t<meta property=\"og:image:type\" content=\"image\/webp\" \/>\n<meta name=\"twitter:card\" content=\"summary_large_image\" \/>\n<script type=\"application\/ld+json\" class=\"yoast-schema-graph\">{\"@context\":\"https:\/\/schema.org\",\"@graph\":[{\"@type\":\"WebPage\",\"@id\":\"https:\/\/cienmilhijos.es\/product\/pate-natural-greatness-filete-de-atun-y-gambas-156gr\/\",\"url\":\"https:\/\/cienmilhijos.es\/product\/pate-natural-greatness-filete-de-atun-y-gambas-156gr\/\",\"name\":\"Pat\u00e9 Pate Hipoalergenico Natural Greatness Filete de At\u00fan y Gambas 156gr - Cien Mil Hijos\",\"isPartOf\":{\"@id\":\"https:\/\/cienmilhijos.es\/#website\"},\"datePublished\":\"2023-09-26T13:07:58+00:00\",\"dateModified\":\"2023-12-20T11:27:23+00:00\",\"breadcrumb\":{\"@id\":\"https:\/\/cienmilhijos.es\/product\/pate-natural-greatness-filete-de-atun-y-gambas-156gr\/#breadcrumb\"},\"inLanguage\":\"en-GB\",\"potentialAction\":[{\"@type\":\"ReadAction\",\"target\":[\"https:\/\/cienmilhijos.es\/product\/pate-natural-greatness-filete-de-atun-y-gambas-156gr\/\"]}]},{\"@type\":\"BreadcrumbList\",\"@id\":\"https:\/\/cienmilhijos.es\/product\/pate-natural-greatness-filete-de-atun-y-gambas-156gr\/#breadcrumb\",\"itemListElement\":[{\"@type\":\"ListItem\",\"position\":1,\"name\":\"Portada\",\"item\":\"https:\/\/cienmilhijos.es\/\"},{\"@type\":\"ListItem\",\"position\":2,\"name\":\"Tienda\",\"item\":\"https:\/\/cienmilhijos.es\/tienda\/\"},{\"@type\":\"ListItem\",\"position\":3,\"name\":\"Pat\u00e9 Pate Hipoalergenico Natural Greatness Filete de At\u00fan y Gambas 156gr\"}]},{\"@type\":\"WebSite\",\"@id\":\"https:\/\/cienmilhijos.es\/#website\",\"url\":\"https:\/\/cienmilhijos.es\/\",\"name\":\"Cien Mil Hijos\",\"description\":\"Cuidado de animales &amp; tienda de mascotas\",\"publisher\":{\"@id\":\"https:\/\/cienmilhijos.es\/#organization\"},\"potentialAction\":[{\"@type\":\"SearchAction\",\"target\":{\"@type\":\"EntryPoint\",\"urlTemplate\":\"https:\/\/cienmilhijos.es\/?s={search_term_string}\"},\"query-input\":\"required name=search_term_string\"}],\"inLanguage\":\"en-GB\"},{\"@type\":\"Organization\",\"@id\":\"https:\/\/cienmilhijos.es\/#organization\",\"name\":\"Cien Mil Hijos\",\"url\":\"https:\/\/cienmilhijos.es\/\",\"logo\":{\"@type\":\"ImageObject\",\"inLanguage\":\"en-GB\",\"@id\":\"https:\/\/cienmilhijos.es\/#\/schema\/logo\/image\/\",\"url\":\"https:\/\/cienmilhijos.es\/wp-content\/uploads\/2023\/12\/logo2.png\",\"contentUrl\":\"https:\/\/cienmilhijos.es\/wp-content\/uploads\/2023\/12\/logo2.png\",\"width\":1150,\"height\":127,\"caption\":\"Cien Mil Hijos\"},\"image\":{\"@id\":\"https:\/\/cienmilhijos.es\/#\/schema\/logo\/image\/\"},\"sameAs\":[\"https:\/\/www.facebook.com\/cienmilhijosanimales\/?locale=es_ES\"]}]}<\/script>\n<!-- \/ Yoast SEO plugin. -->","yoast_head_json":{"title":"Pat\u00e9 Pate Hipoalergenico Natural Greatness Filete de At\u00fan y Gambas 156gr - Cien Mil Hijos","robots":{"index":"index","follow":"follow","max-snippet":"max-snippet:-1","max-image-preview":"max-image-preview:large","max-video-preview":"max-video-preview:-1"},"canonical":"https:\/\/cienmilhijos.es\/en\/product\/pate-natural-greatness-filete-de-atun-y-gambas-156gr\/","og_locale":"en_GB","og_type":"article","og_title":"Pat\u00e9 Pate Hipoalergenico Natural Greatness Filete de At\u00fan y Gambas 156gr - Cien Mil Hijos","og_description":"Filete de At\u00fan y Gambas de Natural Greatness es un alimento h\u00famedo para tu perro, 100% natural, sin saborizantes, sin conservantes ni colorantes artificiales. Alimento complementario que \u00fanicamente contiene los&hellip;","og_url":"https:\/\/cienmilhijos.es\/en\/product\/pate-natural-greatness-filete-de-atun-y-gambas-156gr\/","og_site_name":"Cien Mil Hijos","article_publisher":"https:\/\/www.facebook.com\/cienmilhijosanimales\/?locale=es_ES","article_modified_time":"2023-12-20T11:27:23+00:00","og_image":[{"width":800,"height":1200,"url":"https:\/\/cienmilhijos.es\/wp-content\/uploads\/2023\/09\/comida-natural-greatness-perro-filete-de-atun-y-gambas-156-g.webp","type":"image\/webp"}],"twitter_card":"summary_large_image","schema":{"@context":"https:\/\/schema.org","@graph":[{"@type":"WebPage","@id":"https:\/\/cienmilhijos.es\/product\/pate-natural-greatness-filete-de-atun-y-gambas-156gr\/","url":"https:\/\/cienmilhijos.es\/product\/pate-natural-greatness-filete-de-atun-y-gambas-156gr\/","name":"Pat\u00e9 Pate Hipoalergenico Natural Greatness Filete de At\u00fan y Gambas 156gr - Cien Mil Hijos","isPartOf":{"@id":"https:\/\/cienmilhijos.es\/#website"},"datePublished":"2023-09-26T13:07:58+00:00","dateModified":"2023-12-20T11:27:23+00:00","breadcrumb":{"@id":"https:\/\/cienmilhijos.es\/product\/pate-natural-greatness-filete-de-atun-y-gambas-156gr\/#breadcrumb"},"inLanguage":"en-GB","potentialAction":[{"@type":"ReadAction","target":["https:\/\/cienmilhijos.es\/product\/pate-natural-greatness-filete-de-atun-y-gambas-156gr\/"]}]},{"@type":"BreadcrumbList","@id":"https:\/\/cienmilhijos.es\/product\/pate-natural-greatness-filete-de-atun-y-gambas-156gr\/#breadcrumb","itemListElement":[{"@type":"ListItem","position":1,"name":"Portada","item":"https:\/\/cienmilhijos.es\/"},{"@type":"ListItem","position":2,"name":"Tienda","item":"https:\/\/cienmilhijos.es\/tienda\/"},{"@type":"ListItem","position":3,"name":"Pat\u00e9 Pate Hipoalergenico Natural Greatness Filete de At\u00fan y Gambas 156gr"}]},{"@type":"WebSite","@id":"https:\/\/cienmilhijos.es\/#website","url":"https:\/\/cienmilhijos.es\/","name":"Cien Mil Hijos","description":"Cuidado de animales &amp; tienda de mascotas","publisher":{"@id":"https:\/\/cienmilhijos.es\/#organization"},"potentialAction":[{"@type":"SearchAction","target":{"@type":"EntryPoint","urlTemplate":"https:\/\/cienmilhijos.es\/?s={search_term_string}"},"query-input":"required name=search_term_string"}],"inLanguage":"en-GB"},{"@type":"Organization","@id":"https:\/\/cienmilhijos.es\/#organization","name":"Cien Mil Hijos","url":"https:\/\/cienmilhijos.es\/","logo":{"@type":"ImageObject","inLanguage":"en-GB","@id":"https:\/\/cienmilhijos.es\/#\/schema\/logo\/image\/","url":"https:\/\/cienmilhijos.es\/wp-content\/uploads\/2023\/12\/logo2.png","contentUrl":"https:\/\/cienmilhijos.es\/wp-content\/uploads\/2023\/12\/logo2.png","width":1150,"height":127,"caption":"Cien Mil Hijos"},"image":{"@id":"https:\/\/cienmilhijos.es\/#\/schema\/logo\/image\/"},"sameAs":["https:\/\/www.facebook.com\/cienmilhijosanimales\/?locale=es_ES"]}]}},"_links":{"self":[{"href":"https:\/\/cienmilhijos.es\/en\/wp-json\/wp\/v2\/product\/25410","targetHints":{"allow":["GET"]}}],"collection":[{"href":"https:\/\/cienmilhijos.es\/en\/wp-json\/wp\/v2\/product"}],"about":[{"href":"https:\/\/cienmilhijos.es\/en\/wp-json\/wp\/v2\/types\/product"}],"replies":[{"embeddable":true,"href":"https:\/\/cienmilhijos.es\/en\/wp-json\/wp\/v2\/comments?post=25410"}],"wp:featuredmedia":[{"embeddable":true,"href":"https:\/\/cienmilhijos.es\/en\/wp-json\/wp\/v2\/media\/25411"}],"wp:attachment":[{"href":"https:\/\/cienmilhijos.es\/en\/wp-json\/wp\/v2\/media?parent=25410"}],"wp:term":[{"taxonomy":"product_cat","embeddable":true,"href":"https:\/\/cienmilhijos.es\/en\/wp-json\/wp\/v2\/product_cat?post=25410"},{"taxonomy":"product_tag","embeddable":true,"href":"https:\/\/cienmilhijos.es\/en\/wp-json\/wp\/v2\/product_tag?post=25410"}],"curies":[{"name":"wp","href":"https:\/\/api.w.org\/{rel}","templated":true}]}}