{"id":25408,"date":"2023-09-26T13:02:06","date_gmt":"2023-09-26T13:02:06","guid":{"rendered":"https:\/\/cienmilhijos.es\/?post_type=product&#038;p=25408"},"modified":"2023-12-21T09:22:41","modified_gmt":"2023-12-21T09:22:41","slug":"pate-hipoalergenico-natural-greatness-cordero-y-papaya-400g","status":"publish","type":"product","link":"https:\/\/cienmilhijos.es\/en\/product\/pate-hipoalergenico-natural-greatness-cordero-y-papaya-400g\/","title":{"rendered":"Pat\u00e9 Hipoalerg\u00e9nico Natural Greatness Cordero y Papaya 400g"},"content":{"rendered":"<p><strong>La comida h\u00fameda para perros de Natural Greatness<\/strong>\u00a0ofrece a tu peludo amigo una dieta completa y equilibrada que satisfar\u00e1 todas sus necesidades nutricionales para vivir una\u00a0<strong>vida plena, saludable y llena de vitalidad<\/strong>.Tiene una <strong>fant\u00e1stica f\u00f3rmula hipoalerg\u00e9nica con sabor a cordero, mezclado con papaya, ar\u00e1ndanos y romero en una suculenta textura que adorar\u00e1 comer.<\/strong>\u00a0Adem\u00e1s, es\u00a0<strong>libre de cereales,<\/strong>\u00a0puesto que puedes serv\u00edrselo a tu peludo amigo que sufre de alergias o intolerancias alimentarias ya que no le causar\u00e1 ninguna reacci\u00f3n.<\/p>\n<p>Esta receta de Natural Greatness solo contiene ingredientes naturales de alta calidad y es monoproteica, por lo que solo cuenta con carne fresca de cordero, adecuada para ofrecer a tu perro un\u00a0<strong>gran aporte de energ\u00eda para que se mantenga activo.<\/strong>\u00a0Esta prote\u00edna es mezclada con papaya, que\u00a0<strong>ayuda a tratar problemas digestivos como hinchaz\u00f3n y flatulencias y brinda un gran aporte de fibras, \u00e1cido f\u00f3lico, potasio y vitaminas<\/strong>\u00a0K, E, A, y C, que mantienen a tu mascota en \u00f3ptimo estado de forma.<\/p>\n<p>Incluye ar\u00e1ndanos que\u00a0<strong>previenen y controlan infecciones del tracto urinario mediante la reducci\u00f3n del pH de la orina<\/strong>\u00a0de tu perro y romero, hierba que\u00a0<strong>act\u00faa como antioxidante, alta en hierro, calcio y vitamina B6.<\/strong>\u00a0No contiene lactosa, colorantes, saborizantes ni conservantes artificiales. \u00a1Un alimento completamente natural con un fenomenal sabor que no podr\u00e1 resistir!<\/p>\n<p>&nbsp;<\/p>","protected":false},"excerpt":{"rendered":"<p>La comida h\u00fameda para perros de Natural Greatness\u00a0ofrece a tu peludo amigo una dieta completa y equilibrada que satisfar\u00e1 todas sus necesidades nutricionales para vivir una\u00a0vida plena, saludable y llena&hellip;<\/p>","protected":false},"featured_media":25409,"comment_status":"open","ping_status":"closed","template":"","meta":[],"product_cat":[317],"product_tag":[],"class_list":["post-25408","product","type-product","status-publish","has-post-thumbnail","hentry","product_cat-comida-humeda-para-perros"],"yoast_head":"<!-- This site is optimized with the Yoast SEO plugin v21.6 - https:\/\/yoast.com\/wordpress\/plugins\/seo\/ -->\n<title>Pat\u00e9 Hipoalerg\u00e9nico Natural Greatness Cordero y Papaya 400g - Cien Mil Hijos<\/title>\n<meta name=\"robots\" content=\"index, follow, max-snippet:-1, max-image-preview:large, max-video-preview:-1\" \/>\n<link rel=\"canonical\" href=\"https:\/\/cienmilhijos.es\/en\/product\/pate-hipoalergenico-natural-greatness-cordero-y-papaya-400g\/\" \/>\n<meta property=\"og:locale\" content=\"en_GB\" \/>\n<meta property=\"og:type\" content=\"article\" \/>\n<meta property=\"og:title\" content=\"Pat\u00e9 Hipoalerg\u00e9nico Natural Greatness Cordero y Papaya 400g - Cien Mil Hijos\" \/>\n<meta property=\"og:description\" content=\"La comida h\u00fameda para perros de Natural Greatness\u00a0ofrece a tu peludo amigo una dieta completa y equilibrada que satisfar\u00e1 todas sus necesidades nutricionales para vivir una\u00a0vida plena, saludable y llena&hellip;\" \/>\n<meta property=\"og:url\" content=\"https:\/\/cienmilhijos.es\/en\/product\/pate-hipoalergenico-natural-greatness-cordero-y-papaya-400g\/\" \/>\n<meta property=\"og:site_name\" content=\"Cien Mil Hijos\" \/>\n<meta property=\"article:publisher\" content=\"https:\/\/www.facebook.com\/cienmilhijosanimales\/?locale=es_ES\" \/>\n<meta property=\"article:modified_time\" content=\"2023-12-21T09:22:41+00:00\" \/>\n<meta property=\"og:image\" content=\"https:\/\/cienmilhijos.es\/wp-content\/uploads\/2023\/09\/shopping-33.webp\" \/>\n\t<meta property=\"og:image:width\" content=\"173\" \/>\n\t<meta property=\"og:image:height\" content=\"262\" \/>\n\t<meta property=\"og:image:type\" content=\"image\/webp\" \/>\n<meta name=\"twitter:card\" content=\"summary_large_image\" \/>\n<meta name=\"twitter:label1\" content=\"Estimated reading time\" \/>\n\t<meta name=\"twitter:data1\" content=\"1 minute\" \/>\n<script type=\"application\/ld+json\" class=\"yoast-schema-graph\">{\"@context\":\"https:\/\/schema.org\",\"@graph\":[{\"@type\":\"WebPage\",\"@id\":\"https:\/\/cienmilhijos.es\/product\/pate-hipoalergenico-natural-greatness-cordero-y-papaya-400g\/\",\"url\":\"https:\/\/cienmilhijos.es\/product\/pate-hipoalergenico-natural-greatness-cordero-y-papaya-400g\/\",\"name\":\"Pat\u00e9 Hipoalerg\u00e9nico Natural Greatness Cordero y Papaya 400g - Cien Mil Hijos\",\"isPartOf\":{\"@id\":\"https:\/\/cienmilhijos.es\/#website\"},\"datePublished\":\"2023-09-26T13:02:06+00:00\",\"dateModified\":\"2023-12-21T09:22:41+00:00\",\"breadcrumb\":{\"@id\":\"https:\/\/cienmilhijos.es\/product\/pate-hipoalergenico-natural-greatness-cordero-y-papaya-400g\/#breadcrumb\"},\"inLanguage\":\"en-GB\",\"potentialAction\":[{\"@type\":\"ReadAction\",\"target\":[\"https:\/\/cienmilhijos.es\/product\/pate-hipoalergenico-natural-greatness-cordero-y-papaya-400g\/\"]}]},{\"@type\":\"BreadcrumbList\",\"@id\":\"https:\/\/cienmilhijos.es\/product\/pate-hipoalergenico-natural-greatness-cordero-y-papaya-400g\/#breadcrumb\",\"itemListElement\":[{\"@type\":\"ListItem\",\"position\":1,\"name\":\"Portada\",\"item\":\"https:\/\/cienmilhijos.es\/\"},{\"@type\":\"ListItem\",\"position\":2,\"name\":\"Tienda\",\"item\":\"https:\/\/cienmilhijos.es\/tienda\/\"},{\"@type\":\"ListItem\",\"position\":3,\"name\":\"Pat\u00e9 Hipoalerg\u00e9nico Natural Greatness Cordero y Papaya 400g\"}]},{\"@type\":\"WebSite\",\"@id\":\"https:\/\/cienmilhijos.es\/#website\",\"url\":\"https:\/\/cienmilhijos.es\/\",\"name\":\"Cien Mil Hijos\",\"description\":\"Cuidado de animales &amp; tienda de mascotas\",\"publisher\":{\"@id\":\"https:\/\/cienmilhijos.es\/#organization\"},\"potentialAction\":[{\"@type\":\"SearchAction\",\"target\":{\"@type\":\"EntryPoint\",\"urlTemplate\":\"https:\/\/cienmilhijos.es\/?s={search_term_string}\"},\"query-input\":\"required name=search_term_string\"}],\"inLanguage\":\"en-GB\"},{\"@type\":\"Organization\",\"@id\":\"https:\/\/cienmilhijos.es\/#organization\",\"name\":\"Cien Mil Hijos\",\"url\":\"https:\/\/cienmilhijos.es\/\",\"logo\":{\"@type\":\"ImageObject\",\"inLanguage\":\"en-GB\",\"@id\":\"https:\/\/cienmilhijos.es\/#\/schema\/logo\/image\/\",\"url\":\"https:\/\/cienmilhijos.es\/wp-content\/uploads\/2023\/12\/logo2.png\",\"contentUrl\":\"https:\/\/cienmilhijos.es\/wp-content\/uploads\/2023\/12\/logo2.png\",\"width\":1150,\"height\":127,\"caption\":\"Cien Mil Hijos\"},\"image\":{\"@id\":\"https:\/\/cienmilhijos.es\/#\/schema\/logo\/image\/\"},\"sameAs\":[\"https:\/\/www.facebook.com\/cienmilhijosanimales\/?locale=es_ES\"]}]}<\/script>\n<!-- \/ Yoast SEO plugin. -->","yoast_head_json":{"title":"Pat\u00e9 Hipoalerg\u00e9nico Natural Greatness Cordero y Papaya 400g - Cien Mil Hijos","robots":{"index":"index","follow":"follow","max-snippet":"max-snippet:-1","max-image-preview":"max-image-preview:large","max-video-preview":"max-video-preview:-1"},"canonical":"https:\/\/cienmilhijos.es\/en\/product\/pate-hipoalergenico-natural-greatness-cordero-y-papaya-400g\/","og_locale":"en_GB","og_type":"article","og_title":"Pat\u00e9 Hipoalerg\u00e9nico Natural Greatness Cordero y Papaya 400g - Cien Mil Hijos","og_description":"La comida h\u00fameda para perros de Natural Greatness\u00a0ofrece a tu peludo amigo una dieta completa y equilibrada que satisfar\u00e1 todas sus necesidades nutricionales para vivir una\u00a0vida plena, saludable y llena&hellip;","og_url":"https:\/\/cienmilhijos.es\/en\/product\/pate-hipoalergenico-natural-greatness-cordero-y-papaya-400g\/","og_site_name":"Cien Mil Hijos","article_publisher":"https:\/\/www.facebook.com\/cienmilhijosanimales\/?locale=es_ES","article_modified_time":"2023-12-21T09:22:41+00:00","og_image":[{"width":173,"height":262,"url":"https:\/\/cienmilhijos.es\/wp-content\/uploads\/2023\/09\/shopping-33.webp","type":"image\/webp"}],"twitter_card":"summary_large_image","twitter_misc":{"Estimated reading time":"1 minute"},"schema":{"@context":"https:\/\/schema.org","@graph":[{"@type":"WebPage","@id":"https:\/\/cienmilhijos.es\/product\/pate-hipoalergenico-natural-greatness-cordero-y-papaya-400g\/","url":"https:\/\/cienmilhijos.es\/product\/pate-hipoalergenico-natural-greatness-cordero-y-papaya-400g\/","name":"Pat\u00e9 Hipoalerg\u00e9nico Natural Greatness Cordero y Papaya 400g - Cien Mil Hijos","isPartOf":{"@id":"https:\/\/cienmilhijos.es\/#website"},"datePublished":"2023-09-26T13:02:06+00:00","dateModified":"2023-12-21T09:22:41+00:00","breadcrumb":{"@id":"https:\/\/cienmilhijos.es\/product\/pate-hipoalergenico-natural-greatness-cordero-y-papaya-400g\/#breadcrumb"},"inLanguage":"en-GB","potentialAction":[{"@type":"ReadAction","target":["https:\/\/cienmilhijos.es\/product\/pate-hipoalergenico-natural-greatness-cordero-y-papaya-400g\/"]}]},{"@type":"BreadcrumbList","@id":"https:\/\/cienmilhijos.es\/product\/pate-hipoalergenico-natural-greatness-cordero-y-papaya-400g\/#breadcrumb","itemListElement":[{"@type":"ListItem","position":1,"name":"Portada","item":"https:\/\/cienmilhijos.es\/"},{"@type":"ListItem","position":2,"name":"Tienda","item":"https:\/\/cienmilhijos.es\/tienda\/"},{"@type":"ListItem","position":3,"name":"Pat\u00e9 Hipoalerg\u00e9nico Natural Greatness Cordero y Papaya 400g"}]},{"@type":"WebSite","@id":"https:\/\/cienmilhijos.es\/#website","url":"https:\/\/cienmilhijos.es\/","name":"Cien Mil Hijos","description":"Cuidado de animales &amp; tienda de mascotas","publisher":{"@id":"https:\/\/cienmilhijos.es\/#organization"},"potentialAction":[{"@type":"SearchAction","target":{"@type":"EntryPoint","urlTemplate":"https:\/\/cienmilhijos.es\/?s={search_term_string}"},"query-input":"required name=search_term_string"}],"inLanguage":"en-GB"},{"@type":"Organization","@id":"https:\/\/cienmilhijos.es\/#organization","name":"Cien Mil Hijos","url":"https:\/\/cienmilhijos.es\/","logo":{"@type":"ImageObject","inLanguage":"en-GB","@id":"https:\/\/cienmilhijos.es\/#\/schema\/logo\/image\/","url":"https:\/\/cienmilhijos.es\/wp-content\/uploads\/2023\/12\/logo2.png","contentUrl":"https:\/\/cienmilhijos.es\/wp-content\/uploads\/2023\/12\/logo2.png","width":1150,"height":127,"caption":"Cien Mil Hijos"},"image":{"@id":"https:\/\/cienmilhijos.es\/#\/schema\/logo\/image\/"},"sameAs":["https:\/\/www.facebook.com\/cienmilhijosanimales\/?locale=es_ES"]}]}},"_links":{"self":[{"href":"https:\/\/cienmilhijos.es\/en\/wp-json\/wp\/v2\/product\/25408","targetHints":{"allow":["GET"]}}],"collection":[{"href":"https:\/\/cienmilhijos.es\/en\/wp-json\/wp\/v2\/product"}],"about":[{"href":"https:\/\/cienmilhijos.es\/en\/wp-json\/wp\/v2\/types\/product"}],"replies":[{"embeddable":true,"href":"https:\/\/cienmilhijos.es\/en\/wp-json\/wp\/v2\/comments?post=25408"}],"wp:featuredmedia":[{"embeddable":true,"href":"https:\/\/cienmilhijos.es\/en\/wp-json\/wp\/v2\/media\/25409"}],"wp:attachment":[{"href":"https:\/\/cienmilhijos.es\/en\/wp-json\/wp\/v2\/media?parent=25408"}],"wp:term":[{"taxonomy":"product_cat","embeddable":true,"href":"https:\/\/cienmilhijos.es\/en\/wp-json\/wp\/v2\/product_cat?post=25408"},{"taxonomy":"product_tag","embeddable":true,"href":"https:\/\/cienmilhijos.es\/en\/wp-json\/wp\/v2\/product_tag?post=25408"}],"curies":[{"name":"wp","href":"https:\/\/api.w.org\/{rel}","templated":true}]}}