{"id":25339,"date":"2023-09-19T10:45:24","date_gmt":"2023-09-19T10:45:24","guid":{"rendered":"https:\/\/cienmilhijos.es\/?post_type=product&#038;p=25339"},"modified":"2023-09-26T13:20:37","modified_gmt":"2023-09-26T13:20:37","slug":"natural-greatness-hipoalergenico-light","status":"publish","type":"product","link":"https:\/\/cienmilhijos.es\/en\/product\/natural-greatness-hipoalergenico-light\/","title":{"rendered":"Natural Greatness Hipoalerg\u00e9nico light"},"content":{"rendered":"<p>Ideal para todas las razas Excelente receta ultra premium e hipoalerg\u00e9nica formulada sin cereales y desarrollada idealmente para perros adultos de todas las razas. Esta receta monoproteica est\u00e1 elaborada con carne de conejo, que es baja en grasas, e incluye L-carnitina para contribuir a la eliminaci\u00f3n de la grasa acumulada con el objetivo de que el perro alcance su peso adecuado y mantenga una buena condici\u00f3n f\u00edsica. Adem\u00e1s, su mezcla de verduras y frutas ayudar\u00e1 a que el perro se sienta lleno y satisfecho y a que reduzca su consumo cal\u00f3rico. Esta receta incorpora glucosamina y condroitina, que favorecen el buen mantenimiento del cart\u00edlago articular. Toda nuestra alimentaci\u00f3n se elabora siguiendo un proceso natural de cocci\u00f3n altamente avanzado que se basa en la inyecci\u00f3n directa de carne fresca. La calidad de los ingredientes naturales empleados en nuestras recetas les aporta altos niveles de palatabilidad y digestibilidad.<\/p>","protected":false},"excerpt":{"rendered":"<p>Ideal para todas las razas Excelente receta ultra premium e hipoalerg\u00e9nica formulada sin cereales y desarrollada idealmente para perros adultos de todas las razas. Esta receta monoproteica est\u00e1 elaborada con&hellip;<\/p>","protected":false},"featured_media":25340,"comment_status":"open","ping_status":"closed","template":"","meta":[],"product_cat":[269],"product_tag":[],"class_list":["post-25339","product","type-product","status-publish","has-post-thumbnail","hentry","product_cat-alimentacion-perros"],"yoast_head":"<!-- This site is optimized with the Yoast SEO plugin v21.6 - https:\/\/yoast.com\/wordpress\/plugins\/seo\/ -->\n<title>Natural Greatness Hipoalerg\u00e9nico light - Cien Mil Hijos<\/title>\n<meta name=\"robots\" content=\"index, follow, max-snippet:-1, max-image-preview:large, max-video-preview:-1\" \/>\n<link rel=\"canonical\" href=\"https:\/\/cienmilhijos.es\/en\/product\/natural-greatness-hipoalergenico-light\/\" \/>\n<meta property=\"og:locale\" content=\"en_GB\" \/>\n<meta property=\"og:type\" content=\"article\" \/>\n<meta property=\"og:title\" content=\"Natural Greatness Hipoalerg\u00e9nico light - Cien Mil Hijos\" \/>\n<meta property=\"og:description\" content=\"Ideal para todas las razas Excelente receta ultra premium e hipoalerg\u00e9nica formulada sin cereales y desarrollada idealmente para perros adultos de todas las razas. Esta receta monoproteica est\u00e1 elaborada con&hellip;\" \/>\n<meta property=\"og:url\" content=\"https:\/\/cienmilhijos.es\/en\/product\/natural-greatness-hipoalergenico-light\/\" \/>\n<meta property=\"og:site_name\" content=\"Cien Mil Hijos\" \/>\n<meta property=\"article:publisher\" content=\"https:\/\/www.facebook.com\/cienmilhijosanimales\/?locale=es_ES\" \/>\n<meta property=\"article:modified_time\" content=\"2023-09-26T13:20:37+00:00\" \/>\n<meta property=\"og:image\" content=\"https:\/\/cienmilhijos.es\/wp-content\/uploads\/2023\/09\/shopping-30.webp\" \/>\n\t<meta property=\"og:image:width\" content=\"173\" \/>\n\t<meta property=\"og:image:height\" content=\"173\" \/>\n\t<meta property=\"og:image:type\" content=\"image\/webp\" \/>\n<meta name=\"twitter:card\" content=\"summary_large_image\" \/>\n<meta name=\"twitter:label1\" content=\"Estimated reading time\" \/>\n\t<meta name=\"twitter:data1\" content=\"1 minute\" \/>\n<script type=\"application\/ld+json\" class=\"yoast-schema-graph\">{\"@context\":\"https:\/\/schema.org\",\"@graph\":[{\"@type\":\"WebPage\",\"@id\":\"https:\/\/cienmilhijos.es\/product\/natural-greatness-hipoalergenico-light\/\",\"url\":\"https:\/\/cienmilhijos.es\/product\/natural-greatness-hipoalergenico-light\/\",\"name\":\"Natural Greatness Hipoalerg\u00e9nico light - Cien Mil Hijos\",\"isPartOf\":{\"@id\":\"https:\/\/cienmilhijos.es\/#website\"},\"datePublished\":\"2023-09-19T10:45:24+00:00\",\"dateModified\":\"2023-09-26T13:20:37+00:00\",\"breadcrumb\":{\"@id\":\"https:\/\/cienmilhijos.es\/product\/natural-greatness-hipoalergenico-light\/#breadcrumb\"},\"inLanguage\":\"en-GB\",\"potentialAction\":[{\"@type\":\"ReadAction\",\"target\":[\"https:\/\/cienmilhijos.es\/product\/natural-greatness-hipoalergenico-light\/\"]}]},{\"@type\":\"BreadcrumbList\",\"@id\":\"https:\/\/cienmilhijos.es\/product\/natural-greatness-hipoalergenico-light\/#breadcrumb\",\"itemListElement\":[{\"@type\":\"ListItem\",\"position\":1,\"name\":\"Portada\",\"item\":\"https:\/\/cienmilhijos.es\/\"},{\"@type\":\"ListItem\",\"position\":2,\"name\":\"Tienda\",\"item\":\"https:\/\/cienmilhijos.es\/tienda\/\"},{\"@type\":\"ListItem\",\"position\":3,\"name\":\"Natural Greatness Hipoalerg\u00e9nico light\"}]},{\"@type\":\"WebSite\",\"@id\":\"https:\/\/cienmilhijos.es\/#website\",\"url\":\"https:\/\/cienmilhijos.es\/\",\"name\":\"Cien Mil Hijos\",\"description\":\"Cuidado de animales &amp; tienda de mascotas\",\"publisher\":{\"@id\":\"https:\/\/cienmilhijos.es\/#organization\"},\"potentialAction\":[{\"@type\":\"SearchAction\",\"target\":{\"@type\":\"EntryPoint\",\"urlTemplate\":\"https:\/\/cienmilhijos.es\/?s={search_term_string}\"},\"query-input\":\"required name=search_term_string\"}],\"inLanguage\":\"en-GB\"},{\"@type\":\"Organization\",\"@id\":\"https:\/\/cienmilhijos.es\/#organization\",\"name\":\"Cien Mil Hijos\",\"url\":\"https:\/\/cienmilhijos.es\/\",\"logo\":{\"@type\":\"ImageObject\",\"inLanguage\":\"en-GB\",\"@id\":\"https:\/\/cienmilhijos.es\/#\/schema\/logo\/image\/\",\"url\":\"https:\/\/cienmilhijos.es\/wp-content\/uploads\/2023\/12\/logo2.png\",\"contentUrl\":\"https:\/\/cienmilhijos.es\/wp-content\/uploads\/2023\/12\/logo2.png\",\"width\":1150,\"height\":127,\"caption\":\"Cien Mil Hijos\"},\"image\":{\"@id\":\"https:\/\/cienmilhijos.es\/#\/schema\/logo\/image\/\"},\"sameAs\":[\"https:\/\/www.facebook.com\/cienmilhijosanimales\/?locale=es_ES\"]}]}<\/script>\n<!-- \/ Yoast SEO plugin. -->","yoast_head_json":{"title":"Natural Greatness Hipoalerg\u00e9nico light - Cien Mil Hijos","robots":{"index":"index","follow":"follow","max-snippet":"max-snippet:-1","max-image-preview":"max-image-preview:large","max-video-preview":"max-video-preview:-1"},"canonical":"https:\/\/cienmilhijos.es\/en\/product\/natural-greatness-hipoalergenico-light\/","og_locale":"en_GB","og_type":"article","og_title":"Natural Greatness Hipoalerg\u00e9nico light - Cien Mil Hijos","og_description":"Ideal para todas las razas Excelente receta ultra premium e hipoalerg\u00e9nica formulada sin cereales y desarrollada idealmente para perros adultos de todas las razas. Esta receta monoproteica est\u00e1 elaborada con&hellip;","og_url":"https:\/\/cienmilhijos.es\/en\/product\/natural-greatness-hipoalergenico-light\/","og_site_name":"Cien Mil Hijos","article_publisher":"https:\/\/www.facebook.com\/cienmilhijosanimales\/?locale=es_ES","article_modified_time":"2023-09-26T13:20:37+00:00","og_image":[{"width":173,"height":173,"url":"https:\/\/cienmilhijos.es\/wp-content\/uploads\/2023\/09\/shopping-30.webp","type":"image\/webp"}],"twitter_card":"summary_large_image","twitter_misc":{"Estimated reading time":"1 minute"},"schema":{"@context":"https:\/\/schema.org","@graph":[{"@type":"WebPage","@id":"https:\/\/cienmilhijos.es\/product\/natural-greatness-hipoalergenico-light\/","url":"https:\/\/cienmilhijos.es\/product\/natural-greatness-hipoalergenico-light\/","name":"Natural Greatness Hipoalerg\u00e9nico light - Cien Mil Hijos","isPartOf":{"@id":"https:\/\/cienmilhijos.es\/#website"},"datePublished":"2023-09-19T10:45:24+00:00","dateModified":"2023-09-26T13:20:37+00:00","breadcrumb":{"@id":"https:\/\/cienmilhijos.es\/product\/natural-greatness-hipoalergenico-light\/#breadcrumb"},"inLanguage":"en-GB","potentialAction":[{"@type":"ReadAction","target":["https:\/\/cienmilhijos.es\/product\/natural-greatness-hipoalergenico-light\/"]}]},{"@type":"BreadcrumbList","@id":"https:\/\/cienmilhijos.es\/product\/natural-greatness-hipoalergenico-light\/#breadcrumb","itemListElement":[{"@type":"ListItem","position":1,"name":"Portada","item":"https:\/\/cienmilhijos.es\/"},{"@type":"ListItem","position":2,"name":"Tienda","item":"https:\/\/cienmilhijos.es\/tienda\/"},{"@type":"ListItem","position":3,"name":"Natural Greatness Hipoalerg\u00e9nico light"}]},{"@type":"WebSite","@id":"https:\/\/cienmilhijos.es\/#website","url":"https:\/\/cienmilhijos.es\/","name":"Cien Mil Hijos","description":"Cuidado de animales &amp; tienda de mascotas","publisher":{"@id":"https:\/\/cienmilhijos.es\/#organization"},"potentialAction":[{"@type":"SearchAction","target":{"@type":"EntryPoint","urlTemplate":"https:\/\/cienmilhijos.es\/?s={search_term_string}"},"query-input":"required name=search_term_string"}],"inLanguage":"en-GB"},{"@type":"Organization","@id":"https:\/\/cienmilhijos.es\/#organization","name":"Cien Mil Hijos","url":"https:\/\/cienmilhijos.es\/","logo":{"@type":"ImageObject","inLanguage":"en-GB","@id":"https:\/\/cienmilhijos.es\/#\/schema\/logo\/image\/","url":"https:\/\/cienmilhijos.es\/wp-content\/uploads\/2023\/12\/logo2.png","contentUrl":"https:\/\/cienmilhijos.es\/wp-content\/uploads\/2023\/12\/logo2.png","width":1150,"height":127,"caption":"Cien Mil Hijos"},"image":{"@id":"https:\/\/cienmilhijos.es\/#\/schema\/logo\/image\/"},"sameAs":["https:\/\/www.facebook.com\/cienmilhijosanimales\/?locale=es_ES"]}]}},"_links":{"self":[{"href":"https:\/\/cienmilhijos.es\/en\/wp-json\/wp\/v2\/product\/25339","targetHints":{"allow":["GET"]}}],"collection":[{"href":"https:\/\/cienmilhijos.es\/en\/wp-json\/wp\/v2\/product"}],"about":[{"href":"https:\/\/cienmilhijos.es\/en\/wp-json\/wp\/v2\/types\/product"}],"replies":[{"embeddable":true,"href":"https:\/\/cienmilhijos.es\/en\/wp-json\/wp\/v2\/comments?post=25339"}],"wp:featuredmedia":[{"embeddable":true,"href":"https:\/\/cienmilhijos.es\/en\/wp-json\/wp\/v2\/media\/25340"}],"wp:attachment":[{"href":"https:\/\/cienmilhijos.es\/en\/wp-json\/wp\/v2\/media?parent=25339"}],"wp:term":[{"taxonomy":"product_cat","embeddable":true,"href":"https:\/\/cienmilhijos.es\/en\/wp-json\/wp\/v2\/product_cat?post=25339"},{"taxonomy":"product_tag","embeddable":true,"href":"https:\/\/cienmilhijos.es\/en\/wp-json\/wp\/v2\/product_tag?post=25339"}],"curies":[{"name":"wp","href":"https:\/\/api.w.org\/{rel}","templated":true}]}}