{"id":25335,"date":"2023-09-19T10:28:46","date_gmt":"2023-09-19T10:28:46","guid":{"rendered":"https:\/\/cienmilhijos.es\/?post_type=product&#038;p=25335"},"modified":"2023-12-12T11:02:19","modified_gmt":"2023-12-12T11:02:19","slug":"natural-greatness-hipoalergenico-will-recipe-2k","status":"publish","type":"product","link":"https:\/\/cienmilhijos.es\/en\/product\/natural-greatness-hipoalergenico-will-recipe-2k\/","title":{"rendered":"Natural Greatness Hipoalerg\u00e9nico Will Recipe"},"content":{"rendered":"<p>Pienso perro Ultrapremium para Todas las razas y edades Excelente receta ultra premium e hipoalerg\u00e9nica formulada sin cereales y desarrollada idealmente para perros adultos, cachorros o hembras gestantes o lactantes de todas las razas. Esta receta cuenta con un gran porcentaje de ingredientes c\u00e1rnicos e incluye prote\u00ednas de alto valor biol\u00f3gico que favorecen la buena digesti\u00f3n y ayudan a mantener la energ\u00eda y la masa muscular de aquellos perros que tengan un elevado nivel energ\u00e9tico o mucha actividad diaria. Toda nuestra alimentaci\u00f3n se elabora siguiendo un proceso natural de cocci\u00f3n altamente avanzado que se basa en la inyecci\u00f3n directa de carne fresca. La calidad de los ingredientes naturales empleados en nuestras recetas les aporta altos niveles de palatabilidad y digestibilidad.<\/p>","protected":false},"excerpt":{"rendered":"<p>Pienso perro Ultrapremium para Todas las razas y edades Excelente receta ultra premium e hipoalerg\u00e9nica formulada sin cereales y desarrollada idealmente para perros adultos, cachorros o hembras gestantes o lactantes&hellip;<\/p>","protected":false},"featured_media":25336,"comment_status":"open","ping_status":"closed","template":"","meta":[],"product_cat":[269],"product_tag":[],"class_list":["post-25335","product","type-product","status-publish","has-post-thumbnail","hentry","product_cat-alimentacion-perros"],"yoast_head":"<!-- This site is optimized with the Yoast SEO plugin v21.6 - https:\/\/yoast.com\/wordpress\/plugins\/seo\/ -->\n<title>Natural Greatness Hipoalerg\u00e9nico Will Recipe - Cien Mil Hijos<\/title>\n<meta name=\"robots\" content=\"index, follow, max-snippet:-1, max-image-preview:large, max-video-preview:-1\" \/>\n<link rel=\"canonical\" href=\"https:\/\/cienmilhijos.es\/en\/product\/natural-greatness-hipoalergenico-will-recipe-2k\/\" \/>\n<meta property=\"og:locale\" content=\"en_GB\" \/>\n<meta property=\"og:type\" content=\"article\" \/>\n<meta property=\"og:title\" content=\"Natural Greatness Hipoalerg\u00e9nico Will Recipe - Cien Mil Hijos\" \/>\n<meta property=\"og:description\" content=\"Pienso perro Ultrapremium para Todas las razas y edades Excelente receta ultra premium e hipoalerg\u00e9nica formulada sin cereales y desarrollada idealmente para perros adultos, cachorros o hembras gestantes o lactantes&hellip;\" \/>\n<meta property=\"og:url\" content=\"https:\/\/cienmilhijos.es\/en\/product\/natural-greatness-hipoalergenico-will-recipe-2k\/\" \/>\n<meta property=\"og:site_name\" content=\"Cien Mil Hijos\" \/>\n<meta property=\"article:publisher\" content=\"https:\/\/www.facebook.com\/cienmilhijosanimales\/?locale=es_ES\" \/>\n<meta property=\"article:modified_time\" content=\"2023-12-12T11:02:19+00:00\" \/>\n<meta property=\"og:image\" content=\"https:\/\/cienmilhijos.es\/wp-content\/uploads\/2023\/09\/descarga-11.webp\" \/>\n\t<meta property=\"og:image:width\" content=\"133\" \/>\n\t<meta property=\"og:image:height\" content=\"245\" \/>\n\t<meta property=\"og:image:type\" content=\"image\/webp\" \/>\n<meta name=\"twitter:card\" content=\"summary_large_image\" \/>\n<meta name=\"twitter:label1\" content=\"Estimated reading time\" \/>\n\t<meta name=\"twitter:data1\" content=\"1 minute\" \/>\n<script type=\"application\/ld+json\" class=\"yoast-schema-graph\">{\"@context\":\"https:\/\/schema.org\",\"@graph\":[{\"@type\":\"WebPage\",\"@id\":\"https:\/\/cienmilhijos.es\/product\/natural-greatness-hipoalergenico-will-recipe-2k\/\",\"url\":\"https:\/\/cienmilhijos.es\/product\/natural-greatness-hipoalergenico-will-recipe-2k\/\",\"name\":\"Natural Greatness Hipoalerg\u00e9nico Will Recipe - Cien Mil Hijos\",\"isPartOf\":{\"@id\":\"https:\/\/cienmilhijos.es\/#website\"},\"datePublished\":\"2023-09-19T10:28:46+00:00\",\"dateModified\":\"2023-12-12T11:02:19+00:00\",\"breadcrumb\":{\"@id\":\"https:\/\/cienmilhijos.es\/product\/natural-greatness-hipoalergenico-will-recipe-2k\/#breadcrumb\"},\"inLanguage\":\"en-GB\",\"potentialAction\":[{\"@type\":\"ReadAction\",\"target\":[\"https:\/\/cienmilhijos.es\/product\/natural-greatness-hipoalergenico-will-recipe-2k\/\"]}]},{\"@type\":\"BreadcrumbList\",\"@id\":\"https:\/\/cienmilhijos.es\/product\/natural-greatness-hipoalergenico-will-recipe-2k\/#breadcrumb\",\"itemListElement\":[{\"@type\":\"ListItem\",\"position\":1,\"name\":\"Portada\",\"item\":\"https:\/\/cienmilhijos.es\/\"},{\"@type\":\"ListItem\",\"position\":2,\"name\":\"Tienda\",\"item\":\"https:\/\/cienmilhijos.es\/tienda\/\"},{\"@type\":\"ListItem\",\"position\":3,\"name\":\"Natural Greatness Hipoalerg\u00e9nico Will Recipe\"}]},{\"@type\":\"WebSite\",\"@id\":\"https:\/\/cienmilhijos.es\/#website\",\"url\":\"https:\/\/cienmilhijos.es\/\",\"name\":\"Cien Mil Hijos\",\"description\":\"Cuidado de animales &amp; tienda de mascotas\",\"publisher\":{\"@id\":\"https:\/\/cienmilhijos.es\/#organization\"},\"potentialAction\":[{\"@type\":\"SearchAction\",\"target\":{\"@type\":\"EntryPoint\",\"urlTemplate\":\"https:\/\/cienmilhijos.es\/?s={search_term_string}\"},\"query-input\":\"required name=search_term_string\"}],\"inLanguage\":\"en-GB\"},{\"@type\":\"Organization\",\"@id\":\"https:\/\/cienmilhijos.es\/#organization\",\"name\":\"Cien Mil Hijos\",\"url\":\"https:\/\/cienmilhijos.es\/\",\"logo\":{\"@type\":\"ImageObject\",\"inLanguage\":\"en-GB\",\"@id\":\"https:\/\/cienmilhijos.es\/#\/schema\/logo\/image\/\",\"url\":\"https:\/\/cienmilhijos.es\/wp-content\/uploads\/2023\/12\/logo2.png\",\"contentUrl\":\"https:\/\/cienmilhijos.es\/wp-content\/uploads\/2023\/12\/logo2.png\",\"width\":1150,\"height\":127,\"caption\":\"Cien Mil Hijos\"},\"image\":{\"@id\":\"https:\/\/cienmilhijos.es\/#\/schema\/logo\/image\/\"},\"sameAs\":[\"https:\/\/www.facebook.com\/cienmilhijosanimales\/?locale=es_ES\"]}]}<\/script>\n<!-- \/ Yoast SEO plugin. -->","yoast_head_json":{"title":"Natural Greatness Hipoalerg\u00e9nico Will Recipe - Cien Mil Hijos","robots":{"index":"index","follow":"follow","max-snippet":"max-snippet:-1","max-image-preview":"max-image-preview:large","max-video-preview":"max-video-preview:-1"},"canonical":"https:\/\/cienmilhijos.es\/en\/product\/natural-greatness-hipoalergenico-will-recipe-2k\/","og_locale":"en_GB","og_type":"article","og_title":"Natural Greatness Hipoalerg\u00e9nico Will Recipe - Cien Mil Hijos","og_description":"Pienso perro Ultrapremium para Todas las razas y edades Excelente receta ultra premium e hipoalerg\u00e9nica formulada sin cereales y desarrollada idealmente para perros adultos, cachorros o hembras gestantes o lactantes&hellip;","og_url":"https:\/\/cienmilhijos.es\/en\/product\/natural-greatness-hipoalergenico-will-recipe-2k\/","og_site_name":"Cien Mil Hijos","article_publisher":"https:\/\/www.facebook.com\/cienmilhijosanimales\/?locale=es_ES","article_modified_time":"2023-12-12T11:02:19+00:00","og_image":[{"width":133,"height":245,"url":"https:\/\/cienmilhijos.es\/wp-content\/uploads\/2023\/09\/descarga-11.webp","type":"image\/webp"}],"twitter_card":"summary_large_image","twitter_misc":{"Estimated reading time":"1 minute"},"schema":{"@context":"https:\/\/schema.org","@graph":[{"@type":"WebPage","@id":"https:\/\/cienmilhijos.es\/product\/natural-greatness-hipoalergenico-will-recipe-2k\/","url":"https:\/\/cienmilhijos.es\/product\/natural-greatness-hipoalergenico-will-recipe-2k\/","name":"Natural Greatness Hipoalerg\u00e9nico Will Recipe - Cien Mil Hijos","isPartOf":{"@id":"https:\/\/cienmilhijos.es\/#website"},"datePublished":"2023-09-19T10:28:46+00:00","dateModified":"2023-12-12T11:02:19+00:00","breadcrumb":{"@id":"https:\/\/cienmilhijos.es\/product\/natural-greatness-hipoalergenico-will-recipe-2k\/#breadcrumb"},"inLanguage":"en-GB","potentialAction":[{"@type":"ReadAction","target":["https:\/\/cienmilhijos.es\/product\/natural-greatness-hipoalergenico-will-recipe-2k\/"]}]},{"@type":"BreadcrumbList","@id":"https:\/\/cienmilhijos.es\/product\/natural-greatness-hipoalergenico-will-recipe-2k\/#breadcrumb","itemListElement":[{"@type":"ListItem","position":1,"name":"Portada","item":"https:\/\/cienmilhijos.es\/"},{"@type":"ListItem","position":2,"name":"Tienda","item":"https:\/\/cienmilhijos.es\/tienda\/"},{"@type":"ListItem","position":3,"name":"Natural Greatness Hipoalerg\u00e9nico Will Recipe"}]},{"@type":"WebSite","@id":"https:\/\/cienmilhijos.es\/#website","url":"https:\/\/cienmilhijos.es\/","name":"Cien Mil Hijos","description":"Cuidado de animales &amp; tienda de mascotas","publisher":{"@id":"https:\/\/cienmilhijos.es\/#organization"},"potentialAction":[{"@type":"SearchAction","target":{"@type":"EntryPoint","urlTemplate":"https:\/\/cienmilhijos.es\/?s={search_term_string}"},"query-input":"required name=search_term_string"}],"inLanguage":"en-GB"},{"@type":"Organization","@id":"https:\/\/cienmilhijos.es\/#organization","name":"Cien Mil Hijos","url":"https:\/\/cienmilhijos.es\/","logo":{"@type":"ImageObject","inLanguage":"en-GB","@id":"https:\/\/cienmilhijos.es\/#\/schema\/logo\/image\/","url":"https:\/\/cienmilhijos.es\/wp-content\/uploads\/2023\/12\/logo2.png","contentUrl":"https:\/\/cienmilhijos.es\/wp-content\/uploads\/2023\/12\/logo2.png","width":1150,"height":127,"caption":"Cien Mil Hijos"},"image":{"@id":"https:\/\/cienmilhijos.es\/#\/schema\/logo\/image\/"},"sameAs":["https:\/\/www.facebook.com\/cienmilhijosanimales\/?locale=es_ES"]}]}},"_links":{"self":[{"href":"https:\/\/cienmilhijos.es\/en\/wp-json\/wp\/v2\/product\/25335","targetHints":{"allow":["GET"]}}],"collection":[{"href":"https:\/\/cienmilhijos.es\/en\/wp-json\/wp\/v2\/product"}],"about":[{"href":"https:\/\/cienmilhijos.es\/en\/wp-json\/wp\/v2\/types\/product"}],"replies":[{"embeddable":true,"href":"https:\/\/cienmilhijos.es\/en\/wp-json\/wp\/v2\/comments?post=25335"}],"wp:featuredmedia":[{"embeddable":true,"href":"https:\/\/cienmilhijos.es\/en\/wp-json\/wp\/v2\/media\/25336"}],"wp:attachment":[{"href":"https:\/\/cienmilhijos.es\/en\/wp-json\/wp\/v2\/media?parent=25335"}],"wp:term":[{"taxonomy":"product_cat","embeddable":true,"href":"https:\/\/cienmilhijos.es\/en\/wp-json\/wp\/v2\/product_cat?post=25335"},{"taxonomy":"product_tag","embeddable":true,"href":"https:\/\/cienmilhijos.es\/en\/wp-json\/wp\/v2\/product_tag?post=25335"}],"curies":[{"name":"wp","href":"https:\/\/api.w.org\/{rel}","templated":true}]}}