{"id":25320,"date":"2023-09-18T17:04:47","date_gmt":"2023-09-18T17:04:47","guid":{"rendered":"https:\/\/cienmilhijos.es\/?post_type=product&#038;p=25320"},"modified":"2023-09-26T13:57:04","modified_gmt":"2023-09-26T13:57:04","slug":"libra-adult-salmon-15k","status":"publish","type":"product","link":"https:\/\/cienmilhijos.es\/en\/product\/libra-adult-salmon-15k\/","title":{"rendered":"Libra para Gatos Adultos con Salm\u00f3n"},"content":{"rendered":"<p>Libra Adult con Salm\u00f3n es un pienso pensado para gatos adultos especialmente beneficioso para los que tienen el est\u00f3mago delicado.<br \/>\nEsta comida, enriquecida con vitaminas, aporta los nutrientes necesarios para mantener a tu mascota sana y fuerte.<br \/>\nLa buena alimentaci\u00f3n de tu gato est\u00e1 asegurada con este alimento que incluye un ingrediente que les encanta: el salm\u00f3n.<br \/>\nEste pescado proporciona \u00e1cidos grasos omega 3 y 6 que mejoran los procesos digestivos, el estado de la piel y el pelaje, y ayudan a eliminar las bolas de pelo que tienen muchas mascotas.<\/p>\n<p>Este alimento para gatos est\u00e1 enriquecido con vitaminas A, B, C y D que le ayudan a mantener una piel sana y un pelo brillante.<br \/>\nRefuerza su sistema inmunol\u00f3gico y promueve la salud de su tracto urinario teniendo este pienso siempre en tu despensa. Haz que tu gato siga una dieta equilibrada con esta comida de suministro diario que incluye en su composici\u00f3n una variada selecci\u00f3n de ingredientes que son fuentes de fibra, prote\u00ednas, carne y minerales.<\/p>\n<p>Pienso para gatos especialmente indicado para est\u00f3magos delicados.<br \/>\nAyuda a mantener una \u00f3ptima condici\u00f3n f\u00edsica.<br \/>\nPromueve la salud del tracto urinario.<br \/>\nFavorece una piel y un pelo brillantes y sanos.<br \/>\nAyuda a eliminar las bolas de pelo.<\/p>","protected":false},"excerpt":{"rendered":"<p>Libra Adult con Salm\u00f3n es un pienso pensado para gatos adultos especialmente beneficioso para los que tienen el est\u00f3mago delicado. Esta comida, enriquecida con vitaminas, aporta los nutrientes necesarios para&hellip;<\/p>","protected":false},"featured_media":25321,"comment_status":"open","ping_status":"closed","template":"","meta":[],"product_cat":[270],"product_tag":[],"class_list":["post-25320","product","type-product","status-publish","has-post-thumbnail","hentry","product_cat-alimetacion-gatos"],"yoast_head":"<!-- This site is optimized with the Yoast SEO plugin v21.6 - https:\/\/yoast.com\/wordpress\/plugins\/seo\/ -->\n<title>Libra para Gatos Adultos con Salm\u00f3n - Cien Mil Hijos<\/title>\n<meta name=\"robots\" content=\"index, follow, max-snippet:-1, max-image-preview:large, max-video-preview:-1\" \/>\n<link rel=\"canonical\" href=\"https:\/\/cienmilhijos.es\/en\/product\/libra-adult-salmon-15k\/\" \/>\n<meta property=\"og:locale\" content=\"en_GB\" \/>\n<meta property=\"og:type\" content=\"article\" \/>\n<meta property=\"og:title\" content=\"Libra para Gatos Adultos con Salm\u00f3n - Cien Mil Hijos\" \/>\n<meta property=\"og:description\" content=\"Libra Adult con Salm\u00f3n es un pienso pensado para gatos adultos especialmente beneficioso para los que tienen el est\u00f3mago delicado. Esta comida, enriquecida con vitaminas, aporta los nutrientes necesarios para&hellip;\" \/>\n<meta property=\"og:url\" content=\"https:\/\/cienmilhijos.es\/en\/product\/libra-adult-salmon-15k\/\" \/>\n<meta property=\"og:site_name\" content=\"Cien Mil Hijos\" \/>\n<meta property=\"article:publisher\" content=\"https:\/\/www.facebook.com\/cienmilhijosanimales\/?locale=es_ES\" \/>\n<meta property=\"article:modified_time\" content=\"2023-09-26T13:57:04+00:00\" \/>\n<meta property=\"og:image\" content=\"https:\/\/cienmilhijos.es\/wp-content\/uploads\/2023\/09\/descarga-10.webp\" \/>\n\t<meta property=\"og:image:width\" content=\"133\" \/>\n\t<meta property=\"og:image:height\" content=\"133\" \/>\n\t<meta property=\"og:image:type\" content=\"image\/webp\" \/>\n<meta name=\"twitter:card\" content=\"summary_large_image\" \/>\n<meta name=\"twitter:label1\" content=\"Estimated reading time\" \/>\n\t<meta name=\"twitter:data1\" content=\"1 minute\" \/>\n<script type=\"application\/ld+json\" class=\"yoast-schema-graph\">{\"@context\":\"https:\/\/schema.org\",\"@graph\":[{\"@type\":\"WebPage\",\"@id\":\"https:\/\/cienmilhijos.es\/product\/libra-adult-salmon-15k\/\",\"url\":\"https:\/\/cienmilhijos.es\/product\/libra-adult-salmon-15k\/\",\"name\":\"Libra para Gatos Adultos con Salm\u00f3n - Cien Mil Hijos\",\"isPartOf\":{\"@id\":\"https:\/\/cienmilhijos.es\/#website\"},\"datePublished\":\"2023-09-18T17:04:47+00:00\",\"dateModified\":\"2023-09-26T13:57:04+00:00\",\"breadcrumb\":{\"@id\":\"https:\/\/cienmilhijos.es\/product\/libra-adult-salmon-15k\/#breadcrumb\"},\"inLanguage\":\"en-GB\",\"potentialAction\":[{\"@type\":\"ReadAction\",\"target\":[\"https:\/\/cienmilhijos.es\/product\/libra-adult-salmon-15k\/\"]}]},{\"@type\":\"BreadcrumbList\",\"@id\":\"https:\/\/cienmilhijos.es\/product\/libra-adult-salmon-15k\/#breadcrumb\",\"itemListElement\":[{\"@type\":\"ListItem\",\"position\":1,\"name\":\"Portada\",\"item\":\"https:\/\/cienmilhijos.es\/\"},{\"@type\":\"ListItem\",\"position\":2,\"name\":\"Tienda\",\"item\":\"https:\/\/cienmilhijos.es\/tienda\/\"},{\"@type\":\"ListItem\",\"position\":3,\"name\":\"Libra para Gatos Adultos con Salm\u00f3n\"}]},{\"@type\":\"WebSite\",\"@id\":\"https:\/\/cienmilhijos.es\/#website\",\"url\":\"https:\/\/cienmilhijos.es\/\",\"name\":\"Cien Mil Hijos\",\"description\":\"Cuidado de animales &amp; tienda de mascotas\",\"publisher\":{\"@id\":\"https:\/\/cienmilhijos.es\/#organization\"},\"potentialAction\":[{\"@type\":\"SearchAction\",\"target\":{\"@type\":\"EntryPoint\",\"urlTemplate\":\"https:\/\/cienmilhijos.es\/?s={search_term_string}\"},\"query-input\":\"required name=search_term_string\"}],\"inLanguage\":\"en-GB\"},{\"@type\":\"Organization\",\"@id\":\"https:\/\/cienmilhijos.es\/#organization\",\"name\":\"Cien Mil Hijos\",\"url\":\"https:\/\/cienmilhijos.es\/\",\"logo\":{\"@type\":\"ImageObject\",\"inLanguage\":\"en-GB\",\"@id\":\"https:\/\/cienmilhijos.es\/#\/schema\/logo\/image\/\",\"url\":\"https:\/\/cienmilhijos.es\/wp-content\/uploads\/2023\/12\/logo2.png\",\"contentUrl\":\"https:\/\/cienmilhijos.es\/wp-content\/uploads\/2023\/12\/logo2.png\",\"width\":1150,\"height\":127,\"caption\":\"Cien Mil Hijos\"},\"image\":{\"@id\":\"https:\/\/cienmilhijos.es\/#\/schema\/logo\/image\/\"},\"sameAs\":[\"https:\/\/www.facebook.com\/cienmilhijosanimales\/?locale=es_ES\"]}]}<\/script>\n<!-- \/ Yoast SEO plugin. -->","yoast_head_json":{"title":"Libra para Gatos Adultos con Salm\u00f3n - Cien Mil Hijos","robots":{"index":"index","follow":"follow","max-snippet":"max-snippet:-1","max-image-preview":"max-image-preview:large","max-video-preview":"max-video-preview:-1"},"canonical":"https:\/\/cienmilhijos.es\/en\/product\/libra-adult-salmon-15k\/","og_locale":"en_GB","og_type":"article","og_title":"Libra para Gatos Adultos con Salm\u00f3n - Cien Mil Hijos","og_description":"Libra Adult con Salm\u00f3n es un pienso pensado para gatos adultos especialmente beneficioso para los que tienen el est\u00f3mago delicado. Esta comida, enriquecida con vitaminas, aporta los nutrientes necesarios para&hellip;","og_url":"https:\/\/cienmilhijos.es\/en\/product\/libra-adult-salmon-15k\/","og_site_name":"Cien Mil Hijos","article_publisher":"https:\/\/www.facebook.com\/cienmilhijosanimales\/?locale=es_ES","article_modified_time":"2023-09-26T13:57:04+00:00","og_image":[{"width":133,"height":133,"url":"https:\/\/cienmilhijos.es\/wp-content\/uploads\/2023\/09\/descarga-10.webp","type":"image\/webp"}],"twitter_card":"summary_large_image","twitter_misc":{"Estimated reading time":"1 minute"},"schema":{"@context":"https:\/\/schema.org","@graph":[{"@type":"WebPage","@id":"https:\/\/cienmilhijos.es\/product\/libra-adult-salmon-15k\/","url":"https:\/\/cienmilhijos.es\/product\/libra-adult-salmon-15k\/","name":"Libra para Gatos Adultos con Salm\u00f3n - Cien Mil Hijos","isPartOf":{"@id":"https:\/\/cienmilhijos.es\/#website"},"datePublished":"2023-09-18T17:04:47+00:00","dateModified":"2023-09-26T13:57:04+00:00","breadcrumb":{"@id":"https:\/\/cienmilhijos.es\/product\/libra-adult-salmon-15k\/#breadcrumb"},"inLanguage":"en-GB","potentialAction":[{"@type":"ReadAction","target":["https:\/\/cienmilhijos.es\/product\/libra-adult-salmon-15k\/"]}]},{"@type":"BreadcrumbList","@id":"https:\/\/cienmilhijos.es\/product\/libra-adult-salmon-15k\/#breadcrumb","itemListElement":[{"@type":"ListItem","position":1,"name":"Portada","item":"https:\/\/cienmilhijos.es\/"},{"@type":"ListItem","position":2,"name":"Tienda","item":"https:\/\/cienmilhijos.es\/tienda\/"},{"@type":"ListItem","position":3,"name":"Libra para Gatos Adultos con Salm\u00f3n"}]},{"@type":"WebSite","@id":"https:\/\/cienmilhijos.es\/#website","url":"https:\/\/cienmilhijos.es\/","name":"Cien Mil Hijos","description":"Cuidado de animales &amp; tienda de mascotas","publisher":{"@id":"https:\/\/cienmilhijos.es\/#organization"},"potentialAction":[{"@type":"SearchAction","target":{"@type":"EntryPoint","urlTemplate":"https:\/\/cienmilhijos.es\/?s={search_term_string}"},"query-input":"required name=search_term_string"}],"inLanguage":"en-GB"},{"@type":"Organization","@id":"https:\/\/cienmilhijos.es\/#organization","name":"Cien Mil Hijos","url":"https:\/\/cienmilhijos.es\/","logo":{"@type":"ImageObject","inLanguage":"en-GB","@id":"https:\/\/cienmilhijos.es\/#\/schema\/logo\/image\/","url":"https:\/\/cienmilhijos.es\/wp-content\/uploads\/2023\/12\/logo2.png","contentUrl":"https:\/\/cienmilhijos.es\/wp-content\/uploads\/2023\/12\/logo2.png","width":1150,"height":127,"caption":"Cien Mil Hijos"},"image":{"@id":"https:\/\/cienmilhijos.es\/#\/schema\/logo\/image\/"},"sameAs":["https:\/\/www.facebook.com\/cienmilhijosanimales\/?locale=es_ES"]}]}},"_links":{"self":[{"href":"https:\/\/cienmilhijos.es\/en\/wp-json\/wp\/v2\/product\/25320","targetHints":{"allow":["GET"]}}],"collection":[{"href":"https:\/\/cienmilhijos.es\/en\/wp-json\/wp\/v2\/product"}],"about":[{"href":"https:\/\/cienmilhijos.es\/en\/wp-json\/wp\/v2\/types\/product"}],"replies":[{"embeddable":true,"href":"https:\/\/cienmilhijos.es\/en\/wp-json\/wp\/v2\/comments?post=25320"}],"wp:featuredmedia":[{"embeddable":true,"href":"https:\/\/cienmilhijos.es\/en\/wp-json\/wp\/v2\/media\/25321"}],"wp:attachment":[{"href":"https:\/\/cienmilhijos.es\/en\/wp-json\/wp\/v2\/media?parent=25320"}],"wp:term":[{"taxonomy":"product_cat","embeddable":true,"href":"https:\/\/cienmilhijos.es\/en\/wp-json\/wp\/v2\/product_cat?post=25320"},{"taxonomy":"product_tag","embeddable":true,"href":"https:\/\/cienmilhijos.es\/en\/wp-json\/wp\/v2\/product_tag?post=25320"}],"curies":[{"name":"wp","href":"https:\/\/api.w.org\/{rel}","templated":true}]}}