{"id":25318,"date":"2023-09-18T16:50:38","date_gmt":"2023-09-18T16:50:38","guid":{"rendered":"https:\/\/cienmilhijos.es\/?post_type=product&#038;p=25318"},"modified":"2023-09-18T17:07:24","modified_gmt":"2023-09-18T17:07:24","slug":"advance-gastroenteric-sensitive-15k","status":"publish","type":"product","link":"https:\/\/cienmilhijos.es\/en\/product\/advance-gastroenteric-sensitive-15k\/","title":{"rendered":"Advance gastroenteric sensitive 1,5k"},"content":{"rendered":"<p>Las molestias gastrointestinales de los gatos pueden tener muchas causas, por ejemplo, intolerancias alimentarias. Advance Gastro Sensitive Veterinary Diets es un pienso diet\u00e9tico especialmente formulado para favorecer la digesti\u00f3n de gatos sensibles a los nutrientes. Este alimento diet\u00e9tico completo se caracteriza por una\u00a0<strong>receta de f\u00e1cil\u00a0digesti\u00f3n<\/strong>\u00a0para favorecer una absorci\u00f3n \u00f3ptima de los nutrientes.<\/p>\n<p>Advance Gastro\u00a0Sensitive Veterinary Diets est\u00e1 elaborado con\u00a0<strong>materias primas de f\u00e1cil digesti\u00f3n<\/strong>,\u00a0como el pavo y los guisantes, y fuentes de carbohidratos sin gluten. De este modo se puede promover una tolerancia \u00f3ptima. Este pienso diet\u00e9tico para gatos tiene poca grasa y un\u00a0<strong>mayor contenido de electrolitos<\/strong>\u00a0para ayudar a compensar las p\u00e9rdidas de nutrientes.<\/p>\n<ul>\n<li>Alimento completo diet\u00e9tico para gatos adultos para compensar una digesti\u00f3n insuficiente, para aliviar los trastornos agudos de absorci\u00f3n intestinal y en caso de insuficiencia pancre\u00e1tica exocrina<\/li>\n<li><strong>F\u00e1cil digesti\u00f3n:\u00a0<\/strong>materias primas f\u00e1cilmente digeribles como el arroz y las prote\u00ednas hidrolizadas<\/li>\n<li><strong>Mayor contenido de electrolitos:\u00a0<\/strong>concentraciones m\u00e1s elevadas de sodio y potasio<\/li>\n<li><strong>Bajo contenido en grasa:\u00a0<\/strong>puede reducir el riesgo de sobrecarga excesiva del tracto digestivo<\/li>\n<li><strong>Mejora de la absorci\u00f3n de nutrientes:\u00a0<\/strong>una mayor digestibilidad garantiza una absorci\u00f3n m\u00e1s eficaz de los nutrientes y las sustancias vitales contenidas en el alimento<\/li>\n<li><strong>Deposiciones controladas:\u00a0<\/strong>contribuye a un menor volumen de heces con una mejor consistencia<\/li>\n<li><strong>Beneficioso para la digesti\u00f3n:<\/strong>\u00a0contiene prebi\u00f3ticos (FOS) y \u00e1cidos grasos omega 3<\/li>\n<li><strong>Bajo potencial alerg\u00e9nico:\u00a0<\/strong>con fuentes de prote\u00ednas seleccionadas (pavo y guisantes) y fuentes de carbohidratos sin gluten, puede reducir el riesgo de intolerancias alimentarias.<\/li>\n<\/ul>","protected":false},"excerpt":{"rendered":"<p>Las molestias gastrointestinales de los gatos pueden tener muchas causas, por ejemplo, intolerancias alimentarias. Advance Gastro Sensitive Veterinary Diets es un pienso diet\u00e9tico especialmente formulado para favorecer la digesti\u00f3n de&hellip;<\/p>","protected":false},"featured_media":25319,"comment_status":"open","ping_status":"closed","template":"","meta":[],"product_cat":[270],"product_tag":[],"class_list":["post-25318","product","type-product","status-publish","has-post-thumbnail","hentry","product_cat-alimetacion-gatos"],"yoast_head":"<!-- This site is optimized with the Yoast SEO plugin v21.6 - https:\/\/yoast.com\/wordpress\/plugins\/seo\/ -->\n<title>Advance gastroenteric sensitive 1,5k - Cien Mil Hijos<\/title>\n<meta name=\"robots\" content=\"index, follow, max-snippet:-1, max-image-preview:large, max-video-preview:-1\" \/>\n<link rel=\"canonical\" href=\"https:\/\/cienmilhijos.es\/en\/product\/advance-gastroenteric-sensitive-15k\/\" \/>\n<meta property=\"og:locale\" content=\"en_GB\" \/>\n<meta property=\"og:type\" content=\"article\" \/>\n<meta property=\"og:title\" content=\"Advance gastroenteric sensitive 1,5k - Cien Mil Hijos\" \/>\n<meta property=\"og:description\" content=\"Las molestias gastrointestinales de los gatos pueden tener muchas causas, por ejemplo, intolerancias alimentarias. Advance Gastro Sensitive Veterinary Diets es un pienso diet\u00e9tico especialmente formulado para favorecer la digesti\u00f3n de&hellip;\" \/>\n<meta property=\"og:url\" content=\"https:\/\/cienmilhijos.es\/en\/product\/advance-gastroenteric-sensitive-15k\/\" \/>\n<meta property=\"og:site_name\" content=\"Cien Mil Hijos\" \/>\n<meta property=\"article:publisher\" content=\"https:\/\/www.facebook.com\/cienmilhijosanimales\/?locale=es_ES\" \/>\n<meta property=\"article:modified_time\" content=\"2023-09-18T17:07:24+00:00\" \/>\n<meta property=\"og:image\" content=\"https:\/\/cienmilhijos.es\/wp-content\/uploads\/2023\/09\/shopping-28.webp\" \/>\n\t<meta property=\"og:image:width\" content=\"166\" \/>\n\t<meta property=\"og:image:height\" content=\"303\" \/>\n\t<meta property=\"og:image:type\" content=\"image\/webp\" \/>\n<meta name=\"twitter:card\" content=\"summary_large_image\" \/>\n<meta name=\"twitter:label1\" content=\"Estimated reading time\" \/>\n\t<meta name=\"twitter:data1\" content=\"1 minute\" \/>\n<script type=\"application\/ld+json\" class=\"yoast-schema-graph\">{\"@context\":\"https:\/\/schema.org\",\"@graph\":[{\"@type\":\"WebPage\",\"@id\":\"https:\/\/cienmilhijos.es\/product\/advance-gastroenteric-sensitive-15k\/\",\"url\":\"https:\/\/cienmilhijos.es\/product\/advance-gastroenteric-sensitive-15k\/\",\"name\":\"Advance gastroenteric sensitive 1,5k - Cien Mil Hijos\",\"isPartOf\":{\"@id\":\"https:\/\/cienmilhijos.es\/#website\"},\"datePublished\":\"2023-09-18T16:50:38+00:00\",\"dateModified\":\"2023-09-18T17:07:24+00:00\",\"breadcrumb\":{\"@id\":\"https:\/\/cienmilhijos.es\/product\/advance-gastroenteric-sensitive-15k\/#breadcrumb\"},\"inLanguage\":\"en-GB\",\"potentialAction\":[{\"@type\":\"ReadAction\",\"target\":[\"https:\/\/cienmilhijos.es\/product\/advance-gastroenteric-sensitive-15k\/\"]}]},{\"@type\":\"BreadcrumbList\",\"@id\":\"https:\/\/cienmilhijos.es\/product\/advance-gastroenteric-sensitive-15k\/#breadcrumb\",\"itemListElement\":[{\"@type\":\"ListItem\",\"position\":1,\"name\":\"Portada\",\"item\":\"https:\/\/cienmilhijos.es\/\"},{\"@type\":\"ListItem\",\"position\":2,\"name\":\"Tienda\",\"item\":\"https:\/\/cienmilhijos.es\/tienda\/\"},{\"@type\":\"ListItem\",\"position\":3,\"name\":\"Advance gastroenteric sensitive 1,5k\"}]},{\"@type\":\"WebSite\",\"@id\":\"https:\/\/cienmilhijos.es\/#website\",\"url\":\"https:\/\/cienmilhijos.es\/\",\"name\":\"Cien Mil Hijos\",\"description\":\"Cuidado de animales &amp; tienda de mascotas\",\"publisher\":{\"@id\":\"https:\/\/cienmilhijos.es\/#organization\"},\"potentialAction\":[{\"@type\":\"SearchAction\",\"target\":{\"@type\":\"EntryPoint\",\"urlTemplate\":\"https:\/\/cienmilhijos.es\/?s={search_term_string}\"},\"query-input\":\"required name=search_term_string\"}],\"inLanguage\":\"en-GB\"},{\"@type\":\"Organization\",\"@id\":\"https:\/\/cienmilhijos.es\/#organization\",\"name\":\"Cien Mil Hijos\",\"url\":\"https:\/\/cienmilhijos.es\/\",\"logo\":{\"@type\":\"ImageObject\",\"inLanguage\":\"en-GB\",\"@id\":\"https:\/\/cienmilhijos.es\/#\/schema\/logo\/image\/\",\"url\":\"https:\/\/cienmilhijos.es\/wp-content\/uploads\/2023\/12\/logo2.png\",\"contentUrl\":\"https:\/\/cienmilhijos.es\/wp-content\/uploads\/2023\/12\/logo2.png\",\"width\":1150,\"height\":127,\"caption\":\"Cien Mil Hijos\"},\"image\":{\"@id\":\"https:\/\/cienmilhijos.es\/#\/schema\/logo\/image\/\"},\"sameAs\":[\"https:\/\/www.facebook.com\/cienmilhijosanimales\/?locale=es_ES\"]}]}<\/script>\n<!-- \/ Yoast SEO plugin. -->","yoast_head_json":{"title":"Advance gastroenteric sensitive 1,5k - Cien Mil Hijos","robots":{"index":"index","follow":"follow","max-snippet":"max-snippet:-1","max-image-preview":"max-image-preview:large","max-video-preview":"max-video-preview:-1"},"canonical":"https:\/\/cienmilhijos.es\/en\/product\/advance-gastroenteric-sensitive-15k\/","og_locale":"en_GB","og_type":"article","og_title":"Advance gastroenteric sensitive 1,5k - Cien Mil Hijos","og_description":"Las molestias gastrointestinales de los gatos pueden tener muchas causas, por ejemplo, intolerancias alimentarias. Advance Gastro Sensitive Veterinary Diets es un pienso diet\u00e9tico especialmente formulado para favorecer la digesti\u00f3n de&hellip;","og_url":"https:\/\/cienmilhijos.es\/en\/product\/advance-gastroenteric-sensitive-15k\/","og_site_name":"Cien Mil Hijos","article_publisher":"https:\/\/www.facebook.com\/cienmilhijosanimales\/?locale=es_ES","article_modified_time":"2023-09-18T17:07:24+00:00","og_image":[{"width":166,"height":303,"url":"https:\/\/cienmilhijos.es\/wp-content\/uploads\/2023\/09\/shopping-28.webp","type":"image\/webp"}],"twitter_card":"summary_large_image","twitter_misc":{"Estimated reading time":"1 minute"},"schema":{"@context":"https:\/\/schema.org","@graph":[{"@type":"WebPage","@id":"https:\/\/cienmilhijos.es\/product\/advance-gastroenteric-sensitive-15k\/","url":"https:\/\/cienmilhijos.es\/product\/advance-gastroenteric-sensitive-15k\/","name":"Advance gastroenteric sensitive 1,5k - Cien Mil Hijos","isPartOf":{"@id":"https:\/\/cienmilhijos.es\/#website"},"datePublished":"2023-09-18T16:50:38+00:00","dateModified":"2023-09-18T17:07:24+00:00","breadcrumb":{"@id":"https:\/\/cienmilhijos.es\/product\/advance-gastroenteric-sensitive-15k\/#breadcrumb"},"inLanguage":"en-GB","potentialAction":[{"@type":"ReadAction","target":["https:\/\/cienmilhijos.es\/product\/advance-gastroenteric-sensitive-15k\/"]}]},{"@type":"BreadcrumbList","@id":"https:\/\/cienmilhijos.es\/product\/advance-gastroenteric-sensitive-15k\/#breadcrumb","itemListElement":[{"@type":"ListItem","position":1,"name":"Portada","item":"https:\/\/cienmilhijos.es\/"},{"@type":"ListItem","position":2,"name":"Tienda","item":"https:\/\/cienmilhijos.es\/tienda\/"},{"@type":"ListItem","position":3,"name":"Advance gastroenteric sensitive 1,5k"}]},{"@type":"WebSite","@id":"https:\/\/cienmilhijos.es\/#website","url":"https:\/\/cienmilhijos.es\/","name":"Cien Mil Hijos","description":"Cuidado de animales &amp; tienda de mascotas","publisher":{"@id":"https:\/\/cienmilhijos.es\/#organization"},"potentialAction":[{"@type":"SearchAction","target":{"@type":"EntryPoint","urlTemplate":"https:\/\/cienmilhijos.es\/?s={search_term_string}"},"query-input":"required name=search_term_string"}],"inLanguage":"en-GB"},{"@type":"Organization","@id":"https:\/\/cienmilhijos.es\/#organization","name":"Cien Mil Hijos","url":"https:\/\/cienmilhijos.es\/","logo":{"@type":"ImageObject","inLanguage":"en-GB","@id":"https:\/\/cienmilhijos.es\/#\/schema\/logo\/image\/","url":"https:\/\/cienmilhijos.es\/wp-content\/uploads\/2023\/12\/logo2.png","contentUrl":"https:\/\/cienmilhijos.es\/wp-content\/uploads\/2023\/12\/logo2.png","width":1150,"height":127,"caption":"Cien Mil Hijos"},"image":{"@id":"https:\/\/cienmilhijos.es\/#\/schema\/logo\/image\/"},"sameAs":["https:\/\/www.facebook.com\/cienmilhijosanimales\/?locale=es_ES"]}]}},"_links":{"self":[{"href":"https:\/\/cienmilhijos.es\/en\/wp-json\/wp\/v2\/product\/25318","targetHints":{"allow":["GET"]}}],"collection":[{"href":"https:\/\/cienmilhijos.es\/en\/wp-json\/wp\/v2\/product"}],"about":[{"href":"https:\/\/cienmilhijos.es\/en\/wp-json\/wp\/v2\/types\/product"}],"replies":[{"embeddable":true,"href":"https:\/\/cienmilhijos.es\/en\/wp-json\/wp\/v2\/comments?post=25318"}],"wp:featuredmedia":[{"embeddable":true,"href":"https:\/\/cienmilhijos.es\/en\/wp-json\/wp\/v2\/media\/25319"}],"wp:attachment":[{"href":"https:\/\/cienmilhijos.es\/en\/wp-json\/wp\/v2\/media?parent=25318"}],"wp:term":[{"taxonomy":"product_cat","embeddable":true,"href":"https:\/\/cienmilhijos.es\/en\/wp-json\/wp\/v2\/product_cat?post=25318"},{"taxonomy":"product_tag","embeddable":true,"href":"https:\/\/cienmilhijos.es\/en\/wp-json\/wp\/v2\/product_tag?post=25318"}],"curies":[{"name":"wp","href":"https:\/\/api.w.org\/{rel}","templated":true}]}}