{"id":25312,"date":"2023-09-18T16:33:16","date_gmt":"2023-09-18T16:33:16","guid":{"rendered":"https:\/\/cienmilhijos.es\/?post_type=product&#038;p=25312"},"modified":"2024-04-18T12:04:53","modified_gmt":"2024-04-18T12:04:53","slug":"advance-sensitive-con-salmon","status":"publish","type":"product","link":"https:\/\/cienmilhijos.es\/en\/product\/advance-sensitive-con-salmon\/","title":{"rendered":"Advance Sensitive Con Salm\u00f3n"},"content":{"rendered":"<p>Affinity Advance Sensitive Sterilized Salm\u00f3n y Cebada es un alimento de alta gama para gatos esterilizados que ayuda a prevenir los problemas asociados a la esterilizaci\u00f3n, como el aumento de peso, los problemas urinarios o la sensibilidad a la insulina.<\/p>\n<p>Este pienso para gatos es el alimento perfecto para aquellos que han sido castrados o esterilizados, y que por ello tienen tendencia a ganar peso. La receta cuenta con\u00a0<strong>L-Carnitina<\/strong>, un compuesto que transforma las grasas en energ\u00eda para asegurar el aporte que tu mascota necesita y reducir el riesgo de que padezca obesidad.<\/p>\n<p>Otra de sus caracter\u00edsticas es que\u00a0<strong>mantiene el pH de la orina a niveles adecuados<\/strong>, y gracias a ello el tracto urinario de tu mascota se mantiene sano, adem\u00e1s de mantener el ri\u00f1\u00f3n en correcto estado. El delicioso sabor del salm\u00f3n hace que la comida para gatos esterilizados Advance Sensitive sea irresistible para tu mascota, por lo que no tendr\u00e1s problema con su alimentaci\u00f3n o sus tomas diarias.<\/p>\n<p>Este pienso reduce la posibilidad de fallo renal en tu mascota gracias al\u00a0<strong>bajo contenido en f\u00f3sforo\u00a0<\/strong>y a un\u00a0<strong>nivel de prote\u00edna moderado<\/strong>. Los glucosaminoglicanos que contiene ayudan a\u00a0<strong>evitar la formaci\u00f3n de c\u00e1lculos urinarios<\/strong>\u00a0manteniendo la salud de tu gato.<\/p>\n<p>Adem\u00e1s de estas propiedades, gracias a su\u00a0<strong>contenido en prote\u00ednas naturales<\/strong>, la flora intestinal de tu gato permanecer\u00e1 en perfecto estado. En su composici\u00f3n tambi\u00e9n se encuentran\u00a0<strong>vitaminas y polifenoles naturales<\/strong>\u00a0que retrasan el envejecimiento celular.<\/p>\n<ul>\n<li>Delicioso sabor gracias a su receta a base de salm\u00f3n y cebada.<\/li>\n<li>Ayuda a mantener sano el tracto urinario y el estado del ri\u00f1\u00f3n gracias al pH de la orina en niveles adecuados.<\/li>\n<li>Evita que tu mascota sufra obesidad, gracias a la L-Carnitina, que transforma las grasas en energ\u00eda.<\/li>\n<li>Fomenta un buen mantenimiento de la salud intestinal, gracias a las inmunoglobulinas.<\/li>\n<li>Retrasa el envejecimiento celular gracias al contenido en polifenoles naturales.<\/li>\n<\/ul>","protected":false},"excerpt":{"rendered":"<p>Affinity Advance Sensitive Sterilized Salm\u00f3n y Cebada es un alimento de alta gama para gatos esterilizados que ayuda a prevenir los problemas asociados a la esterilizaci\u00f3n, como el aumento de&hellip;<\/p>","protected":false},"featured_media":25313,"comment_status":"open","ping_status":"closed","template":"","meta":[],"product_cat":[270],"product_tag":[],"class_list":["post-25312","product","type-product","status-publish","has-post-thumbnail","hentry","product_cat-alimetacion-gatos"],"yoast_head":"<!-- This site is optimized with the Yoast SEO plugin v21.6 - https:\/\/yoast.com\/wordpress\/plugins\/seo\/ -->\n<title>Advance Sensitive Con Salm\u00f3n - Cien Mil Hijos<\/title>\n<meta name=\"robots\" content=\"index, follow, max-snippet:-1, max-image-preview:large, max-video-preview:-1\" \/>\n<link rel=\"canonical\" href=\"https:\/\/cienmilhijos.es\/en\/product\/advance-sensitive-con-salmon\/\" \/>\n<meta property=\"og:locale\" content=\"en_GB\" \/>\n<meta property=\"og:type\" content=\"article\" \/>\n<meta property=\"og:title\" content=\"Advance Sensitive Con Salm\u00f3n - Cien Mil Hijos\" \/>\n<meta property=\"og:description\" content=\"Affinity Advance Sensitive Sterilized Salm\u00f3n y Cebada es un alimento de alta gama para gatos esterilizados que ayuda a prevenir los problemas asociados a la esterilizaci\u00f3n, como el aumento de&hellip;\" \/>\n<meta property=\"og:url\" content=\"https:\/\/cienmilhijos.es\/en\/product\/advance-sensitive-con-salmon\/\" \/>\n<meta property=\"og:site_name\" content=\"Cien Mil Hijos\" \/>\n<meta property=\"article:publisher\" content=\"https:\/\/www.facebook.com\/cienmilhijosanimales\/?locale=es_ES\" \/>\n<meta property=\"article:modified_time\" content=\"2024-04-18T12:04:53+00:00\" \/>\n<meta property=\"og:image\" content=\"https:\/\/cienmilhijos.es\/wp-content\/uploads\/2023\/09\/descarga-7.webp\" \/>\n\t<meta property=\"og:image:width\" content=\"92\" \/>\n\t<meta property=\"og:image:height\" content=\"133\" \/>\n\t<meta property=\"og:image:type\" content=\"image\/webp\" \/>\n<meta name=\"twitter:card\" content=\"summary_large_image\" \/>\n<meta name=\"twitter:label1\" content=\"Estimated reading time\" \/>\n\t<meta name=\"twitter:data1\" content=\"2 minutes\" \/>\n<script type=\"application\/ld+json\" class=\"yoast-schema-graph\">{\"@context\":\"https:\/\/schema.org\",\"@graph\":[{\"@type\":\"WebPage\",\"@id\":\"https:\/\/cienmilhijos.es\/product\/advance-sensitive-con-salmon\/\",\"url\":\"https:\/\/cienmilhijos.es\/product\/advance-sensitive-con-salmon\/\",\"name\":\"Advance Sensitive Con Salm\u00f3n - Cien Mil Hijos\",\"isPartOf\":{\"@id\":\"https:\/\/cienmilhijos.es\/#website\"},\"datePublished\":\"2023-09-18T16:33:16+00:00\",\"dateModified\":\"2024-04-18T12:04:53+00:00\",\"breadcrumb\":{\"@id\":\"https:\/\/cienmilhijos.es\/product\/advance-sensitive-con-salmon\/#breadcrumb\"},\"inLanguage\":\"en-GB\",\"potentialAction\":[{\"@type\":\"ReadAction\",\"target\":[\"https:\/\/cienmilhijos.es\/product\/advance-sensitive-con-salmon\/\"]}]},{\"@type\":\"BreadcrumbList\",\"@id\":\"https:\/\/cienmilhijos.es\/product\/advance-sensitive-con-salmon\/#breadcrumb\",\"itemListElement\":[{\"@type\":\"ListItem\",\"position\":1,\"name\":\"Portada\",\"item\":\"https:\/\/cienmilhijos.es\/\"},{\"@type\":\"ListItem\",\"position\":2,\"name\":\"Tienda\",\"item\":\"https:\/\/cienmilhijos.es\/tienda\/\"},{\"@type\":\"ListItem\",\"position\":3,\"name\":\"Advance Sensitive Con Salm\u00f3n\"}]},{\"@type\":\"WebSite\",\"@id\":\"https:\/\/cienmilhijos.es\/#website\",\"url\":\"https:\/\/cienmilhijos.es\/\",\"name\":\"Cien Mil Hijos\",\"description\":\"Cuidado de animales &amp; tienda de mascotas\",\"publisher\":{\"@id\":\"https:\/\/cienmilhijos.es\/#organization\"},\"potentialAction\":[{\"@type\":\"SearchAction\",\"target\":{\"@type\":\"EntryPoint\",\"urlTemplate\":\"https:\/\/cienmilhijos.es\/?s={search_term_string}\"},\"query-input\":\"required name=search_term_string\"}],\"inLanguage\":\"en-GB\"},{\"@type\":\"Organization\",\"@id\":\"https:\/\/cienmilhijos.es\/#organization\",\"name\":\"Cien Mil Hijos\",\"url\":\"https:\/\/cienmilhijos.es\/\",\"logo\":{\"@type\":\"ImageObject\",\"inLanguage\":\"en-GB\",\"@id\":\"https:\/\/cienmilhijos.es\/#\/schema\/logo\/image\/\",\"url\":\"https:\/\/cienmilhijos.es\/wp-content\/uploads\/2023\/12\/logo2.png\",\"contentUrl\":\"https:\/\/cienmilhijos.es\/wp-content\/uploads\/2023\/12\/logo2.png\",\"width\":1150,\"height\":127,\"caption\":\"Cien Mil Hijos\"},\"image\":{\"@id\":\"https:\/\/cienmilhijos.es\/#\/schema\/logo\/image\/\"},\"sameAs\":[\"https:\/\/www.facebook.com\/cienmilhijosanimales\/?locale=es_ES\"]}]}<\/script>\n<!-- \/ Yoast SEO plugin. -->","yoast_head_json":{"title":"Advance Sensitive Con Salm\u00f3n - Cien Mil Hijos","robots":{"index":"index","follow":"follow","max-snippet":"max-snippet:-1","max-image-preview":"max-image-preview:large","max-video-preview":"max-video-preview:-1"},"canonical":"https:\/\/cienmilhijos.es\/en\/product\/advance-sensitive-con-salmon\/","og_locale":"en_GB","og_type":"article","og_title":"Advance Sensitive Con Salm\u00f3n - Cien Mil Hijos","og_description":"Affinity Advance Sensitive Sterilized Salm\u00f3n y Cebada es un alimento de alta gama para gatos esterilizados que ayuda a prevenir los problemas asociados a la esterilizaci\u00f3n, como el aumento de&hellip;","og_url":"https:\/\/cienmilhijos.es\/en\/product\/advance-sensitive-con-salmon\/","og_site_name":"Cien Mil Hijos","article_publisher":"https:\/\/www.facebook.com\/cienmilhijosanimales\/?locale=es_ES","article_modified_time":"2024-04-18T12:04:53+00:00","og_image":[{"width":92,"height":133,"url":"https:\/\/cienmilhijos.es\/wp-content\/uploads\/2023\/09\/descarga-7.webp","type":"image\/webp"}],"twitter_card":"summary_large_image","twitter_misc":{"Estimated reading time":"2 minutes"},"schema":{"@context":"https:\/\/schema.org","@graph":[{"@type":"WebPage","@id":"https:\/\/cienmilhijos.es\/product\/advance-sensitive-con-salmon\/","url":"https:\/\/cienmilhijos.es\/product\/advance-sensitive-con-salmon\/","name":"Advance Sensitive Con Salm\u00f3n - Cien Mil Hijos","isPartOf":{"@id":"https:\/\/cienmilhijos.es\/#website"},"datePublished":"2023-09-18T16:33:16+00:00","dateModified":"2024-04-18T12:04:53+00:00","breadcrumb":{"@id":"https:\/\/cienmilhijos.es\/product\/advance-sensitive-con-salmon\/#breadcrumb"},"inLanguage":"en-GB","potentialAction":[{"@type":"ReadAction","target":["https:\/\/cienmilhijos.es\/product\/advance-sensitive-con-salmon\/"]}]},{"@type":"BreadcrumbList","@id":"https:\/\/cienmilhijos.es\/product\/advance-sensitive-con-salmon\/#breadcrumb","itemListElement":[{"@type":"ListItem","position":1,"name":"Portada","item":"https:\/\/cienmilhijos.es\/"},{"@type":"ListItem","position":2,"name":"Tienda","item":"https:\/\/cienmilhijos.es\/tienda\/"},{"@type":"ListItem","position":3,"name":"Advance Sensitive Con Salm\u00f3n"}]},{"@type":"WebSite","@id":"https:\/\/cienmilhijos.es\/#website","url":"https:\/\/cienmilhijos.es\/","name":"Cien Mil Hijos","description":"Cuidado de animales &amp; tienda de mascotas","publisher":{"@id":"https:\/\/cienmilhijos.es\/#organization"},"potentialAction":[{"@type":"SearchAction","target":{"@type":"EntryPoint","urlTemplate":"https:\/\/cienmilhijos.es\/?s={search_term_string}"},"query-input":"required name=search_term_string"}],"inLanguage":"en-GB"},{"@type":"Organization","@id":"https:\/\/cienmilhijos.es\/#organization","name":"Cien Mil Hijos","url":"https:\/\/cienmilhijos.es\/","logo":{"@type":"ImageObject","inLanguage":"en-GB","@id":"https:\/\/cienmilhijos.es\/#\/schema\/logo\/image\/","url":"https:\/\/cienmilhijos.es\/wp-content\/uploads\/2023\/12\/logo2.png","contentUrl":"https:\/\/cienmilhijos.es\/wp-content\/uploads\/2023\/12\/logo2.png","width":1150,"height":127,"caption":"Cien Mil Hijos"},"image":{"@id":"https:\/\/cienmilhijos.es\/#\/schema\/logo\/image\/"},"sameAs":["https:\/\/www.facebook.com\/cienmilhijosanimales\/?locale=es_ES"]}]}},"_links":{"self":[{"href":"https:\/\/cienmilhijos.es\/en\/wp-json\/wp\/v2\/product\/25312","targetHints":{"allow":["GET"]}}],"collection":[{"href":"https:\/\/cienmilhijos.es\/en\/wp-json\/wp\/v2\/product"}],"about":[{"href":"https:\/\/cienmilhijos.es\/en\/wp-json\/wp\/v2\/types\/product"}],"replies":[{"embeddable":true,"href":"https:\/\/cienmilhijos.es\/en\/wp-json\/wp\/v2\/comments?post=25312"}],"wp:featuredmedia":[{"embeddable":true,"href":"https:\/\/cienmilhijos.es\/en\/wp-json\/wp\/v2\/media\/25313"}],"wp:attachment":[{"href":"https:\/\/cienmilhijos.es\/en\/wp-json\/wp\/v2\/media?parent=25312"}],"wp:term":[{"taxonomy":"product_cat","embeddable":true,"href":"https:\/\/cienmilhijos.es\/en\/wp-json\/wp\/v2\/product_cat?post=25312"},{"taxonomy":"product_tag","embeddable":true,"href":"https:\/\/cienmilhijos.es\/en\/wp-json\/wp\/v2\/product_tag?post=25312"}],"curies":[{"name":"wp","href":"https:\/\/api.w.org\/{rel}","templated":true}]}}