{"id":25290,"date":"2023-09-17T09:46:34","date_gmt":"2023-09-17T09:46:34","guid":{"rendered":"https:\/\/cienmilhijos.es\/?post_type=product&#038;p=25290"},"modified":"2023-12-12T17:25:10","modified_gmt":"2023-12-12T17:25:10","slug":"pienso-libra-para-gatos-esterilizados-de-pollo","status":"publish","type":"product","link":"https:\/\/cienmilhijos.es\/en\/product\/pienso-libra-para-gatos-esterilizados-de-pollo\/","title":{"rendered":"Pienso Libra para Gatos Esterilizados de Pollo"},"content":{"rendered":"<p>Este pienso para gatos esterilizados de Libra Sterilized est\u00e1 elaborado especialmente para prevenir el sobrepeso y los problemas urinarios de tu mascota.<br \/>\nSu alto porcentaje en carne de aves y el poder saciante logran que tu gran amigo no pase hambre y est\u00e9 perfectamente alimentado.<\/p>\n<p>Esta comida para gatos ha sido fabricada con carne de aves, muy baja en grasas, que contribuye al control de peso de tu amigo felino.<br \/>\nEste alimento para gatos tiene un efecto saciante por su contenido en ma\u00edz y trigo, lo que le ayuda a seguir una dieta equilibrada en la que conf\u00edas.<\/p>\n<p>Los problemas urinarios tambi\u00e9n suelen ser un problema en gatos esterilizados, por lo que este alimento para gatos ha sido enriquecido con vitaminas A, B, C y D para reforzar sus defensas naturales y fomentar la salud del tracto urinario. Con la vitamina B, su pelo estar\u00e1 m\u00e1s fuerte, su piel m\u00e1s sana y se prevendr\u00e1n las bolas de pelo que pueden aparecer en los gatos esterilizados.<\/p>\n<p>Formatos de:<\/p>\n<p>1.5K, 3k y 12k<\/p>\n<p>VENTAJAS:<br \/>\nAlimento para gatos favorable para el control de peso.<br \/>\nGran efecto saciante que evita que llegue hambriento a las comidas.<br \/>\nPromueve la salud del tracto urinario.<br \/>\nAyuda a eliminar las bolas de pelo.<\/p>","protected":false},"excerpt":{"rendered":"<p>Este pienso para gatos esterilizados de Libra Sterilized est\u00e1 elaborado especialmente para prevenir el sobrepeso y los problemas urinarios de tu mascota. Su alto porcentaje en carne de aves y&hellip;<\/p>","protected":false},"featured_media":25292,"comment_status":"open","ping_status":"closed","template":"","meta":[],"product_cat":[270],"product_tag":[],"class_list":["post-25290","product","type-product","status-publish","has-post-thumbnail","hentry","product_cat-alimetacion-gatos"],"yoast_head":"<!-- This site is optimized with the Yoast SEO plugin v21.6 - https:\/\/yoast.com\/wordpress\/plugins\/seo\/ -->\n<title>Pienso Libra para Gatos Esterilizados de Pollo - Cien Mil Hijos<\/title>\n<meta name=\"robots\" content=\"index, follow, max-snippet:-1, max-image-preview:large, max-video-preview:-1\" \/>\n<link rel=\"canonical\" href=\"https:\/\/cienmilhijos.es\/en\/product\/pienso-libra-para-gatos-esterilizados-de-pollo\/\" \/>\n<meta property=\"og:locale\" content=\"en_GB\" \/>\n<meta property=\"og:type\" content=\"article\" \/>\n<meta property=\"og:title\" content=\"Pienso Libra para Gatos Esterilizados de Pollo - Cien Mil Hijos\" \/>\n<meta property=\"og:description\" content=\"Este pienso para gatos esterilizados de Libra Sterilized est\u00e1 elaborado especialmente para prevenir el sobrepeso y los problemas urinarios de tu mascota. Su alto porcentaje en carne de aves y&hellip;\" \/>\n<meta property=\"og:url\" content=\"https:\/\/cienmilhijos.es\/en\/product\/pienso-libra-para-gatos-esterilizados-de-pollo\/\" \/>\n<meta property=\"og:site_name\" content=\"Cien Mil Hijos\" \/>\n<meta property=\"article:publisher\" content=\"https:\/\/www.facebook.com\/cienmilhijosanimales\/?locale=es_ES\" \/>\n<meta property=\"article:modified_time\" content=\"2023-12-12T17:25:10+00:00\" \/>\n<meta property=\"og:image\" content=\"https:\/\/cienmilhijos.es\/wp-content\/uploads\/2023\/09\/libra-cat-pienso-sterilized.png\" \/>\n\t<meta property=\"og:image:width\" content=\"520\" \/>\n\t<meta property=\"og:image:height\" content=\"520\" \/>\n\t<meta property=\"og:image:type\" content=\"image\/png\" \/>\n<meta name=\"twitter:card\" content=\"summary_large_image\" \/>\n<meta name=\"twitter:label1\" content=\"Estimated reading time\" \/>\n\t<meta name=\"twitter:data1\" content=\"1 minute\" \/>\n<script type=\"application\/ld+json\" class=\"yoast-schema-graph\">{\"@context\":\"https:\/\/schema.org\",\"@graph\":[{\"@type\":\"WebPage\",\"@id\":\"https:\/\/cienmilhijos.es\/product\/pienso-libra-para-gatos-esterilizados-de-pollo\/\",\"url\":\"https:\/\/cienmilhijos.es\/product\/pienso-libra-para-gatos-esterilizados-de-pollo\/\",\"name\":\"Pienso Libra para Gatos Esterilizados de Pollo - Cien Mil Hijos\",\"isPartOf\":{\"@id\":\"https:\/\/cienmilhijos.es\/#website\"},\"datePublished\":\"2023-09-17T09:46:34+00:00\",\"dateModified\":\"2023-12-12T17:25:10+00:00\",\"breadcrumb\":{\"@id\":\"https:\/\/cienmilhijos.es\/product\/pienso-libra-para-gatos-esterilizados-de-pollo\/#breadcrumb\"},\"inLanguage\":\"en-GB\",\"potentialAction\":[{\"@type\":\"ReadAction\",\"target\":[\"https:\/\/cienmilhijos.es\/product\/pienso-libra-para-gatos-esterilizados-de-pollo\/\"]}]},{\"@type\":\"BreadcrumbList\",\"@id\":\"https:\/\/cienmilhijos.es\/product\/pienso-libra-para-gatos-esterilizados-de-pollo\/#breadcrumb\",\"itemListElement\":[{\"@type\":\"ListItem\",\"position\":1,\"name\":\"Portada\",\"item\":\"https:\/\/cienmilhijos.es\/\"},{\"@type\":\"ListItem\",\"position\":2,\"name\":\"Tienda\",\"item\":\"https:\/\/cienmilhijos.es\/tienda\/\"},{\"@type\":\"ListItem\",\"position\":3,\"name\":\"Pienso Libra para Gatos Esterilizados de Pollo\"}]},{\"@type\":\"WebSite\",\"@id\":\"https:\/\/cienmilhijos.es\/#website\",\"url\":\"https:\/\/cienmilhijos.es\/\",\"name\":\"Cien Mil Hijos\",\"description\":\"Cuidado de animales &amp; tienda de mascotas\",\"publisher\":{\"@id\":\"https:\/\/cienmilhijos.es\/#organization\"},\"potentialAction\":[{\"@type\":\"SearchAction\",\"target\":{\"@type\":\"EntryPoint\",\"urlTemplate\":\"https:\/\/cienmilhijos.es\/?s={search_term_string}\"},\"query-input\":\"required name=search_term_string\"}],\"inLanguage\":\"en-GB\"},{\"@type\":\"Organization\",\"@id\":\"https:\/\/cienmilhijos.es\/#organization\",\"name\":\"Cien Mil Hijos\",\"url\":\"https:\/\/cienmilhijos.es\/\",\"logo\":{\"@type\":\"ImageObject\",\"inLanguage\":\"en-GB\",\"@id\":\"https:\/\/cienmilhijos.es\/#\/schema\/logo\/image\/\",\"url\":\"https:\/\/cienmilhijos.es\/wp-content\/uploads\/2023\/12\/logo2.png\",\"contentUrl\":\"https:\/\/cienmilhijos.es\/wp-content\/uploads\/2023\/12\/logo2.png\",\"width\":1150,\"height\":127,\"caption\":\"Cien Mil Hijos\"},\"image\":{\"@id\":\"https:\/\/cienmilhijos.es\/#\/schema\/logo\/image\/\"},\"sameAs\":[\"https:\/\/www.facebook.com\/cienmilhijosanimales\/?locale=es_ES\"]}]}<\/script>\n<!-- \/ Yoast SEO plugin. -->","yoast_head_json":{"title":"Pienso Libra para Gatos Esterilizados de Pollo - Cien Mil Hijos","robots":{"index":"index","follow":"follow","max-snippet":"max-snippet:-1","max-image-preview":"max-image-preview:large","max-video-preview":"max-video-preview:-1"},"canonical":"https:\/\/cienmilhijos.es\/en\/product\/pienso-libra-para-gatos-esterilizados-de-pollo\/","og_locale":"en_GB","og_type":"article","og_title":"Pienso Libra para Gatos Esterilizados de Pollo - Cien Mil Hijos","og_description":"Este pienso para gatos esterilizados de Libra Sterilized est\u00e1 elaborado especialmente para prevenir el sobrepeso y los problemas urinarios de tu mascota. Su alto porcentaje en carne de aves y&hellip;","og_url":"https:\/\/cienmilhijos.es\/en\/product\/pienso-libra-para-gatos-esterilizados-de-pollo\/","og_site_name":"Cien Mil Hijos","article_publisher":"https:\/\/www.facebook.com\/cienmilhijosanimales\/?locale=es_ES","article_modified_time":"2023-12-12T17:25:10+00:00","og_image":[{"width":520,"height":520,"url":"https:\/\/cienmilhijos.es\/wp-content\/uploads\/2023\/09\/libra-cat-pienso-sterilized.png","type":"image\/png"}],"twitter_card":"summary_large_image","twitter_misc":{"Estimated reading time":"1 minute"},"schema":{"@context":"https:\/\/schema.org","@graph":[{"@type":"WebPage","@id":"https:\/\/cienmilhijos.es\/product\/pienso-libra-para-gatos-esterilizados-de-pollo\/","url":"https:\/\/cienmilhijos.es\/product\/pienso-libra-para-gatos-esterilizados-de-pollo\/","name":"Pienso Libra para Gatos Esterilizados de Pollo - Cien Mil Hijos","isPartOf":{"@id":"https:\/\/cienmilhijos.es\/#website"},"datePublished":"2023-09-17T09:46:34+00:00","dateModified":"2023-12-12T17:25:10+00:00","breadcrumb":{"@id":"https:\/\/cienmilhijos.es\/product\/pienso-libra-para-gatos-esterilizados-de-pollo\/#breadcrumb"},"inLanguage":"en-GB","potentialAction":[{"@type":"ReadAction","target":["https:\/\/cienmilhijos.es\/product\/pienso-libra-para-gatos-esterilizados-de-pollo\/"]}]},{"@type":"BreadcrumbList","@id":"https:\/\/cienmilhijos.es\/product\/pienso-libra-para-gatos-esterilizados-de-pollo\/#breadcrumb","itemListElement":[{"@type":"ListItem","position":1,"name":"Portada","item":"https:\/\/cienmilhijos.es\/"},{"@type":"ListItem","position":2,"name":"Tienda","item":"https:\/\/cienmilhijos.es\/tienda\/"},{"@type":"ListItem","position":3,"name":"Pienso Libra para Gatos Esterilizados de Pollo"}]},{"@type":"WebSite","@id":"https:\/\/cienmilhijos.es\/#website","url":"https:\/\/cienmilhijos.es\/","name":"Cien Mil Hijos","description":"Cuidado de animales &amp; tienda de mascotas","publisher":{"@id":"https:\/\/cienmilhijos.es\/#organization"},"potentialAction":[{"@type":"SearchAction","target":{"@type":"EntryPoint","urlTemplate":"https:\/\/cienmilhijos.es\/?s={search_term_string}"},"query-input":"required name=search_term_string"}],"inLanguage":"en-GB"},{"@type":"Organization","@id":"https:\/\/cienmilhijos.es\/#organization","name":"Cien Mil Hijos","url":"https:\/\/cienmilhijos.es\/","logo":{"@type":"ImageObject","inLanguage":"en-GB","@id":"https:\/\/cienmilhijos.es\/#\/schema\/logo\/image\/","url":"https:\/\/cienmilhijos.es\/wp-content\/uploads\/2023\/12\/logo2.png","contentUrl":"https:\/\/cienmilhijos.es\/wp-content\/uploads\/2023\/12\/logo2.png","width":1150,"height":127,"caption":"Cien Mil Hijos"},"image":{"@id":"https:\/\/cienmilhijos.es\/#\/schema\/logo\/image\/"},"sameAs":["https:\/\/www.facebook.com\/cienmilhijosanimales\/?locale=es_ES"]}]}},"_links":{"self":[{"href":"https:\/\/cienmilhijos.es\/en\/wp-json\/wp\/v2\/product\/25290","targetHints":{"allow":["GET"]}}],"collection":[{"href":"https:\/\/cienmilhijos.es\/en\/wp-json\/wp\/v2\/product"}],"about":[{"href":"https:\/\/cienmilhijos.es\/en\/wp-json\/wp\/v2\/types\/product"}],"replies":[{"embeddable":true,"href":"https:\/\/cienmilhijos.es\/en\/wp-json\/wp\/v2\/comments?post=25290"}],"wp:featuredmedia":[{"embeddable":true,"href":"https:\/\/cienmilhijos.es\/en\/wp-json\/wp\/v2\/media\/25292"}],"wp:attachment":[{"href":"https:\/\/cienmilhijos.es\/en\/wp-json\/wp\/v2\/media?parent=25290"}],"wp:term":[{"taxonomy":"product_cat","embeddable":true,"href":"https:\/\/cienmilhijos.es\/en\/wp-json\/wp\/v2\/product_cat?post=25290"},{"taxonomy":"product_tag","embeddable":true,"href":"https:\/\/cienmilhijos.es\/en\/wp-json\/wp\/v2\/product_tag?post=25290"}],"curies":[{"name":"wp","href":"https:\/\/api.w.org\/{rel}","templated":true}]}}