{"id":25266,"date":"2023-09-14T16:38:05","date_gmt":"2023-09-14T16:38:05","guid":{"rendered":"https:\/\/cienmilhijos.es\/?post_type=product&#038;p=25266"},"modified":"2023-09-17T09:04:16","modified_gmt":"2023-09-17T09:04:16","slug":"ab-tab-1-3k-2-5k-pastilla-antiparasitaria-externa","status":"publish","type":"product","link":"https:\/\/cienmilhijos.es\/en\/product\/ab-tab-1-3k-2-5k-pastilla-antiparasitaria-externa\/","title":{"rendered":"AdTab. Pastilla Antiparasitaria Externa"},"content":{"rendered":"<p><strong><span class=\"product-title\">AdTab\u00a0<\/span>comprimidos masticables es\u00a0<\/strong><b>un producto farmac\u00e9utico.<\/b><br \/>\n<span class=\"product-title\">AdTab es un medicamento veterinario que\u00a0<\/span>proporciona una acci\u00f3n inmediata y persistente durante un\u00a0<strong>1 mes\u00a0<\/strong>de<strong>\u00a0eliminaci\u00f3n de pulgas\u00a0<\/strong>(<em>Ctenocephalides felis y C. canis<\/em>)\u00a0<strong>y garrapatas\u00a0<\/strong>(<em>Rhipicephalus sanguineus, Ixodes ricinus, I. hexagonus y Dermacentor reticulatus<\/em>). Est\u00e1 indicado para\u00a0<strong>perros de 8 semanas de edad o m\u00e1s\u00a0<\/strong>y de 1,3 kg de peso o m\u00e1s.<br \/>\nSe presenta en forma de comprimido masticable con un sabor agradable.<br \/>\nPara un control \u00f3ptimo de las infestaciones por garrapatas y pulgas, el medicamento veterinario debe\u00a0<strong>administrarse a intervalos mensuales<\/strong>\u00a0y mantenerse a lo largo de la temporada de pulgas o de garrapatas.<\/p>\n<p>En el caso de las\u00a0<strong>pulgas<\/strong>, el inicio de la eficacia se produce dentro de las\u00a0<strong>4 horas<\/strong>\u00a0de la adhesi\u00f3n, durante el per\u00edodo de un mes desde la administraci\u00f3n del producto. Las pulgas que estaban en el animal antes de la administraci\u00f3n mueren dentro de las 6 horas.<\/p>\n<p>En el caso de las <strong>garrapatas<\/strong>, el inicio de la eficacia se produce a partir de las\u00a0<strong>48 horas\u00a0<\/strong>de la adhesi\u00f3n durante el per\u00edodo de un mes desde la administraci\u00f3n del producto. Las garrapatas\u00a0<em>I.ricinus\u00a0<\/em>que estaban en el animal antes de la administraci\u00f3n mueren dentro de las 8 horas<\/p>\n<p>Las pulgas y las garrapatas deben estar pegadas al hospedador y realizar su ciclo alimenticio para quedar expuestas al principio activo.<\/p>","protected":false},"excerpt":{"rendered":"<p>AdTab\u00a0comprimidos masticables es\u00a0un producto farmac\u00e9utico. AdTab es un medicamento veterinario que\u00a0proporciona una acci\u00f3n inmediata y persistente durante un\u00a01 mes\u00a0de\u00a0eliminaci\u00f3n de pulgas\u00a0(Ctenocephalides felis y C. canis)\u00a0y garrapatas\u00a0(Rhipicephalus sanguineus, Ixodes ricinus, I.&hellip;<\/p>","protected":false},"featured_media":25268,"comment_status":"open","ping_status":"closed","template":"","meta":[],"product_cat":[266],"product_tag":[],"class_list":["post-25266","product","type-product","status-publish","has-post-thumbnail","hentry","product_cat-antiparasitarios-perro"],"yoast_head":"<!-- This site is optimized with the Yoast SEO plugin v21.6 - https:\/\/yoast.com\/wordpress\/plugins\/seo\/ -->\n<title>AdTab. Pastilla Antiparasitaria Externa - Cien Mil Hijos<\/title>\n<meta name=\"robots\" content=\"index, follow, max-snippet:-1, max-image-preview:large, max-video-preview:-1\" \/>\n<link rel=\"canonical\" href=\"https:\/\/cienmilhijos.es\/en\/product\/ab-tab-1-3k-2-5k-pastilla-antiparasitaria-externa\/\" \/>\n<meta property=\"og:locale\" content=\"en_GB\" \/>\n<meta property=\"og:type\" content=\"article\" \/>\n<meta property=\"og:title\" content=\"AdTab. Pastilla Antiparasitaria Externa - Cien Mil Hijos\" \/>\n<meta property=\"og:description\" content=\"AdTab\u00a0comprimidos masticables es\u00a0un producto farmac\u00e9utico. AdTab es un medicamento veterinario que\u00a0proporciona una acci\u00f3n inmediata y persistente durante un\u00a01 mes\u00a0de\u00a0eliminaci\u00f3n de pulgas\u00a0(Ctenocephalides felis y C. canis)\u00a0y garrapatas\u00a0(Rhipicephalus sanguineus, Ixodes ricinus, I.&hellip;\" \/>\n<meta property=\"og:url\" content=\"https:\/\/cienmilhijos.es\/en\/product\/ab-tab-1-3k-2-5k-pastilla-antiparasitaria-externa\/\" \/>\n<meta property=\"og:site_name\" content=\"Cien Mil Hijos\" \/>\n<meta property=\"article:publisher\" content=\"https:\/\/www.facebook.com\/cienmilhijosanimales\/?locale=es_ES\" \/>\n<meta property=\"article:modified_time\" content=\"2023-09-17T09:04:16+00:00\" \/>\n<meta property=\"og:image\" content=\"https:\/\/cienmilhijos.es\/wp-content\/uploads\/2023\/09\/shopping-24-1.webp\" \/>\n\t<meta property=\"og:image:width\" content=\"166\" \/>\n\t<meta property=\"og:image:height\" content=\"252\" \/>\n\t<meta property=\"og:image:type\" content=\"image\/webp\" \/>\n<meta name=\"twitter:card\" content=\"summary_large_image\" \/>\n<meta name=\"twitter:label1\" content=\"Estimated reading time\" \/>\n\t<meta name=\"twitter:data1\" content=\"1 minute\" \/>\n<script type=\"application\/ld+json\" class=\"yoast-schema-graph\">{\"@context\":\"https:\/\/schema.org\",\"@graph\":[{\"@type\":\"WebPage\",\"@id\":\"https:\/\/cienmilhijos.es\/product\/ab-tab-1-3k-2-5k-pastilla-antiparasitaria-externa\/\",\"url\":\"https:\/\/cienmilhijos.es\/product\/ab-tab-1-3k-2-5k-pastilla-antiparasitaria-externa\/\",\"name\":\"AdTab. Pastilla Antiparasitaria Externa - Cien Mil Hijos\",\"isPartOf\":{\"@id\":\"https:\/\/cienmilhijos.es\/#website\"},\"datePublished\":\"2023-09-14T16:38:05+00:00\",\"dateModified\":\"2023-09-17T09:04:16+00:00\",\"breadcrumb\":{\"@id\":\"https:\/\/cienmilhijos.es\/product\/ab-tab-1-3k-2-5k-pastilla-antiparasitaria-externa\/#breadcrumb\"},\"inLanguage\":\"en-GB\",\"potentialAction\":[{\"@type\":\"ReadAction\",\"target\":[\"https:\/\/cienmilhijos.es\/product\/ab-tab-1-3k-2-5k-pastilla-antiparasitaria-externa\/\"]}]},{\"@type\":\"BreadcrumbList\",\"@id\":\"https:\/\/cienmilhijos.es\/product\/ab-tab-1-3k-2-5k-pastilla-antiparasitaria-externa\/#breadcrumb\",\"itemListElement\":[{\"@type\":\"ListItem\",\"position\":1,\"name\":\"Portada\",\"item\":\"https:\/\/cienmilhijos.es\/\"},{\"@type\":\"ListItem\",\"position\":2,\"name\":\"Tienda\",\"item\":\"https:\/\/cienmilhijos.es\/tienda\/\"},{\"@type\":\"ListItem\",\"position\":3,\"name\":\"AdTab. Pastilla Antiparasitaria Externa\"}]},{\"@type\":\"WebSite\",\"@id\":\"https:\/\/cienmilhijos.es\/#website\",\"url\":\"https:\/\/cienmilhijos.es\/\",\"name\":\"Cien Mil Hijos\",\"description\":\"Cuidado de animales &amp; tienda de mascotas\",\"publisher\":{\"@id\":\"https:\/\/cienmilhijos.es\/#organization\"},\"potentialAction\":[{\"@type\":\"SearchAction\",\"target\":{\"@type\":\"EntryPoint\",\"urlTemplate\":\"https:\/\/cienmilhijos.es\/?s={search_term_string}\"},\"query-input\":\"required name=search_term_string\"}],\"inLanguage\":\"en-GB\"},{\"@type\":\"Organization\",\"@id\":\"https:\/\/cienmilhijos.es\/#organization\",\"name\":\"Cien Mil Hijos\",\"url\":\"https:\/\/cienmilhijos.es\/\",\"logo\":{\"@type\":\"ImageObject\",\"inLanguage\":\"en-GB\",\"@id\":\"https:\/\/cienmilhijos.es\/#\/schema\/logo\/image\/\",\"url\":\"https:\/\/cienmilhijos.es\/wp-content\/uploads\/2023\/12\/logo2.png\",\"contentUrl\":\"https:\/\/cienmilhijos.es\/wp-content\/uploads\/2023\/12\/logo2.png\",\"width\":1150,\"height\":127,\"caption\":\"Cien Mil Hijos\"},\"image\":{\"@id\":\"https:\/\/cienmilhijos.es\/#\/schema\/logo\/image\/\"},\"sameAs\":[\"https:\/\/www.facebook.com\/cienmilhijosanimales\/?locale=es_ES\"]}]}<\/script>\n<!-- \/ Yoast SEO plugin. -->","yoast_head_json":{"title":"AdTab. Pastilla Antiparasitaria Externa - Cien Mil Hijos","robots":{"index":"index","follow":"follow","max-snippet":"max-snippet:-1","max-image-preview":"max-image-preview:large","max-video-preview":"max-video-preview:-1"},"canonical":"https:\/\/cienmilhijos.es\/en\/product\/ab-tab-1-3k-2-5k-pastilla-antiparasitaria-externa\/","og_locale":"en_GB","og_type":"article","og_title":"AdTab. Pastilla Antiparasitaria Externa - Cien Mil Hijos","og_description":"AdTab\u00a0comprimidos masticables es\u00a0un producto farmac\u00e9utico. AdTab es un medicamento veterinario que\u00a0proporciona una acci\u00f3n inmediata y persistente durante un\u00a01 mes\u00a0de\u00a0eliminaci\u00f3n de pulgas\u00a0(Ctenocephalides felis y C. canis)\u00a0y garrapatas\u00a0(Rhipicephalus sanguineus, Ixodes ricinus, I.&hellip;","og_url":"https:\/\/cienmilhijos.es\/en\/product\/ab-tab-1-3k-2-5k-pastilla-antiparasitaria-externa\/","og_site_name":"Cien Mil Hijos","article_publisher":"https:\/\/www.facebook.com\/cienmilhijosanimales\/?locale=es_ES","article_modified_time":"2023-09-17T09:04:16+00:00","og_image":[{"width":166,"height":252,"url":"https:\/\/cienmilhijos.es\/wp-content\/uploads\/2023\/09\/shopping-24-1.webp","type":"image\/webp"}],"twitter_card":"summary_large_image","twitter_misc":{"Estimated reading time":"1 minute"},"schema":{"@context":"https:\/\/schema.org","@graph":[{"@type":"WebPage","@id":"https:\/\/cienmilhijos.es\/product\/ab-tab-1-3k-2-5k-pastilla-antiparasitaria-externa\/","url":"https:\/\/cienmilhijos.es\/product\/ab-tab-1-3k-2-5k-pastilla-antiparasitaria-externa\/","name":"AdTab. Pastilla Antiparasitaria Externa - Cien Mil Hijos","isPartOf":{"@id":"https:\/\/cienmilhijos.es\/#website"},"datePublished":"2023-09-14T16:38:05+00:00","dateModified":"2023-09-17T09:04:16+00:00","breadcrumb":{"@id":"https:\/\/cienmilhijos.es\/product\/ab-tab-1-3k-2-5k-pastilla-antiparasitaria-externa\/#breadcrumb"},"inLanguage":"en-GB","potentialAction":[{"@type":"ReadAction","target":["https:\/\/cienmilhijos.es\/product\/ab-tab-1-3k-2-5k-pastilla-antiparasitaria-externa\/"]}]},{"@type":"BreadcrumbList","@id":"https:\/\/cienmilhijos.es\/product\/ab-tab-1-3k-2-5k-pastilla-antiparasitaria-externa\/#breadcrumb","itemListElement":[{"@type":"ListItem","position":1,"name":"Portada","item":"https:\/\/cienmilhijos.es\/"},{"@type":"ListItem","position":2,"name":"Tienda","item":"https:\/\/cienmilhijos.es\/tienda\/"},{"@type":"ListItem","position":3,"name":"AdTab. Pastilla Antiparasitaria Externa"}]},{"@type":"WebSite","@id":"https:\/\/cienmilhijos.es\/#website","url":"https:\/\/cienmilhijos.es\/","name":"Cien Mil Hijos","description":"Cuidado de animales &amp; tienda de mascotas","publisher":{"@id":"https:\/\/cienmilhijos.es\/#organization"},"potentialAction":[{"@type":"SearchAction","target":{"@type":"EntryPoint","urlTemplate":"https:\/\/cienmilhijos.es\/?s={search_term_string}"},"query-input":"required name=search_term_string"}],"inLanguage":"en-GB"},{"@type":"Organization","@id":"https:\/\/cienmilhijos.es\/#organization","name":"Cien Mil Hijos","url":"https:\/\/cienmilhijos.es\/","logo":{"@type":"ImageObject","inLanguage":"en-GB","@id":"https:\/\/cienmilhijos.es\/#\/schema\/logo\/image\/","url":"https:\/\/cienmilhijos.es\/wp-content\/uploads\/2023\/12\/logo2.png","contentUrl":"https:\/\/cienmilhijos.es\/wp-content\/uploads\/2023\/12\/logo2.png","width":1150,"height":127,"caption":"Cien Mil Hijos"},"image":{"@id":"https:\/\/cienmilhijos.es\/#\/schema\/logo\/image\/"},"sameAs":["https:\/\/www.facebook.com\/cienmilhijosanimales\/?locale=es_ES"]}]}},"_links":{"self":[{"href":"https:\/\/cienmilhijos.es\/en\/wp-json\/wp\/v2\/product\/25266","targetHints":{"allow":["GET"]}}],"collection":[{"href":"https:\/\/cienmilhijos.es\/en\/wp-json\/wp\/v2\/product"}],"about":[{"href":"https:\/\/cienmilhijos.es\/en\/wp-json\/wp\/v2\/types\/product"}],"replies":[{"embeddable":true,"href":"https:\/\/cienmilhijos.es\/en\/wp-json\/wp\/v2\/comments?post=25266"}],"wp:featuredmedia":[{"embeddable":true,"href":"https:\/\/cienmilhijos.es\/en\/wp-json\/wp\/v2\/media\/25268"}],"wp:attachment":[{"href":"https:\/\/cienmilhijos.es\/en\/wp-json\/wp\/v2\/media?parent=25266"}],"wp:term":[{"taxonomy":"product_cat","embeddable":true,"href":"https:\/\/cienmilhijos.es\/en\/wp-json\/wp\/v2\/product_cat?post=25266"},{"taxonomy":"product_tag","embeddable":true,"href":"https:\/\/cienmilhijos.es\/en\/wp-json\/wp\/v2\/product_tag?post=25266"}],"curies":[{"name":"wp","href":"https:\/\/api.w.org\/{rel}","templated":true}]}}