{"id":25256,"date":"2023-09-14T08:53:43","date_gmt":"2023-09-14T08:53:43","guid":{"rendered":"https:\/\/cienmilhijos.es\/?post_type=product&#038;p=25256"},"modified":"2024-05-04T11:04:33","modified_gmt":"2024-05-04T11:04:33","slug":"25256","status":"publish","type":"product","link":"https:\/\/cienmilhijos.es\/en\/product\/25256\/","title":{"rendered":"Pasta de Dientes dentican para perros y gatos"},"content":{"rendered":"<h2>Pasta de dientes Dentican para perros y gatos con triple acci\u00f3n<\/h2>\n<p>Dentican contiene una\u00a0<strong>f\u00f3rmula fortalecida con fluoruro de sodio y digluconato de clorhexidina<\/strong>,\u00a0<strong>potenciador de la acci\u00f3n antiplaca bacteriana<\/strong>\u00a0y\u00a0<strong>con efecto blanqueante<\/strong>, adem\u00e1s de que elimina el mal aliento en tu mascota y combate la formaci\u00f3n de sarro en los dientes. Tu mascota podr\u00e1 darte los acostumbrados lametazos, pero ahora refrescantes.<\/p>\n<p>Este dent\u00edfrico es\u00a0<strong>efectivo y previene los inconvenientes bucodentales<\/strong>,de hecho\u00a0<strong>pensado en la higiene bucal de tu peludo<\/strong>, es pr\u00e1ctico de usar ya que lo pod\u00e9is colocar en perros cachorros o adultos, en nuestra tienda encontrar\u00e1s tambi\u00e9n mordedores hechos para seguir cuidando de la higiene bucal de tu querida mascota.<\/p>\n<p>Con la\u00a0<strong>pasta de calidad como la de la Stangest Dentican para perros con triple acci\u00f3n<\/strong>, tu peludo tendr\u00e1 dientes m\u00e1s saludables a medida que empleas el producto con frecuencia, ellos lo merecen.<\/p>\n<p>&nbsp;<\/p>\n<p><strong>VENTAJAS:<\/strong><\/p>\n<ul>\n<li>Producto seguro.<\/li>\n<li>Refresca el aliento<\/li>\n<li>No necesita enjuague.<\/li>\n<li>Controla el sarro.<\/li>\n<li>Dientes m\u00e1s sanos.<\/li>\n<li>Ayuda a combatir la placa bacteriana.<\/li>\n<\/ul>\n<p><strong>USO Y ESPECIFICACIONES:<\/strong><\/p>\n<ul>\n<li>Dent\u00edfrico en pasta para perros y gatos.<\/li>\n<\/ul>","protected":false},"excerpt":{"rendered":"<p>Pasta de dientes Dentican para perros y gatos con triple acci\u00f3n Dentican contiene una\u00a0f\u00f3rmula fortalecida con fluoruro de sodio y digluconato de clorhexidina,\u00a0potenciador de la acci\u00f3n antiplaca bacteriana\u00a0y\u00a0con efecto blanqueante,&hellip;<\/p>","protected":false},"featured_media":25257,"comment_status":"open","ping_status":"closed","template":"","meta":[],"product_cat":[319,320],"product_tag":[],"class_list":["post-25256","product","type-product","status-publish","has-post-thumbnail","hentry","product_cat-gatos-champu-e-higiene","product_cat-perros-champu-e-higiene"],"yoast_head":"<!-- This site is optimized with the Yoast SEO plugin v21.6 - https:\/\/yoast.com\/wordpress\/plugins\/seo\/ -->\n<title>Pasta de Dientes dentican para perros y gatos - Cien Mil Hijos<\/title>\n<meta name=\"robots\" content=\"index, follow, max-snippet:-1, max-image-preview:large, max-video-preview:-1\" \/>\n<link rel=\"canonical\" href=\"https:\/\/cienmilhijos.es\/en\/product\/25256\/\" \/>\n<meta property=\"og:locale\" content=\"en_GB\" \/>\n<meta property=\"og:type\" content=\"article\" \/>\n<meta property=\"og:title\" content=\"Pasta de Dientes dentican para perros y gatos - Cien Mil Hijos\" \/>\n<meta property=\"og:description\" content=\"Pasta de dientes Dentican para perros y gatos con triple acci\u00f3n Dentican contiene una\u00a0f\u00f3rmula fortalecida con fluoruro de sodio y digluconato de clorhexidina,\u00a0potenciador de la acci\u00f3n antiplaca bacteriana\u00a0y\u00a0con efecto blanqueante,&hellip;\" \/>\n<meta property=\"og:url\" content=\"https:\/\/cienmilhijos.es\/en\/product\/25256\/\" \/>\n<meta property=\"og:site_name\" content=\"Cien Mil Hijos\" \/>\n<meta property=\"article:publisher\" content=\"https:\/\/www.facebook.com\/cienmilhijosanimales\/?locale=es_ES\" \/>\n<meta property=\"article:modified_time\" content=\"2024-05-04T11:04:33+00:00\" \/>\n<meta property=\"og:image\" content=\"https:\/\/cienmilhijos.es\/wp-content\/uploads\/2023\/09\/shopping-18.webp\" \/>\n\t<meta property=\"og:image:width\" content=\"166\" \/>\n\t<meta property=\"og:image:height\" content=\"304\" \/>\n\t<meta property=\"og:image:type\" content=\"image\/webp\" \/>\n<meta name=\"twitter:card\" content=\"summary_large_image\" \/>\n<meta name=\"twitter:label1\" content=\"Estimated reading time\" \/>\n\t<meta name=\"twitter:data1\" content=\"1 minute\" \/>\n<script type=\"application\/ld+json\" class=\"yoast-schema-graph\">{\"@context\":\"https:\/\/schema.org\",\"@graph\":[{\"@type\":\"WebPage\",\"@id\":\"https:\/\/cienmilhijos.es\/product\/25256\/\",\"url\":\"https:\/\/cienmilhijos.es\/product\/25256\/\",\"name\":\"Pasta de Dientes dentican para perros y gatos - Cien Mil Hijos\",\"isPartOf\":{\"@id\":\"https:\/\/cienmilhijos.es\/#website\"},\"datePublished\":\"2023-09-14T08:53:43+00:00\",\"dateModified\":\"2024-05-04T11:04:33+00:00\",\"breadcrumb\":{\"@id\":\"https:\/\/cienmilhijos.es\/product\/25256\/#breadcrumb\"},\"inLanguage\":\"en-GB\",\"potentialAction\":[{\"@type\":\"ReadAction\",\"target\":[\"https:\/\/cienmilhijos.es\/product\/25256\/\"]}]},{\"@type\":\"BreadcrumbList\",\"@id\":\"https:\/\/cienmilhijos.es\/product\/25256\/#breadcrumb\",\"itemListElement\":[{\"@type\":\"ListItem\",\"position\":1,\"name\":\"Portada\",\"item\":\"https:\/\/cienmilhijos.es\/\"},{\"@type\":\"ListItem\",\"position\":2,\"name\":\"Tienda\",\"item\":\"https:\/\/cienmilhijos.es\/tienda\/\"},{\"@type\":\"ListItem\",\"position\":3,\"name\":\"Pasta de Dientes dentican para perros y gatos\"}]},{\"@type\":\"WebSite\",\"@id\":\"https:\/\/cienmilhijos.es\/#website\",\"url\":\"https:\/\/cienmilhijos.es\/\",\"name\":\"Cien Mil Hijos\",\"description\":\"Cuidado de animales &amp; tienda de mascotas\",\"publisher\":{\"@id\":\"https:\/\/cienmilhijos.es\/#organization\"},\"potentialAction\":[{\"@type\":\"SearchAction\",\"target\":{\"@type\":\"EntryPoint\",\"urlTemplate\":\"https:\/\/cienmilhijos.es\/?s={search_term_string}\"},\"query-input\":\"required name=search_term_string\"}],\"inLanguage\":\"en-GB\"},{\"@type\":\"Organization\",\"@id\":\"https:\/\/cienmilhijos.es\/#organization\",\"name\":\"Cien Mil Hijos\",\"url\":\"https:\/\/cienmilhijos.es\/\",\"logo\":{\"@type\":\"ImageObject\",\"inLanguage\":\"en-GB\",\"@id\":\"https:\/\/cienmilhijos.es\/#\/schema\/logo\/image\/\",\"url\":\"https:\/\/cienmilhijos.es\/wp-content\/uploads\/2023\/12\/logo2.png\",\"contentUrl\":\"https:\/\/cienmilhijos.es\/wp-content\/uploads\/2023\/12\/logo2.png\",\"width\":1150,\"height\":127,\"caption\":\"Cien Mil Hijos\"},\"image\":{\"@id\":\"https:\/\/cienmilhijos.es\/#\/schema\/logo\/image\/\"},\"sameAs\":[\"https:\/\/www.facebook.com\/cienmilhijosanimales\/?locale=es_ES\"]}]}<\/script>\n<!-- \/ Yoast SEO plugin. -->","yoast_head_json":{"title":"Pasta de Dientes dentican para perros y gatos - Cien Mil Hijos","robots":{"index":"index","follow":"follow","max-snippet":"max-snippet:-1","max-image-preview":"max-image-preview:large","max-video-preview":"max-video-preview:-1"},"canonical":"https:\/\/cienmilhijos.es\/en\/product\/25256\/","og_locale":"en_GB","og_type":"article","og_title":"Pasta de Dientes dentican para perros y gatos - Cien Mil Hijos","og_description":"Pasta de dientes Dentican para perros y gatos con triple acci\u00f3n Dentican contiene una\u00a0f\u00f3rmula fortalecida con fluoruro de sodio y digluconato de clorhexidina,\u00a0potenciador de la acci\u00f3n antiplaca bacteriana\u00a0y\u00a0con efecto blanqueante,&hellip;","og_url":"https:\/\/cienmilhijos.es\/en\/product\/25256\/","og_site_name":"Cien Mil Hijos","article_publisher":"https:\/\/www.facebook.com\/cienmilhijosanimales\/?locale=es_ES","article_modified_time":"2024-05-04T11:04:33+00:00","og_image":[{"width":166,"height":304,"url":"https:\/\/cienmilhijos.es\/wp-content\/uploads\/2023\/09\/shopping-18.webp","type":"image\/webp"}],"twitter_card":"summary_large_image","twitter_misc":{"Estimated reading time":"1 minute"},"schema":{"@context":"https:\/\/schema.org","@graph":[{"@type":"WebPage","@id":"https:\/\/cienmilhijos.es\/product\/25256\/","url":"https:\/\/cienmilhijos.es\/product\/25256\/","name":"Pasta de Dientes dentican para perros y gatos - Cien Mil Hijos","isPartOf":{"@id":"https:\/\/cienmilhijos.es\/#website"},"datePublished":"2023-09-14T08:53:43+00:00","dateModified":"2024-05-04T11:04:33+00:00","breadcrumb":{"@id":"https:\/\/cienmilhijos.es\/product\/25256\/#breadcrumb"},"inLanguage":"en-GB","potentialAction":[{"@type":"ReadAction","target":["https:\/\/cienmilhijos.es\/product\/25256\/"]}]},{"@type":"BreadcrumbList","@id":"https:\/\/cienmilhijos.es\/product\/25256\/#breadcrumb","itemListElement":[{"@type":"ListItem","position":1,"name":"Portada","item":"https:\/\/cienmilhijos.es\/"},{"@type":"ListItem","position":2,"name":"Tienda","item":"https:\/\/cienmilhijos.es\/tienda\/"},{"@type":"ListItem","position":3,"name":"Pasta de Dientes dentican para perros y gatos"}]},{"@type":"WebSite","@id":"https:\/\/cienmilhijos.es\/#website","url":"https:\/\/cienmilhijos.es\/","name":"Cien Mil Hijos","description":"Cuidado de animales &amp; tienda de mascotas","publisher":{"@id":"https:\/\/cienmilhijos.es\/#organization"},"potentialAction":[{"@type":"SearchAction","target":{"@type":"EntryPoint","urlTemplate":"https:\/\/cienmilhijos.es\/?s={search_term_string}"},"query-input":"required name=search_term_string"}],"inLanguage":"en-GB"},{"@type":"Organization","@id":"https:\/\/cienmilhijos.es\/#organization","name":"Cien Mil Hijos","url":"https:\/\/cienmilhijos.es\/","logo":{"@type":"ImageObject","inLanguage":"en-GB","@id":"https:\/\/cienmilhijos.es\/#\/schema\/logo\/image\/","url":"https:\/\/cienmilhijos.es\/wp-content\/uploads\/2023\/12\/logo2.png","contentUrl":"https:\/\/cienmilhijos.es\/wp-content\/uploads\/2023\/12\/logo2.png","width":1150,"height":127,"caption":"Cien Mil Hijos"},"image":{"@id":"https:\/\/cienmilhijos.es\/#\/schema\/logo\/image\/"},"sameAs":["https:\/\/www.facebook.com\/cienmilhijosanimales\/?locale=es_ES"]}]}},"_links":{"self":[{"href":"https:\/\/cienmilhijos.es\/en\/wp-json\/wp\/v2\/product\/25256","targetHints":{"allow":["GET"]}}],"collection":[{"href":"https:\/\/cienmilhijos.es\/en\/wp-json\/wp\/v2\/product"}],"about":[{"href":"https:\/\/cienmilhijos.es\/en\/wp-json\/wp\/v2\/types\/product"}],"replies":[{"embeddable":true,"href":"https:\/\/cienmilhijos.es\/en\/wp-json\/wp\/v2\/comments?post=25256"}],"wp:featuredmedia":[{"embeddable":true,"href":"https:\/\/cienmilhijos.es\/en\/wp-json\/wp\/v2\/media\/25257"}],"wp:attachment":[{"href":"https:\/\/cienmilhijos.es\/en\/wp-json\/wp\/v2\/media?parent=25256"}],"wp:term":[{"taxonomy":"product_cat","embeddable":true,"href":"https:\/\/cienmilhijos.es\/en\/wp-json\/wp\/v2\/product_cat?post=25256"},{"taxonomy":"product_tag","embeddable":true,"href":"https:\/\/cienmilhijos.es\/en\/wp-json\/wp\/v2\/product_tag?post=25256"}],"curies":[{"name":"wp","href":"https:\/\/api.w.org\/{rel}","templated":true}]}}