{"id":25252,"date":"2023-09-13T17:48:03","date_gmt":"2023-09-13T17:48:03","guid":{"rendered":"https:\/\/cienmilhijos.es\/?post_type=product&#038;p=25252"},"modified":"2023-12-20T15:31:37","modified_gmt":"2023-12-20T15:31:37","slug":"spray-reparador-de-almohadillas-con-aloe-vera-kw","status":"publish","type":"product","link":"https:\/\/cienmilhijos.es\/en\/product\/spray-reparador-de-almohadillas-con-aloe-vera-kw\/","title":{"rendered":"Spray reparador de almohadillas con Aloe Vera KW"},"content":{"rendered":"<div id=\"main-product-wrapper\" class=\"product-container\">\n<div class=\"tabs product-tabs\">\n<div id=\"product-infos-tabs-content\" class=\"tab-content col-md-8 offset-md-2\">\n<div id=\"description\" class=\"tab-pane in active\">\n<div class=\"product-description\">\n<div class=\"rte-content\">\n<p>Spray\u00a0para cuidar y proteger las almohadillas de los perros.<\/p>\n<p>Se recomienda su uso en\u00a0 cualquier \u00e9poca del a\u00f1o, ya que\u00a0 adem\u00e1s de utilizarse para cuidar las almohadillas de tu compa\u00f1ero , se recomienda su uso como endurecedor a modo preventivo, y ayuda a regenerar las almohadillas cuando aparecen grietas,<\/p>\n<p>Es ideal para \u00e9pocas de fr\u00edo y hielo, as\u00ed como en \u00e9pocas de intenso calor, donde la tierra y asfalto llegan a coger altas temperaturas.<\/p>\n<p>Contiene 50 ml en formato spray, se aplica directamente sobre las almohadillas.<\/p>\n<\/div>\n<\/div>\n<\/div>\n<div id=\"product-details-tab\" class=\"tab-pane\">\n<div id=\"product-details\" class=\"clearfix\" style=\"box-sizing: border-box;\" data-product=\"{&quot;id_shop_default&quot;:&quot;1&quot;,&quot;id_manufacturer&quot;:&quot;0&quot;,&quot;id_supplier&quot;:&quot;0&quot;,&quot;reference&quot;:&quot;&quot;,&quot;is_virtual&quot;:&quot;0&quot;,&quot;delivery_in_stock&quot;:&quot;&quot;,&quot;delivery_out_stock&quot;:&quot;&quot;,&quot;id_category_default&quot;:&quot;33&quot;,&quot;on_sale&quot;:&quot;0&quot;,&quot;online_only&quot;:&quot;0&quot;,&quot;ecotax&quot;:0,&quot;minimal_quantity&quot;:&quot;1&quot;,&quot;low_stock_threshold&quot;:null,&quot;low_stock_alert&quot;:&quot;0&quot;,&quot;price&quot;:&quot;12,95\\u00a0\\u20ac&quot;,&quot;unity&quot;:&quot;&quot;,&quot;unit_price_ratio&quot;:&quot;0.000000&quot;,&quot;additional_shipping_cost&quot;:&quot;0.000000&quot;,&quot;customizable&quot;:&quot;0&quot;,&quot;text_fields&quot;:&quot;0&quot;,&quot;uploadable_files&quot;:&quot;0&quot;,&quot;redirect_type&quot;:&quot;404&quot;,&quot;id_type_redirected&quot;:&quot;0&quot;,&quot;available_for_order&quot;:&quot;1&quot;,&quot;available_date&quot;:&quot;0000-00-00&quot;,&quot;show_condition&quot;:&quot;0&quot;,&quot;condition&quot;:&quot;new&quot;,&quot;show_price&quot;:&quot;1&quot;,&quot;indexed&quot;:&quot;1&quot;,&quot;visibility&quot;:&quot;both&quot;,&quot;cache_default_attribute&quot;:&quot;0&quot;,&quot;advanced_stock_management&quot;:&quot;0&quot;,&quot;date_add&quot;:&quot;2021-09-13 19:06:09&quot;,&quot;date_upd&quot;:&quot;2023-08-31 16:31:22&quot;,&quot;pack_stock_type&quot;:&quot;0&quot;,&quot;meta_description&quot;:&quot;&quot;,&quot;meta_keywords&quot;:&quot;&quot;,&quot;meta_title&quot;:&quot;&quot;,&quot;link_rewrite&quot;:&quot;spray-reparador-de-almohadillas-con-aloe-vera&quot;,&quot;name&quot;:&quot;Spray reparador de almohadillas con Aloe Vera&quot;,&quot;description&quot;:&quot;&lt;p&gt;Spray\\u00a0para cuidar y proteger las almohadillas de los perros.&lt;\\\/p&gt;\\n&lt;p&gt;Perfecto\\u00a0para aplicar en cualquier \\u00e9poca del a\\u00f1o ya que ayuda a cuidar las almohadillas en \\u00e9poca de fr\\u00edo y hielo as\\u00ed como en \\u00e9pocas de calor, de tierra y asfalto caliente aunque tambien se recomienda su uso como endurecedor a modo preventivo.&lt;\\\/p&gt;\\n&lt;p&gt;Contiene 50\\u00a0ml en formato spray, se recomienda aplicar directamente sobre la almohadilla.&lt;\\\/p&gt;&quot;,&quot;description_short&quot;:&quot;&quot;,&quot;available_now&quot;:&quot;&quot;,&quot;available_later&quot;:&quot;&quot;,&quot;id&quot;:138,&quot;id_product&quot;:138,&quot;out_of_stock&quot;:0,&quot;new&quot;:0,&quot;id_product_attribute&quot;:&quot;0&quot;,&quot;quantity_wanted&quot;:1,&quot;extraContent&quot;:[],&quot;allow_oosp&quot;:0,&quot;category&quot;:&quot;cuidados-perro&quot;,&quot;category_name&quot;:&quot;Salud e higiene&quot;,&quot;link&quot;:&quot;https:\\\/\\\/canicrossmarket.com\\\/tienda-perros\\\/cuidados-perro\\\/spray-reparador-de-almohadillas-con-aloe-vera.html&quot;,&quot;attribute_price&quot;:0,&quot;price_tax_exc&quot;:11.772727,&quot;price_without_reduction&quot;:12.95,&quot;reduction&quot;:0,&quot;specific_prices&quot;:[],&quot;quantity&quot;:0,&quot;quantity_all_versions&quot;:0,&quot;id_image&quot;:&quot;es-default&quot;,&quot;features&quot;:[{&quot;name&quot;:&quot;Cantidad&quot;,&quot;value&quot;:&quot;50 ml&quot;,&quot;id_feature&quot;:&quot;2&quot;,&quot;position&quot;:&quot;1&quot;}],&quot;attachments&quot;:[],&quot;virtual&quot;:0,&quot;pack&quot;:0,&quot;packItems&quot;:[],&quot;nopackprice&quot;:0,&quot;customization_required&quot;:false,&quot;rate&quot;:10,&quot;tax_name&quot;:&quot;IVA 10%&quot;,&quot;ecotax_rate&quot;:0,&quot;unit_price&quot;:&quot;&quot;,&quot;customizations&quot;:{&quot;fields&quot;:[]},&quot;id_customization&quot;:0,&quot;is_customizable&quot;:false,&quot;show_quantities&quot;:false,&quot;quantity_label&quot;:&quot;Art\\u00edculo&quot;,&quot;quantity_discounts&quot;:[],&quot;customer_group_discount&quot;:0,&quot;images&quot;:[{&quot;bySize&quot;:{&quot;small_default&quot;:{&quot;url&quot;:&quot;https:\\\/\\\/canicrossmarket.com\\\/233-small_default\\\/spray-reparador-de-almohadillas-con-aloe-vera.jpg&quot;,&quot;width&quot;:98,&quot;height&quot;:127},&quot;cart_default&quot;:{&quot;url&quot;:&quot;https:\\\/\\\/canicrossmarket.com\\\/233-cart_default\\\/spray-reparador-de-almohadillas-con-aloe-vera.jpg&quot;,&quot;width&quot;:125,&quot;height&quot;:162},&quot;home_default&quot;:{&quot;url&quot;:&quot;https:\\\/\\\/canicrossmarket.com\\\/233-home_default\\\/spray-reparador-de-almohadillas-con-aloe-vera.jpg&quot;,&quot;width&quot;:220,&quot;height&quot;:220},&quot;medium_default&quot;:{&quot;url&quot;:&quot;https:\\\/\\\/canicrossmarket.com\\\/233-medium_default\\\/spray-reparador-de-almohadillas-con-aloe-vera.jpg&quot;,&quot;width&quot;:452,&quot;height&quot;:584},&quot;large_default&quot;:{&quot;url&quot;:&quot;https:\\\/\\\/canicrossmarket.com\\\/233-large_default\\\/spray-reparador-de-almohadillas-con-aloe-vera.jpg&quot;,&quot;width&quot;:540,&quot;height&quot;:540},&quot;thickbox_default&quot;:{&quot;url&quot;:&quot;https:\\\/\\\/canicrossmarket.com\\\/233-thickbox_default\\\/spray-reparador-de-almohadillas-con-aloe-vera.jpg&quot;,&quot;width&quot;:1422,&quot;height&quot;:1422}},&quot;small&quot;:{&quot;url&quot;:&quot;https:\\\/\\\/canicrossmarket.com\\\/233-small_default\\\/spray-reparador-de-almohadillas-con-aloe-vera.jpg&quot;,&quot;width&quot;:98,&quot;height&quot;:127},&quot;medium&quot;:{&quot;url&quot;:&quot;https:\\\/\\\/canicrossmarket.com\\\/233-medium_default\\\/spray-reparador-de-almohadillas-con-aloe-vera.jpg&quot;,&quot;width&quot;:452,&quot;height&quot;:584},&quot;large&quot;:{&quot;url&quot;:&quot;https:\\\/\\\/canicrossmarket.com\\\/233-thickbox_default\\\/spray-reparador-de-almohadillas-con-aloe-vera.jpg&quot;,&quot;width&quot;:1422,&quot;height&quot;:1422},&quot;legend&quot;:&quot;Spray reparador de almohadillas con Aloe Vera&quot;,&quot;id_image&quot;:&quot;233&quot;,&quot;cover&quot;:&quot;1&quot;,&quot;position&quot;:&quot;1&quot;,&quot;associatedVariants&quot;:[]}],&quot;cover&quot;:{&quot;bySize&quot;:{&quot;small_default&quot;:{&quot;url&quot;:&quot;https:\\\/\\\/canicrossmarket.com\\\/233-small_default\\\/spray-reparador-de-almohadillas-con-aloe-vera.jpg&quot;,&quot;width&quot;:98,&quot;height&quot;:127},&quot;cart_default&quot;:{&quot;url&quot;:&quot;https:\\\/\\\/canicrossmarket.com\\\/233-cart_default\\\/spray-reparador-de-almohadillas-con-aloe-vera.jpg&quot;,&quot;width&quot;:125,&quot;height&quot;:162},&quot;home_default&quot;:{&quot;url&quot;:&quot;https:\\\/\\\/canicrossmarket.com\\\/233-home_default\\\/spray-reparador-de-almohadillas-con-aloe-vera.jpg&quot;,&quot;width&quot;:220,&quot;height&quot;:220},&quot;medium_default&quot;:{&quot;url&quot;:&quot;https:\\\/\\\/canicrossmarket.com\\\/233-medium_default\\\/spray-reparador-de-almohadillas-con-aloe-vera.jpg&quot;,&quot;width&quot;:452,&quot;height&quot;:584},&quot;large_default&quot;:{&quot;url&quot;:&quot;https:\\\/\\\/canicrossmarket.com\\\/233-large_default\\\/spray-reparador-de-almohadillas-con-aloe-vera.jpg&quot;,&quot;width&quot;:540,&quot;height&quot;:540},&quot;thickbox_default&quot;:{&quot;url&quot;:&quot;https:\\\/\\\/canicrossmarket.com\\\/233-thickbox_default\\\/spray-reparador-de-almohadillas-con-aloe-vera.jpg&quot;,&quot;width&quot;:1422,&quot;height&quot;:1422}},&quot;small&quot;:{&quot;url&quot;:&quot;https:\\\/\\\/canicrossmarket.com\\\/233-small_default\\\/spray-reparador-de-almohadillas-con-aloe-vera.jpg&quot;,&quot;width&quot;:98,&quot;height&quot;:127},&quot;medium&quot;:{&quot;url&quot;:&quot;https:\\\/\\\/canicrossmarket.com\\\/233-medium_default\\\/spray-reparador-de-almohadillas-con-aloe-vera.jpg&quot;,&quot;width&quot;:452,&quot;height&quot;:584},&quot;large&quot;:{&quot;url&quot;:&quot;https:\\\/\\\/canicrossmarket.com\\\/233-thickbox_default\\\/spray-reparador-de-almohadillas-con-aloe-vera.jpg&quot;,&quot;width&quot;:1422,&quot;height&quot;:1422},&quot;legend&quot;:&quot;Spray reparador de almohadillas con Aloe Vera&quot;,&quot;id_image&quot;:&quot;233&quot;,&quot;cover&quot;:&quot;1&quot;,&quot;position&quot;:&quot;1&quot;,&quot;associatedVariants&quot;:[]},&quot;has_discount&quot;:false,&quot;discount_type&quot;:null,&quot;discount_percentage&quot;:null,&quot;discount_percentage_absolute&quot;:null,&quot;discount_amount&quot;:null,&quot;discount_amount_to_display&quot;:null,&quot;price_amount&quot;:12.95,&quot;unit_price_full&quot;:&quot;&quot;,&quot;show_availability&quot;:true,&quot;availability_message&quot;:&quot;Agotado&quot;,&quot;availability_date&quot;:null,&quot;availability&quot;:&quot;unavailable&quot;}\">\n<section class=\"product-features\">\n<dl class=\"data-sheet\">\n<dt class=\"name\"><\/dt>\n<dd class=\"value\"><\/dd>\n<\/dl>\n<\/section>\n<div class=\"product-out-of-stock\"><\/div>\n<\/div>\n<\/div>\n<\/div>\n<\/div>\n<div id=\"product-infos-accordion-mobile\" class=\"iqit-accordion\" role=\"tablist\" aria-multiselectable=\"true\"><\/div>\n<\/div>\n<section class=\"crossselling-products block block-section\">\n<h4 class=\"section-title\"><\/h4>\n<\/section>","protected":false},"excerpt":{"rendered":"<p>Spray\u00a0para cuidar y proteger las almohadillas de los perros. Se recomienda su uso en\u00a0 cualquier \u00e9poca del a\u00f1o, ya que\u00a0 adem\u00e1s de utilizarse para cuidar las almohadillas de tu compa\u00f1ero&hellip;<\/p>","protected":false},"featured_media":25251,"comment_status":"open","ping_status":"closed","template":"","meta":[],"product_cat":[319,320],"product_tag":[],"class_list":["post-25252","product","type-product","status-publish","has-post-thumbnail","hentry","product_cat-gatos-champu-e-higiene","product_cat-perros-champu-e-higiene"],"yoast_head":"<!-- This site is optimized with the Yoast SEO plugin v21.6 - https:\/\/yoast.com\/wordpress\/plugins\/seo\/ -->\n<title>Spray reparador de almohadillas con Aloe Vera KW - Cien Mil Hijos<\/title>\n<meta name=\"robots\" content=\"index, follow, max-snippet:-1, max-image-preview:large, max-video-preview:-1\" \/>\n<link rel=\"canonical\" href=\"https:\/\/cienmilhijos.es\/en\/product\/spray-reparador-de-almohadillas-con-aloe-vera-kw\/\" \/>\n<meta property=\"og:locale\" content=\"en_GB\" \/>\n<meta property=\"og:type\" content=\"article\" \/>\n<meta property=\"og:title\" content=\"Spray reparador de almohadillas con Aloe Vera KW - Cien Mil Hijos\" \/>\n<meta property=\"og:description\" content=\"Spray\u00a0para cuidar y proteger las almohadillas de los perros. Se recomienda su uso en\u00a0 cualquier \u00e9poca del a\u00f1o, ya que\u00a0 adem\u00e1s de utilizarse para cuidar las almohadillas de tu compa\u00f1ero&hellip;\" \/>\n<meta property=\"og:url\" content=\"https:\/\/cienmilhijos.es\/en\/product\/spray-reparador-de-almohadillas-con-aloe-vera-kw\/\" \/>\n<meta property=\"og:site_name\" content=\"Cien Mil Hijos\" \/>\n<meta property=\"article:publisher\" content=\"https:\/\/www.facebook.com\/cienmilhijosanimales\/?locale=es_ES\" \/>\n<meta property=\"article:modified_time\" content=\"2023-12-20T15:31:37+00:00\" \/>\n<meta property=\"og:image\" content=\"https:\/\/cienmilhijos.es\/wp-content\/uploads\/2023\/09\/descarga.jpg\" \/>\n\t<meta property=\"og:image:width\" content=\"92\" \/>\n\t<meta property=\"og:image:height\" content=\"92\" \/>\n\t<meta property=\"og:image:type\" content=\"image\/jpeg\" \/>\n<meta name=\"twitter:card\" content=\"summary_large_image\" \/>\n<script type=\"application\/ld+json\" class=\"yoast-schema-graph\">{\"@context\":\"https:\/\/schema.org\",\"@graph\":[{\"@type\":\"WebPage\",\"@id\":\"https:\/\/cienmilhijos.es\/product\/spray-reparador-de-almohadillas-con-aloe-vera-kw\/\",\"url\":\"https:\/\/cienmilhijos.es\/product\/spray-reparador-de-almohadillas-con-aloe-vera-kw\/\",\"name\":\"Spray reparador de almohadillas con Aloe Vera KW - Cien Mil Hijos\",\"isPartOf\":{\"@id\":\"https:\/\/cienmilhijos.es\/#website\"},\"datePublished\":\"2023-09-13T17:48:03+00:00\",\"dateModified\":\"2023-12-20T15:31:37+00:00\",\"breadcrumb\":{\"@id\":\"https:\/\/cienmilhijos.es\/product\/spray-reparador-de-almohadillas-con-aloe-vera-kw\/#breadcrumb\"},\"inLanguage\":\"en-GB\",\"potentialAction\":[{\"@type\":\"ReadAction\",\"target\":[\"https:\/\/cienmilhijos.es\/product\/spray-reparador-de-almohadillas-con-aloe-vera-kw\/\"]}]},{\"@type\":\"BreadcrumbList\",\"@id\":\"https:\/\/cienmilhijos.es\/product\/spray-reparador-de-almohadillas-con-aloe-vera-kw\/#breadcrumb\",\"itemListElement\":[{\"@type\":\"ListItem\",\"position\":1,\"name\":\"Portada\",\"item\":\"https:\/\/cienmilhijos.es\/\"},{\"@type\":\"ListItem\",\"position\":2,\"name\":\"Tienda\",\"item\":\"https:\/\/cienmilhijos.es\/tienda\/\"},{\"@type\":\"ListItem\",\"position\":3,\"name\":\"Spray reparador de almohadillas con Aloe Vera KW\"}]},{\"@type\":\"WebSite\",\"@id\":\"https:\/\/cienmilhijos.es\/#website\",\"url\":\"https:\/\/cienmilhijos.es\/\",\"name\":\"Cien Mil Hijos\",\"description\":\"Cuidado de animales &amp; tienda de mascotas\",\"publisher\":{\"@id\":\"https:\/\/cienmilhijos.es\/#organization\"},\"potentialAction\":[{\"@type\":\"SearchAction\",\"target\":{\"@type\":\"EntryPoint\",\"urlTemplate\":\"https:\/\/cienmilhijos.es\/?s={search_term_string}\"},\"query-input\":\"required name=search_term_string\"}],\"inLanguage\":\"en-GB\"},{\"@type\":\"Organization\",\"@id\":\"https:\/\/cienmilhijos.es\/#organization\",\"name\":\"Cien Mil Hijos\",\"url\":\"https:\/\/cienmilhijos.es\/\",\"logo\":{\"@type\":\"ImageObject\",\"inLanguage\":\"en-GB\",\"@id\":\"https:\/\/cienmilhijos.es\/#\/schema\/logo\/image\/\",\"url\":\"https:\/\/cienmilhijos.es\/wp-content\/uploads\/2023\/12\/logo2.png\",\"contentUrl\":\"https:\/\/cienmilhijos.es\/wp-content\/uploads\/2023\/12\/logo2.png\",\"width\":1150,\"height\":127,\"caption\":\"Cien Mil Hijos\"},\"image\":{\"@id\":\"https:\/\/cienmilhijos.es\/#\/schema\/logo\/image\/\"},\"sameAs\":[\"https:\/\/www.facebook.com\/cienmilhijosanimales\/?locale=es_ES\"]}]}<\/script>\n<!-- \/ Yoast SEO plugin. -->","yoast_head_json":{"title":"Spray reparador de almohadillas con Aloe Vera KW - Cien Mil Hijos","robots":{"index":"index","follow":"follow","max-snippet":"max-snippet:-1","max-image-preview":"max-image-preview:large","max-video-preview":"max-video-preview:-1"},"canonical":"https:\/\/cienmilhijos.es\/en\/product\/spray-reparador-de-almohadillas-con-aloe-vera-kw\/","og_locale":"en_GB","og_type":"article","og_title":"Spray reparador de almohadillas con Aloe Vera KW - Cien Mil Hijos","og_description":"Spray\u00a0para cuidar y proteger las almohadillas de los perros. Se recomienda su uso en\u00a0 cualquier \u00e9poca del a\u00f1o, ya que\u00a0 adem\u00e1s de utilizarse para cuidar las almohadillas de tu compa\u00f1ero&hellip;","og_url":"https:\/\/cienmilhijos.es\/en\/product\/spray-reparador-de-almohadillas-con-aloe-vera-kw\/","og_site_name":"Cien Mil Hijos","article_publisher":"https:\/\/www.facebook.com\/cienmilhijosanimales\/?locale=es_ES","article_modified_time":"2023-12-20T15:31:37+00:00","og_image":[{"width":92,"height":92,"url":"https:\/\/cienmilhijos.es\/wp-content\/uploads\/2023\/09\/descarga.jpg","type":"image\/jpeg"}],"twitter_card":"summary_large_image","schema":{"@context":"https:\/\/schema.org","@graph":[{"@type":"WebPage","@id":"https:\/\/cienmilhijos.es\/product\/spray-reparador-de-almohadillas-con-aloe-vera-kw\/","url":"https:\/\/cienmilhijos.es\/product\/spray-reparador-de-almohadillas-con-aloe-vera-kw\/","name":"Spray reparador de almohadillas con Aloe Vera KW - Cien Mil Hijos","isPartOf":{"@id":"https:\/\/cienmilhijos.es\/#website"},"datePublished":"2023-09-13T17:48:03+00:00","dateModified":"2023-12-20T15:31:37+00:00","breadcrumb":{"@id":"https:\/\/cienmilhijos.es\/product\/spray-reparador-de-almohadillas-con-aloe-vera-kw\/#breadcrumb"},"inLanguage":"en-GB","potentialAction":[{"@type":"ReadAction","target":["https:\/\/cienmilhijos.es\/product\/spray-reparador-de-almohadillas-con-aloe-vera-kw\/"]}]},{"@type":"BreadcrumbList","@id":"https:\/\/cienmilhijos.es\/product\/spray-reparador-de-almohadillas-con-aloe-vera-kw\/#breadcrumb","itemListElement":[{"@type":"ListItem","position":1,"name":"Portada","item":"https:\/\/cienmilhijos.es\/"},{"@type":"ListItem","position":2,"name":"Tienda","item":"https:\/\/cienmilhijos.es\/tienda\/"},{"@type":"ListItem","position":3,"name":"Spray reparador de almohadillas con Aloe Vera KW"}]},{"@type":"WebSite","@id":"https:\/\/cienmilhijos.es\/#website","url":"https:\/\/cienmilhijos.es\/","name":"Cien Mil Hijos","description":"Cuidado de animales &amp; tienda de mascotas","publisher":{"@id":"https:\/\/cienmilhijos.es\/#organization"},"potentialAction":[{"@type":"SearchAction","target":{"@type":"EntryPoint","urlTemplate":"https:\/\/cienmilhijos.es\/?s={search_term_string}"},"query-input":"required name=search_term_string"}],"inLanguage":"en-GB"},{"@type":"Organization","@id":"https:\/\/cienmilhijos.es\/#organization","name":"Cien Mil Hijos","url":"https:\/\/cienmilhijos.es\/","logo":{"@type":"ImageObject","inLanguage":"en-GB","@id":"https:\/\/cienmilhijos.es\/#\/schema\/logo\/image\/","url":"https:\/\/cienmilhijos.es\/wp-content\/uploads\/2023\/12\/logo2.png","contentUrl":"https:\/\/cienmilhijos.es\/wp-content\/uploads\/2023\/12\/logo2.png","width":1150,"height":127,"caption":"Cien Mil Hijos"},"image":{"@id":"https:\/\/cienmilhijos.es\/#\/schema\/logo\/image\/"},"sameAs":["https:\/\/www.facebook.com\/cienmilhijosanimales\/?locale=es_ES"]}]}},"_links":{"self":[{"href":"https:\/\/cienmilhijos.es\/en\/wp-json\/wp\/v2\/product\/25252","targetHints":{"allow":["GET"]}}],"collection":[{"href":"https:\/\/cienmilhijos.es\/en\/wp-json\/wp\/v2\/product"}],"about":[{"href":"https:\/\/cienmilhijos.es\/en\/wp-json\/wp\/v2\/types\/product"}],"replies":[{"embeddable":true,"href":"https:\/\/cienmilhijos.es\/en\/wp-json\/wp\/v2\/comments?post=25252"}],"wp:featuredmedia":[{"embeddable":true,"href":"https:\/\/cienmilhijos.es\/en\/wp-json\/wp\/v2\/media\/25251"}],"wp:attachment":[{"href":"https:\/\/cienmilhijos.es\/en\/wp-json\/wp\/v2\/media?parent=25252"}],"wp:term":[{"taxonomy":"product_cat","embeddable":true,"href":"https:\/\/cienmilhijos.es\/en\/wp-json\/wp\/v2\/product_cat?post=25252"},{"taxonomy":"product_tag","embeddable":true,"href":"https:\/\/cienmilhijos.es\/en\/wp-json\/wp\/v2\/product_tag?post=25252"}],"curies":[{"name":"wp","href":"https:\/\/api.w.org\/{rel}","templated":true}]}}