{"id":25241,"date":"2023-07-28T10:32:37","date_gmt":"2023-07-28T10:32:37","guid":{"rendered":"https:\/\/cienmilhijos.es\/?post_type=product&#038;p=25241"},"modified":"2023-12-20T10:15:54","modified_gmt":"2023-12-20T10:15:54","slug":"pienso-hipoalergenico-profine-cordero-3k","status":"publish","type":"product","link":"https:\/\/cienmilhijos.es\/en\/product\/pienso-hipoalergenico-profine-cordero-3k\/","title":{"rendered":"Pienso Hipoalerg\u00e9nico Profine Cordero"},"content":{"rendered":"<div>Descubre el poder nutritivo del pienso Profine, un alimento para mascotas a base de ingredientes naturales y seguros que garantizan un equilibrio perfecto en la dieta de tus perros y gatos. Esta marca de renombre, Profine, proporciona una combinaci\u00f3n \u00fanica de prote\u00ednas altamente digestibles provenientes del pollo, el cordero y el salm\u00f3n. En cada raci\u00f3n de pienso Profine, tus mascotas disfrutar\u00e1n de una comida que asegura una digesti\u00f3n saludable y un nivel de energ\u00eda \u00f3ptimo para mantener su vigor y condici\u00f3n f\u00edsica excelente.<\/div>\n<div><\/div>\n<p>Hemos enriquecido nuestras recetas con extractos de hierbas como el hinojo, la albahaca y la salvia. Estos ingredientes naturales, junto con las algas y prebi\u00f3ticos incluidos en la formulaci\u00f3n, promueven una digesti\u00f3n efectiva y mantienen una microflora intestinal saludable en tus mascotas.<\/p>\n<p>Al asegurar un sistema digestivo saludable, el pienso Profine mejora la inmunidad de tus mascotas, prepar\u00e1ndolas para resistir diversas condiciones de salud.<\/p>\n<p>&nbsp;<\/p>\n<p>Envases : 3 y 15k<\/p>\n<p>&nbsp;<\/p>\n<p>&nbsp;<\/p>\n<p>&nbsp;<\/p>\n<p>&nbsp;<\/p>","protected":false},"excerpt":{"rendered":"<p>Descubre el poder nutritivo del pienso Profine, un alimento para mascotas a base de ingredientes naturales y seguros que garantizan un equilibrio perfecto en la dieta de tus perros y&hellip;<\/p>","protected":false},"featured_media":25242,"comment_status":"open","ping_status":"closed","template":"","meta":[],"product_cat":[269],"product_tag":[],"class_list":["post-25241","product","type-product","status-publish","has-post-thumbnail","hentry","product_cat-alimentacion-perros"],"yoast_head":"<!-- This site is optimized with the Yoast SEO plugin v21.6 - https:\/\/yoast.com\/wordpress\/plugins\/seo\/ -->\n<title>Pienso Hipoalerg\u00e9nico Profine Cordero - Cien Mil Hijos<\/title>\n<meta name=\"robots\" content=\"index, follow, max-snippet:-1, max-image-preview:large, max-video-preview:-1\" \/>\n<link rel=\"canonical\" href=\"https:\/\/cienmilhijos.es\/en\/product\/pienso-hipoalergenico-profine-cordero-3k\/\" \/>\n<meta property=\"og:locale\" content=\"en_GB\" \/>\n<meta property=\"og:type\" content=\"article\" \/>\n<meta property=\"og:title\" content=\"Pienso Hipoalerg\u00e9nico Profine Cordero - Cien Mil Hijos\" \/>\n<meta property=\"og:description\" content=\"Descubre el poder nutritivo del pienso Profine, un alimento para mascotas a base de ingredientes naturales y seguros que garantizan un equilibrio perfecto en la dieta de tus perros y&hellip;\" \/>\n<meta property=\"og:url\" content=\"https:\/\/cienmilhijos.es\/en\/product\/pienso-hipoalergenico-profine-cordero-3k\/\" \/>\n<meta property=\"og:site_name\" content=\"Cien Mil Hijos\" \/>\n<meta property=\"article:publisher\" content=\"https:\/\/www.facebook.com\/cienmilhijosanimales\/?locale=es_ES\" \/>\n<meta property=\"article:modified_time\" content=\"2023-12-20T10:15:54+00:00\" \/>\n<meta property=\"og:image\" content=\"https:\/\/cienmilhijos.es\/wp-content\/uploads\/2023\/07\/descarga-18.jpg\" \/>\n\t<meta property=\"og:image:width\" content=\"225\" \/>\n\t<meta property=\"og:image:height\" content=\"225\" \/>\n\t<meta property=\"og:image:type\" content=\"image\/jpeg\" \/>\n<meta name=\"twitter:card\" content=\"summary_large_image\" \/>\n<meta name=\"twitter:label1\" content=\"Estimated reading time\" \/>\n\t<meta name=\"twitter:data1\" content=\"1 minute\" \/>\n<script type=\"application\/ld+json\" class=\"yoast-schema-graph\">{\"@context\":\"https:\/\/schema.org\",\"@graph\":[{\"@type\":\"WebPage\",\"@id\":\"https:\/\/cienmilhijos.es\/product\/pienso-hipoalergenico-profine-cordero-3k\/\",\"url\":\"https:\/\/cienmilhijos.es\/product\/pienso-hipoalergenico-profine-cordero-3k\/\",\"name\":\"Pienso Hipoalerg\u00e9nico Profine Cordero - Cien Mil Hijos\",\"isPartOf\":{\"@id\":\"https:\/\/cienmilhijos.es\/#website\"},\"datePublished\":\"2023-07-28T10:32:37+00:00\",\"dateModified\":\"2023-12-20T10:15:54+00:00\",\"breadcrumb\":{\"@id\":\"https:\/\/cienmilhijos.es\/product\/pienso-hipoalergenico-profine-cordero-3k\/#breadcrumb\"},\"inLanguage\":\"en-GB\",\"potentialAction\":[{\"@type\":\"ReadAction\",\"target\":[\"https:\/\/cienmilhijos.es\/product\/pienso-hipoalergenico-profine-cordero-3k\/\"]}]},{\"@type\":\"BreadcrumbList\",\"@id\":\"https:\/\/cienmilhijos.es\/product\/pienso-hipoalergenico-profine-cordero-3k\/#breadcrumb\",\"itemListElement\":[{\"@type\":\"ListItem\",\"position\":1,\"name\":\"Portada\",\"item\":\"https:\/\/cienmilhijos.es\/\"},{\"@type\":\"ListItem\",\"position\":2,\"name\":\"Tienda\",\"item\":\"https:\/\/cienmilhijos.es\/tienda\/\"},{\"@type\":\"ListItem\",\"position\":3,\"name\":\"Pienso Hipoalerg\u00e9nico Profine Cordero\"}]},{\"@type\":\"WebSite\",\"@id\":\"https:\/\/cienmilhijos.es\/#website\",\"url\":\"https:\/\/cienmilhijos.es\/\",\"name\":\"Cien Mil Hijos\",\"description\":\"Cuidado de animales &amp; tienda de mascotas\",\"publisher\":{\"@id\":\"https:\/\/cienmilhijos.es\/#organization\"},\"potentialAction\":[{\"@type\":\"SearchAction\",\"target\":{\"@type\":\"EntryPoint\",\"urlTemplate\":\"https:\/\/cienmilhijos.es\/?s={search_term_string}\"},\"query-input\":\"required name=search_term_string\"}],\"inLanguage\":\"en-GB\"},{\"@type\":\"Organization\",\"@id\":\"https:\/\/cienmilhijos.es\/#organization\",\"name\":\"Cien Mil Hijos\",\"url\":\"https:\/\/cienmilhijos.es\/\",\"logo\":{\"@type\":\"ImageObject\",\"inLanguage\":\"en-GB\",\"@id\":\"https:\/\/cienmilhijos.es\/#\/schema\/logo\/image\/\",\"url\":\"https:\/\/cienmilhijos.es\/wp-content\/uploads\/2023\/12\/logo2.png\",\"contentUrl\":\"https:\/\/cienmilhijos.es\/wp-content\/uploads\/2023\/12\/logo2.png\",\"width\":1150,\"height\":127,\"caption\":\"Cien Mil Hijos\"},\"image\":{\"@id\":\"https:\/\/cienmilhijos.es\/#\/schema\/logo\/image\/\"},\"sameAs\":[\"https:\/\/www.facebook.com\/cienmilhijosanimales\/?locale=es_ES\"]}]}<\/script>\n<!-- \/ Yoast SEO plugin. -->","yoast_head_json":{"title":"Pienso Hipoalerg\u00e9nico Profine Cordero - Cien Mil Hijos","robots":{"index":"index","follow":"follow","max-snippet":"max-snippet:-1","max-image-preview":"max-image-preview:large","max-video-preview":"max-video-preview:-1"},"canonical":"https:\/\/cienmilhijos.es\/en\/product\/pienso-hipoalergenico-profine-cordero-3k\/","og_locale":"en_GB","og_type":"article","og_title":"Pienso Hipoalerg\u00e9nico Profine Cordero - Cien Mil Hijos","og_description":"Descubre el poder nutritivo del pienso Profine, un alimento para mascotas a base de ingredientes naturales y seguros que garantizan un equilibrio perfecto en la dieta de tus perros y&hellip;","og_url":"https:\/\/cienmilhijos.es\/en\/product\/pienso-hipoalergenico-profine-cordero-3k\/","og_site_name":"Cien Mil Hijos","article_publisher":"https:\/\/www.facebook.com\/cienmilhijosanimales\/?locale=es_ES","article_modified_time":"2023-12-20T10:15:54+00:00","og_image":[{"width":225,"height":225,"url":"https:\/\/cienmilhijos.es\/wp-content\/uploads\/2023\/07\/descarga-18.jpg","type":"image\/jpeg"}],"twitter_card":"summary_large_image","twitter_misc":{"Estimated reading time":"1 minute"},"schema":{"@context":"https:\/\/schema.org","@graph":[{"@type":"WebPage","@id":"https:\/\/cienmilhijos.es\/product\/pienso-hipoalergenico-profine-cordero-3k\/","url":"https:\/\/cienmilhijos.es\/product\/pienso-hipoalergenico-profine-cordero-3k\/","name":"Pienso Hipoalerg\u00e9nico Profine Cordero - Cien Mil Hijos","isPartOf":{"@id":"https:\/\/cienmilhijos.es\/#website"},"datePublished":"2023-07-28T10:32:37+00:00","dateModified":"2023-12-20T10:15:54+00:00","breadcrumb":{"@id":"https:\/\/cienmilhijos.es\/product\/pienso-hipoalergenico-profine-cordero-3k\/#breadcrumb"},"inLanguage":"en-GB","potentialAction":[{"@type":"ReadAction","target":["https:\/\/cienmilhijos.es\/product\/pienso-hipoalergenico-profine-cordero-3k\/"]}]},{"@type":"BreadcrumbList","@id":"https:\/\/cienmilhijos.es\/product\/pienso-hipoalergenico-profine-cordero-3k\/#breadcrumb","itemListElement":[{"@type":"ListItem","position":1,"name":"Portada","item":"https:\/\/cienmilhijos.es\/"},{"@type":"ListItem","position":2,"name":"Tienda","item":"https:\/\/cienmilhijos.es\/tienda\/"},{"@type":"ListItem","position":3,"name":"Pienso Hipoalerg\u00e9nico Profine Cordero"}]},{"@type":"WebSite","@id":"https:\/\/cienmilhijos.es\/#website","url":"https:\/\/cienmilhijos.es\/","name":"Cien Mil Hijos","description":"Cuidado de animales &amp; tienda de mascotas","publisher":{"@id":"https:\/\/cienmilhijos.es\/#organization"},"potentialAction":[{"@type":"SearchAction","target":{"@type":"EntryPoint","urlTemplate":"https:\/\/cienmilhijos.es\/?s={search_term_string}"},"query-input":"required name=search_term_string"}],"inLanguage":"en-GB"},{"@type":"Organization","@id":"https:\/\/cienmilhijos.es\/#organization","name":"Cien Mil Hijos","url":"https:\/\/cienmilhijos.es\/","logo":{"@type":"ImageObject","inLanguage":"en-GB","@id":"https:\/\/cienmilhijos.es\/#\/schema\/logo\/image\/","url":"https:\/\/cienmilhijos.es\/wp-content\/uploads\/2023\/12\/logo2.png","contentUrl":"https:\/\/cienmilhijos.es\/wp-content\/uploads\/2023\/12\/logo2.png","width":1150,"height":127,"caption":"Cien Mil Hijos"},"image":{"@id":"https:\/\/cienmilhijos.es\/#\/schema\/logo\/image\/"},"sameAs":["https:\/\/www.facebook.com\/cienmilhijosanimales\/?locale=es_ES"]}]}},"_links":{"self":[{"href":"https:\/\/cienmilhijos.es\/en\/wp-json\/wp\/v2\/product\/25241","targetHints":{"allow":["GET"]}}],"collection":[{"href":"https:\/\/cienmilhijos.es\/en\/wp-json\/wp\/v2\/product"}],"about":[{"href":"https:\/\/cienmilhijos.es\/en\/wp-json\/wp\/v2\/types\/product"}],"replies":[{"embeddable":true,"href":"https:\/\/cienmilhijos.es\/en\/wp-json\/wp\/v2\/comments?post=25241"}],"wp:featuredmedia":[{"embeddable":true,"href":"https:\/\/cienmilhijos.es\/en\/wp-json\/wp\/v2\/media\/25242"}],"wp:attachment":[{"href":"https:\/\/cienmilhijos.es\/en\/wp-json\/wp\/v2\/media?parent=25241"}],"wp:term":[{"taxonomy":"product_cat","embeddable":true,"href":"https:\/\/cienmilhijos.es\/en\/wp-json\/wp\/v2\/product_cat?post=25241"},{"taxonomy":"product_tag","embeddable":true,"href":"https:\/\/cienmilhijos.es\/en\/wp-json\/wp\/v2\/product_tag?post=25241"}],"curies":[{"name":"wp","href":"https:\/\/api.w.org\/{rel}","templated":true}]}}