{"id":25164,"date":"2023-06-29T11:58:16","date_gmt":"2023-06-29T11:58:16","guid":{"rendered":"https:\/\/cienmilhijos.es\/?post_type=product&#038;p=25164"},"modified":"2025-01-23T11:56:39","modified_gmt":"2025-01-23T11:56:39","slug":"seresto-perros-pequenos","status":"publish","type":"product","link":"https:\/\/cienmilhijos.es\/en\/product\/seresto-perros-pequenos\/","title":{"rendered":"Seresto perros peque\u00f1os"},"content":{"rendered":"<p>El\u00a0<strong>collar antiparasitario Seresto de larga duraci\u00f3n<\/strong>\u00a0act\u00faa evitando al mosquito de la Leishmania y la parasitosis externa durante ocho meses. Su funci\u00f3n es evitar el contagio de mosquitos, pulgas, garrapatas y piojos, adem\u00e1s de proteger el hogar de estos molestos par\u00e1sitos. Se trata de un collar dise\u00f1ado por expertos y veterinarios, sometido a rigurosos controles de calidad que\u00a0<strong>garantizan su seguridad<\/strong>, tanto para el perro, como para el resto de la familia. Al liberar peque\u00f1as dosis de sus principios activos se puede utilizar en cachorros a partir de las 7 semanas de edad.<\/p>\n<p>Seresto est\u00e1 desarrollado por la marca Elanco (anteriormente Bayer), con el objetivo de mejorar la calidad de vida y la salud de las mascotas. El collar est\u00e1 compuesto por varios materiales que permiten la\u00a0<strong>liberaci\u00f3n controlada<\/strong>\u00a0de principios activos.<\/p>\n<p>El collar contiene Imidacloprid que<strong>\u00a0mata e<\/strong>\u00a0<strong>impide la multiplicaci\u00f3n de pulgas y piojos<\/strong>. Por otro lado, la flumetrina evita que las garrapatas se alimenten de sangre del animal. Estos componentes se encuentran en la matriz del collar y solo se liberan las dosis indicadas al colocarlo. Los principios activos se extienden por la superficie del animal protegi\u00e9ndolo de cualquier invasi\u00f3n externa.<\/p>\n<p>Sus ingredientes est\u00e1n testados dermatol\u00f3gicamente para\u00a0<strong>no perjudicar la piel del perro<\/strong>. De hecho se puede utilizar como tratamiento de la dermatitis al\u00e9rgica por picadura de pulgas, ya que suaviza las irritaciones y regenera la piel. Es un art\u00edculo para perros resistente al agua. Es\u00a0<strong>apto para todas las razas<\/strong>.<\/p>","protected":false},"excerpt":{"rendered":"<p>El\u00a0collar antiparasitario Seresto de larga duraci\u00f3n\u00a0act\u00faa evitando al mosquito de la Leishmania y la parasitosis externa durante ocho meses. Su funci\u00f3n es evitar el contagio de mosquitos, pulgas, garrapatas y&hellip;<\/p>","protected":false},"featured_media":27819,"comment_status":"open","ping_status":"closed","template":"","meta":[],"product_cat":[266],"product_tag":[],"class_list":["post-25164","product","type-product","status-publish","has-post-thumbnail","hentry","product_cat-antiparasitarios-perro"],"yoast_head":"<!-- This site is optimized with the Yoast SEO plugin v21.6 - https:\/\/yoast.com\/wordpress\/plugins\/seo\/ -->\n<title>Seresto perros peque\u00f1os - Cien Mil Hijos<\/title>\n<meta name=\"robots\" content=\"index, follow, max-snippet:-1, max-image-preview:large, max-video-preview:-1\" \/>\n<link rel=\"canonical\" href=\"https:\/\/cienmilhijos.es\/en\/product\/seresto-perros-pequenos\/\" \/>\n<meta property=\"og:locale\" content=\"en_GB\" \/>\n<meta property=\"og:type\" content=\"article\" \/>\n<meta property=\"og:title\" content=\"Seresto perros peque\u00f1os - Cien Mil Hijos\" \/>\n<meta property=\"og:description\" content=\"El\u00a0collar antiparasitario Seresto de larga duraci\u00f3n\u00a0act\u00faa evitando al mosquito de la Leishmania y la parasitosis externa durante ocho meses. Su funci\u00f3n es evitar el contagio de mosquitos, pulgas, garrapatas y&hellip;\" \/>\n<meta property=\"og:url\" content=\"https:\/\/cienmilhijos.es\/en\/product\/seresto-perros-pequenos\/\" \/>\n<meta property=\"og:site_name\" content=\"Cien Mil Hijos\" \/>\n<meta property=\"article:publisher\" content=\"https:\/\/www.facebook.com\/cienmilhijosanimales\/?locale=es_ES\" \/>\n<meta property=\"article:modified_time\" content=\"2025-01-23T11:56:39+00:00\" \/>\n<meta property=\"og:image\" content=\"https:\/\/cienmilhijos.es\/wp-content\/uploads\/2023\/10\/seresto.jpg\" \/>\n\t<meta property=\"og:image:width\" content=\"178\" \/>\n\t<meta property=\"og:image:height\" content=\"148\" \/>\n\t<meta property=\"og:image:type\" content=\"image\/jpeg\" \/>\n<meta name=\"twitter:card\" content=\"summary_large_image\" \/>\n<meta name=\"twitter:label1\" content=\"Estimated reading time\" \/>\n\t<meta name=\"twitter:data1\" content=\"2 minutes\" \/>\n<script type=\"application\/ld+json\" class=\"yoast-schema-graph\">{\"@context\":\"https:\/\/schema.org\",\"@graph\":[{\"@type\":\"WebPage\",\"@id\":\"https:\/\/cienmilhijos.es\/product\/seresto-perros-pequenos\/\",\"url\":\"https:\/\/cienmilhijos.es\/product\/seresto-perros-pequenos\/\",\"name\":\"Seresto perros peque\u00f1os - Cien Mil Hijos\",\"isPartOf\":{\"@id\":\"https:\/\/cienmilhijos.es\/#website\"},\"datePublished\":\"2023-06-29T11:58:16+00:00\",\"dateModified\":\"2025-01-23T11:56:39+00:00\",\"breadcrumb\":{\"@id\":\"https:\/\/cienmilhijos.es\/product\/seresto-perros-pequenos\/#breadcrumb\"},\"inLanguage\":\"en-GB\",\"potentialAction\":[{\"@type\":\"ReadAction\",\"target\":[\"https:\/\/cienmilhijos.es\/product\/seresto-perros-pequenos\/\"]}]},{\"@type\":\"BreadcrumbList\",\"@id\":\"https:\/\/cienmilhijos.es\/product\/seresto-perros-pequenos\/#breadcrumb\",\"itemListElement\":[{\"@type\":\"ListItem\",\"position\":1,\"name\":\"Portada\",\"item\":\"https:\/\/cienmilhijos.es\/\"},{\"@type\":\"ListItem\",\"position\":2,\"name\":\"Tienda\",\"item\":\"https:\/\/cienmilhijos.es\/tienda\/\"},{\"@type\":\"ListItem\",\"position\":3,\"name\":\"Seresto perros peque\u00f1os\"}]},{\"@type\":\"WebSite\",\"@id\":\"https:\/\/cienmilhijos.es\/#website\",\"url\":\"https:\/\/cienmilhijos.es\/\",\"name\":\"Cien Mil Hijos\",\"description\":\"Cuidado de animales &amp; tienda de mascotas\",\"publisher\":{\"@id\":\"https:\/\/cienmilhijos.es\/#organization\"},\"potentialAction\":[{\"@type\":\"SearchAction\",\"target\":{\"@type\":\"EntryPoint\",\"urlTemplate\":\"https:\/\/cienmilhijos.es\/?s={search_term_string}\"},\"query-input\":\"required name=search_term_string\"}],\"inLanguage\":\"en-GB\"},{\"@type\":\"Organization\",\"@id\":\"https:\/\/cienmilhijos.es\/#organization\",\"name\":\"Cien Mil Hijos\",\"url\":\"https:\/\/cienmilhijos.es\/\",\"logo\":{\"@type\":\"ImageObject\",\"inLanguage\":\"en-GB\",\"@id\":\"https:\/\/cienmilhijos.es\/#\/schema\/logo\/image\/\",\"url\":\"https:\/\/cienmilhijos.es\/wp-content\/uploads\/2023\/12\/logo2.png\",\"contentUrl\":\"https:\/\/cienmilhijos.es\/wp-content\/uploads\/2023\/12\/logo2.png\",\"width\":1150,\"height\":127,\"caption\":\"Cien Mil Hijos\"},\"image\":{\"@id\":\"https:\/\/cienmilhijos.es\/#\/schema\/logo\/image\/\"},\"sameAs\":[\"https:\/\/www.facebook.com\/cienmilhijosanimales\/?locale=es_ES\"]}]}<\/script>\n<!-- \/ Yoast SEO plugin. -->","yoast_head_json":{"title":"Seresto perros peque\u00f1os - Cien Mil Hijos","robots":{"index":"index","follow":"follow","max-snippet":"max-snippet:-1","max-image-preview":"max-image-preview:large","max-video-preview":"max-video-preview:-1"},"canonical":"https:\/\/cienmilhijos.es\/en\/product\/seresto-perros-pequenos\/","og_locale":"en_GB","og_type":"article","og_title":"Seresto perros peque\u00f1os - Cien Mil Hijos","og_description":"El\u00a0collar antiparasitario Seresto de larga duraci\u00f3n\u00a0act\u00faa evitando al mosquito de la Leishmania y la parasitosis externa durante ocho meses. Su funci\u00f3n es evitar el contagio de mosquitos, pulgas, garrapatas y&hellip;","og_url":"https:\/\/cienmilhijos.es\/en\/product\/seresto-perros-pequenos\/","og_site_name":"Cien Mil Hijos","article_publisher":"https:\/\/www.facebook.com\/cienmilhijosanimales\/?locale=es_ES","article_modified_time":"2025-01-23T11:56:39+00:00","og_image":[{"width":178,"height":148,"url":"https:\/\/cienmilhijos.es\/wp-content\/uploads\/2023\/10\/seresto.jpg","type":"image\/jpeg"}],"twitter_card":"summary_large_image","twitter_misc":{"Estimated reading time":"2 minutes"},"schema":{"@context":"https:\/\/schema.org","@graph":[{"@type":"WebPage","@id":"https:\/\/cienmilhijos.es\/product\/seresto-perros-pequenos\/","url":"https:\/\/cienmilhijos.es\/product\/seresto-perros-pequenos\/","name":"Seresto perros peque\u00f1os - Cien Mil Hijos","isPartOf":{"@id":"https:\/\/cienmilhijos.es\/#website"},"datePublished":"2023-06-29T11:58:16+00:00","dateModified":"2025-01-23T11:56:39+00:00","breadcrumb":{"@id":"https:\/\/cienmilhijos.es\/product\/seresto-perros-pequenos\/#breadcrumb"},"inLanguage":"en-GB","potentialAction":[{"@type":"ReadAction","target":["https:\/\/cienmilhijos.es\/product\/seresto-perros-pequenos\/"]}]},{"@type":"BreadcrumbList","@id":"https:\/\/cienmilhijos.es\/product\/seresto-perros-pequenos\/#breadcrumb","itemListElement":[{"@type":"ListItem","position":1,"name":"Portada","item":"https:\/\/cienmilhijos.es\/"},{"@type":"ListItem","position":2,"name":"Tienda","item":"https:\/\/cienmilhijos.es\/tienda\/"},{"@type":"ListItem","position":3,"name":"Seresto perros peque\u00f1os"}]},{"@type":"WebSite","@id":"https:\/\/cienmilhijos.es\/#website","url":"https:\/\/cienmilhijos.es\/","name":"Cien Mil Hijos","description":"Cuidado de animales &amp; tienda de mascotas","publisher":{"@id":"https:\/\/cienmilhijos.es\/#organization"},"potentialAction":[{"@type":"SearchAction","target":{"@type":"EntryPoint","urlTemplate":"https:\/\/cienmilhijos.es\/?s={search_term_string}"},"query-input":"required name=search_term_string"}],"inLanguage":"en-GB"},{"@type":"Organization","@id":"https:\/\/cienmilhijos.es\/#organization","name":"Cien Mil Hijos","url":"https:\/\/cienmilhijos.es\/","logo":{"@type":"ImageObject","inLanguage":"en-GB","@id":"https:\/\/cienmilhijos.es\/#\/schema\/logo\/image\/","url":"https:\/\/cienmilhijos.es\/wp-content\/uploads\/2023\/12\/logo2.png","contentUrl":"https:\/\/cienmilhijos.es\/wp-content\/uploads\/2023\/12\/logo2.png","width":1150,"height":127,"caption":"Cien Mil Hijos"},"image":{"@id":"https:\/\/cienmilhijos.es\/#\/schema\/logo\/image\/"},"sameAs":["https:\/\/www.facebook.com\/cienmilhijosanimales\/?locale=es_ES"]}]}},"_links":{"self":[{"href":"https:\/\/cienmilhijos.es\/en\/wp-json\/wp\/v2\/product\/25164","targetHints":{"allow":["GET"]}}],"collection":[{"href":"https:\/\/cienmilhijos.es\/en\/wp-json\/wp\/v2\/product"}],"about":[{"href":"https:\/\/cienmilhijos.es\/en\/wp-json\/wp\/v2\/types\/product"}],"replies":[{"embeddable":true,"href":"https:\/\/cienmilhijos.es\/en\/wp-json\/wp\/v2\/comments?post=25164"}],"wp:featuredmedia":[{"embeddable":true,"href":"https:\/\/cienmilhijos.es\/en\/wp-json\/wp\/v2\/media\/27819"}],"wp:attachment":[{"href":"https:\/\/cienmilhijos.es\/en\/wp-json\/wp\/v2\/media?parent=25164"}],"wp:term":[{"taxonomy":"product_cat","embeddable":true,"href":"https:\/\/cienmilhijos.es\/en\/wp-json\/wp\/v2\/product_cat?post=25164"},{"taxonomy":"product_tag","embeddable":true,"href":"https:\/\/cienmilhijos.es\/en\/wp-json\/wp\/v2\/product_tag?post=25164"}],"curies":[{"name":"wp","href":"https:\/\/api.w.org\/{rel}","templated":true}]}}