{"id":25146,"date":"2023-06-29T10:25:22","date_gmt":"2023-06-29T10:25:22","guid":{"rendered":"https:\/\/cienmilhijos.es\/?post_type=product&#038;p=25146"},"modified":"2023-06-29T11:02:33","modified_gmt":"2023-06-29T11:02:33","slug":"caja-pipeta-effitix-1-5k-4k-24unid","status":"publish","type":"product","link":"https:\/\/cienmilhijos.es\/en\/product\/caja-pipeta-effitix-1-5k-4k-24unid\/","title":{"rendered":"Caja Pipeta Effitix 1.5k &#8211; 4k 24unid"},"content":{"rendered":"<p><strong>Effitix pipetas<\/strong>\u00a0es un potente\u00a0<strong>antiparasitario de uso externo\u00a0<\/strong>a base de\u00a0<strong>fipronilo<\/strong>\u00a0y\u00a0<strong>permetrina<\/strong>\u00a0que se utiliza para prevenir las\u00a0<strong>infestaciones de pulgas, garrapatas, mosquitos y flebotomos durante 4-5 semanas<\/strong>.<\/p>\n<p>Las\u00a0<strong>pipetas Effitix eliminan pulgas y garrapatas y repelen todo tipo de mosquitos<\/strong>, incluyendo el\u00a0<strong>flebotomo<\/strong>\u00a0transmisor de la\u00a0<strong>leishmania<\/strong>.<\/p>\n<p>Los\u00a0<strong>par\u00e1sitos<\/strong>\u00a0son peligrosos para tu\u00a0<strong>mascota<\/strong>\u00a0ya que pueden transmitirle enfermedades graves si no se encuentran protegidos de forma eficaz.<\/p>\n<p>Las <strong>pipetas Effitix<\/strong> te permite estar tranquilo y mantener alejados a estos <strong>par\u00e1sitos<\/strong>.<\/p>\n<h3>Modo de empleo<\/h3>\n<p>Las\u00a0<strong>pipetas Effitix<\/strong>\u00a0se aplican sobre el lomo del perro 1 vez al mes para mantenerlo protegido de\u00a0<strong>pulgas, garrapatas y mosquitos<\/strong>.<\/p>\n<p>Escoge la presentaci\u00f3n de\u00a0<strong>Effitix<\/strong>\u00a0en funci\u00f3n del peso de tu perro y aplica el contenido de la\u00a0<strong>pipeta<\/strong>\u00a0desde la nuca hasta la base de la cola.<\/p>\n<p>Vac\u00ede todo el contenido de la\u00a0<strong>pipeta<\/strong>\u00a0directamente sobre la piel, separando el pelo, deje que el producto penetre.<\/p>\n<p>En 24 horas el producto se ha repartido por todo el cuerpo y acaba con los par\u00e1sitos por contacto.<\/p>\n<p>Se recomienda dejar pasar 48 horas antes de ba\u00f1ar al perro.<\/p>\n<p>Una vez transcurridas las 48 horas la eficacia de\u00a0<strong>Effitix<\/strong>\u00a0se mantiene aunque el\u00a0<strong>perro<\/strong>\u00a0se ba\u00f1e o est\u00e9 expuesto a la lluvia ya que los principios activos se cumulan en las gl\u00e1ndulas seb\u00e1ceas y se van liberando de forma progresiva.<\/p>\n<p><strong>Effitix<\/strong>\u00a0puede utilizarse en\u00a0<strong>perros a partir de 12 semanas de edad<\/strong>\u00a0y con un\u00a0<strong>peso m\u00ednimo de 1,5 kg<\/strong>.<\/p>\n<p><strong>Effitix no debe utilizarse en gatos<\/strong>\u00a0ni exponerse a ellos ya que la\u00a0<strong>permetrina<\/strong>\u00a0puede ser t\u00f3xica para ellos.<\/p>","protected":false},"excerpt":{"rendered":"<p>Effitix pipetas\u00a0es un potente\u00a0antiparasitario de uso externo\u00a0a base de\u00a0fipronilo\u00a0y\u00a0permetrina\u00a0que se utiliza para prevenir las\u00a0infestaciones de pulgas, garrapatas, mosquitos y flebotomos durante 4-5 semanas. Las\u00a0pipetas Effitix eliminan pulgas y garrapatas y&hellip;<\/p>","protected":false},"featured_media":25141,"comment_status":"open","ping_status":"closed","template":"","meta":[],"product_cat":[266],"product_tag":[],"class_list":["post-25146","product","type-product","status-publish","has-post-thumbnail","hentry","product_cat-antiparasitarios-perro"],"yoast_head":"<!-- This site is optimized with the Yoast SEO plugin v21.6 - https:\/\/yoast.com\/wordpress\/plugins\/seo\/ -->\n<title>Caja Pipeta Effitix 1.5k - 4k 24unid - Cien Mil Hijos<\/title>\n<meta name=\"robots\" content=\"index, follow, max-snippet:-1, max-image-preview:large, max-video-preview:-1\" \/>\n<link rel=\"canonical\" href=\"https:\/\/cienmilhijos.es\/en\/product\/caja-pipeta-effitix-1-5k-4k-24unid\/\" \/>\n<meta property=\"og:locale\" content=\"en_GB\" \/>\n<meta property=\"og:type\" content=\"article\" \/>\n<meta property=\"og:title\" content=\"Caja Pipeta Effitix 1.5k - 4k 24unid - Cien Mil Hijos\" \/>\n<meta property=\"og:description\" content=\"Effitix pipetas\u00a0es un potente\u00a0antiparasitario de uso externo\u00a0a base de\u00a0fipronilo\u00a0y\u00a0permetrina\u00a0que se utiliza para prevenir las\u00a0infestaciones de pulgas, garrapatas, mosquitos y flebotomos durante 4-5 semanas. Las\u00a0pipetas Effitix eliminan pulgas y garrapatas y&hellip;\" \/>\n<meta property=\"og:url\" content=\"https:\/\/cienmilhijos.es\/en\/product\/caja-pipeta-effitix-1-5k-4k-24unid\/\" \/>\n<meta property=\"og:site_name\" content=\"Cien Mil Hijos\" \/>\n<meta property=\"article:publisher\" content=\"https:\/\/www.facebook.com\/cienmilhijosanimales\/?locale=es_ES\" \/>\n<meta property=\"article:modified_time\" content=\"2023-06-29T11:02:33+00:00\" \/>\n<meta property=\"og:image\" content=\"https:\/\/cienmilhijos.es\/wp-content\/uploads\/2023\/06\/salud_perros_advantix_pipetas_BAY01718_M.webp\" \/>\n\t<meta property=\"og:image:width\" content=\"780\" \/>\n\t<meta property=\"og:image:height\" content=\"780\" \/>\n\t<meta property=\"og:image:type\" content=\"image\/webp\" \/>\n<meta name=\"twitter:card\" content=\"summary_large_image\" \/>\n<meta name=\"twitter:label1\" content=\"Estimated reading time\" \/>\n\t<meta name=\"twitter:data1\" content=\"1 minute\" \/>\n<script type=\"application\/ld+json\" class=\"yoast-schema-graph\">{\"@context\":\"https:\/\/schema.org\",\"@graph\":[{\"@type\":\"WebPage\",\"@id\":\"https:\/\/cienmilhijos.es\/product\/caja-pipeta-effitix-1-5k-4k-24unid\/\",\"url\":\"https:\/\/cienmilhijos.es\/product\/caja-pipeta-effitix-1-5k-4k-24unid\/\",\"name\":\"Caja Pipeta Effitix 1.5k - 4k 24unid - Cien Mil Hijos\",\"isPartOf\":{\"@id\":\"https:\/\/cienmilhijos.es\/#website\"},\"datePublished\":\"2023-06-29T10:25:22+00:00\",\"dateModified\":\"2023-06-29T11:02:33+00:00\",\"breadcrumb\":{\"@id\":\"https:\/\/cienmilhijos.es\/product\/caja-pipeta-effitix-1-5k-4k-24unid\/#breadcrumb\"},\"inLanguage\":\"en-GB\",\"potentialAction\":[{\"@type\":\"ReadAction\",\"target\":[\"https:\/\/cienmilhijos.es\/product\/caja-pipeta-effitix-1-5k-4k-24unid\/\"]}]},{\"@type\":\"BreadcrumbList\",\"@id\":\"https:\/\/cienmilhijos.es\/product\/caja-pipeta-effitix-1-5k-4k-24unid\/#breadcrumb\",\"itemListElement\":[{\"@type\":\"ListItem\",\"position\":1,\"name\":\"Portada\",\"item\":\"https:\/\/cienmilhijos.es\/\"},{\"@type\":\"ListItem\",\"position\":2,\"name\":\"Tienda\",\"item\":\"https:\/\/cienmilhijos.es\/tienda\/\"},{\"@type\":\"ListItem\",\"position\":3,\"name\":\"Caja Pipeta Effitix 1.5k &#8211; 4k 24unid\"}]},{\"@type\":\"WebSite\",\"@id\":\"https:\/\/cienmilhijos.es\/#website\",\"url\":\"https:\/\/cienmilhijos.es\/\",\"name\":\"Cien Mil Hijos\",\"description\":\"Cuidado de animales &amp; tienda de mascotas\",\"publisher\":{\"@id\":\"https:\/\/cienmilhijos.es\/#organization\"},\"potentialAction\":[{\"@type\":\"SearchAction\",\"target\":{\"@type\":\"EntryPoint\",\"urlTemplate\":\"https:\/\/cienmilhijos.es\/?s={search_term_string}\"},\"query-input\":\"required name=search_term_string\"}],\"inLanguage\":\"en-GB\"},{\"@type\":\"Organization\",\"@id\":\"https:\/\/cienmilhijos.es\/#organization\",\"name\":\"Cien Mil Hijos\",\"url\":\"https:\/\/cienmilhijos.es\/\",\"logo\":{\"@type\":\"ImageObject\",\"inLanguage\":\"en-GB\",\"@id\":\"https:\/\/cienmilhijos.es\/#\/schema\/logo\/image\/\",\"url\":\"https:\/\/cienmilhijos.es\/wp-content\/uploads\/2023\/12\/logo2.png\",\"contentUrl\":\"https:\/\/cienmilhijos.es\/wp-content\/uploads\/2023\/12\/logo2.png\",\"width\":1150,\"height\":127,\"caption\":\"Cien Mil Hijos\"},\"image\":{\"@id\":\"https:\/\/cienmilhijos.es\/#\/schema\/logo\/image\/\"},\"sameAs\":[\"https:\/\/www.facebook.com\/cienmilhijosanimales\/?locale=es_ES\"]}]}<\/script>\n<!-- \/ Yoast SEO plugin. -->","yoast_head_json":{"title":"Caja Pipeta Effitix 1.5k - 4k 24unid - Cien Mil Hijos","robots":{"index":"index","follow":"follow","max-snippet":"max-snippet:-1","max-image-preview":"max-image-preview:large","max-video-preview":"max-video-preview:-1"},"canonical":"https:\/\/cienmilhijos.es\/en\/product\/caja-pipeta-effitix-1-5k-4k-24unid\/","og_locale":"en_GB","og_type":"article","og_title":"Caja Pipeta Effitix 1.5k - 4k 24unid - Cien Mil Hijos","og_description":"Effitix pipetas\u00a0es un potente\u00a0antiparasitario de uso externo\u00a0a base de\u00a0fipronilo\u00a0y\u00a0permetrina\u00a0que se utiliza para prevenir las\u00a0infestaciones de pulgas, garrapatas, mosquitos y flebotomos durante 4-5 semanas. Las\u00a0pipetas Effitix eliminan pulgas y garrapatas y&hellip;","og_url":"https:\/\/cienmilhijos.es\/en\/product\/caja-pipeta-effitix-1-5k-4k-24unid\/","og_site_name":"Cien Mil Hijos","article_publisher":"https:\/\/www.facebook.com\/cienmilhijosanimales\/?locale=es_ES","article_modified_time":"2023-06-29T11:02:33+00:00","og_image":[{"width":780,"height":780,"url":"https:\/\/cienmilhijos.es\/wp-content\/uploads\/2023\/06\/salud_perros_advantix_pipetas_BAY01718_M.webp","type":"image\/webp"}],"twitter_card":"summary_large_image","twitter_misc":{"Estimated reading time":"1 minute"},"schema":{"@context":"https:\/\/schema.org","@graph":[{"@type":"WebPage","@id":"https:\/\/cienmilhijos.es\/product\/caja-pipeta-effitix-1-5k-4k-24unid\/","url":"https:\/\/cienmilhijos.es\/product\/caja-pipeta-effitix-1-5k-4k-24unid\/","name":"Caja Pipeta Effitix 1.5k - 4k 24unid - Cien Mil Hijos","isPartOf":{"@id":"https:\/\/cienmilhijos.es\/#website"},"datePublished":"2023-06-29T10:25:22+00:00","dateModified":"2023-06-29T11:02:33+00:00","breadcrumb":{"@id":"https:\/\/cienmilhijos.es\/product\/caja-pipeta-effitix-1-5k-4k-24unid\/#breadcrumb"},"inLanguage":"en-GB","potentialAction":[{"@type":"ReadAction","target":["https:\/\/cienmilhijos.es\/product\/caja-pipeta-effitix-1-5k-4k-24unid\/"]}]},{"@type":"BreadcrumbList","@id":"https:\/\/cienmilhijos.es\/product\/caja-pipeta-effitix-1-5k-4k-24unid\/#breadcrumb","itemListElement":[{"@type":"ListItem","position":1,"name":"Portada","item":"https:\/\/cienmilhijos.es\/"},{"@type":"ListItem","position":2,"name":"Tienda","item":"https:\/\/cienmilhijos.es\/tienda\/"},{"@type":"ListItem","position":3,"name":"Caja Pipeta Effitix 1.5k &#8211; 4k 24unid"}]},{"@type":"WebSite","@id":"https:\/\/cienmilhijos.es\/#website","url":"https:\/\/cienmilhijos.es\/","name":"Cien Mil Hijos","description":"Cuidado de animales &amp; tienda de mascotas","publisher":{"@id":"https:\/\/cienmilhijos.es\/#organization"},"potentialAction":[{"@type":"SearchAction","target":{"@type":"EntryPoint","urlTemplate":"https:\/\/cienmilhijos.es\/?s={search_term_string}"},"query-input":"required name=search_term_string"}],"inLanguage":"en-GB"},{"@type":"Organization","@id":"https:\/\/cienmilhijos.es\/#organization","name":"Cien Mil Hijos","url":"https:\/\/cienmilhijos.es\/","logo":{"@type":"ImageObject","inLanguage":"en-GB","@id":"https:\/\/cienmilhijos.es\/#\/schema\/logo\/image\/","url":"https:\/\/cienmilhijos.es\/wp-content\/uploads\/2023\/12\/logo2.png","contentUrl":"https:\/\/cienmilhijos.es\/wp-content\/uploads\/2023\/12\/logo2.png","width":1150,"height":127,"caption":"Cien Mil Hijos"},"image":{"@id":"https:\/\/cienmilhijos.es\/#\/schema\/logo\/image\/"},"sameAs":["https:\/\/www.facebook.com\/cienmilhijosanimales\/?locale=es_ES"]}]}},"_links":{"self":[{"href":"https:\/\/cienmilhijos.es\/en\/wp-json\/wp\/v2\/product\/25146","targetHints":{"allow":["GET"]}}],"collection":[{"href":"https:\/\/cienmilhijos.es\/en\/wp-json\/wp\/v2\/product"}],"about":[{"href":"https:\/\/cienmilhijos.es\/en\/wp-json\/wp\/v2\/types\/product"}],"replies":[{"embeddable":true,"href":"https:\/\/cienmilhijos.es\/en\/wp-json\/wp\/v2\/comments?post=25146"}],"wp:featuredmedia":[{"embeddable":true,"href":"https:\/\/cienmilhijos.es\/en\/wp-json\/wp\/v2\/media\/25141"}],"wp:attachment":[{"href":"https:\/\/cienmilhijos.es\/en\/wp-json\/wp\/v2\/media?parent=25146"}],"wp:term":[{"taxonomy":"product_cat","embeddable":true,"href":"https:\/\/cienmilhijos.es\/en\/wp-json\/wp\/v2\/product_cat?post=25146"},{"taxonomy":"product_tag","embeddable":true,"href":"https:\/\/cienmilhijos.es\/en\/wp-json\/wp\/v2\/product_tag?post=25146"}],"curies":[{"name":"wp","href":"https:\/\/api.w.org\/{rel}","templated":true}]}}